{"id":17005,"date":"2025-11-28T23:05:02","date_gmt":"2025-11-28T23:05:02","guid":{"rendered":"https:\/\/asura.lv\/product\/smartring-colmi-r06-18-1mm-8-black\/"},"modified":"2025-12-12T15:51:03","modified_gmt":"2025-12-12T13:51:03","slug":"smartring-colmi-r06-18-1mm-8-black","status":"publish","type":"product","link":"https:\/\/asura.lv\/lt\/produktas\/smartring-colmi-r06-18-1mm-8-black\/","title":{"rendered":"I\u0161manusis \u017eiedas Colmi R06 18.1MM 8 (juodas)"},"content":{"rendered":"<h3>I\u0161manusis \u017eiedas \u201eColmi R06 18.1MM 8\u201c (juodas).<\/h3>\n<p>\u201eColmi R06 SmartRing\u201c \u2013 tai modernus sprendimas tiems, kurie vertina funkcionalum\u0105 kompakti\u0161koje formoje. Naudodamas \u201eBluetooth 5.0\u201c technologij\u0105, \u017eiedas prisijungia prie j\u016bs\u0173 i\u0161maniojo telefono ir u\u017etikrina stabil\u0173 ry\u0161\u012f iki 10 metr\u0173 atstumu. Nesvarbu, ar esate kelyje, ar ilsit\u0117s, \u201eColmi R06\u201c si\u016blo plat\u0173 funkcij\u0173 spektr\u0105, pad\u0117siant\u012f steb\u0117ti j\u016bs\u0173 aktyvum\u0105 ir sveikat\u0105.<\/p>\n<p>\n<img decoding=\"async\" border=\"0\" src=\"https:\/\/assets.innpro.pl\/9430\/11000\/3.jpg\"\/>\n<\/p>\n<h3>Eleganti\u0161kas dizainas ir patvarumas<\/h3>\n<p>\u201eColmi R06\u201c pagamintas i\u0161 lengvo aliuminio lydinio ir sveria vos 2,7 gramo, tod\u0117l j\u012f prakti\u0161kai nepastebite d\u0117v\u0117ti ant pir\u0161to. Eleganti\u0161kas dizainas puikiai dera tiek su kasdieniu, tiek su sportiniu stiliumi. Be to, \u017eiedas yra 5 ATM atsparus vandeniui, dulk\u0117ms ir korozijai, tod\u0117l j\u012f galite naudoti nepriklausomai nuo oro s\u0105lyg\u0173.<\/p>\n<p>\n<img decoding=\"async\" border=\"0\" src=\"https:\/\/assets.innpro.pl\/9430\/11000\/6.jpg\"\/>\n<\/p>\n<h3>Visapusi\u0161kas sveikatos steb\u0117jimas<\/h3>\n<p>Naudodamiesi QRing program\u0117le, gausite prieig\u0105 prie pa\u017eangi\u0173 sveikatos steb\u0117jimo funkcij\u0173. \u017diedas vis\u0105 par\u0105 stebi j\u016bs\u0173 \u0161irdies ritm\u0105, tod\u0117l galite geriau suprasti savo k\u016bno b\u016bkl\u0119 tiek mank\u0161tinantis, tiek ilsintis. Miego steb\u0117jimo funkcija analizuoja miego fazes ir trukm\u0119, leisdama nustatyti blogus \u012fpro\u010dius ir pagerinti miego kokyb\u0119. Be to, \u201eColmi R06\u201c matuoja kraujo \u012fsotinim\u0105, kraujosp\u016bd\u012f ir streso lyg\u012f, pateikdamas i\u0161sam\u0173 naudotojo sveikatos vaizd\u0105.<\/p>\n<p>\n<img decoding=\"async\" border=\"0\" src=\"https:\/\/assets.innpro.pl\/9430\/11000\/8.jpg\"\/>\n<\/p>\n<h3>Universalumas ir funkcionalumas<\/h3>\n<p>\u201eColmi R06\u201c si\u016blo 21 sporto re\u017eim\u0105, tod\u0117l j\u012f galima pritaikyti \u012fvairioms veiklos formoms. Be to, jis matuoja nuva\u017eiuot\u0105 atstum\u0105, sudegintas kalorijas ir \u017eingsni\u0173 skai\u010di\u0173. \u201eQRing\u201c program\u0117l\u0117 taip pat suteikia prieig\u0105 prie dienos, savait\u0117s ir m\u0117nesio aktyvumo diagram\u0173, leid\u017eian\u010di\u0173 steb\u0117ti savo pa\u017eang\u0105 ir geriau valdyti savo sveikat\u0105.<\/p>\n<p>\n<img decoding=\"async\" border=\"0\" src=\"https:\/\/assets.innpro.pl\/9430\/11000\/5.jpg\"\/>\n<\/p>\n<h3>Veikimo laikas iki 5 dien\u0173<\/h3>\n<p>\u201eSmartRing Colmi R06\u201c turi 15 mAh li\u010dio polimer\u0173 baterij\u0105, kuri vienu \u012fkrovimu u\u017etikrina 3\u20135 dien\u0173 veikim\u0105. Pridedamas magnetinis laidas leis patogiai atnaujinti \u012frenginio energij\u0105 \u2013 jis bus paruo\u0161tas darbui ma\u017edaug po 1 valandos. Taip pat galite realiuoju laiku patikrinti akumuliatoriaus lyg\u012f naudodami QRing program\u0117l\u0119, kuri pa\u0161alina netik\u0117to i\u0161sikrovimo rizik\u0105.<\/p>\n<p>\n<img decoding=\"async\" border=\"0\" src=\"https:\/\/assets.innpro.pl\/9430\/11000\/1.jpg\"\/>\n<\/p>\n<h3>Pridedama<\/h3>\n<ul class=\"list-disc pl-5\">\n<li>smartring<\/li>\n<li>\n<p style=\"text-align:justify\">magnetinis laidas<\/p>\n<\/li>\n<li>\n<p style=\"text-align:justify\">naudotojo vadovas<\/p>\n<\/li>\n<\/ul>\n<div class=\"table-wrapper\">\n<p>B\u00a0<\/p>\n<h3><\/h3>\n<table>\n<tbody>\n<tr>\n<th>Gamintojas<\/th>\n<td>Colmi<\/td>\n<\/tr>\n<tr>\n<th>Modelis<\/th>\n<td>R06<\/td>\n<\/tr>\n<tr>\n<th>Spalva<\/th>\n<td>juoda<\/td>\n<\/tr>\n<tr>\n<th>Dydis<\/th>\n<td>8<\/td>\n<\/tr>\n<tr>\n<th>Lust\u0173 rinkinys<\/th>\n<td><\/td>\n<\/tr>\n<tr>\n<th>Pagrindinis lust\u0173 rinkinys<\/th>\n<td>BlueX Micro RF03<\/td>\n<\/tr>\n<tr>\n<th>Atmintis<\/th>\n<td>ROM 512 KB<\/td>\n<\/tr>\n<tr>\n<th>\u0160irdies da\u017enio jutiklis<\/th>\n<td>Vcare VC30F<\/td>\n<\/tr>\n<tr>\n<th>Akselerometras (G jutiklis)<\/th>\n<td>STK8321<\/td>\n<\/tr>\n<tr>\n<th><\/th>\n<td>Ry\u0161ys<\/td>\n<\/tr>\n<tr>\n<th>\u201eBluetooth\u201c<\/th>\n<td>5.0<\/td>\n<\/tr>\n<tr>\n<th>\u201eBluetooth\u201c veikimo nuotolis<\/th>\n<td>10 m<\/td>\n<\/tr>\n<tr>\n<th>\u012ekraunama baterija<\/th>\n<td><\/td>\n<\/tr>\n<tr>\n<th>Baterijos tipas<\/th>\n<td>Li\u010dio polimer\u0173<\/td>\n<\/tr>\n<tr>\n<th>Talpa<\/th>\n<td>15 mAh<\/td>\n<\/tr>\n<tr>\n<th>\u012ekrovimo b\u016bdas<\/th>\n<td>magnetinis<\/td>\n<\/tr>\n<tr>\n<th>\u012ekrovimo cikl\u0173 skai\u010dius<\/th>\n<td>daugiau nei 300<\/td>\n<\/tr>\n<tr>\n<th>\u012ekrovimo laikas<\/th>\n<td>apie 1 val.<\/td>\n<\/tr>\n<tr>\n<th>Veikimo re\u017eimas laikas<\/th>\n<td>3\u20135 dienos<\/td>\n<\/tr>\n<tr>\n<th>Dizainas<\/th>\n<td><\/td>\n<\/tr>\n<tr>\n<th>Vidinis skersmuo<\/th>\n<td>18,1 mm<\/td>\n<\/tr>\n<tr>\n<th>Med\u017eiaga<\/th>\n<td>aliuminio lydinys<\/td>\n<\/tr>\n<tr>\n<th>Svoris<\/th>\n<td>2,7 g<\/td>\n<\/tr>\n<tr>\n<th>Sistema<\/th>\n<td><\/td>\n<\/tr>\n<tr>\n<th>Suderinamumas<\/th>\n<td>\u201eAndroid 4.4\u201c arba naujesn\u0117 versija, \u201eiOS 8.0\u201c arba naujesn\u0117 versija, \u201eHarmony\u201c OS<\/td>\n<\/tr>\n<tr>\n<th>Program\u0117l\u0117<\/th>\n<td>QRing<\/td>\n<\/tr>\n<tr>\n<th>Kita<\/th>\n<td><\/td>\n<\/tr>\n<tr>\n<th>Atsparumas vandeniui<\/th>\n<td>5ATM<\/td>\n<\/tr>\n<tr>\n<th>Atnaujinimai<\/th>\n<td>OTA<\/td>\n<\/tr>\n<tr>\n<th>Kalbos<\/th>\n<td><\/td>\n<\/tr>\n<tr>\n<th>Palaikomos kalbos<\/th>\n<td>Program\u0117l\u0117: dan\u0173, ukrainie\u010di\u0173, rus\u0173, kroat\u0173, vengr\u0173, hindi, indonezie\u010di\u0173, turk\u0173, hebraj\u0173, graik\u0173, vokie\u010di\u0173, ital\u0173, latvi\u0173, \u010dek\u0173, slovak\u0173, slov\u0117n\u0173, japon\u0173, pranc\u016bz\u0173, lenk\u0173, taj\u0173, est\u0173, \u0161ved\u0173, lietuvi\u0173, supaprastinta kin\u0173, tradicin\u0117 kin\u0173, rumun\u0173, angl\u0173, oland\u0173, portugal\u0173, ispan\u0173, vietnamie\u010di\u0173, arab\u0173, kor\u0117jie\u010di\u0173, malaizie\u010di\u0173<\/td>\n<\/tr>\n<tr>\n<th>Funkcijos<\/th>\n<td><\/td>\n<\/tr>\n<tr>\n<th>Pasiekiama program\u0117l\u0117je<\/th>\n<td>\u017dingsni\u0173 skai\u010diuotuvas, kalorij\u0173 skai\u010diuotuvas, atstumas matavimas, \u0161irdies ritmo matavimas, miego steb\u0117jimas, 21 sporto re\u017eimas, mank\u0161tos \u017eurnalas, kraujosp\u016bd\u017eio matavimas, kraujo \u012fsotinimo matavimas, streso lygis, nuotolinis fotografavimas<\/td>\n<\/tr>\n<\/tbody>\n<\/table>\n<\/div>\n","protected":false},"excerpt":{"rendered":"<p>I\u0161manusis \u017eiedas \u201eColmi R06 18.1MM 8\u201c (juodas). \u201eColmi R06 SmartRing\u201c \u2013 tai modernus sprendimas tiems, kurie vertina funkcionalum\u0105 kompakti\u0161koje formoje. Naudodamas \u201eBluetooth 5.0\u201c technologij\u0105, \u017eiedas prisijungia prie j\u016bs\u0173 i\u0161maniojo telefono ir u\u017etikrina stabil\u0173 ry\u0161\u012f iki 10 metr\u0173 atstumu. Nesvarbu, ar esate kelyje, ar ilsit\u0117s, \u201eColmi R06\u201c si\u016blo plat\u0173 funkcij\u0173 spektr\u0105, pad\u0117siant\u012f steb\u0117ti j\u016bs\u0173 aktyvum\u0105 ir [&#8230;]\n","protected":false},"featured_media":17006,"comment_status":"open","ping_status":"closed","template":"","meta":[],"product_brand":[471],"product_cat":[992],"product_tag":[],"class_list":{"0":"post-17005","1":"product","2":"type-product","3":"status-publish","4":"has-post-thumbnail","6":"product_brand-colmi","7":"product_cat-smartrings-smartwatches","9":"first","10":"outofstock","11":"taxable","12":"shipping-taxable","13":"purchasable","14":"product-type-simple"},"aioseo_notices":[],"_links":{"self":[{"href":"https:\/\/asura.lv\/lt\/wp-json\/wp\/v2\/product\/17005","targetHints":{"allow":["GET"]}}],"collection":[{"href":"https:\/\/asura.lv\/lt\/wp-json\/wp\/v2\/product"}],"about":[{"href":"https:\/\/asura.lv\/lt\/wp-json\/wp\/v2\/types\/product"}],"replies":[{"embeddable":true,"href":"https:\/\/asura.lv\/lt\/wp-json\/wp\/v2\/comments?post=17005"}],"wp:featuredmedia":[{"embeddable":true,"href":"https:\/\/asura.lv\/lt\/wp-json\/wp\/v2\/media\/17006"}],"wp:attachment":[{"href":"https:\/\/asura.lv\/lt\/wp-json\/wp\/v2\/media?parent=17005"}],"wp:term":[{"taxonomy":"product_brand","embeddable":true,"href":"https:\/\/asura.lv\/lt\/wp-json\/wp\/v2\/product_brand?post=17005"},{"taxonomy":"product_cat","embeddable":true,"href":"https:\/\/asura.lv\/lt\/wp-json\/wp\/v2\/product_cat?post=17005"},{"taxonomy":"product_tag","embeddable":true,"href":"https:\/\/asura.lv\/lt\/wp-json\/wp\/v2\/product_tag?post=17005"}],"curies":[{"name":"wp","href":"https:\/\/api.w.org\/{rel}","templated":true}]}}