{"id":17197,"date":"2025-11-28T23:04:46","date_gmt":"2025-11-28T23:04:46","guid":{"rendered":"https:\/\/asura.lv\/product\/mcdodo-ca-4780-usb-c-to-usb-c-60w-data-cable-1-2m-black\/"},"modified":"2025-12-12T15:50:53","modified_gmt":"2025-12-12T13:50:53","slug":"mcdodo-ca-4780-usb-c-to-usb-c-60w-data-cable-1-2m-black","status":"publish","type":"product","link":"https:\/\/asura.lv\/lt\/produktas\/mcdodo-ca-4780-usb-c-to-usb-c-60w-data-cable-1-2m-black\/","title":{"rendered":"\u201eMcdodo CA-4780\u201c USB-C \u012f USB-C 60 W duomen\u0173 perdavimo kabelis 1,2 m (juodas)"},"content":{"rendered":"<h3>\u201eMcdodo CA-4780\u201c USB-C\u2013USB-C 60 W duomen\u0173 perdavimo kabelis, 1,2 m (juodas).<\/h3>\n<p>\u201eMcdodo CA-5780\u201c kabelis yra patikimas sprendimas \u012fkrauti ir perduoti duomenis tarp \u012frengini\u0173 su USB-C prievadais. Kabelis, kurio galia siekia iki 60 W, puikiai tinka ne\u0161iojamiesiems kompiuteriams, plan\u0161etiniams kompiuteriams ir i\u0161maniesiems telefonams \u012fkrauti. Be to, jame yra LED ekranas, leid\u017eiantis realiuoju laiku steb\u0117ti \u012fkrovimo proces\u0105, tod\u0117l j\u012f patogu ir saugu naudoti.<\/p>\n<p>\n<img decoding=\"async\" border=\"0\" src=\"https:\/\/assets.innpro.pl\/9800\/11444\/7.jpg\"\/>\n<\/p>\n<h3>Didel\u0117 \u012fkrovimo galia \u2013 60 W<\/h3>\n<p>Kabelis palaiko greit\u0105j\u012f \u012fkrovim\u0105 iki 60 W, tod\u0117l juo galima efektyviai \u012fkrauti \u012fvairius \u012frenginius \u2013 nuo \u200b\u200bi\u0161mani\u0173j\u0173 telefon\u0173 iki ne\u0161iojam\u0173j\u0173 kompiuteri\u0173. \u012emontuotas LED ekranas rodo dabartin\u012f galios lyg\u012f, tod\u0117l lengva valdyti \u012fkrovimo proces\u0105. Tai leid\u017eia greitai ir saugiai \u012fkrauti \u012frenginius, taupant j\u016bs\u0173 laik\u0105.<\/p>\n<p>\n<img decoding=\"async\" border=\"0\" src=\"https:\/\/assets.innpro.pl\/9800\/11444\/5.jpg\"\/>\n<\/p>\n<h3>Patvarus ir saugus dizainas<\/h3>\n<p>Laidas sukurtas atsi\u017evelgiant \u012f ilgaam\u017ei\u0161kum\u0105. Sustiprinta varin\u0117 viela ir tvirtas apvalkalas u\u017etikrina stabil\u0173 ir greit\u0105 \u012fkrovim\u0105, taip pat atsparum\u0105 mechaniniams pa\u017eeidimams. D\u0117l to \u201eMcdodo CA-5780\u201c laidas yra ne tik prakti\u0161kas, bet ir ilgaam\u017eis, tod\u0117l idealiai tinka kasdieniam naudojimui.<\/p>\n<p>\n<img decoding=\"async\" border=\"0\" src=\"https:\/\/assets.innpro.pl\/9800\/11444\/4.jpg\"\/>\n<\/p>\n<h3>Daugiafunkcionalumas ir platus suderinamumas<\/h3>\n<p>\u201eMcdodo CA-5780\u201c suderinamas su \u012fvairiais USB-C \u012frenginiais, \u012fskaitant ne\u0161iojamuosius kompiuterius, plan\u0161etinius kompiuterius ir i\u0161maniuosius telefonus. Nesvarbu, kok\u012f \u012frengin\u012f norite prijungti, laidas u\u017etikrins greit\u0105 \u012fkrovim\u0105 ir stabil\u0173 duomen\u0173 perdavim\u0105, tod\u0117l tai idealus pasirinkimas tiek darbui, tiek kelion\u0117ms.<\/p>\n<p>\n<img decoding=\"async\" border=\"0\" src=\"https:\/\/assets.innpro.pl\/9800\/11444\/3.jpg\"\/>\n<\/p>\n<h3>\u012ekrovimas ir duomen\u0173 perdavimas viename<\/h3>\n<p>Laidas ne tik greitai \u012fkraunamas, bet ir si\u016blo duomen\u0173 perdavimo funkcij\u0105, kurios greitis siekia iki 480 Mbps, tod\u0117l galite lengvai perkelti failus tarp \u012frengini\u0173. Tai patogus sprendimas, kuris pa\u0161alina papildom\u0173 laid\u0173 poreik\u012f ir u\u017etikrina visas funkcijas viename gaminyje.<\/p>\n<p>\n<img decoding=\"async\" border=\"0\" src=\"https:\/\/assets.innpro.pl\/9800\/11444\/2.jpg\"\/>\n<\/p>\n<div class=\"table-wrapper\">\n<p>B\u00a0<\/p>\n<h3><\/h3>\n<table>\n<tbody>\n<tr>\n<th>Pavadinimas:<\/th>\n<td>Mcdodo CA-4780 USB-C \u012f USB-C 60W duomen\u0173 kabelis 1,2 m (juodas)<\/td>\n<\/tr>\n<tr>\n<th>Gamintojas:<\/th>\n<td>Mcdodo<\/td>\n<\/tr>\n<tr>\n<th>Modelis:<\/th>\n<td>CA-4780<\/td>\n<\/tr>\n<tr>\n<th>Med\u017eiaga:<\/th>\n<td>ABS + Nailonas<\/td>\n<\/tr>\n<tr>\n<th>Spalva:<\/th>\n<td>juoda<\/td>\n<\/tr>\n<tr>\n<th>S\u0105saja:<\/th>\n<td>USB-C \u012f USB-C<\/td>\n<\/tr>\n<tr>\n<th>Ilgis:<\/th>\n<td>1 m<\/td>\n<\/tr>\n<tr>\n<th>Srov\u0117:<\/th>\n<td>3 A<\/td>\n<\/tr>\n<tr>\n<th>Galia:<\/th>\n<td>60 W (maks.).<\/td>\n<\/tr>\n<tr>\n<th>Suderinamas su:<\/th>\n<td>iPhone 15 serija, iPad (10-os kartos), iPad mini 6-os kartos, iPad Air 4\/5, iPad Air 11&#8243;\/13&#8243;, iPad Pro 11&#8243; (1-os kartos \/ 2-os kartos \/ 3-ios kartos \/ 4-os kartos), iPad Pro 13&#8243; (3-ios kartos \/ 4-os kartos \/ 5-os kartos \/ 6-os kartos), telefonais (\u201eSamsung\u201c \/ \u201eHuawei\u201c \/ \u201eXiaomi\u201c \/ OPPO \/ VIVO ir kt.), plan\u0161etiniais kompiuteriais (\u201eSamsung\u201c \/ \u201eHuawei\u201c \/ \u201eXiaomi\u201c ir kt.), ne\u0161iojamas kompiuteris (\u201eApple\u201c \/ \u201eHonor\u201c \/ \u201eLenovo\u201c \/ HP \/ \u201eHuawei\u201c \/ \u201eMicrosoft\u201c \/ \u201eDell\u201c \/ \u201eXiaoxin\u201c ir kt.), konsol\u0117 (\u201eSwitch\u201c)<\/td>\n<\/tr>\n<\/tbody>\n<\/table>\n<\/div>\n","protected":false},"excerpt":{"rendered":"<p>\u201eMcdodo CA-4780\u201c USB-C\u2013USB-C 60 W duomen\u0173 perdavimo kabelis, 1,2 m (juodas). \u201eMcdodo CA-5780\u201c kabelis yra patikimas sprendimas \u012fkrauti ir perduoti duomenis tarp \u012frengini\u0173 su USB-C prievadais. Kabelis, kurio galia siekia iki 60 W, puikiai tinka ne\u0161iojamiesiems kompiuteriams, plan\u0161etiniams kompiuteriams ir i\u0161maniesiems telefonams \u012fkrauti. Be to, jame yra LED ekranas, leid\u017eiantis realiuoju laiku steb\u0117ti \u012fkrovimo proces\u0105, [&#8230;]\n","protected":false},"featured_media":17198,"comment_status":"open","ping_status":"closed","template":"","meta":[],"product_brand":[461],"product_cat":[1142],"product_tag":[],"class_list":{"0":"post-17197","1":"product","2":"type-product","3":"status-publish","4":"has-post-thumbnail","6":"product_brand-mcdodo","7":"product_cat-usb-c-to-usb-c-usb-cables","9":"first","10":"outofstock","11":"taxable","12":"shipping-taxable","13":"purchasable","14":"product-type-simple"},"aioseo_notices":[],"_links":{"self":[{"href":"https:\/\/asura.lv\/lt\/wp-json\/wp\/v2\/product\/17197","targetHints":{"allow":["GET"]}}],"collection":[{"href":"https:\/\/asura.lv\/lt\/wp-json\/wp\/v2\/product"}],"about":[{"href":"https:\/\/asura.lv\/lt\/wp-json\/wp\/v2\/types\/product"}],"replies":[{"embeddable":true,"href":"https:\/\/asura.lv\/lt\/wp-json\/wp\/v2\/comments?post=17197"}],"wp:featuredmedia":[{"embeddable":true,"href":"https:\/\/asura.lv\/lt\/wp-json\/wp\/v2\/media\/17198"}],"wp:attachment":[{"href":"https:\/\/asura.lv\/lt\/wp-json\/wp\/v2\/media?parent=17197"}],"wp:term":[{"taxonomy":"product_brand","embeddable":true,"href":"https:\/\/asura.lv\/lt\/wp-json\/wp\/v2\/product_brand?post=17197"},{"taxonomy":"product_cat","embeddable":true,"href":"https:\/\/asura.lv\/lt\/wp-json\/wp\/v2\/product_cat?post=17197"},{"taxonomy":"product_tag","embeddable":true,"href":"https:\/\/asura.lv\/lt\/wp-json\/wp\/v2\/product_tag?post=17197"}],"curies":[{"name":"wp","href":"https:\/\/api.w.org\/{rel}","templated":true}]}}