{"id":17227,"date":"2025-11-28T23:04:43","date_gmt":"2025-11-28T23:04:43","guid":{"rendered":"https:\/\/asura.lv\/product\/mcdodo-power-bank-mc-6281-20w-5000mah-with-lightning-connector-black\/"},"modified":"2025-12-12T15:50:52","modified_gmt":"2025-12-12T13:50:52","slug":"mcdodo-power-bank-mc-6281-20w-5000mah-with-lightning-connector-black","status":"publish","type":"product","link":"https:\/\/asura.lv\/lt\/produktas\/mcdodo-power-bank-mc-6281-20w-5000mah-with-lightning-connector-black\/","title":{"rendered":"\u201eMcdodo\u201c i\u0161orin\u0117 baterija MC-6281 20W, 5000mAh su \u201eLightning\u201c jungtimi (juoda)"},"content":{"rendered":"<h3>\u201eMcdodo MC-6281\u201c 20 W 5000 mAh talpos i\u0161orin\u0117 baterija su \u201eLightning\u201c jungtimi (juoda)<\/h3>\n<p>\u201eMcdodo MC-6281\u201c \u2013 tai kompakti\u0161ka 5000 mAh talpos i\u0161orin\u0117 baterija, skirta vartotojams, vertinantiems patogum\u0105 ir na\u0161um\u0105. D\u0117l 20 W greito \u012fkrovimo ir integruotos \u201eLightning\u201c jungties \u0161i i\u0161orin\u0117 baterija puikiai tinka kasdieniam naudojimui. Minimalistinis dizainas, sulankstomas stovas ir plati apsaugos sistema daro j\u0105 idealiu kompanionu kelion\u0117se ir kasdieniame naudojime, u\u017etikrinan\u010diu greit\u0105 ir saug\u0173 energijos papildym\u0105 bet kur.<\/p>\n<p>\n<img decoding=\"async\" border=\"0\" src=\"https:\/\/assets.innpro.pl\/9770\/11405\/2.jpg\"\/>\n<\/p>\n<h3>Didel\u0117 talpa ir greitas \u012fkrovimas<\/h3>\n<p>\u201eMcdodo\u201c i\u0161orin\u0117s baterijos talpa yra 5000 mAh, tod\u0117l bent vien\u0105 kart\u0105 gal\u0117site visi\u0161kai \u012fkrauti daugum\u0105 i\u0161mani\u0173j\u0173 telefon\u0173 modeli\u0173. D\u0117l 20 W greito \u012fkrovimo technologijos \u201eiPhone\u201c telefon\u0105 iki 60 % \u012fkrausite vos per 30 minu\u010di\u0173. Tai idealiai tinka \u017emon\u0117ms, kuriems reikia greitai papildyti savo \u012frenginius, ypa\u010d avarin\u0117se situacijose arba intensyviai juos naudojant.<\/p>\n<p>\n<img decoding=\"async\" border=\"0\" src=\"https:\/\/assets.innpro.pl\/9770\/11405\/1.jpg\"\/>\n<\/p>\n<h3>\u201eLightning\u201c jungtis ir USB-C prievadas<\/h3>\n<p>Integruota \u201eLightning\u201c jungtis \u0161i\u0105 i\u0161orin\u0119 baterij\u0105 daro ypa\u010d nauding\u0105 \u201eiPhone\u201c naudotojams, nes nereikia ne\u0161iotis papildom\u0173 laid\u0173. Be to, USB-C prievadas, palaikantis 18 vat\u0173 \u012fvest\u012f, leid\u017eia pa\u010diam i\u0161oriniam akumuliatoriui greitai \u012fkrauti, tod\u0117l jis visi\u0161kai \u012fkraunamas per ma\u017eiau nei 2 valandas.<\/p>\n<p>\n<img decoding=\"async\" border=\"0\" src=\"https:\/\/assets.innpro.pl\/9770\/11405\/5.jpg\"\/>\n<\/p>\n<h3>Sulankstomas stovas<\/h3>\n<p>Unikali \u0161ios i\u0161orin\u0117s baterijos savyb\u0117 \u2013 \u012fmontuotas sulankstomas stovas, leid\u017eiantis patogiai naudoti i\u0161man\u0173j\u012f telefon\u0105 kraunant. Tai leid\u017eia \u012frengin\u012f pastatyti stabilioje pad\u0117tyje, pavyzd\u017eiui, norint \u017ei\u016br\u0117ti vaizdo \u012fra\u0161us ar skambinti vaizdo skambu\u010diais, nelaikant jo rankose.<\/p>\n<p>\n<img decoding=\"async\" border=\"0\" src=\"https:\/\/assets.innpro.pl\/9770\/11405\/7.jpg\"\/>\n<\/p>\n<h3>Kompakti\u0161kas ir ne\u0161iojamas<\/h3>\n<p>\u201eMcdodo\u201c i\u0161orin\u0117 baterija yra kompakti\u0161k\u0173 matmen\u0173, tod\u0117l j\u0105 lengva ne\u0161iotis ir ji telpa ki\u0161en\u0117je ar ma\u017eame krep\u0161yje. D\u0117l ma\u017eo svorio ji idealiai tinka kelion\u0117ms, o laid\u0173 nebuvimas dar labiau patog\u0173 naudoti. Be to, \u012frenginys atitinka saugos standartus, leid\u017eian\u010dius j\u012f ne\u0161tis \u012f l\u0117ktuv\u0105.<\/p>\n<p>\n<img decoding=\"async\" border=\"0\" src=\"https:\/\/assets.innpro.pl\/9770\/11405\/6.jpg\"\/>\n<\/p>\n<h3>A\u0161tuoni saugumo lygiai<\/h3>\n<p>I\u0161orin\u0117 baterija apr\u016bpinta pa\u017eangia apsaugos sistema, kuri apima a\u0161tuonis apsaugos lygius, \u012fskaitant apsaug\u0105 nuo perkaitimo, vir\u0161\u012ftampio, perkrovos, perkrovos ir trumpojo jungimo. Tai u\u017etikrina, kad j\u016bs\u0173 \u012frenginiai b\u016bt\u0173 \u012fkraunami saugiai net ir ilgai naudojant.<\/p>\n<p>\n<img decoding=\"async\" border=\"0\" src=\"https:\/\/assets.innpro.pl\/9770\/11405\/4.jpg\"\/>\n<\/p>\n<h3>LED indikatoriai ir papildomos funkcijos<\/h3>\n<p>\u201eMcdodo\u201c i\u0161orin\u0117 baterija apr\u016bpinta LED indikatoriais, kurie rodo baterijos \u012fkrovos lyg\u012f, taip pat prane\u0161a, ar \u012fjungtas greitojo \u012fkrovimo re\u017eimas. Be to, i\u0161orin\u0117 baterija turi apsaugin\u012f dangtel\u012f \u201eLightning\u201c jung\u010diai, kuris neleid\u017eia dulk\u0117ms ir kitoms \u0161iuk\u0161l\u0117ms patekti \u012f prievad\u0105, taip pailgindamas \u012frenginio tarnavimo laik\u0105.<\/p>\n<p>\n<img decoding=\"async\" border=\"0\" src=\"https:\/\/assets.innpro.pl\/9770\/11405\/3.jpg\"\/>\n<\/p>\n<h3>Pridedama<\/h3>\n<ul class=\"list-disc pl-5\">\n<li>i\u0161orin\u0117 baterija<\/li>\n<li>\n<p style=\"text-align:justify\">USB-C\u2013USB-C laidas (0,2 m)<\/p>\n<\/li>\n<\/ul>\n<div class=\"table-wrapper\">\n<p>B\u00a0<\/p>\n<h3><\/h3>\n<table>\n<tbody>\n<tr>\n<th>Gamintojas<\/th>\n<td>Mcdodo<\/td>\n<\/tr>\n<tr>\n<th>Modelis<\/th>\n<td>MC-6281<\/td>\n<\/tr>\n<tr>\n<th>Spalva<\/th>\n<td>juoda<\/td>\n<\/tr>\n<tr>\n<th>Matmenys<\/th>\n<td>81,3 x 34,5 x 29 mm<\/td>\n<\/tr>\n<tr>\n<th>Svoris<\/th>\n<td>102 g<\/td>\n<\/tr>\n<tr>\n<th>Baterija<\/th>\n<td>Li\u010dio polimeras<\/td>\n<\/tr>\n<tr>\n<th>Talpa<\/th>\n<td>5000 mAh \/ 3,7 V 18,5 Wh<\/td>\n<\/tr>\n<tr>\n<th>Nominali talpa<\/th>\n<td>2700 mAh (5 V \/ 2 A)<\/td>\n<\/tr>\n<tr>\n<th>Med\u017eiaga<\/th>\n<td>PC, ABS<\/td>\n<\/tr>\n<tr>\n<th>\u012e\u0117jimo \u012ftampa<\/th>\n<td>5 V \/ 2 A, 9 V \/ 2 A (maks. 18 W).<\/td>\n<\/tr>\n<tr>\n<th>I\u0161\u0117jimo \u012ftampa<\/th>\n<td>5 V \/ 3 A, 9 V \/ 2,22 A, 12 V \/ 1,67 A (maks. 20 W).<\/td>\n<\/tr>\n<tr>\n<th>Srov\u0117 (laidas)<\/th>\n<td>3 A (maks.)<\/td>\n<\/tr>\n<\/tbody>\n<\/table>\n<\/div>\n","protected":false},"excerpt":{"rendered":"<p>\u201eMcdodo MC-6281\u201c 20 W 5000 mAh talpos i\u0161orin\u0117 baterija su \u201eLightning\u201c jungtimi (juoda) \u201eMcdodo MC-6281\u201c \u2013 tai kompakti\u0161ka 5000 mAh talpos i\u0161orin\u0117 baterija, skirta vartotojams, vertinantiems patogum\u0105 ir na\u0161um\u0105. D\u0117l 20 W greito \u012fkrovimo ir integruotos \u201eLightning\u201c jungties \u0161i i\u0161orin\u0117 baterija puikiai tinka kasdieniam naudojimui. Minimalistinis dizainas, sulankstomas stovas ir plati apsaugos sistema daro j\u0105 [&#8230;]\n","protected":false},"featured_media":17228,"comment_status":"open","ping_status":"closed","template":"","meta":[],"product_brand":[461],"product_cat":[1052],"product_tag":[],"class_list":{"0":"post-17227","1":"product","2":"type-product","3":"status-publish","4":"has-post-thumbnail","6":"product_brand-mcdodo","7":"product_cat-powerbanks-gsm-accessories","9":"first","10":"outofstock","11":"taxable","12":"shipping-taxable","13":"purchasable","14":"product-type-simple"},"aioseo_notices":[],"_links":{"self":[{"href":"https:\/\/asura.lv\/lt\/wp-json\/wp\/v2\/product\/17227","targetHints":{"allow":["GET"]}}],"collection":[{"href":"https:\/\/asura.lv\/lt\/wp-json\/wp\/v2\/product"}],"about":[{"href":"https:\/\/asura.lv\/lt\/wp-json\/wp\/v2\/types\/product"}],"replies":[{"embeddable":true,"href":"https:\/\/asura.lv\/lt\/wp-json\/wp\/v2\/comments?post=17227"}],"wp:featuredmedia":[{"embeddable":true,"href":"https:\/\/asura.lv\/lt\/wp-json\/wp\/v2\/media\/17228"}],"wp:attachment":[{"href":"https:\/\/asura.lv\/lt\/wp-json\/wp\/v2\/media?parent=17227"}],"wp:term":[{"taxonomy":"product_brand","embeddable":true,"href":"https:\/\/asura.lv\/lt\/wp-json\/wp\/v2\/product_brand?post=17227"},{"taxonomy":"product_cat","embeddable":true,"href":"https:\/\/asura.lv\/lt\/wp-json\/wp\/v2\/product_cat?post=17227"},{"taxonomy":"product_tag","embeddable":true,"href":"https:\/\/asura.lv\/lt\/wp-json\/wp\/v2\/product_tag?post=17227"}],"curies":[{"name":"wp","href":"https:\/\/api.w.org\/{rel}","templated":true}]}}