{"id":17299,"date":"2025-11-28T23:04:37","date_gmt":"2025-11-28T23:04:37","guid":{"rendered":"https:\/\/asura.lv\/product\/power-bank-mcdodo-mc-3253-10000mah-22-5w-for-light-black\/"},"modified":"2025-12-12T15:50:49","modified_gmt":"2025-12-12T13:50:49","slug":"power-bank-mcdodo-mc-3253-10000mah-22-5w-for-light-black","status":"publish","type":"product","link":"https:\/\/asura.lv\/lt\/produktas\/power-bank-mcdodo-mc-3253-10000mah-22-5w-for-light-black\/","title":{"rendered":"I\u0161orin\u0117 baterija \u201eMcdodo MC-3253\u201c 10000mAh, 22,5W, ap\u0161vietimui (juoda)"},"content":{"rendered":"<h3>\u201eMcdodo MC-3253\u201c 10 000 mAh, 22,5 W i\u0161orin\u0117 baterija su \u201eLightning\u201c laidu (juoda)<\/h3>\n<p>10 000 mAh talpos i\u0161orin\u0117 baterija yra ne\u0161iojamas ir galingas \u012frenginys, skirtas vartotojams, ie\u0161kantiems patikimo sprendimo \u012fkrauti savo mobiliuosius \u012frenginius kelyje. D\u0117l kompakti\u0161ko dizaino ir \u012fmontuotos rankenos j\u0105 ne\u0161iotis ir transportuoti nebus problema. Lengvai \u012fskaitomas LCD ekranas informuoja apie veikimo b\u016bsen\u0105 ir u\u017etikrina visi\u0161k\u0105 \u012fkrovimo proceso valdym\u0105. Be to, i\u0161orin\u0117 baterija atitinka tarptautinius saugos standartus, tod\u0117l galite j\u0105 pasiimti su savimi l\u0117ktuvu.<\/p>\n<p>\n<img decoding=\"async\" border=\"0\" src=\"https:\/\/assets.innpro.pl\/9689\/11310\/2.jpg\"\/>\n<\/p>\n<h3>Greitas \u012fkrovimas ir suderinamumas su daugeliu \u012frengini\u0173<\/h3>\n<p>I\u0161orin\u0117 baterija si\u016blo maksimali\u0105 22,5 vat\u0173 \u012fkrovimo gali\u0105. Be to, galimyb\u0117 vienu metu \u012fkrauti 3 \u012frenginius rei\u0161kia, kad galite lengvai prijungti i\u0161man\u0173j\u012f telefon\u0105, ausines ir kitus priedus. \u012erenginys, palaikantis PD3.0, QC3.0 ir 22,5 W SCP greitojo \u012fkrovimo technologij\u0105, puikiai veikia su \u201eHuawei\u201c telefonais, taip pat kitais \u201eiOS\u201c ir \u201eAndroid\u201c \u012frenginiais. \u201eLightning\u201c jungtis ir USB-C prievadas leid\u017eia greitai \u012fkrauti \u012frenginius iki pilnos talpos.<\/p>\n<p>\n<img decoding=\"async\" border=\"0\" src=\"https:\/\/assets.innpro.pl\/9689\/11310\/3.jpg\"\/>\n<\/p>\n<h3>Didel\u0117 talpa ir ilgas veikimo laikas<\/h3>\n<p>Tur\u0117dama 10 000 mAh talpos, i\u0161orin\u0117 baterija u\u017etikrina ilgalaik\u0119 gali\u0105, leid\u017eian\u010di\u0105 \u012fkrauti i\u0161man\u0173j\u012f telefon\u0105 kelis kartus \u2013 \u201eiPhone 13 Mini\u201c galite visi\u0161kai \u012fkrauti ma\u017edaug 2,5 karto, o \u201eiPhone 14\u201c \u2013 ma\u017edaug 2 kartus. Tuo tarpu i\u0161orin\u0117s baterijos energij\u0105 atnaujinsite per 3 valandas naudodami USB-C prievad\u0105.<\/p>\n<p>\n<img decoding=\"async\" border=\"0\" src=\"https:\/\/assets.innpro.pl\/9689\/11310\/4.jpg\"\/>\n<\/p>\n<h3>Naudojimo saugumas<\/h3>\n<p>I\u0161orin\u0117 baterija apr\u016bpinta pa\u017eangiomis saugos funkcijomis, kurios apsaugo tiek \u012frengin\u012f, tiek prie jo prijungt\u0105 \u012frang\u0105. Tai apima apsaug\u0105 nuo perkrovimo, perkaitimo, vir\u0161\u012ftampio, trumpojo jungimo ir per didelio i\u0161sikrovimo. Taigi galite b\u016bti ram\u016bs, kad j\u016bs\u0173 \u012frenginiai yra saug\u016bs kraunant.<\/p>\n<p>\n<img decoding=\"async\" border=\"0\" src=\"https:\/\/assets.innpro.pl\/9689\/11310\/6.jpg\"\/>\n<\/p>\n<div class=\"table-wrapper\">\n<p>B\u00a0<\/p>\n<h3><\/h3>\n<table>\n<tbody>\n<tr>\n<th>Gamintojas<\/th>\n<td>Mcdodo<\/td>\n<\/tr>\n<tr>\n<th>Modelis<\/th>\n<td>MC-3253<\/td>\n<\/tr>\n<tr>\n<th>Spalva<\/th>\n<td>juoda<\/td>\n<\/tr>\n<tr>\n<th>Med\u017eiaga<\/th>\n<td>ABS, PC<\/td>\n<\/tr>\n<tr>\n<th>Matmenys<\/th>\n<td>103 x 67,5 x 26 mm<\/td>\n<\/tr>\n<tr>\n<th>Svoris<\/th>\n<td>240 g<\/td>\n<\/tr>\n<tr>\n<th>Baterijos talpa<\/th>\n<td>10 000 mAh<\/td>\n<\/tr>\n<tr>\n<th>Nominali talpa<\/th>\n<td>5800 mAh<\/td>\n<\/tr>\n<tr>\n<th>\u012e\u0117jimo \u012ftampa<\/th>\n<td>\u201eLightning\u201c: 5 V \/ 2 A; USB-C: 5 V \/ 3 A, 9 V \/ 2 A, 12 V \/ 1,5 A<\/td>\n<\/tr>\n<tr>\n<th>I\u0161\u0117jimo \u012ftampa<\/th>\n<td>USB-A: 5 V \/ 3 A, 9 V \/ 2 A, 12 V \/ 1,5 A; USB-C: 5 V \/ 3 A, 9 V \/ 2,22 A, 12 V \/ 1,67 A<\/td>\n<\/tr>\n<tr>\n<th>I\u0161\u0117jimo galia<\/th>\n<td>20 W (\u201eLightning\u201c)<\/td>\n<\/tr>\n<tr>\n<th>Maksimali i\u0161\u0117jimo \u012ftampa<\/th>\n<td>5 V \/ 3 A<\/td>\n<\/tr>\n<\/tbody>\n<\/table>\n<\/div>\n","protected":false},"excerpt":{"rendered":"<p>\u201eMcdodo MC-3253\u201c 10 000 mAh, 22,5 W i\u0161orin\u0117 baterija su \u201eLightning\u201c laidu (juoda) 10 000 mAh talpos i\u0161orin\u0117 baterija yra ne\u0161iojamas ir galingas \u012frenginys, skirtas vartotojams, ie\u0161kantiems patikimo sprendimo \u012fkrauti savo mobiliuosius \u012frenginius kelyje. D\u0117l kompakti\u0161ko dizaino ir \u012fmontuotos rankenos j\u0105 ne\u0161iotis ir transportuoti nebus problema. Lengvai \u012fskaitomas LCD ekranas informuoja apie veikimo b\u016bsen\u0105 ir [&#8230;]\n","protected":false},"featured_media":17300,"comment_status":"open","ping_status":"closed","template":"","meta":[],"product_brand":[461],"product_cat":[1052],"product_tag":[],"class_list":{"0":"post-17299","1":"product","2":"type-product","3":"status-publish","4":"has-post-thumbnail","6":"product_brand-mcdodo","7":"product_cat-powerbanks-gsm-accessories","9":"first","10":"outofstock","11":"taxable","12":"shipping-taxable","13":"purchasable","14":"product-type-simple"},"aioseo_notices":[],"_links":{"self":[{"href":"https:\/\/asura.lv\/lt\/wp-json\/wp\/v2\/product\/17299","targetHints":{"allow":["GET"]}}],"collection":[{"href":"https:\/\/asura.lv\/lt\/wp-json\/wp\/v2\/product"}],"about":[{"href":"https:\/\/asura.lv\/lt\/wp-json\/wp\/v2\/types\/product"}],"replies":[{"embeddable":true,"href":"https:\/\/asura.lv\/lt\/wp-json\/wp\/v2\/comments?post=17299"}],"wp:featuredmedia":[{"embeddable":true,"href":"https:\/\/asura.lv\/lt\/wp-json\/wp\/v2\/media\/17300"}],"wp:attachment":[{"href":"https:\/\/asura.lv\/lt\/wp-json\/wp\/v2\/media?parent=17299"}],"wp:term":[{"taxonomy":"product_brand","embeddable":true,"href":"https:\/\/asura.lv\/lt\/wp-json\/wp\/v2\/product_brand?post=17299"},{"taxonomy":"product_cat","embeddable":true,"href":"https:\/\/asura.lv\/lt\/wp-json\/wp\/v2\/product_cat?post=17299"},{"taxonomy":"product_tag","embeddable":true,"href":"https:\/\/asura.lv\/lt\/wp-json\/wp\/v2\/product_tag?post=17299"}],"curies":[{"name":"wp","href":"https:\/\/api.w.org\/{rel}","templated":true}]}}