{"id":17317,"date":"2025-11-28T23:03:42","date_gmt":"2025-11-28T23:03:42","guid":{"rendered":"https:\/\/asura.lv\/product\/superfire-s3-a-flashlight-146-lm-214-m-5-modes\/"},"modified":"2025-12-12T15:50:14","modified_gmt":"2025-12-12T13:50:14","slug":"superfire-s3-a-flashlight-146-lm-214-m-5-modes","status":"publish","type":"product","link":"https:\/\/asura.lv\/lt\/produktas\/superfire-s3-a-flashlight-146-lm-214-m-5-modes\/","title":{"rendered":"\u201eSuperfire S3-A\u201c \u017eibintuv\u0117lis, 146 lm, 214 m, 5 re\u017eimai"},"content":{"rendered":"<h3>\u201eSuperfire S3-A\u201c \u017eibintuv\u0117lis, 146 lm, 214 m, 5 re\u017eimai<\/h3>\n<p>\u201eSuperfire S3-A\u201c \u017eibintuv\u0117lis bus nepakei\u010diamas palydovas bet kokioje situacijoje \u2013 nuo \u200b\u200bekspedicij\u0173 lauke iki ekstremali\u0173 situacij\u0173 namuose. Jis si\u016blo 146 liumen\u0173 \u0161viesos sraut\u0105, o jo veikimo laikas siekia iki 9 valand\u0173. \u012evair\u016bs ap\u0161vietimo re\u017eimai, atsparus vandeniui dizainas ir tvirta apdaila i\u0161 auk\u0161tos kokyb\u0117s med\u017eiag\u0173 leid\u017eia j\u012f \u012fveikti bet kokius i\u0161\u0161\u016bkius.<\/p>\n<p>\n<img decoding=\"async\" alt=\"\u017dibintuv\u0117lis \u0161vie\u010dia ry\u0161kia \u0161viesa apsnigtu mi\u0161ko keliuku, fone matomas \u017emogaus siluetas\" border=\"0\" src=\"https:\/\/assets.innpro.pl\/9401\/10970\/1.jpg\"\/>\n<\/p>\n<h3>Puikus matomumas bet kokiomis s\u0105lygomis<\/h3>\n<p>\u201eSuperfire S3-A\u201c \u017eibintuv\u0117lis turi du ap\u0161vietimo re\u017eimus, kad b\u016bt\u0173 galima j\u012f naudoti \u012fvairiai. Pro\u017eektoriaus re\u017eimas ap\u0161vie\u010dia iki 214 metr\u0173 atstumu, idealiai tinka vaik\u0161\u010dioti nakt\u012f arba sunkiai va\u017eiuojant sunkia vietove. Pro\u017eektoriaus ap\u0161vietimas suteikia plat\u0173 matymo lauk\u0105 iki 260 cm skersmens, o tai ne\u012fkainojama atliekant darbus, kuriems reikia ap\u0161viesti didel\u0119 erdv\u0119. D\u0117l teleskopinio reguliavimo galite laisvai perjungti pro\u017eektorin\u0119 ir i\u0161sklaidyt\u0105 \u0161vies\u0105.<\/p>\n<p>\n<img decoding=\"async\" alt=\"A\u0161tuonios nuotraukos, kuriose \u017emon\u0117s naudoja \u017eibintuv\u0117l\u012f skirtingose \u200b\u200bsituacijose\" border=\"0\" src=\"https:\/\/assets.innpro.pl\/9401\/10970\/4.jpg\"\/>\n<\/p>\n<h3>Lengvas ir patogus<\/h3>\n<p>Vienas did\u017eiausi\u0173 \u201eSuperfire S3-A\u201c \u017eibintuv\u0117lio privalum\u0173 yra kompakti\u0161kas dizainas. D\u0117l ma\u017eo svorio (70 g) ir vos 117 mm ilgio \u0161is \u017eibintuv\u0117lis yra puikus pasirinkimas net ir ilgose kelion\u0117se. J\u012f galima lengvai \u012fsid\u0117ti \u012f ki\u0161en\u0119 arba prisegti prie kuprin\u0117s, kad visada b\u016bt\u0173 po ranka. D\u0117l atsparumo kritimams ir sm\u016bgiams galite j\u012f naudoti be r\u016bpes\u010di\u0173 net ir sud\u0117tingomis lauko s\u0105lygomis.<\/p>\n<p>\n<img decoding=\"async\" alt=\"Ranka, laikanti \u017eibintuv\u0117l\u012f, \u0161vie\u010diant\u012f ry\u0161kiu \u0161viesos pluo\u0161tu naktinio peiza\u017eo fone\" border=\"0\" src=\"https:\/\/assets.innpro.pl\/9401\/10970\/2.jpg\"\/>\n<\/p>\n<h3>Pasiruo\u0161\u0119s bet kokiam i\u0161\u0161\u016bkiui<\/h3>\n<p>\u017dibintuv\u0117lis skirtas naudoti bet kokiomis oro s\u0105lygomis. IP44 (apsaugos nuo kiet\u0173 objekt\u0173 ir vandens laipsnis) \u012fvertinimas garantuoja kasdien\u012f atsparum\u0105 vandeniui, tod\u0117l \u017eibintuv\u0117lis gerai veikia ir lietingomis dienomis. Aliuminio korpusas ne tik u\u017etikrina patvarum\u0105, bet ir greitai i\u0161sklaido \u0161ilum\u0105, tod\u0117l j\u012f naudoti saugiau.<\/p>\n<p>\n<img decoding=\"async\" alt=\"Juodas \u017eibintuv\u0117lis, \u012f kur\u012f lietuje trinkteli vanduo, guli ant \u0161lapio pavir\u0161iaus\" border=\"0\" src=\"https:\/\/assets.innpro.pl\/9401\/10970\/7.jpg\"\/>\n<\/p>\n<h3>Rinkit\u0117s i\u0161 5 ap\u0161vietimo re\u017eim\u0173<\/h3>\n<p>\u201eSuperfire S3-A\u201c si\u016blo iki penki\u0173 ap\u0161vietimo re\u017eim\u0173 \u2013 stiprios \u0161viesos, vidutin\u0117s \u0161viesos, silpnos \u0161viesos, mirksin\u010dios \u0161viesos ir SOS re\u017eim\u0105, kuris gali i\u0161gelb\u0117ti gyvybes avarin\u0117se situacijose. Daugiapakopis ry\u0161kumo reguliavimas leid\u017eia tiksliai sureguliuoti \u0161viesos intensyvum\u0105 pagal j\u016bs\u0173 poreikius. D\u0117l \u0161io universalumo \u017eibintuv\u0117lis idealiai tinka \u012fvairioms ap\u0161vietimo s\u0105lygoms, nes galite tiksliai reguliuoti \u0161viesos intensyvum\u0105 pagal savo poreikius. Nesvarbu, ar jums reikia ry\u0161kios \u0161viesos reljefo paie\u0161kai, ar \u0161velnesn\u0117s \u0161viesos \u017eem\u0117lapio skaitymui, \u201eSuperfire S3-A\u201c kiekvienai progai si\u016blo tinkam\u0105 re\u017eim\u0105.<\/p>\n<p>\n<img decoding=\"async\" alt=\"Pir\u0161tin\u0117ta ranka, laikanti \u017eibintuv\u0117l\u012f mi\u0161ke prieblandoje, fone \u2013 \u017emogus\" border=\"0\" src=\"https:\/\/assets.innpro.pl\/9401\/10970\/6.jpg\"\/>\n<\/p>\n<h3>Veikimo laikas iki 12 valand\u0173<\/h3>\n<p>\u017dibintuv\u0117lis vienu \u012fkrovimu gali veikti iki 9 valand\u0173, tod\u0117l jis yra nepakei\u010diamas \u012frankis avarin\u0117se situacijose, naktin\u0117se ekspedicijose ar kasdieniam naudojimui. Jis palaiko tiek AAA baterijas (trigubas A, standartines \u0161armines baterijas), tiek 18650 \u012fkraunamas li\u010dio jon\u0173 baterijas, kad b\u016bt\u0173 patogu ir patogu naudoti lauko s\u0105lygomis.<\/p>\n<p>\n<img decoding=\"async\" alt=\"\u017dibintuv\u0117lis, pritvirtintas prie \u017eygeivio kuprin\u0117s ry\u0161kioje dienos \u0161viesoje\" border=\"0\" src=\"https:\/\/assets.innpro.pl\/9401\/10970\/5.jpg\"\/>\n<\/p>\n<div class=\"table-wrapper\">\n<p>B\u00a0<\/p>\n<h3><\/h3>\n<table>\n<tbody>\n<tr>\n<th>Gamintojas<\/th>\n<td>Superfire<\/td>\n<\/tr>\n<tr>\n<th>Modelis<\/th>\n<td>S3-A<\/td>\n<\/tr>\n<tr>\n<th>Galia<\/th>\n<td>3W<\/td>\n<\/tr>\n<tr>\n<th>Ry\u0161kumas<\/th>\n<td>146 lm<\/td>\n<\/tr>\n<tr>\n<th>Ap\u0161vietimas Diapazonas<\/th>\n<td>214 m<\/td>\n<\/tr>\n<tr>\n<th>Veikimo re\u017eimai<\/th>\n<td>Stipri \u0161viesa, vidutin\u0117 \u0161viesa, silpna \u0161viesa, mirks\u0117jimas, SOS<\/td>\n<\/tr>\n<tr>\n<th>Veikimo laikas<\/th>\n<td>Ma\u017edaug 9 valandos<\/td>\n<\/tr>\n<tr>\n<th>Maitinimo \u0161altinis<\/th>\n<td>AAA\/18650 x3 baterijos<\/td>\n<\/tr>\n<tr>\n<th>Atsparumas vandeniui<\/th>\n<td>IP44<\/td>\n<\/tr>\n<tr>\n<th>Med\u017eiaga<\/th>\n<td>Aliuminio lydinys<\/td>\n<\/tr>\n<tr>\n<th>Matmenys<\/th>\n<td>117 x 30 x 28 mm<\/td>\n<\/tr>\n<tr>\n<th>Svoris<\/th>\n<td>70 g<\/td>\n<\/tr>\n<\/tbody>\n<\/table>\n<\/div>\n","protected":false},"excerpt":{"rendered":"<p>\u201eSuperfire S3-A\u201c \u017eibintuv\u0117lis, 146 lm, 214 m, 5 re\u017eimai \u201eSuperfire S3-A\u201c \u017eibintuv\u0117lis bus nepakei\u010diamas palydovas bet kokioje situacijoje \u2013 nuo \u200b\u200bekspedicij\u0173 lauke iki ekstremali\u0173 situacij\u0173 namuose. Jis si\u016blo 146 liumen\u0173 \u0161viesos sraut\u0105, o jo veikimo laikas siekia iki 9 valand\u0173. \u012evair\u016bs ap\u0161vietimo re\u017eimai, atsparus vandeniui dizainas ir tvirta apdaila i\u0161 auk\u0161tos kokyb\u0117s med\u017eiag\u0173 leid\u017eia j\u012f [&#8230;]\n","protected":false},"featured_media":17318,"comment_status":"open","ping_status":"closed","template":"","meta":[],"product_brand":[195],"product_cat":[1301],"product_tag":[],"class_list":{"0":"post-17317","1":"product","2":"type-product","3":"status-publish","4":"has-post-thumbnail","6":"product_brand-superfire","7":"product_cat-other-flashlights","9":"first","10":"outofstock","11":"taxable","12":"shipping-taxable","13":"purchasable","14":"product-type-simple"},"aioseo_notices":[],"_links":{"self":[{"href":"https:\/\/asura.lv\/lt\/wp-json\/wp\/v2\/product\/17317","targetHints":{"allow":["GET"]}}],"collection":[{"href":"https:\/\/asura.lv\/lt\/wp-json\/wp\/v2\/product"}],"about":[{"href":"https:\/\/asura.lv\/lt\/wp-json\/wp\/v2\/types\/product"}],"replies":[{"embeddable":true,"href":"https:\/\/asura.lv\/lt\/wp-json\/wp\/v2\/comments?post=17317"}],"wp:featuredmedia":[{"embeddable":true,"href":"https:\/\/asura.lv\/lt\/wp-json\/wp\/v2\/media\/17318"}],"wp:attachment":[{"href":"https:\/\/asura.lv\/lt\/wp-json\/wp\/v2\/media?parent=17317"}],"wp:term":[{"taxonomy":"product_brand","embeddable":true,"href":"https:\/\/asura.lv\/lt\/wp-json\/wp\/v2\/product_brand?post=17317"},{"taxonomy":"product_cat","embeddable":true,"href":"https:\/\/asura.lv\/lt\/wp-json\/wp\/v2\/product_cat?post=17317"},{"taxonomy":"product_tag","embeddable":true,"href":"https:\/\/asura.lv\/lt\/wp-json\/wp\/v2\/product_tag?post=17317"}],"curies":[{"name":"wp","href":"https:\/\/api.w.org\/{rel}","templated":true}]}}