{"id":17347,"date":"2025-11-28T23:03:40","date_gmt":"2025-11-28T23:03:40","guid":{"rendered":"https:\/\/asura.lv\/product\/superfire-th03-multi-function-flashlight-460-lm-usb-c-5-modes\/"},"modified":"2025-12-12T15:50:13","modified_gmt":"2025-12-12T13:50:13","slug":"superfire-th03-multi-function-flashlight-460-lm-usb-c-5-modes","status":"publish","type":"product","link":"https:\/\/asura.lv\/lt\/produktas\/superfire-th03-multi-function-flashlight-460-lm-usb-c-5-modes\/","title":{"rendered":"Daugiafunkcis \u017eibintuv\u0117lis \u201eSuperfire TH03\u201c, 460 lm, USB-C, 5 re\u017eimai"},"content":{"rendered":"<h3>Daugiafunkcis \u017eibintuv\u0117lis \u201eSuperfire TH03\u201c, 460 lm, USB-C, 5 re\u017eimai<\/h3>\n<p>\u017dibintuv\u0117lis \u201eSuperfire TH03\u201c yra kompakti\u0161kas, lengvas ir universalus \u012frenginys, skirtas vartotojams, ie\u0161kantiems patikimo \u0161viesos \u0161altinio kasdieniam naudojimui ir veiklai lauke. D\u0117l savo i\u0161manaus dizaino jis gali b\u016bti naudojamas ir kaip \u012fprastas \u017eibintuv\u0117lis, ir kaip priekinis \u017eibintuv\u0117lis, tod\u0117l padid\u0117ja jo funkcionalumas \u012fvairiomis s\u0105lygomis. Pagamintas i\u0161 patvaraus aliuminio lydinio ir turintis kelis veikimo re\u017eimus \u2013 tai puikus pasirinkimas tiems, kurie vertina patogum\u0105 ir patikimum\u0105. \u017dibintuv\u0117lis pasi\u017eymi iki 460 lm ry\u0161kumu ir iki 104 metr\u0173 atstumu \u2013 jis puikiai tiks \u012fvairiose situacijose.<\/p>\n<p>\n<img decoding=\"async\" alt=\"\u017dibintuv\u0117lis ant galvos su juodai oran\u017eine galvos juosta ir kompakti\u0161kas \u017eibintuv\u0117lis tamsaus mi\u0161ko fone\" border=\"0\" src=\"https:\/\/assets.innpro.pl\/9392\/10960\/6.jpg\"\/>\n<\/p>\n<h3>Universalus naudojimas<\/h3>\n<p>TH03 sujungia rankinio \u017eibintuv\u0117lio ir priekinio \u017eibintuv\u0117lio funkcijas. D\u0117l ma\u017eo dyd\u017eio (80,5 x 27 x 24 mm) ir vos 58 gram\u0173 svorio j\u012f lengva ne\u0161iotis ir jis n\u0117ra na\u0161ta. Lanksti tvirtinimo sistema su silikonine juostele leid\u017eia \u012frengin\u012f tvirtai pritvirtinti prie galvos, tod\u0117l jis tinka tokiai veiklai kaip laipiojimas, stovyklavimas ir remontas. Be to, \u017eibintuv\u0117lis si\u016blo 180\u00b0 reguliuojam\u0105 ap\u0161vietimo kamp\u0105, kuris pa\u0161alina akl\u0105sias zonas. Taip pat verta d\u0117mesio magnetinis antgalis, leid\u017eiantis pritvirtinti gamin\u012f prie pasirinkto metalinio pavir\u0161iaus.<\/p>\n<p>\n<img decoding=\"async\" alt=\"\u012evairi\u0173 \u017emoni\u0173 su \u017eibintuv\u0117liais ant galv\u0173 nuotraukos tamsoje\" border=\"0\" src=\"https:\/\/assets.innpro.pl\/9392\/10960\/3.jpg\"\/>\n<\/p>\n<h3>Keli veikimo re\u017eimai<\/h3>\n<p>\u201eSuperfire TH03\u201c naudoja galing\u0105 5 W \u0161viesos \u0161altin\u012f, generuojant\u012f iki 460 liumen\u0173 \u0161viesos sraut\u0105 ir iki 104 m atstum\u0105. \u017dibintuv\u0117lis taip pat si\u016blo 5 ap\u0161vietimo re\u017eimus: stipr\u0173 \/ vidutin\u012f \/ silpn\u0105 \/ mirksint\u012f \/ SOS. D\u0117l to galite reguliuoti \u0161viesos intensyvum\u0105 pagal savo poreikius \u2013 nuo \u200b\u200b\u0161velnaus ap\u0161vietimo skaitant iki intensyvios \u0161viesos avarin\u0117se situacijose. Stroboskopinis ir SOS re\u017eimai gali b\u016bti naudingi situacijose, kai reikia i\u0161kviesti pagalb\u0105.<\/p>\n<p>\n<img decoding=\"async\" alt=\"ranka ruda pir\u0161tine, laikanti kompakti\u0161k\u0105 juod\u0105 \u017eibintuv\u0117l\u012f, fone kalnai ir turistas su \u017eibintuv\u0117liu ant galvos\" border=\"0\" src=\"https:\/\/assets.innpro.pl\/9392\/10960\/5.jpg\"\/>\n<\/p>\n<h3>Efektyvus maitinimo \u0161altinis<\/h3>\n<p>TH03 \u017eibintuv\u0117l\u012f maitina galinga 16340 tipo \u012fkraunama baterija, kuri veikia ilgai \u2013 apie 2 valandas. USB-C (universali nuoseklioji magistral\u0117 C tipo, universali duomen\u0173 ir maitinimo jungtis) prievadas leid\u017eia greitai ir patogiai atnaujinti maitinim\u0105 su \u012fvairiais \u012frenginiais. Be to, LED (\u0161viesos diod\u0173) indikatorius rodo \u012fkrovimo b\u016bsen\u0105. \u0160is prakti\u0161kas sprendimas u\u017etikrina, kad \u017eibintuv\u0117lis b\u016bt\u0173 paruo\u0161tas naudoti bet kokioje situacijoje.<\/p>\n<p>\n<img decoding=\"async\" alt=\"ma\u017eas \u017eibintuv\u0117lis su matoma baterija tamsiame dykumos fone su turistu, ap\u0161vie\u010dian\u010diu keli\u0105\" border=\"0\" src=\"https:\/\/assets.innpro.pl\/9392\/10960\/4.jpg\"\/>\n<\/p>\n<h3>Kompakti\u0161kas ir patvarus dizainas<\/h3>\n<p>D\u0117l kompakti\u0161ko dyd\u017eio ir ma\u017eo svorio TH03 \u017eibintuv\u0117lis idealiai tinka kasdieniam naudojimui ir veiklai lauke. Pagamintas i\u0161 auk\u0161tos kokyb\u0117s aliuminio lydinio \u2013 jis atsparus kritimams ir mechaniniams pa\u017eeidimams, o IP43 (apsaugos nuo patekimo \u012f pavir\u0161i\u0173 laipsnis 43, apsauga nuo kiet\u0173 objekt\u0173, didesni\u0173 nei 1 mm, ir vandens la\u0161\u0117jimo iki 60\u00b0) \u012fvertinimas suteikia apsaug\u0105 nuo lietaus ir atsitiktinio apta\u0161kymo. Tai daro j\u012f nepakei\u010diamu \u012frankiu at\u0161iauriomis oro s\u0105lygomis, \u017eygiuojant p\u0117s\u010diomis ar stovyklaujant. \u017dibintuv\u0117lis taip pat apr\u016bpintas pa\u017eangiomis saugos sistemomis, kurios prailgina jo tarnavimo laik\u0105.<\/p>\n<p>\n<img decoding=\"async\" alt=\"juodas \u017eibintuv\u0117lis vandens pursluose\" border=\"0\" src=\"https:\/\/assets.innpro.pl\/9392\/10960\/2.jpg\"\/>\n<\/p>\n<h3>Pridedama<\/h3>\n<ul class=\"list-disc pl-5\">\n<li>\u017eibintuv\u0117lis<\/li>\n<li>16340 \u012fkraunama baterija (500 mAh)<\/li>\n<li>USB-C laidas<\/li>\n<li>rankena<\/li>\n<li>galvos juosta<\/li>\n<\/ul>\n<div class=\"table-wrapper\">\n<p>B\u00a0<\/p>\n<h3><\/h3>\n<table>\n<tbody>\n<tr>\n<th>Gamintojas<\/th>\n<td>\u201eSuperfire\u201c<\/td>\n<\/tr>\n<tr>\n<th>Modelis<\/th>\n<td>TH03<\/td>\n<\/tr>\n<tr>\n<th>Spalva<\/th>\n<td>Juoda<\/td>\n<\/tr>\n<tr>\n<th>Matmenys<\/th>\n<td>24 x 27 x 80,5 mm<\/td>\n<\/tr>\n<tr>\n<th>Svoris<\/th>\n<td>58 g<\/td>\n<\/tr>\n<tr>\n<th>Med\u017eiaga<\/th>\n<td>Aliuminio lydinys<\/td>\n<\/tr>\n<tr>\n<th>Galia<\/th>\n<td>5 W<\/td>\n<\/tr>\n<tr>\n<th>Ry\u0161kumas<\/th>\n<td>Iki 460 lm<\/td>\n<\/tr>\n<tr>\n<th>Diapazonas<\/th>\n<td>Iki 104 m<\/td>\n<\/tr>\n<tr>\n<th>Atsparumas vandeniui<\/th>\n<td>IP43<\/td>\n<\/tr>\n<tr>\n<th>Veikimo laikas<\/th>\n<td>Apytiksliai 2 val.<\/td>\n<\/tr>\n<tr>\n<th>Veikimo re\u017eimai<\/th>\n<td>Stiprus \/ Vidutinis \/ Silpnas \/ Mirks\u0117jimas \/ SOS<\/td>\n<\/tr>\n<\/tbody>\n<\/table>\n<\/div>\n","protected":false},"excerpt":{"rendered":"<p>Daugiafunkcis \u017eibintuv\u0117lis \u201eSuperfire TH03\u201c, 460 lm, USB-C, 5 re\u017eimai \u017dibintuv\u0117lis \u201eSuperfire TH03\u201c yra kompakti\u0161kas, lengvas ir universalus \u012frenginys, skirtas vartotojams, ie\u0161kantiems patikimo \u0161viesos \u0161altinio kasdieniam naudojimui ir veiklai lauke. D\u0117l savo i\u0161manaus dizaino jis gali b\u016bti naudojamas ir kaip \u012fprastas \u017eibintuv\u0117lis, ir kaip priekinis \u017eibintuv\u0117lis, tod\u0117l padid\u0117ja jo funkcionalumas \u012fvairiomis s\u0105lygomis. Pagamintas i\u0161 patvaraus aliuminio [&#8230;]\n","protected":false},"featured_media":17348,"comment_status":"open","ping_status":"closed","template":"","meta":[],"product_brand":[195],"product_cat":[1301],"product_tag":[],"class_list":{"0":"post-17347","1":"product","2":"type-product","3":"status-publish","4":"has-post-thumbnail","6":"product_brand-superfire","7":"product_cat-other-flashlights","9":"first","10":"outofstock","11":"taxable","12":"shipping-taxable","13":"purchasable","14":"product-type-simple"},"aioseo_notices":[],"_links":{"self":[{"href":"https:\/\/asura.lv\/lt\/wp-json\/wp\/v2\/product\/17347","targetHints":{"allow":["GET"]}}],"collection":[{"href":"https:\/\/asura.lv\/lt\/wp-json\/wp\/v2\/product"}],"about":[{"href":"https:\/\/asura.lv\/lt\/wp-json\/wp\/v2\/types\/product"}],"replies":[{"embeddable":true,"href":"https:\/\/asura.lv\/lt\/wp-json\/wp\/v2\/comments?post=17347"}],"wp:featuredmedia":[{"embeddable":true,"href":"https:\/\/asura.lv\/lt\/wp-json\/wp\/v2\/media\/17348"}],"wp:attachment":[{"href":"https:\/\/asura.lv\/lt\/wp-json\/wp\/v2\/media?parent=17347"}],"wp:term":[{"taxonomy":"product_brand","embeddable":true,"href":"https:\/\/asura.lv\/lt\/wp-json\/wp\/v2\/product_brand?post=17347"},{"taxonomy":"product_cat","embeddable":true,"href":"https:\/\/asura.lv\/lt\/wp-json\/wp\/v2\/product_cat?post=17347"},{"taxonomy":"product_tag","embeddable":true,"href":"https:\/\/asura.lv\/lt\/wp-json\/wp\/v2\/product_tag?post=17347"}],"curies":[{"name":"wp","href":"https:\/\/api.w.org\/{rel}","templated":true}]}}