{"id":17545,"date":"2025-11-28T23:03:23","date_gmt":"2025-11-28T23:03:23","guid":{"rendered":"https:\/\/asura.lv\/product\/telesin-magnetic-mount-set-for-sports-cameras\/"},"modified":"2025-12-12T15:50:01","modified_gmt":"2025-12-12T13:50:01","slug":"telesin-magnetic-mount-set-for-sports-cameras","status":"publish","type":"product","link":"https:\/\/asura.lv\/lt\/produktas\/telesin-magnetic-mount-set-for-sports-cameras\/","title":{"rendered":"TELESIN magnetini\u0173 laikikli\u0173 rinkinys sporto kameroms"},"content":{"rendered":"<h3>TELESIN magnetini\u0173 laikikli\u0173 rinkinys sporto kameroms<\/h3>\n<p>TELESIN magnetini\u0173 laikikli\u0173 rinkinys yra novatori\u0161kas sprendimas fotografijos ir vaizdo \u012fra\u0161ymo entuziastams. D\u0117l savo universalumo ir paprasto naudojimo \u0161ie laikikliai idealiai tinka tiems, kurie nori u\u017efiksuoti i\u0161skirtinius kadrus i\u0161 skirting\u0173 perspektyv\u0173, tiek vertikaliai, tiek horizontaliai. \u0160is rinkinys leid\u017eia greitai keisti kadrus ir skland\u017eiai pereiti i\u0161 vieno \u012fra\u0161ymo re\u017eimo \u012f kit\u0105, tod\u0117l tai puikus pasirinkimas aktyviems asmenims ir turinio k\u016br\u0117jams.<\/p>\n<p>\n<img decoding=\"async\" alt=\"\" border=\"0\" src=\"https:\/\/assets.innpro.pl\/9312\/10872\/3.jpg\"\/>\n<\/p>\n<h3>\u012era\u0161ymas keliomis perspektyvomis<\/h3>\n<p>Vienas i\u0161 pagrindini\u0173 TELESIN rinkinio privalum\u0173 yra galimyb\u0117 \u012fra\u0161yti i\u0161 keli\u0173 perspektyv\u0173. Naudodami 180\u00b0 pasukimo funkcij\u0105, vartotojai gali lengvai reguliuoti \u012fra\u0161ymo kamp\u0105, kad filmuota med\u017eiaga b\u016bt\u0173 dinami\u0161kesn\u0117 ir \u012fdomesn\u0117. Greitas atleidimas leid\u017eia vartotojams akimirksniu pakeisti kameros pad\u0117t\u012f, o tai ne\u012fkainojama filmuojant judant arba \u012fvairiomis lauko s\u0105lygomis.<\/p>\n<p>\n<img decoding=\"async\" alt=\"\" border=\"0\" src=\"https:\/\/assets.innpro.pl\/9312\/10872\/5.jpg\"\/>\n<\/p>\n<h3>Magnetinis prakti\u0161kumas ir stabilumas<\/h3>\n<p>Magnetinis kaklo laikiklis yra novatori\u0161kas sprendimas, leid\u017eiantis laisvai filmuoti i\u0161 POV (\u017ei\u016bros ta\u0161ko) perspektyvos. Stiprus magnetinis laikiklis gali laikyti kamer\u0105 net intensyvi\u0173 judesi\u0173 metu, u\u017etikrindamas \u012frenginio stabilum\u0105 ir saugum\u0105. Nematoma magnetin\u0117 plok\u0161tel\u0117 leid\u017eia patogiai ir diskreti\u0161kai \u012fra\u0161yti be rank\u0173, o tai ypa\u010d naudinga sportuojant ar u\u017esiimant kita veikla lauke.<\/p>\n<p>\n<img decoding=\"async\" alt=\"\" border=\"0\" src=\"https:\/\/assets.innpro.pl\/9312\/10872\/2.jpg\"\/>\n<\/p>\n<h3>Kompakti\u0161kas ir universalus<\/h3>\n<p>\u201eTELESIN\u201c magnetinis pakabukas yra ma\u017eas, bet itin naudingas produktas. D\u0117l kompakti\u0161ko dyd\u017eio ir ma\u017eo svorio (tik 70 g) j\u012f lengva ne\u0161iotis ir laikyti. J\u012f galima tvirtinti ne tik ant kaklo, bet ir ant bet kokio metalinio pavir\u0161iaus, o tai dar labiau padidina jo funkcionalum\u0105. Rinkinys suderinamas su \u012fvairiomis sporto kameromis ir i\u0161maniaisiais telefonais, tod\u0117l tai universalus \u012frankis bet kuriam lauko filmavimo entuziastui.<\/p>\n<p>\n<img decoding=\"async\" alt=\"\" border=\"0\" src=\"https:\/\/assets.innpro.pl\/9312\/10872\/7.jpg\"\/>\n<\/p>\n<h3>Greitas montavimas ir paprastas valdymas<\/h3>\n<p>\u201eTELESIN\u201c rinkinys buvo sukurtas atsi\u017evelgiant \u012f paprast\u0105 naudojim\u0105. Tvirtinimas yra itin paprastas \u2013 tiesiog sureguliuokite virvel\u0119, u\u017esikabinkite j\u0105 ant kaklo ir pad\u0117kite magnetin\u0119 plok\u0161tel\u0119 po drabu\u017eiais. Tada pritvirtinkite sporto kamer\u0105 prie magnetinio pagrindo, o tai u\u017etrunka vos kelias sekundes. Tai leid\u017eia vartotojams greitai prad\u0117ti \u012fra\u0161in\u0117ti savo nuotykius be jokio nereikalingo delsimo.<\/p>\n<p>\n<img decoding=\"async\" alt=\"\" border=\"0\" src=\"https:\/\/assets.innpro.pl\/9312\/10872\/6.jpg\"\/>\n<\/p>\n<h3>\u012etraukta<\/h3>\n<ul class=\"list-disc pl-5\">\n<li>Magnetinis laikiklis * 1<\/li>\n<li>Magnetin\u0117 plok\u0161t\u0117 * 1<\/li>\n<li>Fiksavimo var\u017etas * 1<\/li>\n<\/ul>\n<div class=\"table-wrapper\">\n<p>\u0412\u00a0<\/p>\n<h3><\/h3>\n<table>\n<tbody>\n<tr>\n<th>Gamintojas:<\/th>\n<td>Telesin<\/td>\n<\/tr>\n<tr>\n<th>Modelis:<\/th>\n<td>TE-MMK-002<\/td>\n<\/tr>\n<tr>\n<th>Produkto matmenys:<\/th>\n<td>Virvel\u0117s matmenys: 340\u2013610 mm, magnetin\u0117s lentos matmenys: 85 * 55 * 28 mm<\/td>\n<\/tr>\n<tr>\n<th>Produkto svoris:<\/th>\n<td>70 g<\/td>\n<\/tr>\n<tr>\n<th>Apkrova:<\/th>\n<td>300 g<\/td>\n<\/tr>\n<tr>\n<th>Med\u017eiaga:<\/th>\n<td>PC plastikas, ner\u016bdijantis plienas, stiprus NdFeb magnetas<\/td>\n<\/tr>\n<\/tbody>\n<\/table>\n<\/div>\n","protected":false},"excerpt":{"rendered":"<p>TELESIN magnetini\u0173 laikikli\u0173 rinkinys sporto kameroms TELESIN magnetini\u0173 laikikli\u0173 rinkinys yra novatori\u0161kas sprendimas fotografijos ir vaizdo \u012fra\u0161ymo entuziastams. D\u0117l savo universalumo ir paprasto naudojimo \u0161ie laikikliai idealiai tinka tiems, kurie nori u\u017efiksuoti i\u0161skirtinius kadrus i\u0161 skirting\u0173 perspektyv\u0173, tiek vertikaliai, tiek horizontaliai. \u0160is rinkinys leid\u017eia greitai keisti kadrus ir skland\u017eiai pereiti i\u0161 vieno \u012fra\u0161ymo re\u017eimo \u012f [&#8230;]\n","protected":false},"featured_media":17546,"comment_status":"open","ping_status":"closed","template":"","meta":[],"product_brand":[296],"product_cat":[1046],"product_tag":[],"class_list":{"0":"post-17545","1":"product","2":"type-product","3":"status-publish","4":"has-post-thumbnail","6":"product_brand-telesin","7":"product_cat-straps-mounts-and-holders","9":"first","10":"outofstock","11":"taxable","12":"shipping-taxable","13":"purchasable","14":"product-type-simple"},"aioseo_notices":[],"_links":{"self":[{"href":"https:\/\/asura.lv\/lt\/wp-json\/wp\/v2\/product\/17545","targetHints":{"allow":["GET"]}}],"collection":[{"href":"https:\/\/asura.lv\/lt\/wp-json\/wp\/v2\/product"}],"about":[{"href":"https:\/\/asura.lv\/lt\/wp-json\/wp\/v2\/types\/product"}],"replies":[{"embeddable":true,"href":"https:\/\/asura.lv\/lt\/wp-json\/wp\/v2\/comments?post=17545"}],"wp:featuredmedia":[{"embeddable":true,"href":"https:\/\/asura.lv\/lt\/wp-json\/wp\/v2\/media\/17546"}],"wp:attachment":[{"href":"https:\/\/asura.lv\/lt\/wp-json\/wp\/v2\/media?parent=17545"}],"wp:term":[{"taxonomy":"product_brand","embeddable":true,"href":"https:\/\/asura.lv\/lt\/wp-json\/wp\/v2\/product_brand?post=17545"},{"taxonomy":"product_cat","embeddable":true,"href":"https:\/\/asura.lv\/lt\/wp-json\/wp\/v2\/product_cat?post=17545"},{"taxonomy":"product_tag","embeddable":true,"href":"https:\/\/asura.lv\/lt\/wp-json\/wp\/v2\/product_tag?post=17545"}],"curies":[{"name":"wp","href":"https:\/\/api.w.org\/{rel}","templated":true}]}}