{"id":17641,"date":"2025-11-28T23:03:15","date_gmt":"2025-11-28T23:03:15","guid":{"rendered":"https:\/\/asura.lv\/product\/baseus-airpow-10000mah-20w-powerbank-purple\/"},"modified":"2025-12-12T15:49:57","modified_gmt":"2025-12-12T13:49:57","slug":"baseus-airpow-10000mah-20w-powerbank-purple","status":"publish","type":"product","link":"https:\/\/asura.lv\/lt\/produktas\/baseus-airpow-10000mah-20w-powerbank-purple\/","title":{"rendered":"Baseus Airpow 10000mAh 20W Powerbank (violetin\u0117)"},"content":{"rendered":"<h3>\u201eBaseus Airpow\u201c 10000mAh 20W i\u0161orin\u0117 baterija (violetin\u0117)<\/h3>\n<p>Eleganti\u0161kos violetin\u0117s spalvos \u201eBaseus Airpow\u201c 10000mAh 20W i\u0161orin\u0117 baterija yra modernus ir prakti\u0161kas sprendimas visiems, kuriems reikia papildomos energijos kelyje. D\u0117l didel\u0117s talpos ir 20 W greito \u012fkrovimo technologijos \u0161i i\u0161orin\u0117 baterija yra puikus palydovas kasdieniams i\u0161\u0161\u016bkiams. D\u0117l kompakti\u0161ko dizaino j\u0105 lengva laikyti ki\u0161en\u0117je ar krep\u0161yje, tod\u0117l j\u0105 galima greitai ir efektyviai \u012fkrauti bet kur ir bet kada.<\/p>\n<p>\n<img decoding=\"async\" border=\"0\" src=\"https:\/\/assets.innpro.pl\/9391\/10959\/8.jpg\"\/>\n<\/p>\n<h3>Dvipusis greitasis \u012fkrovimas patogumui ir laiko taupymui<\/h3>\n<p>\u201eBaseus Airpow\u201c turi dvipus\u012f greit\u0105j\u012f \u012fkrovim\u0105, o tai rei\u0161kia, kad tiek pats \u012frenginys, tiek \u012fkraunami \u012frenginiai gali pasinaudoti greitojo \u012fkrovimo privalumais. D\u0117l USB-C ir USB-A prievad\u0173 i\u0161orin\u0117 baterija palaiko kelis \u012fkrovimo standartus, tod\u0117l vos per 30 minu\u010di\u0173 galite \u012fkrauti i\u0161man\u0173j\u012f telefon\u0105 iki 50 %. \u0160i technologija idealiai tinka tiems, kurie vertina greit\u0105 ir patog\u0173 energijos papildym\u0105.<\/p>\n<p>\n<img decoding=\"async\" border=\"0\" src=\"https:\/\/assets.innpro.pl\/9391\/10959\/7.jpg\"\/>\n<\/p>\n<h3>Galinga 10000 mAh baterija ilgalaikiam energijos tiekimui<\/h3>\n<p>\u201eBaseus Airpow\u201c 10000 mAh talpa leid\u017eia kelis kartus \u012fkrauti daugum\u0105 \u0161iuolaikini\u0173 i\u0161mani\u0173j\u0173 telefon\u0173, \u012fskaitant iki \u0161e\u0161i\u0173 piln\u0173 \u201eiPhone 14 Pro\u201c \u012fkrovim\u0173. Tai daro j\u0105 nepakei\u010diama priemone tiek trumpoms i\u0161vykoms, tiek ilgesn\u0117ms kelion\u0117ms. Su \u0161iuo i\u0161oriniu akumuliatoriumi jums niekada nereik\u0117s nerimauti, kad akumuliatorius i\u0161sikraus lemiamu momentu.<\/p>\n<p>\n<img decoding=\"async\" border=\"0\" src=\"https:\/\/assets.innpro.pl\/9391\/10959\/5.jpg\"\/>\n<\/p>\n<h3>Pa\u017eangios saugos funkcijos saugiam naudojimui<\/h3>\n<p>Kuriant \u201eBaseus Airpow\u201c, naudojimo saugumas yra prioritetas. Auk\u0161tos kokyb\u0117s li\u010dio polimer\u0173 akumuliatoriaus naudojimas u\u017etikrina ilg\u0105 \u012frenginio tarnavimo laik\u0105 ir apsaug\u0105 nuo perkrovimo, perkaitimo, trumpojo jungimo ir perkrovos. Pasitelk\u0119 \u0161ias pa\u017eangias apsaugos priemones, galite b\u016bti ram\u016bs, kad j\u016bs\u0173 \u012frenginiai bus saug\u016bs kraunant, nepriklausomai nuo situacijos.<\/p>\n<p>\n<img decoding=\"async\" border=\"0\" src=\"https:\/\/assets.innpro.pl\/9391\/10959\/2.jpg\"\/>\n<\/p>\n<h3>Universalus suderinamumas ir stilingas dizainas<\/h3>\n<p>\u201eBaseus Airpow\u201c i\u0161orin\u0117 baterija suderinama su \u012fvairiais \u012frenginiais, tod\u0117l tai itin universalus \u012frankis bet kuriam vartotojui. USB-C ir USB-A prievadai leid\u017eia lengvai \u012fkrauti i\u0161maniuosius telefonus, plan\u0161etinius kompiuterius, ausines ir kitus elektroninius \u012frenginius. Be to, stilinga violetin\u0117 spalva ir modernus dizainas daro j\u012f ne tik funkcionaliu, bet ir vizualiai patraukliu aksesuaru.<\/p>\n<p>\n<img decoding=\"async\" border=\"0\" src=\"https:\/\/assets.innpro.pl\/9391\/10959\/1.jpg\"\/>\n<\/p>\n<h3>Lengvas ir kompakti\u0161kas dizainas, idealiai tinkantis kasdieniam naudojimui<\/h3>\n<p>\u201eBaseus Airpow 10000mAh 20W\u201c pasi\u017eymi lengvu ir kompakti\u0161ku dizainu, tod\u0117l j\u012f lengva ne\u0161iotis ir naudoti kasdien. Jis tiekiamas trij\u0173 skirting\u0173 talp\u0173 \u2013 10000mAh, 20000mAh ir 30000mAh \u2013 tod\u0117l galite j\u012f pritaikyti prie savo individuali\u0173 poreiki\u0173. Nesvarbu, ar jums reikia i\u0161orin\u0117s baterijos trumpai, ar ilgesnei kelionei, \u201eBaseus Airpow\u201c patenkins j\u016bs\u0173 poreikius.<\/p>\n<p>\n<img decoding=\"async\" border=\"0\" src=\"https:\/\/assets.innpro.pl\/9391\/10959\/6.jpg\"\/>\n<\/p>\n<div class=\"table-wrapper\">\n<p>B\u00a0<\/p>\n<h3><\/h3>\n<table>\n<tbody>\n<tr>\n<th>Pavadinimas:<\/th>\n<td>\u201eBaseus Airpow\u201c 10000mAh 20W i\u0161orin\u0117 baterija (violetin\u0117)<\/td>\n<\/tr>\n<tr>\n<th>Gamintojas:<\/th>\n<td>Baseus<\/td>\n<\/tr>\n<tr>\n<th>Modelis:<\/th>\n<td>P10022801513-00<\/td>\n<\/tr>\n<tr>\n<th>Baterija Talpa:<\/th>\n<td>10000 mAh<\/td>\n<\/tr>\n<tr>\n<th>Maksimali i\u0161\u0117jimo galia:<\/th>\n<td>20 W<\/td>\n<\/tr>\n<tr>\n<th>Baterijos tipas:<\/th>\n<td>Li\u010dio polimeras<\/td>\n<\/tr>\n<tr>\n<th>\u012evesties prievadai:<\/th>\n<td>Micro USB: 9V\/2A, USB-C: 12V\/1,5A<\/td>\n<\/tr>\n<tr>\n<th>I\u0161vesties prievadai:<\/th>\n<td>USB-A: 12V\/1,5A, USB-C: 9V\/2,22A<\/td>\n<\/tr>\n<tr>\n<th>Bendra i\u0161\u0117jimo galia:<\/th>\n<td>5V\/2,4A<\/td>\n<\/tr>\n<tr>\n<th>\u012ekrovimo funkcijos:<\/th>\n<td>Dviej\u0173 kryp\u010di\u0173 greitasis \u012fkrovimas (\u012fvestis ir i\u0161vestis)<\/td>\n<\/tr>\n<tr>\n<th>Suderinamumas:<\/th>\n<td>\u012erenginiai su USB-A ir USB-C (i\u0161manieji telefonai, plan\u0161etiniai kompiuteriai, belaid\u0117s ausin\u0117s)<\/td>\n<\/tr>\n<tr>\n<th>Spalva:<\/th>\n<td>violetin\u0117<\/td>\n<\/tr>\n<\/tbody>\n<\/table>\n<\/div>\n","protected":false},"excerpt":{"rendered":"<p>\u201eBaseus Airpow\u201c 10000mAh 20W i\u0161orin\u0117 baterija (violetin\u0117) Eleganti\u0161kos violetin\u0117s spalvos \u201eBaseus Airpow\u201c 10000mAh 20W i\u0161orin\u0117 baterija yra modernus ir prakti\u0161kas sprendimas visiems, kuriems reikia papildomos energijos kelyje. D\u0117l didel\u0117s talpos ir 20 W greito \u012fkrovimo technologijos \u0161i i\u0161orin\u0117 baterija yra puikus palydovas kasdieniams i\u0161\u0161\u016bkiams. D\u0117l kompakti\u0161ko dizaino j\u0105 lengva laikyti ki\u0161en\u0117je ar krep\u0161yje, tod\u0117l j\u0105 [&#8230;]\n","protected":false},"featured_media":17642,"comment_status":"open","ping_status":"closed","template":"","meta":[],"product_brand":[95],"product_cat":[1052],"product_tag":[],"class_list":{"0":"post-17641","1":"product","2":"type-product","3":"status-publish","4":"has-post-thumbnail","6":"product_brand-baseus","7":"product_cat-powerbanks-gsm-accessories","9":"first","10":"outofstock","11":"taxable","12":"shipping-taxable","13":"purchasable","14":"product-type-simple"},"aioseo_notices":[],"_links":{"self":[{"href":"https:\/\/asura.lv\/lt\/wp-json\/wp\/v2\/product\/17641","targetHints":{"allow":["GET"]}}],"collection":[{"href":"https:\/\/asura.lv\/lt\/wp-json\/wp\/v2\/product"}],"about":[{"href":"https:\/\/asura.lv\/lt\/wp-json\/wp\/v2\/types\/product"}],"replies":[{"embeddable":true,"href":"https:\/\/asura.lv\/lt\/wp-json\/wp\/v2\/comments?post=17641"}],"wp:featuredmedia":[{"embeddable":true,"href":"https:\/\/asura.lv\/lt\/wp-json\/wp\/v2\/media\/17642"}],"wp:attachment":[{"href":"https:\/\/asura.lv\/lt\/wp-json\/wp\/v2\/media?parent=17641"}],"wp:term":[{"taxonomy":"product_brand","embeddable":true,"href":"https:\/\/asura.lv\/lt\/wp-json\/wp\/v2\/product_brand?post=17641"},{"taxonomy":"product_cat","embeddable":true,"href":"https:\/\/asura.lv\/lt\/wp-json\/wp\/v2\/product_cat?post=17641"},{"taxonomy":"product_tag","embeddable":true,"href":"https:\/\/asura.lv\/lt\/wp-json\/wp\/v2\/product_tag?post=17641"}],"curies":[{"name":"wp","href":"https:\/\/api.w.org\/{rel}","templated":true}]}}