{"id":17701,"date":"2025-11-28T23:03:09","date_gmt":"2025-11-28T23:03:09","guid":{"rendered":"https:\/\/asura.lv\/product\/nillkin-flexwing-tablet-stand-gray\/"},"modified":"2025-12-12T15:49:54","modified_gmt":"2025-12-12T13:49:54","slug":"nillkin-flexwing-tablet-stand-gray","status":"publish","type":"product","link":"https:\/\/asura.lv\/lt\/produktas\/nillkin-flexwing-tablet-stand-gray\/","title":{"rendered":"\u201eNillkin FlexWing\u201c plan\u0161etinio kompiuterio stovas (pilkas)"},"content":{"rendered":"<h3>\u201eNillkin FlexWing\u201c plan\u0161etinio kompiuterio stovas (pilkas)<\/h3>\n<p>\u201eNillkin FlexWing\u201c \u2013 tai plan\u0161etinio kompiuterio stovas, kuris d\u0117l itin plono, vos 4 mm storio, dizaino puikiai integruojasi su \u012frenginiu, nepaveikdamas jo svorio ar patogumo. Tai puikus sprendimas \u017emon\u0117ms, kurie vertina mobilum\u0105, ta\u010diau kuriems reikia stabilios atramos dirbant ar pramogaujant. Vizualiai eleganti\u0161kas dizainas suteikia esteti\u0161kai patraukli\u0105 i\u0161vaizd\u0105, i\u0161laikant visas plan\u0161etinio kompiuterio funkcijas.<\/p>\n<p>\n<img decoding=\"async\" border=\"0\" src=\"https:\/\/assets.innpro.pl\/10615\/12508\/5.jpg\"\/>\n<\/p>\n<h3>Auk\u0161tos kokyb\u0117s med\u017eiagos ir apgalvotas dizainas<\/h3>\n<p>\u201eFlexWing\u201c stovas pagamintas i\u0161 auk\u0161tos kokyb\u0117s eko odos, kuri yra maloni liesti, ta\u010diau patvari ir atspari \u012fbr\u0117\u017eimams. Tvirti mangano plieno vyriai ir tikslus reguliavimo mechanizmas garantuoja stabilum\u0105 ir ilgaam\u017ei\u0161kum\u0105. D\u0117l bandym\u0173, kuri\u0173 metu stovas atlaik\u0117 daugiau nei 20 000 atidarymo ir u\u017edarymo cikl\u0173, galite b\u016bti tikri, kad \u0161is priedas atlaikys intensyv\u0173 naudojim\u0105.<\/p>\n<p>\n<img decoding=\"async\" border=\"0\" src=\"https:\/\/assets.innpro.pl\/10615\/12508\/1.jpg\"\/>\n<\/p>\n<h3>Kampo reguliavimas ir naudojimo universalumas<\/h3>\n<p>\u201eFlexWing\u201c si\u016blo reguliuojam\u0105 kamp\u0105, leid\u017eiant\u012f plan\u0161etin\u012f kompiuter\u012f pritaikyti bet kurioje pad\u0117tyje, nesvarbu, ar \u017ei\u016brite filmus, dalyvaujate vaizdo konferencijose, ar dirbate su dokumentais. Plan\u0161etin\u012f kompiuter\u012f galite pastatyti tiek horizontaliai, idealiai tinka pramogoms ir darbui, tiek vertikaliai, kuri puikiai tinka skaitymui ar u\u017era\u0161\u0173 darymui.<\/p>\n<p>\n<img decoding=\"async\" border=\"0\" src=\"https:\/\/assets.innpro.pl\/10615\/12508\/7.jpg\"\/>\n<\/p>\n<h3>Suderinamumas su keliais \u012frenginiais<\/h3>\n<p>D\u0117l \u012fvairi\u0173 dyd\u017ei\u0173 \u201eNillkin FlexWing\u201c suderinamas su \u012fvairiais plan\u0161etini\u0173 kompiuteri\u0173 modeliais i\u0161 toki\u0173 gamintoj\u0173 kaip \u201eApple\u201c, \u201eHUAWEI\u201c ir \u201eXiaomi\u201c, tod\u0117l tai universalus priedas. Stovas tinka plan\u0161etiniams kompiuteriams nuo 9,7 iki 11 coli\u0173, tod\u0117l yra lankstus ir puikiai tinka j\u016bs\u0173 \u012frenginiui.<\/p>\n<p>\n<img decoding=\"async\" border=\"0\" src=\"https:\/\/assets.innpro.pl\/9591\/11189\/4.jpg\"\/>\n<\/p>\n<div class=\"table-wrapper\">\n<p>B\u00a0<\/p>\n<h3><\/h3>\n<table>\n<tbody>\n<tr>\n<th>Gamintojas<\/th>\n<td>Nillkin<\/td>\n<\/tr>\n<tr>\n<th>Spalva<\/th>\n<td>Pilka<\/td>\n<\/tr>\n<tr>\n<th>Suderinamumas<\/th>\n<td>Plan\u0161etiniai kompiuteriai, kuri\u0173 ekrano \u012fstri\u017eain\u0117 yra 9,7\u201311 coli\u0173<\/td>\n<\/tr>\n<tr>\n<th>Matmenys<\/th>\n<td>165 x 137 x 4 mm<\/td>\n<\/tr>\n<tr>\n<th>Svoris<\/th>\n<td>103,5 g<\/td>\n<\/tr>\n<tr>\n<th>Med\u017eiaga<\/th>\n<td>PU, stiklo pluo\u0161to plok\u0161t\u0117, ner\u016bdijantis plienas, aliuminio lydinys, klijai be p\u0117dsak\u0173<\/td>\n<\/tr>\n<\/tbody>\n<\/table>\n<\/div>\n","protected":false},"excerpt":{"rendered":"<p>\u201eNillkin FlexWing\u201c plan\u0161etinio kompiuterio stovas (pilkas) \u201eNillkin FlexWing\u201c \u2013 tai plan\u0161etinio kompiuterio stovas, kuris d\u0117l itin plono, vos 4 mm storio, dizaino puikiai integruojasi su \u012frenginiu, nepaveikdamas jo svorio ar patogumo. Tai puikus sprendimas \u017emon\u0117ms, kurie vertina mobilum\u0105, ta\u010diau kuriems reikia stabilios atramos dirbant ar pramogaujant. Vizualiai eleganti\u0161kas dizainas suteikia esteti\u0161kai patraukli\u0105 i\u0161vaizd\u0105, i\u0161laikant visas [&#8230;]\n","protected":false},"featured_media":17702,"comment_status":"open","ping_status":"closed","template":"","meta":[],"product_brand":[438],"product_cat":[1220],"product_tag":[],"class_list":{"0":"post-17701","1":"product","2":"type-product","3":"status-publish","4":"has-post-thumbnail","6":"product_brand-nillkin","7":"product_cat-selfie-sticks-gsm-accessories","9":"first","10":"outofstock","11":"taxable","12":"shipping-taxable","13":"purchasable","14":"product-type-simple"},"aioseo_notices":[],"_links":{"self":[{"href":"https:\/\/asura.lv\/lt\/wp-json\/wp\/v2\/product\/17701","targetHints":{"allow":["GET"]}}],"collection":[{"href":"https:\/\/asura.lv\/lt\/wp-json\/wp\/v2\/product"}],"about":[{"href":"https:\/\/asura.lv\/lt\/wp-json\/wp\/v2\/types\/product"}],"replies":[{"embeddable":true,"href":"https:\/\/asura.lv\/lt\/wp-json\/wp\/v2\/comments?post=17701"}],"wp:featuredmedia":[{"embeddable":true,"href":"https:\/\/asura.lv\/lt\/wp-json\/wp\/v2\/media\/17702"}],"wp:attachment":[{"href":"https:\/\/asura.lv\/lt\/wp-json\/wp\/v2\/media?parent=17701"}],"wp:term":[{"taxonomy":"product_brand","embeddable":true,"href":"https:\/\/asura.lv\/lt\/wp-json\/wp\/v2\/product_brand?post=17701"},{"taxonomy":"product_cat","embeddable":true,"href":"https:\/\/asura.lv\/lt\/wp-json\/wp\/v2\/product_cat?post=17701"},{"taxonomy":"product_tag","embeddable":true,"href":"https:\/\/asura.lv\/lt\/wp-json\/wp\/v2\/product_tag?post=17701"}],"curies":[{"name":"wp","href":"https:\/\/api.w.org\/{rel}","templated":true}]}}