{"id":17773,"date":"2025-11-28T23:03:03","date_gmt":"2025-11-28T23:03:03","guid":{"rendered":"https:\/\/asura.lv\/product\/nillkin-super-frosted-shield-pro-case-iphone-16-black\/"},"modified":"2025-12-12T15:49:51","modified_gmt":"2025-12-12T13:49:51","slug":"nillkin-super-frosted-shield-pro-case-iphone-16-black","status":"publish","type":"product","link":"https:\/\/asura.lv\/lt\/produktas\/nillkin-super-frosted-shield-pro-case-iphone-16-black\/","title":{"rendered":"\u201eNillkin Super Frosted Shield Pro\u201c d\u0117klas iPhone 16 (juodas)"},"content":{"rendered":"<h3>\u201eNillkin Super Frosted Shield Pro\u201c d\u0117klas, skirtas \u201eiPhone 16\u201c (juodas)<\/h3>\n<p>\u201eNillkin Super Frosted Shield Pro\u201c d\u0117klas, skirtas \u201eiPhone 16\u201c (juodas), yra tobulas estetikos ir funkcionalumo derinys. Naudojant liejimo technologij\u0105 ir auk\u0161\u010diausios kokyb\u0117s med\u017eiagas, d\u0117klas u\u017etikrina visapusi\u0161k\u0105 telefono apsaug\u0105. Eleganti\u0161kas dizainas su matiniu pavir\u0161iumi ne tik puikiai atrodo, bet ir leid\u017eia d\u0117kl\u0105 naudoti itin patogiai.<\/p>\n<p>\n<img decoding=\"async\" border=\"0\" src=\"https:\/\/assets.innpro.pl\/10564\/12411\/1.jpg\"\/>\n<\/p>\n<h3>Patvarus dizainas su dviguba apsauga<\/h3>\n<p>D\u0117klas pagamintas i\u0161 dviej\u0173 med\u017eiag\u0173: standaus PC (polikarbonato) ir mink\u0161to TPU, kurios kartu suteikia i\u0161skirtin\u0119 apsaug\u0105. Standus PC plastikas apsaugo telefon\u0105 nuo mechanini\u0173 pa\u017eeidim\u0173, o lankst\u016bs TPU kra\u0161tai sugeria sm\u016bgius, tod\u0117l d\u0117klas puikiai tinka apsaugoti j\u016bs\u0173 iPhone nuo kritim\u0173. Papildomi buferiai kampuose sustiprina apsaug\u0105 ir suteikia papildom\u0105 amortizacij\u0105.<\/p>\n<p>\n<img decoding=\"async\" border=\"0\" src=\"https:\/\/assets.innpro.pl\/10564\/12411\/3.jpg\"\/>\n<\/p>\n<h3>Funkcinis, purvui atsparus pavir\u0161ius<\/h3>\n<p>Naudojant UV da\u017eymo technologij\u0105, \u201eNillkin Super Frosted Shield Pro\u201c d\u0117klas turi malon\u0173 liesti matin\u012f pavir\u0161i\u0173, kuris yra atsparus dulk\u0117ms, pir\u0161t\u0173 atspaudams ir kitiems ne\u0161varumams. Konstrukcija su neslystan\u010diomis juostel\u0117mis neleid\u017eia telefonui nety\u010dia i\u0161slysti i\u0161 rankos, tod\u0117l jis saugesnis kasdieniam naudojimui.<\/p>\n<p>\n<img decoding=\"async\" border=\"0\" src=\"https:\/\/assets.innpro.pl\/10564\/12411\/2.jpg\"\/>\n<\/p>\n<h3>Tikslus prigludimas ir visas funkcionalumas<\/h3>\n<p>D\u0117klas sukurtas taip, kad puikiai tikt\u0173 \u201eiPhone 16\u201c. Tiksl\u016bs prievad\u0173 ir mygtuk\u0173 i\u0161pjovimai u\u017etikrina, kad telefonas i\u0161laikyt\u0173 visas funkcijas, o prieiga prie vis\u0173 funkcij\u0173 yra paprasta ir intuityvi. D\u0117l tokio tikslaus prigludimo j\u016bs\u0173 telefonas yra visi\u0161kai apsaugotas ir tuo pa\u010diu metu patogus naudoti.<\/p>\n<p>\n<img decoding=\"async\" border=\"0\" src=\"https:\/\/assets.innpro.pl\/10564\/12411\/6.jpg\"\/>\n<\/p>\n<div class=\"table-wrapper\">\n<p>B\u00a0<\/p>\n<h3><\/h3>\n<table>\n<tbody>\n<tr>\n<th>Gamintojas<\/th>\n<td>Nillkin<\/td>\n<\/tr>\n<tr>\n<th>Suderinamumas<\/th>\n<td>iPhone 16<\/td>\n<\/tr>\n<tr>\n<th>Grynasis svoris<\/th>\n<td>31,9 g<\/td>\n<\/tr>\n<tr>\n<th>Bendrasis svoris<\/th>\n<td>86,2 g<\/td>\n<\/tr>\n<tr>\n<th>Produkto matmenys<\/th>\n<td>151,21 x 75,23 x 2,1 mm<\/td>\n<\/tr>\n<tr>\n<th>Pakuot\u0117s dydis<\/th>\n<td>203 x 100 x 20 mm<\/td>\n<\/tr>\n<tr>\n<th>Med\u017eiaga<\/th>\n<td>TPU, PC<\/td>\n<\/tr>\n<tr>\n<th>Spalva<\/th>\n<td>Juoda<\/td>\n<\/tr>\n<\/tbody>\n<\/table>\n<\/div>\n","protected":false},"excerpt":{"rendered":"<p>\u201eNillkin Super Frosted Shield Pro\u201c d\u0117klas, skirtas \u201eiPhone 16\u201c (juodas) \u201eNillkin Super Frosted Shield Pro\u201c d\u0117klas, skirtas \u201eiPhone 16\u201c (juodas), yra tobulas estetikos ir funkcionalumo derinys. Naudojant liejimo technologij\u0105 ir auk\u0161\u010diausios kokyb\u0117s med\u017eiagas, d\u0117klas u\u017etikrina visapusi\u0161k\u0105 telefono apsaug\u0105. Eleganti\u0161kas dizainas su matiniu pavir\u0161iumi ne tik puikiai atrodo, bet ir leid\u017eia d\u0117kl\u0105 naudoti itin patogiai. Patvarus [&#8230;]\n","protected":false},"featured_media":17774,"comment_status":"open","ping_status":"closed","template":"","meta":[],"product_brand":[438],"product_cat":[1250],"product_tag":[],"class_list":{"0":"post-17773","1":"product","2":"type-product","3":"status-publish","4":"has-post-thumbnail","6":"product_brand-nillkin","7":"product_cat-protective-cases-for-smartphones-cases-gsm-accessories","9":"first","10":"outofstock","11":"taxable","12":"shipping-taxable","13":"purchasable","14":"product-type-simple"},"aioseo_notices":[],"_links":{"self":[{"href":"https:\/\/asura.lv\/lt\/wp-json\/wp\/v2\/product\/17773","targetHints":{"allow":["GET"]}}],"collection":[{"href":"https:\/\/asura.lv\/lt\/wp-json\/wp\/v2\/product"}],"about":[{"href":"https:\/\/asura.lv\/lt\/wp-json\/wp\/v2\/types\/product"}],"replies":[{"embeddable":true,"href":"https:\/\/asura.lv\/lt\/wp-json\/wp\/v2\/comments?post=17773"}],"wp:featuredmedia":[{"embeddable":true,"href":"https:\/\/asura.lv\/lt\/wp-json\/wp\/v2\/media\/17774"}],"wp:attachment":[{"href":"https:\/\/asura.lv\/lt\/wp-json\/wp\/v2\/media?parent=17773"}],"wp:term":[{"taxonomy":"product_brand","embeddable":true,"href":"https:\/\/asura.lv\/lt\/wp-json\/wp\/v2\/product_brand?post=17773"},{"taxonomy":"product_cat","embeddable":true,"href":"https:\/\/asura.lv\/lt\/wp-json\/wp\/v2\/product_cat?post=17773"},{"taxonomy":"product_tag","embeddable":true,"href":"https:\/\/asura.lv\/lt\/wp-json\/wp\/v2\/product_tag?post=17773"}],"curies":[{"name":"wp","href":"https:\/\/api.w.org\/{rel}","templated":true}]}}