{"id":17803,"date":"2025-11-28T23:03:01","date_gmt":"2025-11-28T23:03:01","guid":{"rendered":"https:\/\/asura.lv\/product\/nillkin-qin-prop-leather-iphone-16-case-black\/"},"modified":"2025-12-12T15:49:50","modified_gmt":"2025-12-12T13:49:50","slug":"nillkin-qin-prop-leather-iphone-16-case-black","status":"publish","type":"product","link":"https:\/\/asura.lv\/lt\/produktas\/nillkin-qin-prop-leather-iphone-16-case-black\/","title":{"rendered":"\u201eNillkin Qin Prop\u201c odinis \u201eiPhone 16\u201c d\u0117klas (juodas)"},"content":{"rendered":"<h3>\u201eNillkin Qin Prop\u201c odinis \u201eiPhone 16\u201c d\u0117klas (juodas)<\/h3>\n<p>Juodas \u201eNillkin Qin Prop\u201c odinis d\u0117klas yra stilingas aksesuaras, kuriame dera elegancija ir funkcionalumas. Pagamintas i\u0161 auk\u0161tos kokyb\u0117s odos ir apr\u016bpintas novatori\u0161ku objektyvo dangteliu, jis suteikia visapusi\u0161k\u0105 \u201eiPhone 16\u201c apsaug\u0105 ir suteikia unikali\u0105 i\u0161vaizd\u0105. Jo dizainas puikiai apsaugo \u012frengin\u012f nuo \u012fbr\u0117\u017eim\u0173, purvo ir sm\u016bgi\u0173, nepadidindamas nereikalingo svorio.<\/p>\n<p>\n<img decoding=\"async\" border=\"0\" src=\"https:\/\/assets.innpro.pl\/9567\/11165\/2.jpg\"\/>\n<\/p>\n<h3>Objektyvo apsauga su papildomomis funkcijomis<\/h3>\n<p>\u201eNillkin Qin Prop\u201c odinis d\u0117klas turi CD tekst\u016bros metalin\u012f objektyvo dangtel\u012f, kuris ne tik apsaugo fotoaparat\u0105 nuo \u012fbr\u0117\u017eim\u0173, bet ir atlieka prakti\u0161ko stovo funkcij\u0105. U\u017edarytas dangtelis apsaugo kamer\u0105, o atviras leid\u017eia patogiai naudotis telefonu laisvomis rankomis, pavyzd\u017eiui, \u017ei\u016brint vaizdo \u012fra\u0161us ar skambinant vaizdo skambu\u010diais.<\/p>\n<p>\n<img decoding=\"async\" border=\"0\" src=\"https:\/\/assets.innpro.pl\/9567\/11165\/6.jpg\"\/>\n<\/p>\n<h3>Patvarios med\u017eiagos ir puikus meistri\u0161kumas<\/h3>\n<p>Patvarios odos, mink\u0161to mikropluo\u0161to viduje ir tvirt\u0173 med\u017eiag\u0173, toki\u0173 kaip TPU ir kietas PC plastikas, derinys suteikia ne tik eleganti\u0161k\u0105 i\u0161vaizd\u0105, bet ir tvirt\u0105 apsaug\u0105. D\u0117klas efektyviai apsaugo telefon\u0105 nuo kritim\u0173 ir sm\u016bgi\u0173, yra malonus liesti ir atsparus pir\u0161t\u0173 atspaudams bei riebaluotoms d\u0117m\u0117ms.<\/p>\n<p>\n<img decoding=\"async\" border=\"0\" src=\"https:\/\/assets.innpro.pl\/9567\/11165\/3.jpg\"\/>\n<\/p>\n<h3>Eleganti\u0161kas dizainas ir patogus naudojimas<\/h3>\n<p>Nepaisant visi\u0161kos 360\u00b0 apsaugos, \u201eNillkin Qin Prop\u201c odinis d\u0117klas pasi\u017eymi plonu dizainu, kuris neturi \u012ftakos kasdienio telefono naudojimo patogumui. Lengvas ir plonas d\u0117klas puikiai prisitaiko prie \u201eiPhone 16\u201c formos, u\u017etikrindamas lengv\u0105 prieig\u0105 prie vis\u0173 mygtuk\u0173 ir prievad\u0173.<\/p>\n<p>\n<img decoding=\"async\" border=\"0\" src=\"https:\/\/assets.innpro.pl\/9567\/11165\/5.jpg\"\/>\n<\/p>\n<h3>Prakti\u0161ki sprendimai kasdieniam naudojimui<\/h3>\n<p>Papildomas d\u0117klo privalumas \u2013 plona vidin\u0117 ki\u0161en\u0117, idealiai tinkanti mok\u0117jimo ar vizitinei kortelei. \u0160is prakti\u0161kas sprendimas suma\u017eina poreik\u012f ne\u0161iotis pinigin\u0119, tod\u0117l \u201eNillkin Qin Prop\u201c odinis d\u0117klas tampa puikiu kasdieniu aksesuaru.<\/p>\n<p>\n<img decoding=\"async\" border=\"0\" src=\"https:\/\/assets.innpro.pl\/9567\/11165\/1.jpg\"\/>\n<\/p>\n<div class=\"table-wrapper\">\n<p>B\u00a0<\/p>\n<h3><\/h3>\n<table>\n<tbody>\n<tr>\n<th>Pavadinimas:<\/th>\n<td>\u201eNillkin Qin Prop\u201c odinis \u201eiPhone 16\u201c d\u0117klas (juodas)<\/td>\n<\/tr>\n<tr>\n<th>Gamintojas:<\/th>\n<td>Nillkin<\/td>\n<\/tr>\n<tr>\n<th>Modelis:<\/th>\n<td>069633<\/td>\n<\/tr>\n<tr>\n<th>Spalva:<\/th>\n<td>Juoda<\/td>\n<\/tr>\n<tr>\n<th>Suderinamas su:<\/th>\n<td>iPhone 16<\/td>\n<\/tr>\n<\/tbody>\n<\/table>\n<\/div>\n","protected":false},"excerpt":{"rendered":"<p>\u201eNillkin Qin Prop\u201c odinis \u201eiPhone 16\u201c d\u0117klas (juodas) Juodas \u201eNillkin Qin Prop\u201c odinis d\u0117klas yra stilingas aksesuaras, kuriame dera elegancija ir funkcionalumas. Pagamintas i\u0161 auk\u0161tos kokyb\u0117s odos ir apr\u016bpintas novatori\u0161ku objektyvo dangteliu, jis suteikia visapusi\u0161k\u0105 \u201eiPhone 16\u201c apsaug\u0105 ir suteikia unikali\u0105 i\u0161vaizd\u0105. Jo dizainas puikiai apsaugo \u012frengin\u012f nuo \u012fbr\u0117\u017eim\u0173, purvo ir sm\u016bgi\u0173, nepadidindamas nereikalingo svorio. [&#8230;]\n","protected":false},"featured_media":17804,"comment_status":"open","ping_status":"closed","template":"","meta":[],"product_brand":[438],"product_cat":[1250],"product_tag":[],"class_list":{"0":"post-17803","1":"product","2":"type-product","3":"status-publish","4":"has-post-thumbnail","6":"product_brand-nillkin","7":"product_cat-protective-cases-for-smartphones-cases-gsm-accessories","9":"first","10":"outofstock","11":"taxable","12":"shipping-taxable","13":"purchasable","14":"product-type-simple"},"aioseo_notices":[],"_links":{"self":[{"href":"https:\/\/asura.lv\/lt\/wp-json\/wp\/v2\/product\/17803","targetHints":{"allow":["GET"]}}],"collection":[{"href":"https:\/\/asura.lv\/lt\/wp-json\/wp\/v2\/product"}],"about":[{"href":"https:\/\/asura.lv\/lt\/wp-json\/wp\/v2\/types\/product"}],"replies":[{"embeddable":true,"href":"https:\/\/asura.lv\/lt\/wp-json\/wp\/v2\/comments?post=17803"}],"wp:featuredmedia":[{"embeddable":true,"href":"https:\/\/asura.lv\/lt\/wp-json\/wp\/v2\/media\/17804"}],"wp:attachment":[{"href":"https:\/\/asura.lv\/lt\/wp-json\/wp\/v2\/media?parent=17803"}],"wp:term":[{"taxonomy":"product_brand","embeddable":true,"href":"https:\/\/asura.lv\/lt\/wp-json\/wp\/v2\/product_brand?post=17803"},{"taxonomy":"product_cat","embeddable":true,"href":"https:\/\/asura.lv\/lt\/wp-json\/wp\/v2\/product_cat?post=17803"},{"taxonomy":"product_tag","embeddable":true,"href":"https:\/\/asura.lv\/lt\/wp-json\/wp\/v2\/product_tag?post=17803"}],"curies":[{"name":"wp","href":"https:\/\/api.w.org\/{rel}","templated":true}]}}