{"id":17809,"date":"2025-11-28T23:03:00","date_gmt":"2025-11-28T23:03:00","guid":{"rendered":"https:\/\/asura.lv\/product\/nillkin-nature-tpu-pro-magnetic-iphone-16-plus-case-blue\/"},"modified":"2025-12-12T15:49:50","modified_gmt":"2025-12-12T13:49:50","slug":"nillkin-nature-tpu-pro-magnetic-iphone-16-plus-case-blue","status":"publish","type":"product","link":"https:\/\/asura.lv\/lt\/produktas\/nillkin-nature-tpu-pro-magnetic-iphone-16-plus-case-blue\/","title":{"rendered":"\u201eNillkin Nature TPU Pro Magnetic iPhone 16 Plus\u201c d\u0117klas (m\u0117lynas)"},"content":{"rendered":"<h3>\u201eNillkin Nature TPU Pro\u201c magnetinis d\u0117klas, skirtas \u201eiPhone 16 Plus\u201c (m\u0117lynas)<\/h3>\n<p>\u201eNillkin Nature TPU Pro\u201c magnetinis d\u0117klas, skirtas \u201eiPhone 16 Plus\u201c, yra puikus sprendimas tiems, kurie vertina estetik\u0105 ir saugum\u0105. Pagamintas i\u0161 permatomo m\u0117lyno TPU, d\u0117klas pagerina originali\u0105 telefono i\u0161vaizd\u0105 ir apsaugo j\u012f nuo pa\u017eeidim\u0173. \u012emontuoti magnetai u\u017etikrina stabil\u0173 telefono laikym\u0105 ir palaiko belaid\u012f \u012fkrovim\u0105, tod\u0117l \u012frenginio naudojimas yra dar patogesnis.<\/p>\n<p>\n<img decoding=\"async\" border=\"0\" src=\"https:\/\/assets.innpro.pl\/9554\/13638\/4.jpg\"\/>\n<\/p>\n<h3>Ilgalaikis skaidrumas ir ekologi\u0161kumas<\/h3>\n<p>Auk\u0161tos kokyb\u0117s med\u017eiagos, tokios kaip importuotas TPU ir polikarbonatas, u\u017etikrina, kad d\u0117klas ilg\u0105 laik\u0105 i\u0161laikys kri\u0161tolin\u012f skaidrum\u0105. D\u0117l daugiasluoksn\u0117s poliravimo technologijos d\u0117klo pavir\u0161ius i\u0161lieka idealiai skaidrus, tod\u0117l i\u0161ry\u0161k\u0117ja nat\u016bralios telefono spalvos. Be to, naudojamos med\u017eiagos yra draugi\u0161kos aplinkai, tod\u0117l d\u0117klas yra ekologi\u0161kas pasirinkimas.<\/p>\n<p>\n<img decoding=\"async\" border=\"0\" src=\"https:\/\/assets.innpro.pl\/9554\/13638\/2.jpg\"\/>\n<\/p>\n<h3>Visi\u0161ka apsauga nuo kritim\u0173<\/h3>\n<p>\u201eNillkin Nature TPU Pro Magnetic\u201c si\u016blo tvirt\u0105 apsaug\u0105 d\u0117l nano gr\u016bdinimo technologijos, kuri padidina atsparum\u0105 \u012fbr\u0117\u017eimams. Keturi sustiprinti kampai su oro pagalv\u0117l\u0117mis efektyviai apsaugo j\u016bs\u0173 telefon\u0105 nuo sm\u016bgi\u0173, o pakelti kra\u0161tai apsaugo ekran\u0105 ir kamer\u0105 nuo atsitiktini\u0173 \u012fbr\u0117\u017eim\u0173.<\/p>\n<p>\n<img decoding=\"async\" border=\"0\" src=\"https:\/\/assets.innpro.pl\/9554\/13638\/1.jpg\"\/>\n<\/p>\n<h3>Magnetinis tvirtinimas ir greitas \u012fkrovimas<\/h3>\n<p>D\u0117klas su magnetu ir didelio stiprumo \u017eiedu (1500 g) puikiai veikia su belaid\u017eio \u012fkrovimo funkcija. Stabilus tvirtinimas ir efektyvus greitas \u012fkrovimas \u2013 tai komfortas, kuriuo galite pasikliauti kiekvien\u0105 dien\u0105. \u0160i technologija u\u017etikrina visi\u0161k\u0105 suderinamum\u0105 su \u201eMagSafe\u201c ir kitais magnetiniais priedais.<\/p>\n<p>\n<img decoding=\"async\" border=\"0\" src=\"https:\/\/assets.innpro.pl\/9554\/13638\/2.jpg\"\/>\n<\/p>\n<h3>Patogumas ir apsauga nuo purvo<\/h3>\n<p>D\u0117klas sukurtas atsi\u017evelgiant \u012f kasdien\u012f naudojim\u0105. Atsparumas dulk\u0117ms, prakaitui ir pir\u0161t\u0173 atspaudams u\u017etikrina, kad telefonas atrodyt\u0173 tvarkingai net ir po ilgo naudojimo. Neslystanti tekst\u016bra ir tiksliai suformuoti 3D mygtukai ne tik puikiai atrodo, bet ir suteikia patogumo kasdien naudojant.<\/p>\n<p>\n<img decoding=\"async\" border=\"0\" src=\"https:\/\/assets.innpro.pl\/9554\/13638\/3.jpg\"\/>\n<\/p>\n<h3>Rafinuotos detal\u0117s visoms funkcijoms<\/h3>\n<p>\u201eNillkin Nature TPU Pro Magnetic\u201c d\u0117klas turi tikslius i\u0161pjovimus visiems prievadams ir mygtukams, tod\u0117l kasdien naudoti \u201eiPhone 16 Plus\u201c yra lengva. Be to, dir\u017eelio skyl\u0117s leid\u017eia saugiai ne\u0161iotis \u012frengin\u012f, o mikrolankiniai kra\u0161tai d\u0117kl\u0105 leid\u017eia naudoti su dauguma rinkoje esan\u010di\u0173 apsaugini\u0173 stikl\u0173.<\/p>\n<p>\n<img decoding=\"async\" border=\"0\" src=\"https:\/\/assets.innpro.pl\/9554\/13638\/5.jpg\"\/>\n<\/p>\n<div class=\"table-wrapper\">\n<p>B\u00a0<\/p>\n<h3><\/h3>\n<table>\n<tbody>\n<tr>\n<th>Pavadinimas:<\/th>\n<td>\u201eNillkin Nature TPU Pro Magnetic iPhone 16 Plus\u201c d\u0117klas (m\u0117lynas)<\/td>\n<\/tr>\n<tr>\n<th>Gamintojas:<\/th>\n<td>Nillkin<\/td>\n<\/tr>\n<tr>\n<th>Modelis:<\/th>\n<td>069625<\/td>\n<\/tr>\n<tr>\n<th>Spalva:<\/th>\n<td>M\u0117lyna<\/td>\n<\/tr>\n<tr>\n<th>Suderinamas su:<\/th>\n<td>iPhone 16 Plus<\/td>\n<\/tr>\n<\/tbody>\n<\/table>\n<\/div>\n","protected":false},"excerpt":{"rendered":"<p>\u201eNillkin Nature TPU Pro\u201c magnetinis d\u0117klas, skirtas \u201eiPhone 16 Plus\u201c (m\u0117lynas) \u201eNillkin Nature TPU Pro\u201c magnetinis d\u0117klas, skirtas \u201eiPhone 16 Plus\u201c, yra puikus sprendimas tiems, kurie vertina estetik\u0105 ir saugum\u0105. Pagamintas i\u0161 permatomo m\u0117lyno TPU, d\u0117klas pagerina originali\u0105 telefono i\u0161vaizd\u0105 ir apsaugo j\u012f nuo pa\u017eeidim\u0173. \u012emontuoti magnetai u\u017etikrina stabil\u0173 telefono laikym\u0105 ir palaiko belaid\u012f \u012fkrovim\u0105, [&#8230;]\n","protected":false},"featured_media":17810,"comment_status":"open","ping_status":"closed","template":"","meta":[],"product_brand":[438],"product_cat":[1250],"product_tag":[],"class_list":{"0":"post-17809","1":"product","2":"type-product","3":"status-publish","4":"has-post-thumbnail","6":"product_brand-nillkin","7":"product_cat-protective-cases-for-smartphones-cases-gsm-accessories","9":"first","10":"outofstock","11":"taxable","12":"shipping-taxable","13":"purchasable","14":"product-type-simple"},"aioseo_notices":[],"_links":{"self":[{"href":"https:\/\/asura.lv\/lt\/wp-json\/wp\/v2\/product\/17809","targetHints":{"allow":["GET"]}}],"collection":[{"href":"https:\/\/asura.lv\/lt\/wp-json\/wp\/v2\/product"}],"about":[{"href":"https:\/\/asura.lv\/lt\/wp-json\/wp\/v2\/types\/product"}],"replies":[{"embeddable":true,"href":"https:\/\/asura.lv\/lt\/wp-json\/wp\/v2\/comments?post=17809"}],"wp:featuredmedia":[{"embeddable":true,"href":"https:\/\/asura.lv\/lt\/wp-json\/wp\/v2\/media\/17810"}],"wp:attachment":[{"href":"https:\/\/asura.lv\/lt\/wp-json\/wp\/v2\/media?parent=17809"}],"wp:term":[{"taxonomy":"product_brand","embeddable":true,"href":"https:\/\/asura.lv\/lt\/wp-json\/wp\/v2\/product_brand?post=17809"},{"taxonomy":"product_cat","embeddable":true,"href":"https:\/\/asura.lv\/lt\/wp-json\/wp\/v2\/product_cat?post=17809"},{"taxonomy":"product_tag","embeddable":true,"href":"https:\/\/asura.lv\/lt\/wp-json\/wp\/v2\/product_tag?post=17809"}],"curies":[{"name":"wp","href":"https:\/\/api.w.org\/{rel}","templated":true}]}}