{"id":17821,"date":"2025-11-28T23:02:59","date_gmt":"2025-11-28T23:02:59","guid":{"rendered":"https:\/\/asura.lv\/product\/nillkin-nature-tpu-pro-magnetic-iphone-16-case-blue\/"},"modified":"2025-12-12T15:49:49","modified_gmt":"2025-12-12T13:49:49","slug":"nillkin-nature-tpu-pro-magnetic-iphone-16-case-blue","status":"publish","type":"product","link":"https:\/\/asura.lv\/lt\/produktas\/nillkin-nature-tpu-pro-magnetic-iphone-16-case-blue\/","title":{"rendered":"\u201eNillkin Nature TPU Pro\u201c magnetinis \u201eiPhone 16\u201c d\u0117klas (m\u0117lynas)"},"content":{"rendered":"<h3>\u201eNillkin Nature TPU Pro Magnetic iPhone 16\u201c d\u0117klas (m\u0117lynas)<\/h3>\n<p>\u201eNillkin Nature TPU Pro Magnetic\u201c d\u0117klas yra eleganti\u0161ka \u201eiPhone 16\u201c apsauga, kuri pabr\u0117\u017eia nat\u016brali\u0105 telefono i\u0161vaizd\u0105. Skaidrus dizainas leid\u017eia atskleisti originalias \u012frenginio spalvas, i\u0161laikant auk\u0161t\u0105 apsaugos lyg\u012f. \u0160is d\u0117klas, kur\u012f galima \u012fsigyti m\u0117lynos spalvos, puikiai derina estetik\u0105 ir funkcionalum\u0105, u\u017etikrindamas, kad j\u016bs\u0173 telefonas ne tik puikiai atrodyt\u0173, bet ir b\u016bt\u0173 tinkamai apsaugotas.<\/p>\n<p>\n<img decoding=\"async\" border=\"0\" src=\"https:\/\/assets.innpro.pl\/9545\/13639\/4.jpg\"\/>\n<\/p>\n<h3>I\u0161skirtinis patvarumas ir skaidrumas<\/h3>\n<p>D\u0117klas pagamintas i\u0161 auk\u0161tos kokyb\u0117s med\u017eiag\u0173, toki\u0173 kaip importuotas TPU ir polikarbonatas, kurios garantuoja ilgalaik\u012f skaidrum\u0105 ir spalv\u0173 nuoseklum\u0105. Speciali daugiasluoksn\u0117 poliravimo technologija palieka d\u0117klo pavir\u0161i\u0173 kri\u0161tolo skaidrumo, nepa\u017eeid\u017eiant originali\u0173 telefono spalv\u0173. Be to, med\u017eiagos yra draugi\u0161kos aplinkai, tod\u0117l d\u0117klas yra ekologi\u0161kas pasirinkimas.<\/p>\n<p>\n<img decoding=\"async\" border=\"0\" src=\"https:\/\/assets.innpro.pl\/9545\/13639\/3.jpg\"\/>\n<\/p>\n<h3>Patobulinta apsauga kiekvienai progai<\/h3>\n<p>\u201eNillkin Nature TPU Pro Magnetic\u201c \u2013 tai d\u0117klas, kuris apsaugo j\u016bs\u0173 telefon\u0105 bet kokioje situacijoje. Nano gr\u016bdinimo technologijos ir \u012fbr\u0117\u017eimams atsparios dangos naudojimas \u017eymiai padidina jo patvarum\u0105. \u012emontuoti sm\u016bgius sugeriantys sluoksniai ir speciali keturkamp\u0117 oro pagalvi\u0173 sistema suma\u017eina \u017ealos rizik\u0105 kritimo atveju. Pakelti kra\u0161tai dar labiau apsaugo kamer\u0105 ir ekran\u0105 nuo \u012fbr\u0117\u017eim\u0173 ir kit\u0173 pa\u017eeidim\u0173.<\/p>\n<p>\n<img decoding=\"async\" border=\"0\" src=\"https:\/\/assets.innpro.pl\/9545\/13639\/2.jpg\"\/>\n<\/p>\n<h3>Magnetinis tvirtinimas ir greitas \u012fkrovimas<\/h3>\n<p>D\u0117kle \u012fdiegta novatori\u0161ka magnetin\u0117 sistema, kuri ne tik garantuoja stabil\u0173 telefono laikym\u0105, bet ir palengvina greit\u0105 belaid\u012f \u012fkrovim\u0105. D\u0117l ret\u0173j\u0173 \u017eemi\u0173 magnet\u0173 ir specialaus dvigubo magnetinio \u017eiedo d\u0117klas u\u017etikrina stipri\u0105 1500 g traukos j\u0117g\u0105, kuri u\u017etikrina stabilum\u0105 net ir intensyviai naudojant.<\/p>\n<p>\n<img decoding=\"async\" border=\"0\" src=\"https:\/\/assets.innpro.pl\/9545\/13639\/1.jpg\"\/>\n<\/p>\n<h3>Patogus kasdienis naudojimas<\/h3>\n<p>D\u0117klas sukurtas atsi\u017evelgiant \u012f patogum\u0105. Tekst\u016bruotas neslystantis pavir\u0161ius, mikrolankiniai kra\u0161tai ir tikslios i\u0161pjovos u\u017etikrina, kad telefonas b\u016bt\u0173 saugus ir lengvai naudojamas. Be to, 3D mygtukus lengva pajusti, tod\u0117l j\u012f patogu naudoti kasdien. D\u0117klas taip pat atsparus pir\u0161t\u0173 atspaudams, dulk\u0117ms ir prakaitui, tod\u0117l j\u016bs\u0173 telefonas ilgiau atrodys tvarkingai.<\/p>\n<p>\n<img decoding=\"async\" border=\"0\" src=\"https:\/\/assets.innpro.pl\/9545\/13639\/5.jpg\"\/>\n<\/p>\n<div class=\"table-wrapper\">\n<p>B\u00a0<\/p>\n<h3><\/h3>\n<table>\n<tbody>\n<tr>\n<th>Gamintojas<\/th>\n<td>Nillkin<\/td>\n<\/tr>\n<tr>\n<th>Spalva<\/th>\n<td>M\u0117lyna<\/td>\n<\/tr>\n<tr>\n<th>Suderinama su<\/th>\n<td>iPhone 16<\/td>\n<\/tr>\n<\/tbody>\n<\/table>\n<\/div>\n","protected":false},"excerpt":{"rendered":"<p>\u201eNillkin Nature TPU Pro Magnetic iPhone 16\u201c d\u0117klas (m\u0117lynas) \u201eNillkin Nature TPU Pro Magnetic\u201c d\u0117klas yra eleganti\u0161ka \u201eiPhone 16\u201c apsauga, kuri pabr\u0117\u017eia nat\u016brali\u0105 telefono i\u0161vaizd\u0105. Skaidrus dizainas leid\u017eia atskleisti originalias \u012frenginio spalvas, i\u0161laikant auk\u0161t\u0105 apsaugos lyg\u012f. \u0160is d\u0117klas, kur\u012f galima \u012fsigyti m\u0117lynos spalvos, puikiai derina estetik\u0105 ir funkcionalum\u0105, u\u017etikrindamas, kad j\u016bs\u0173 telefonas ne tik puikiai [&#8230;]\n","protected":false},"featured_media":17822,"comment_status":"open","ping_status":"closed","template":"","meta":[],"product_brand":[438],"product_cat":[1250],"product_tag":[],"class_list":{"0":"post-17821","1":"product","2":"type-product","3":"status-publish","4":"has-post-thumbnail","6":"product_brand-nillkin","7":"product_cat-protective-cases-for-smartphones-cases-gsm-accessories","9":"first","10":"outofstock","11":"taxable","12":"shipping-taxable","13":"purchasable","14":"product-type-simple"},"aioseo_notices":[],"_links":{"self":[{"href":"https:\/\/asura.lv\/lt\/wp-json\/wp\/v2\/product\/17821","targetHints":{"allow":["GET"]}}],"collection":[{"href":"https:\/\/asura.lv\/lt\/wp-json\/wp\/v2\/product"}],"about":[{"href":"https:\/\/asura.lv\/lt\/wp-json\/wp\/v2\/types\/product"}],"replies":[{"embeddable":true,"href":"https:\/\/asura.lv\/lt\/wp-json\/wp\/v2\/comments?post=17821"}],"wp:featuredmedia":[{"embeddable":true,"href":"https:\/\/asura.lv\/lt\/wp-json\/wp\/v2\/media\/17822"}],"wp:attachment":[{"href":"https:\/\/asura.lv\/lt\/wp-json\/wp\/v2\/media?parent=17821"}],"wp:term":[{"taxonomy":"product_brand","embeddable":true,"href":"https:\/\/asura.lv\/lt\/wp-json\/wp\/v2\/product_brand?post=17821"},{"taxonomy":"product_cat","embeddable":true,"href":"https:\/\/asura.lv\/lt\/wp-json\/wp\/v2\/product_cat?post=17821"},{"taxonomy":"product_tag","embeddable":true,"href":"https:\/\/asura.lv\/lt\/wp-json\/wp\/v2\/product_tag?post=17821"}],"curies":[{"name":"wp","href":"https:\/\/api.w.org\/{rel}","templated":true}]}}