{"id":17899,"date":"2025-11-28T23:02:52","date_gmt":"2025-11-28T23:02:52","guid":{"rendered":"https:\/\/asura.lv\/product\/gimbal-hohem-isteady-xe-kit\/"},"modified":"2025-12-12T15:49:46","modified_gmt":"2025-12-12T13:49:46","slug":"gimbal-hohem-isteady-xe-kit","status":"publish","type":"product","link":"https:\/\/asura.lv\/lt\/produktas\/gimbal-hohem-isteady-xe-kit\/","title":{"rendered":"\u201eGimbal Hohem iSteady XE\u201c rinkinys"},"content":{"rendered":"<h3>\u201eHohem iSteady XE\u201c komplekto stabilizatorius<\/h3>\n<p>\u201eHohem iSteady XE\u201c komplektas yra idealus sprendimas visiems, norintiems kurti profesionalius vaizdo \u012fra\u0161us ir fotografijas naudojant i\u0161man\u0173j\u012f telefon\u0105. D\u0117l universali\u0173 re\u017eim\u0173, kompakti\u0161ko dizaino ir ilgo baterijos veikimo laiko \u0161is stabilizatorius suteikia visi\u0161k\u0105 k\u016brybin\u0119 laisv\u0119 ir patogum\u0105. Nesvarbu, ar esate m\u0117g\u0117jas, ar profesionalas, \u201eHohem iSteady XE\u201c komplektas leis jums u\u017efiksuoti kiekvien\u0105 akimirk\u0105 itin tiksliai ir stabiliai.<\/p>\n<p>\n<img decoding=\"async\" border=\"0\" src=\"https:\/\/assets.innpro.pl\/9063\/10586\/4.jpg\"\/>\n<\/p>\n<h3>Universal\u016bs re\u017eimai<\/h3>\n<p>Tur\u0117damas 3 a\u0161is, \u201eHohem iSteady XE\u201c stabilizatorius u\u017etikrina puik\u0173 stabilizavim\u0105 \u012fra\u0161ymo metu, pa\u0161alindamas visus dreb\u0117jimus ir vibracijas. \u012erenginys si\u016blo plat\u0173 re\u017eim\u0173 pasirinkim\u0105, pvz., panoramin\u012f ir pakreipt\u0105 sekim\u0105, visi\u0161ko u\u017erakinimo re\u017eim\u0105, pirmojo asmens \u012fra\u0161ymo ir sporto re\u017eim\u0105, o tai labai veikia j\u016bs\u0173 darbo efektyvum\u0105. D\u0117l intuityvi\u0173 jungikli\u0173 \u012fra\u0161ymo re\u017eimus keisti galima greitai ir lengvai, tod\u0117l filmuojant suteikiama visi\u0161ka k\u016brybin\u0117 laisv\u0117.<\/p>\n<p>\n<img decoding=\"async\" border=\"0\" src=\"https:\/\/assets.innpro.pl\/9063\/10586\/2.jpg\"\/>\n<\/p>\n<h3>Magnetin\u0117 \u0161viesa ir reguliuojamas ry\u0161kumas<\/h3>\n<p>\u201eiSteady XE\u201c rinkinyje yra magnetin\u0117 pritvirtinama lempa, kuri si\u016blo tris ekspozicijos re\u017eimus \u2013 \u0161ilt\u0105, neutral\u0173 ir \u0161alt\u0105. Tur\u0117damas 10 ry\u0161kumo lygi\u0173, kuriuos galima reguliuoti pagal j\u016bs\u0173 pageidavimus, stabilizatorius leid\u017eia sukurti idealias ap\u0161vietimo s\u0105lygas bet kokioje situacijoje. \u0160is funkcionalus sprendimas leid\u017eia pasiekti profesional\u0173 efekt\u0105, nepriklausomai nuo ap\u0161vietimo s\u0105lyg\u0173.<\/p>\n<p>\n<img decoding=\"async\" border=\"0\" src=\"https:\/\/assets.innpro.pl\/9063\/10586\/7.jpg\"\/>\n<\/p>\n<h3>Kompakti\u0161kas dizainas ir lengvas svoris<\/h3>\n<p>\u201eHohem iSteady XE Kit\u201c yra lengviausias sulankstomas stabilizatorius rinkoje, sukurtas lengvam ne\u0161iojimui ir patogumui. Jis sveria vos 259 gramus, tod\u0117l yra toks pat kompakti\u0161kas kaip \u201eiPhone\u201c, ir puikiai telpa bet kurioje rankin\u0117je ar kuprin\u0117je. D\u0117l lengvumo ir ergonomi\u0161ko dizaino stabilizatorius yra puikus palydovas kelyje, leid\u017eiantis filmuoti auk\u0161tos kokyb\u0117s vaizdo \u012fra\u0161us bet kur ir bet kada.<\/p>\n<p>\n<img decoding=\"async\" border=\"0\" src=\"https:\/\/assets.innpro.pl\/9063\/10586\/5.jpg\"\/>\n<\/p>\n<h3>K\u016brybin\u0117s funkcijos ir mobilioji program\u0117l\u0117<\/h3>\n<p>Speciali \u201eHohem iSteady XE\u201c stabilizatoriui skirta program\u0117l\u0117 leid\u017eia kurti dar k\u016brybi\u0161kesnius ir patogesnius vaizdo \u012fra\u0161us. Program\u0117l\u0117 si\u016blo plat\u0173 funkcij\u0173 spektr\u0105, pvz., veid\u0173 ir objekt\u0173 sekim\u0105, pagreitinto filmavimo re\u017eim\u0105, i\u0161man\u0173j\u012f judesi\u0173 sekim\u0105, dolly priartinim\u0105, panoramos re\u017eim\u0105, \u201eCloneMe\u201c ir kt. Su \u0161iomis funkcijomis kurti profesionalius ir \u012fsp\u016bdingus vaizdo \u012fra\u0161us tampa itin lengva ir intuityvu.<\/p>\n<p>\n<img decoding=\"async\" border=\"0\" src=\"https:\/\/assets.innpro.pl\/9063\/10586\/3.jpg\"\/>\n<\/p>\n<h3>Universalus suderinamumas ir ilgas veikimo laikas<\/h3>\n<p>\u201eHohem iSteady XE\u201c stabilizatorius suderinamas su \u012fvairiais \u012frenginiais, \u012fskaitant \u201eiPhone 14\/13\/12\/11 Pro Max\u201c serijas ir daugum\u0105 \u201eAndroid\u201c i\u0161mani\u0173j\u0173 telefon\u0173, toki\u0173 kaip \u201eSamsung\u201c, \u201eHUAWEI\u201c, \u201eXIAOMI\u201c, \u201eOPPO\u201c ir kitus. Galinga baterija leid\u017eia stabilizatori\u0173 naudoti iki 8 valand\u0173 vienu \u012fkrovimu, tod\u0117l jis idealiai tinka ilgiems \u012fra\u0161ymo seansams.<\/p>\n<p>\n<img decoding=\"async\" border=\"0\" src=\"https:\/\/assets.innpro.pl\/9063\/10586\/8.jpg\"\/>\n<\/p>\n<h3>Lengvas naudojimas ir stabilumas<\/h3>\n<p>Gimbalo orientacij\u0105 galima lengvai pakeisti i\u0161 horizontalios \u012f vertikali\u0105, tod\u0117l jis yra visi\u0161kai lankstus naudojimo metu. Intuityvus dizainas ir pa\u017eangios stabilizavimo funkcijos paver\u010dia \u201eHohem iSteady XE\u201c idealiu \u012frankiu tiek m\u0117g\u0117jams, tiek profesionalams, norintiems gauti stabilius ir skland\u017eius kadrus be sunkios \u012frangos.<\/p>\n<p>\n<img decoding=\"async\" border=\"0\" src=\"https:\/\/assets.innpro.pl\/9063\/10586\/9.jpg\"\/>\n<\/p>\n<h3>Pridedama<\/h3>\n<ul class=\"list-disc pl-5\">\n<li>gimbalas<\/li>\n<li>magnetin\u0117 \u0161viesa<\/li>\n<li>stovas<\/li>\n<li>USB-C laidas<\/li>\n<li>laikymo krep\u0161ys<\/li>\n<li>naudotojo vadovas<\/li>\n<\/ul>\n<div class=\"table-wrapper\">\n<p>\u0412\u00a0<\/p>\n<h3><\/h3>\n<table>\n<tbody>\n<tr>\n<th>Gamintojas<\/th>\n<td>Hohem<\/td>\n<\/tr>\n<tr>\n<th>Modelis<\/th>\n<td>\u201eiSteady XE\u201c rinkinys<\/td>\n<\/tr>\n<tr>\n<th>Matmenys<\/th>\n<td>179 x 79 x 39 mm<\/td>\n<\/tr>\n<tr>\n<th>Med\u017eiaga<\/th>\n<td>Kompozitin\u0117 med\u017eiaga su odine rankena<\/td>\n<\/tr>\n<tr>\n<th>Svoris<\/th>\n<td>259 g (be stovo ir magnetin\u0117s lempos)<\/td>\n<\/tr>\n<tr>\n<th>Maksimali apkrova<\/th>\n<td>280 g<\/td>\n<\/tr>\n<tr>\n<th>Kampo diapazonas<\/th>\n<td>Slankioja 320, pakreipia 320, sukasi 320<\/td>\n<\/tr>\n<tr>\n<th>Baterija Talpa<\/th>\n<td>2000 mAh<\/td>\n<\/tr>\n<tr>\n<th>Akumuliatoriaus \u012fkrovimo laikas<\/th>\n<td>2,5 val.<\/td>\n<\/tr>\n<tr>\n<th>Veikimo laikas<\/th>\n<td>8 val.<\/td>\n<\/tr>\n<tr>\n<th>Suderinamumas<\/th>\n<td>iPhone 14\/13\/12\/11 Pro Max, XS MAX XS, XR, X, Plus, 8, 7, 6S, 6; Samsung; HUAWEI; XIAOMI; OPPO<\/td>\n<\/tr>\n<\/tbody>\n<\/table>\n<\/div>\n","protected":false},"excerpt":{"rendered":"<p>\u201eHohem iSteady XE\u201c komplekto stabilizatorius \u201eHohem iSteady XE\u201c komplektas yra idealus sprendimas visiems, norintiems kurti profesionalius vaizdo \u012fra\u0161us ir fotografijas naudojant i\u0161man\u0173j\u012f telefon\u0105. D\u0117l universali\u0173 re\u017eim\u0173, kompakti\u0161ko dizaino ir ilgo baterijos veikimo laiko \u0161is stabilizatorius suteikia visi\u0161k\u0105 k\u016brybin\u0119 laisv\u0119 ir patogum\u0105. Nesvarbu, ar esate m\u0117g\u0117jas, ar profesionalas, \u201eHohem iSteady XE\u201c komplektas leis jums u\u017efiksuoti kiekvien\u0105 [&#8230;]\n","protected":false},"featured_media":17900,"comment_status":"open","ping_status":"closed","template":"","meta":[],"product_brand":[675],"product_cat":[1004],"product_tag":[],"class_list":{"0":"post-17899","1":"product","2":"type-product","3":"status-publish","4":"has-post-thumbnail","6":"product_brand-hohem","7":"product_cat-gimbals-and-stabilizers","9":"first","10":"outofstock","11":"taxable","12":"shipping-taxable","13":"purchasable","14":"product-type-simple"},"aioseo_notices":[],"_links":{"self":[{"href":"https:\/\/asura.lv\/lt\/wp-json\/wp\/v2\/product\/17899","targetHints":{"allow":["GET"]}}],"collection":[{"href":"https:\/\/asura.lv\/lt\/wp-json\/wp\/v2\/product"}],"about":[{"href":"https:\/\/asura.lv\/lt\/wp-json\/wp\/v2\/types\/product"}],"replies":[{"embeddable":true,"href":"https:\/\/asura.lv\/lt\/wp-json\/wp\/v2\/comments?post=17899"}],"wp:featuredmedia":[{"embeddable":true,"href":"https:\/\/asura.lv\/lt\/wp-json\/wp\/v2\/media\/17900"}],"wp:attachment":[{"href":"https:\/\/asura.lv\/lt\/wp-json\/wp\/v2\/media?parent=17899"}],"wp:term":[{"taxonomy":"product_brand","embeddable":true,"href":"https:\/\/asura.lv\/lt\/wp-json\/wp\/v2\/product_brand?post=17899"},{"taxonomy":"product_cat","embeddable":true,"href":"https:\/\/asura.lv\/lt\/wp-json\/wp\/v2\/product_cat?post=17899"},{"taxonomy":"product_tag","embeddable":true,"href":"https:\/\/asura.lv\/lt\/wp-json\/wp\/v2\/product_tag?post=17899"}],"curies":[{"name":"wp","href":"https:\/\/api.w.org\/{rel}","templated":true}]}}