{"id":17983,"date":"2025-11-28T22:13:34","date_gmt":"2025-11-28T22:13:34","guid":{"rendered":"https:\/\/asura.lv\/product\/lensguard-camera-glass-for-iphone-16-pro-black\/"},"modified":"2025-12-12T15:49:14","modified_gmt":"2025-12-12T13:49:14","slug":"lensguard-camera-glass-for-iphone-16-pro-black","status":"publish","type":"product","link":"https:\/\/asura.lv\/lt\/produktas\/lensguard-camera-glass-for-iphone-16-pro-black\/","title":{"rendered":"\u201eLensguard\u201c kameros stiklas, skirtas \u201eiPhone 16 Pro\u201c (juodas)"},"content":{"rendered":"<h3>\u201eTorras Lensguard\u201c kameros stiklas, skirtas \u201eiPhone 16 Pro\u201c (juodas)<\/h3>\n<p>\u201eTorras Lensguard\u201c yra itin patvarus kameros stiklas, skirtas \u201eiPhone 16 Pro\u201c, kuris efektyviai apsaugos objektyv\u0105 nuo pa\u017eeidim\u0173. Vos 0,25 mm storio ir daugiasluoksn\u0117s konstrukcijos, \u012fskaitant SCL sluoksn\u012f ir jon\u0173 main\u0173 armat\u016br\u0105, stiklas u\u017etikrina auk\u0161\u010diausi\u0105 apsaugos lyg\u012f nepakenkdamas nuotrauk\u0173 kokybei.<\/p>\n<p>\n<img decoding=\"async\" border=\"0\" src=\"https:\/\/assets.innpro.pl\/9521\/11113\/4.jpg\"\/>\n<\/p>\n<h3>Patikima apsauga ir ilgaam\u017ei\u0161kumas<\/h3>\n<p>\u201eTorras Lensguard\u201c stiklas buvo grie\u017etai testuotas, kad b\u016bt\u0173 u\u017etikrintas patvarumas net ir nukritus i\u0161 3,5 metro auk\u0161\u010dio. 9H+ kietumo klas\u0117 apsaugo objektyv\u0105 nuo \u012fbr\u0117\u017eim\u0173, tod\u0117l j\u012f galima naudoti ilg\u0105 laik\u0105 be matom\u0173 nusid\u0117v\u0117jimo po\u017eymi\u0173.<\/p>\n<p>\n<img decoding=\"async\" border=\"0\" src=\"https:\/\/assets.innpro.pl\/9521\/11113\/3.jpg\"\/>\n<\/p>\n<h3>Puiki vaizdo kokyb\u0117<\/h3>\n<p>D\u0117l 100 % \u0161viesos pralaidumo ir dvipus\u0117s AR dangos stiklas neturi \u012ftakos nuotrauk\u0173 ir vaizdo \u012fra\u0161\u0173 kokybei. Kameros objektyvas i\u0161laiko visi\u0161k\u0105 ry\u0161kum\u0105 ir spalvas, o tai labai svarbu fotografijos entuziastams ir vartotojams, norintiems m\u0117gautis visomis \u201eiPhone 16 Pro\u201c galimyb\u0117mis.<\/p>\n<p>\n<img decoding=\"async\" border=\"0\" src=\"https:\/\/assets.innpro.pl\/9521\/11113\/2.jpg\"\/>\n<\/p>\n<h3>Lengvas naudojimas ir suderinamumas<\/h3>\n<p>\u201eTorras Lensguard\u201c yra visi\u0161kai suderinamas su visais \u201eiPhone 16 Pro\u201c d\u0117klais, o tai rei\u0161kia, kad jums nereikia aukoti papildomos telefono apsaugos. Be to, stiklo montavimas ir nu\u0117mimas yra greitas ir paprastas, tod\u0117l j\u012f lengva \u012fd\u0117ti be oro burbuliuk\u0173 rizikos.<\/p>\n<p>\n<img decoding=\"async\" border=\"0\" src=\"https:\/\/assets.innpro.pl\/9521\/11113\/1.jpg\"\/>\n<\/p>\n<div class=\"table-wrapper\">\n<p>B\u00a0<\/p>\n<h3><\/h3>\n<table>\n<tbody>\n<tr>\n<th>Gamintojas<\/th>\n<td>Torras<\/td>\n<\/tr>\n<tr>\n<th>Modelis<\/th>\n<td>X00FX1568<\/td>\n<\/tr>\n<tr>\n<th>Spalva<\/th>\n<td>juoda<\/td>\n<\/tr>\n<tr>\n<th>Suderinamumas<\/th>\n<td>iPhone 16 Pro<\/td>\n<\/tr>\n<tr>\n<th>Storis<\/th>\n<td>0,25 mm<\/td>\n<\/tr>\n<\/tbody>\n<\/table>\n<\/div>\n","protected":false},"excerpt":{"rendered":"<p>\u201eTorras Lensguard\u201c kameros stiklas, skirtas \u201eiPhone 16 Pro\u201c (juodas) \u201eTorras Lensguard\u201c yra itin patvarus kameros stiklas, skirtas \u201eiPhone 16 Pro\u201c, kuris efektyviai apsaugos objektyv\u0105 nuo pa\u017eeidim\u0173. Vos 0,25 mm storio ir daugiasluoksn\u0117s konstrukcijos, \u012fskaitant SCL sluoksn\u012f ir jon\u0173 main\u0173 armat\u016br\u0105, stiklas u\u017etikrina auk\u0161\u010diausi\u0105 apsaugos lyg\u012f nepakenkdamas nuotrauk\u0173 kokybei. Patikima apsauga ir ilgaam\u017ei\u0161kumas \u201eTorras Lensguard\u201c stiklas [&#8230;]\n","protected":false},"featured_media":17984,"comment_status":"open","ping_status":"closed","template":"","meta":[],"product_brand":[538],"product_cat":[1319],"product_tag":[],"class_list":{"0":"post-17983","1":"product","2":"type-product","3":"status-publish","4":"has-post-thumbnail","6":"product_brand-torras","7":"product_cat-for-smartphones-tempered-glass-and-screen-protectors-gsm-accessories","9":"first","10":"outofstock","11":"taxable","12":"shipping-taxable","13":"purchasable","14":"product-type-simple"},"aioseo_notices":[],"_links":{"self":[{"href":"https:\/\/asura.lv\/lt\/wp-json\/wp\/v2\/product\/17983","targetHints":{"allow":["GET"]}}],"collection":[{"href":"https:\/\/asura.lv\/lt\/wp-json\/wp\/v2\/product"}],"about":[{"href":"https:\/\/asura.lv\/lt\/wp-json\/wp\/v2\/types\/product"}],"replies":[{"embeddable":true,"href":"https:\/\/asura.lv\/lt\/wp-json\/wp\/v2\/comments?post=17983"}],"wp:featuredmedia":[{"embeddable":true,"href":"https:\/\/asura.lv\/lt\/wp-json\/wp\/v2\/media\/17984"}],"wp:attachment":[{"href":"https:\/\/asura.lv\/lt\/wp-json\/wp\/v2\/media?parent=17983"}],"wp:term":[{"taxonomy":"product_brand","embeddable":true,"href":"https:\/\/asura.lv\/lt\/wp-json\/wp\/v2\/product_brand?post=17983"},{"taxonomy":"product_cat","embeddable":true,"href":"https:\/\/asura.lv\/lt\/wp-json\/wp\/v2\/product_cat?post=17983"},{"taxonomy":"product_tag","embeddable":true,"href":"https:\/\/asura.lv\/lt\/wp-json\/wp\/v2\/product_tag?post=17983"}],"curies":[{"name":"wp","href":"https:\/\/api.w.org\/{rel}","templated":true}]}}