{"id":18025,"date":"2025-11-28T22:13:31","date_gmt":"2025-11-28T22:13:31","guid":{"rendered":"https:\/\/asura.lv\/product\/torras-install-master-tempered-glass-for-iphone-16-plus\/"},"modified":"2025-12-12T15:49:13","modified_gmt":"2025-12-12T13:49:13","slug":"torras-install-master-tempered-glass-for-iphone-16-plus","status":"publish","type":"product","link":"https:\/\/asura.lv\/lt\/produktas\/torras-install-master-tempered-glass-for-iphone-16-plus\/","title":{"rendered":"\u201eTorras Install Master\u201c gr\u016bdintas stiklas, skirtas \u201eiPhone 16 Plus\u201c"},"content":{"rendered":"<h3>\u201eInstall Master\u201c gr\u016bdintas stiklas, skirtas \u201eiPhone 16 Plus\u201c<\/h3>\n<p>\u201eTorras Install Master\u201c gr\u016bdintas stiklas buvo sukurtas specialiai \u201eiPhone 16 Plus\u201c. D\u0117l 9H+ kietumo priedas apsaugo \u012frengin\u012f net ir ekstremaliausiomis s\u0105lygomis. Be to, jis suma\u017eina kenksming\u0105 m\u0117lyn\u0105j\u0105 \u0161vies\u0105 ir padeda palaikyti aki\u0173 sveikat\u0105. \u012ediegimas yra sklandus ir trunka vos kelias sekundes.<\/p>\n<p>\n<img decoding=\"async\" border=\"0\" src=\"https:\/\/assets.innpro.pl\/9329\/10889\/5.jpg\"\/>\n<\/p>\n<h3>Atsparumas kritimui<\/h3>\n<p>\u201eTorras\u201c priedas buvo i\u0161bandytas, kad atlaikyt\u0173 kritimus i\u0161 ma\u017edaug 2,44 metro auk\u0161\u010dio. Karinio lygio apsaugos technologija u\u017etikrina, kad j\u016bs\u0173 telefonas b\u016bt\u0173 apsaugotas net ir sunkiausiomis situacijomis. Taigi galite m\u0117gautis savo i\u0161maniojo telefono naudojimu nesijaudindami d\u0117l jo saugumo.<strong> <\/strong>Didelis kietumas apsaugo nuo \u012fbr\u0117\u017eim\u0173 ir mechanini\u0173 pa\u017eeidim\u0173. Net a\u0161tr\u016bs daiktai, tokie kaip raktai ar peiliai, negali pa\u017eeisti priedo pavir\u0161iaus. D\u0117l to j\u016bs\u0173 i\u0161maniojo telefono ekranas visada atrodys kaip naujas.<\/p>\n<p>\n<img decoding=\"async\" border=\"0\" src=\"https:\/\/assets.innpro.pl\/9329\/10889\/2.jpg\"\/>\n<\/p>\n<h3>Sklandus \u012frenginio valdymas<\/h3>\n<p>D\u0117l nanolaidumo technologijos \u201eTorras Install Master\u201c stiklas u\u017etikrina didel\u012f lietimo jautrum\u0105. D\u0117l greito signalo perdavimo pir\u0161t\u0173 atspaud\u0173 atpa\u017einimas veikia taip pat gerai, kaip ir originaliame ekrane. M\u0117gaukit\u0117s skland\u017eiu ir be r\u016bpes\u010di\u0173 naudojamu i\u0161maniuoju telefonu.<\/p>\n<p>\n<img decoding=\"async\" border=\"0\" src=\"https:\/\/assets.innpro.pl\/9329\/10889\/5.jpg\"\/>\n<\/p>\n<h3>Lengvas ir greitas montavimas<\/h3>\n<p>Novatori\u0161ka automatinio montavimo sistema leid\u017eia lengvai sumontuoti \u201eTorras Install Master\u201c stikl\u0105. Vos vienu spustel\u0117jimu galite tiksliai pritvirtinti pried\u0105 prie savo i\u0161maniojo telefono ekrano. Speciali danga apsaugo nuo oro burbuliuk\u0173 susidarymo, u\u017etikrindama puik\u0173 prigludim\u0105 ir esteti\u0161k\u0105 i\u0161vaizd\u0105. Ji taip pat atspari pir\u0161t\u0173 atspaudams ir d\u0117m\u0117ms \u2013 tod\u0117l j\u016bs\u0173 \u012frenginio ekranas visada atrodys \u0161varus ir esteti\u0161kai patrauklus.<\/p>\n<p>\n<img decoding=\"async\" border=\"0\" src=\"https:\/\/assets.innpro.pl\/9329\/10889\/3.jpg\"\/>\n<\/p>\n<h3>Aki\u0173 apsauga<\/h3>\n<p>\u201eTorras\u201c gaminys yra sertifikuotas \u201eT\u00dcV Rheinland\u201c d\u0117l jo geb\u0117jimo suma\u017einti kenksming\u0105 m\u0117lyn\u0105j\u0105 \u0161vies\u0105. D\u0117l to akys yra ma\u017eiau linkusios pavargti ir jausti diskomfort\u0105 ilgai naudojantis i\u0161maniuoju telefonu.<\/p>\n<p>\n<img decoding=\"async\" border=\"0\" src=\"https:\/\/assets.innpro.pl\/9329\/10889\/4.jpg\"\/>\n<\/p>\n<div class=\"table-wrapper\">\n<p>B\u00a0<\/p>\n<h3><\/h3>\n<table>\n<tbody>\n<tr>\n<th>Gamintojas<\/th>\n<td>Torras<\/td>\n<\/tr>\n<tr>\n<th>Modelis<\/th>\n<td>Install Master<\/td>\n<\/tr>\n<tr>\n<th>Suderinamumas<\/th>\n<td>iPhone 16 Plus<\/td>\n<\/tr>\n<tr>\n<th>Kietumas<\/th>\n<td>9H+<\/td>\n<\/tr>\n<tr>\n<th>Sertifikatas<\/th>\n<td>T\u00fcV Rheinland<\/td>\n<\/tr>\n<\/tbody>\n<\/table>\n<\/div>\n","protected":false},"excerpt":{"rendered":"<p>\u201eInstall Master\u201c gr\u016bdintas stiklas, skirtas \u201eiPhone 16 Plus\u201c \u201eTorras Install Master\u201c gr\u016bdintas stiklas buvo sukurtas specialiai \u201eiPhone 16 Plus\u201c. D\u0117l 9H+ kietumo priedas apsaugo \u012frengin\u012f net ir ekstremaliausiomis s\u0105lygomis. Be to, jis suma\u017eina kenksming\u0105 m\u0117lyn\u0105j\u0105 \u0161vies\u0105 ir padeda palaikyti aki\u0173 sveikat\u0105. \u012ediegimas yra sklandus ir trunka vos kelias sekundes. Atsparumas kritimui \u201eTorras\u201c priedas buvo i\u0161bandytas, [&#8230;]\n","protected":false},"featured_media":18026,"comment_status":"open","ping_status":"closed","template":"","meta":[],"product_brand":[538],"product_cat":[1319],"product_tag":[],"class_list":{"0":"post-18025","1":"product","2":"type-product","3":"status-publish","4":"has-post-thumbnail","6":"product_brand-torras","7":"product_cat-for-smartphones-tempered-glass-and-screen-protectors-gsm-accessories","9":"first","10":"outofstock","11":"taxable","12":"shipping-taxable","13":"purchasable","14":"product-type-simple"},"aioseo_notices":[],"_links":{"self":[{"href":"https:\/\/asura.lv\/lt\/wp-json\/wp\/v2\/product\/18025","targetHints":{"allow":["GET"]}}],"collection":[{"href":"https:\/\/asura.lv\/lt\/wp-json\/wp\/v2\/product"}],"about":[{"href":"https:\/\/asura.lv\/lt\/wp-json\/wp\/v2\/types\/product"}],"replies":[{"embeddable":true,"href":"https:\/\/asura.lv\/lt\/wp-json\/wp\/v2\/comments?post=18025"}],"wp:featuredmedia":[{"embeddable":true,"href":"https:\/\/asura.lv\/lt\/wp-json\/wp\/v2\/media\/18026"}],"wp:attachment":[{"href":"https:\/\/asura.lv\/lt\/wp-json\/wp\/v2\/media?parent=18025"}],"wp:term":[{"taxonomy":"product_brand","embeddable":true,"href":"https:\/\/asura.lv\/lt\/wp-json\/wp\/v2\/product_brand?post=18025"},{"taxonomy":"product_cat","embeddable":true,"href":"https:\/\/asura.lv\/lt\/wp-json\/wp\/v2\/product_cat?post=18025"},{"taxonomy":"product_tag","embeddable":true,"href":"https:\/\/asura.lv\/lt\/wp-json\/wp\/v2\/product_tag?post=18025"}],"curies":[{"name":"wp","href":"https:\/\/api.w.org\/{rel}","templated":true}]}}