{"id":18067,"date":"2025-11-28T22:13:26","date_gmt":"2025-11-28T22:13:26","guid":{"rendered":"https:\/\/asura.lv\/product\/torras-diamond-mag-series-case-for-iphone-16-transparent\/"},"modified":"2025-12-12T15:49:11","modified_gmt":"2025-12-12T13:49:11","slug":"torras-diamond-mag-series-case-for-iphone-16-transparent","status":"publish","type":"product","link":"https:\/\/asura.lv\/lt\/produktas\/torras-diamond-mag-series-case-for-iphone-16-transparent\/","title":{"rendered":"\u201eTorras Diamond-Mag\u201c serijos d\u0117klas, skirtas \u201eiPhone 16\u201c (skaidrus)"},"content":{"rendered":"<h3>\u201eTorras Diamond-Mag\u201c serijos d\u0117klas, skirtas \u201eiPhone 16\u201c (skaidrus)<\/h3>\n<p>\u201eTorras Diamond-Mag\u201c d\u0117klas garantuoja pa\u017eangi\u0105 apsaug\u0105. Jo satinin\u0117 apdaila maloni liesti, o mink\u0161tas r\u0117melis leid\u017eia j\u012f lengvai suimti. Priedo storis yra tik 0,04 colio, tod\u0117l j\u012f patogu naudoti.<\/p>\n<p>\n<img decoding=\"async\" border=\"0\" src=\"https:\/\/assets.innpro.pl\/9291\/10853\/5.jpg\"\/>\n<\/p>\n<h3>Karinio lygio patvarumas<\/h3>\n<p>Produktas atitinka karinius atsparumo kritimams standartus. Visapusi\u0161ka apsauga, be kita ko, rei\u0161kia oro pagalves ir \u201eX-SHOCK\u2122 4.0\u201c technologijos naudojim\u0105, tod\u0117l jums nereikia jaudintis d\u0117l savo i\u0161maniojo telefono saugumo. SGS sertifikatas patvirtina tvirt\u0105 d\u0117klo gamybos kokyb\u0119.<\/p>\n<p>\n<img decoding=\"async\" border=\"0\" src=\"https:\/\/assets.innpro.pl\/9291\/10853\/1.jpg\"\/>\n<\/p>\n<h3>Magnetin\u0117 galia<\/h3>\n<p>Stipr\u016bs \u201eHalbach\u201c magnetai leid\u017eia greitai ir stabiliai pritvirtinti prie \u201eMagSafe\u201c pried\u0173, u\u017etikrinant saugum\u0105 ir funkcionalum\u0105. Taigi galite naudoti Visas j\u016bs\u0173 i\u0161maniojo telefono potencialas bet kur.<\/p>\n<p>\n<img decoding=\"async\" border=\"0\" src=\"https:\/\/assets.innpro.pl\/9291\/10853\/2.jpg\"\/>\n<\/p>\n<h3>D\u0117mesys detal\u0117ms<\/h3>\n<p>Sustiprinti kra\u0161tai, 1,5 mm kameros dangtelis ir 1,2 mm ekrano kra\u0161tas suteikia papildom\u0105 apsaug\u0105 jautriausioms j\u016bs\u0173 i\u0161maniojo telefono dalims. Su \u201eTorras\u201c d\u0117klu galite b\u016bti tikri, kad j\u016bs\u0173 \u012frenginys yra visi\u0161kai saugus.<\/p>\n<p>\n<img decoding=\"async\" border=\"0\" src=\"https:\/\/assets.innpro.pl\/9291\/10853\/3.jpg\"\/>\n<\/p>\n<div class=\"table-wrapper\">\n<p>B\u00a0<\/p>\n<h3><\/h3>\n<table>\n<tbody>\n<tr>\n<th>Gamintojas<\/th>\n<td>Torras<\/td>\n<\/tr>\n<tr>\n<th>Modelis<\/th>\n<td>Diamond-Mag<\/td>\n<\/tr>\n<tr>\n<th>Suderinamumas<\/th>\n<td>iPhone 16<\/td>\n<\/tr>\n<tr>\n<th>Spalva<\/th>\n<td>Skaidri<\/td>\n<\/tr>\n<\/tbody>\n<\/table>\n<\/div>\n","protected":false},"excerpt":{"rendered":"<p>\u201eTorras Diamond-Mag\u201c serijos d\u0117klas, skirtas \u201eiPhone 16\u201c (skaidrus) \u201eTorras Diamond-Mag\u201c d\u0117klas garantuoja pa\u017eangi\u0105 apsaug\u0105. Jo satinin\u0117 apdaila maloni liesti, o mink\u0161tas r\u0117melis leid\u017eia j\u012f lengvai suimti. Priedo storis yra tik 0,04 colio, tod\u0117l j\u012f patogu naudoti. Karinio lygio patvarumas Produktas atitinka karinius atsparumo kritimams standartus. Visapusi\u0161ka apsauga, be kita ko, rei\u0161kia oro pagalves ir \u201eX-SHOCK\u2122 [&#8230;]\n","protected":false},"featured_media":18068,"comment_status":"open","ping_status":"closed","template":"","meta":[],"product_brand":[538],"product_cat":[1250],"product_tag":[],"class_list":{"0":"post-18067","1":"product","2":"type-product","3":"status-publish","4":"has-post-thumbnail","6":"product_brand-torras","7":"product_cat-protective-cases-for-smartphones-cases-gsm-accessories","9":"first","10":"outofstock","11":"taxable","12":"shipping-taxable","13":"purchasable","14":"product-type-simple"},"aioseo_notices":[],"_links":{"self":[{"href":"https:\/\/asura.lv\/lt\/wp-json\/wp\/v2\/product\/18067","targetHints":{"allow":["GET"]}}],"collection":[{"href":"https:\/\/asura.lv\/lt\/wp-json\/wp\/v2\/product"}],"about":[{"href":"https:\/\/asura.lv\/lt\/wp-json\/wp\/v2\/types\/product"}],"replies":[{"embeddable":true,"href":"https:\/\/asura.lv\/lt\/wp-json\/wp\/v2\/comments?post=18067"}],"wp:featuredmedia":[{"embeddable":true,"href":"https:\/\/asura.lv\/lt\/wp-json\/wp\/v2\/media\/18068"}],"wp:attachment":[{"href":"https:\/\/asura.lv\/lt\/wp-json\/wp\/v2\/media?parent=18067"}],"wp:term":[{"taxonomy":"product_brand","embeddable":true,"href":"https:\/\/asura.lv\/lt\/wp-json\/wp\/v2\/product_brand?post=18067"},{"taxonomy":"product_cat","embeddable":true,"href":"https:\/\/asura.lv\/lt\/wp-json\/wp\/v2\/product_cat?post=18067"},{"taxonomy":"product_tag","embeddable":true,"href":"https:\/\/asura.lv\/lt\/wp-json\/wp\/v2\/product_tag?post=18067"}],"curies":[{"name":"wp","href":"https:\/\/api.w.org\/{rel}","templated":true}]}}