{"id":18175,"date":"2025-11-28T22:13:17","date_gmt":"2025-11-28T22:13:17","guid":{"rendered":"https:\/\/asura.lv\/product\/torras-pstand-series-case-for-iphone-16-plus-black\/"},"modified":"2025-12-12T15:49:06","modified_gmt":"2025-12-12T13:49:06","slug":"torras-pstand-series-case-for-iphone-16-plus-black","status":"publish","type":"product","link":"https:\/\/asura.lv\/lt\/produktas\/torras-pstand-series-case-for-iphone-16-plus-black\/","title":{"rendered":"\u201eTorras Pstand\u201c serijos d\u0117klas, skirtas \u201eiPhone 16 Plus\u201c (juodas)"},"content":{"rendered":"<h3>\u201eTorras Pstand\u201c serijos d\u0117klas, skirtas \u201eiPhone 16 Plus\u201c (juodas)<\/h3>\n<p>\u201eTorras Pstand\u201c d\u0117klas, skirtas \u201eiPhone 16 Plus\u201c, pasi\u017eymi magnetiniu dizainu ir si\u016blo stabil\u0173 stov\u0105, u\u017etikrinant\u012f j\u016bs\u0173 \u012frenginio patogum\u0105 ir apsaug\u0105. Jis taip pat leid\u017eia greitai \u012fkrauti belaid\u012f telefon\u0105, o suderinamumas su magnetiniais priedais pagerina jo funkcionalum\u0105.<\/p>\n<p>\n<img decoding=\"async\" border=\"0\" src=\"https:\/\/assets.innpro.pl\/9336\/10896\/1.jpg\"\/>\n<\/p>\n<h3>Stabilumas ir saugumas<\/h3>\n<p>Praktinis stovas garantuoja stabilum\u0105 naudojant telefon\u0105. \u0160is sprendimas ypa\u010d naudingas \u017ei\u016brint filmus ir dalyvaujant vaizdo konferencijose. D\u0117l \u201eMegaMag\u201c technologijos ir N56 magnet\u0173 d\u0117klas puikiai tinka kelion\u0117ms ir patikimai laikosi vietoje net ant nelygaus pavir\u0161iaus, tod\u0117l lengviau naudotis navigacijos programomis.<\/p>\n<p>\n<img decoding=\"async\" border=\"0\" src=\"https:\/\/assets.innpro.pl\/9336\/10896\/6.jpg\"\/>\n<\/p>\n<h3>Auk\u0161tos kokyb\u0117s gamyba<\/h3>\n<p>\u201eTorras Pstand\u201c d\u0117klui buvo naudojamos malonios liesti med\u017eiagos, kurios u\u017etikrina saug\u0173 sukibim\u0105 ir suma\u017eina telefono i\u0161slydimo i\u0161 rankos rizik\u0105. Tiksliai pagamintos i\u0161pjovos leid\u017eia patogiai naudotis visomis funkcijomis. Priedas taip pat apsaugo \u012frengin\u012f nuo perkaitimo intensyvaus naudojimo metu.<\/p>\n<p>\n<img decoding=\"async\" border=\"0\" src=\"https:\/\/assets.innpro.pl\/9336\/10896\/4.jpg\"\/>\n<\/p>\n<h3>Apsauga nuo kritim\u0173<\/h3>\n<p>D\u0117ka \u201eX-Shock\u201c technologijos D\u0117l daugiasluoksn\u0117s konstrukcijos d\u0117klas u\u017etikrina keturis kartus didesn\u012f atsparum\u0105 kritimams, palyginti su standartiniais gaminiais. Gaminys si\u016blo karinio lygio (Mil-Grade) apsaug\u0105 nuo kritim\u0173 i\u0161 ma\u017edaug 3,6 metro auk\u0161\u010dio. 360\u00b0 oro pagalvi\u0173 technologija garantuoja visi\u0161k\u0105 telefono kra\u0161to apsaug\u0105, sugerdama sm\u016bgius ir suma\u017eindama pa\u017eeidimo rizik\u0105. Be to, pakeltas kra\u0161tas dar labiau apsaugo l\u0119\u0161\u012f.<\/p>\n<p>\n<img decoding=\"async\" border=\"0\" src=\"https:\/\/assets.innpro.pl\/9336\/10896\/7.jpg\"\/>\n<\/p>\n<div class=\"table-wrapper\">\n<p>B\u00a0<\/p>\n<h3><\/h3>\n<table>\n<tbody>\n<tr>\n<th>Gamintojas<\/th>\n<td>Torras<\/td>\n<\/tr>\n<tr>\n<th>Modelis<\/th>\n<td>Pstand<\/td>\n<\/tr>\n<tr>\n<th>Suderinamumas<\/th>\n<td>iPhone 16 Plius<\/td>\n<\/tr>\n<tr>\n<th>Spalva<\/th>\n<td>juoda<\/td>\n<\/tr>\n<\/tbody>\n<\/table>\n<\/div>\n","protected":false},"excerpt":{"rendered":"<p>\u201eTorras Pstand\u201c serijos d\u0117klas, skirtas \u201eiPhone 16 Plus\u201c (juodas) \u201eTorras Pstand\u201c d\u0117klas, skirtas \u201eiPhone 16 Plus\u201c, pasi\u017eymi magnetiniu dizainu ir si\u016blo stabil\u0173 stov\u0105, u\u017etikrinant\u012f j\u016bs\u0173 \u012frenginio patogum\u0105 ir apsaug\u0105. Jis taip pat leid\u017eia greitai \u012fkrauti belaid\u012f telefon\u0105, o suderinamumas su magnetiniais priedais pagerina jo funkcionalum\u0105. Stabilumas ir saugumas Praktinis stovas garantuoja stabilum\u0105 naudojant telefon\u0105. \u0160is [&#8230;]\n","protected":false},"featured_media":18176,"comment_status":"open","ping_status":"closed","template":"","meta":[],"product_brand":[538],"product_cat":[1250],"product_tag":[],"class_list":{"0":"post-18175","1":"product","2":"type-product","3":"status-publish","4":"has-post-thumbnail","6":"product_brand-torras","7":"product_cat-protective-cases-for-smartphones-cases-gsm-accessories","9":"first","10":"outofstock","11":"taxable","12":"shipping-taxable","13":"purchasable","14":"product-type-simple"},"aioseo_notices":[],"_links":{"self":[{"href":"https:\/\/asura.lv\/lt\/wp-json\/wp\/v2\/product\/18175","targetHints":{"allow":["GET"]}}],"collection":[{"href":"https:\/\/asura.lv\/lt\/wp-json\/wp\/v2\/product"}],"about":[{"href":"https:\/\/asura.lv\/lt\/wp-json\/wp\/v2\/types\/product"}],"replies":[{"embeddable":true,"href":"https:\/\/asura.lv\/lt\/wp-json\/wp\/v2\/comments?post=18175"}],"wp:featuredmedia":[{"embeddable":true,"href":"https:\/\/asura.lv\/lt\/wp-json\/wp\/v2\/media\/18176"}],"wp:attachment":[{"href":"https:\/\/asura.lv\/lt\/wp-json\/wp\/v2\/media?parent=18175"}],"wp:term":[{"taxonomy":"product_brand","embeddable":true,"href":"https:\/\/asura.lv\/lt\/wp-json\/wp\/v2\/product_brand?post=18175"},{"taxonomy":"product_cat","embeddable":true,"href":"https:\/\/asura.lv\/lt\/wp-json\/wp\/v2\/product_cat?post=18175"},{"taxonomy":"product_tag","embeddable":true,"href":"https:\/\/asura.lv\/lt\/wp-json\/wp\/v2\/product_tag?post=18175"}],"curies":[{"name":"wp","href":"https:\/\/api.w.org\/{rel}","templated":true}]}}