{"id":18295,"date":"2025-11-28T22:13:07","date_gmt":"2025-11-28T22:13:07","guid":{"rendered":"https:\/\/asura.lv\/product\/tws-transformers-tf-t31-headphones-black\/"},"modified":"2025-12-12T15:49:00","modified_gmt":"2025-12-12T13:49:00","slug":"tws-transformers-tf-t31-headphones-black","status":"publish","type":"product","link":"https:\/\/asura.lv\/lt\/produktas\/tws-transformers-tf-t31-headphones-black\/","title":{"rendered":"TWS Transformers TF-T31 ausin\u0117s (juodos)"},"content":{"rendered":"<h3>TWS Transformers TF-T31 ausin\u0117s (juodos)<\/h3>\n<p>Belaid\u0117s TF-T31 ausin\u0117s sujungia ausims malon\u0173 gars\u0105, kur\u012f si\u016blo 13 milimetr\u0173 garsiakalbiai, su i\u0161skirtiniu, moderniu dizainu, primenan\u010diu legendin\u012f \u201eTransformers\u201c prek\u0117s \u017eenkl\u0105. J\u0173 d\u0117ka galite m\u0117gautis auk\u0161tos kokyb\u0117s garsu ir patikimu \u201eBluetooth 5.4\u201c ry\u0161iu. Jos taip pat i\u0161siskiria ergonomi\u0161ku dizainu ir ilgu veikimo laiku (iki 5 valand\u0173 vienu \u012fkrovimu).<\/p>\n<p>\n<img decoding=\"async\" border=\"0\" src=\"https:\/\/assets.innpro.pl\/8767\/10261\/1.jpg\"\/>\n<\/p>\n<h3>Naujausia \u201eBluetooth 5.4\u201c technologija<\/h3>\n<p>Naudodamos \u201eBluetooth 5.4\u201c technologij\u0105, TF-T31 ausin\u0117s u\u017etikrina stabil\u0173 ir greit\u0105 ry\u0161\u012f su j\u016bs\u0173 \u012frenginiu, pa\u0161alindamos trukd\u017eius ir dels\u0105. Tai rei\u0161kia, kad jos puikiai tinka ne tik muzikos klausymuisi, bet ir film\u0173 \u017ei\u016br\u0117jimui bei \u017eaidim\u0173 \u017eaidimui. Papildomas j\u0173 privalumas yra platus suderinamumas \u2013 juos galite lengvai susieti su dauguma i\u0161mani\u0173j\u0173 telefon\u0173 ar ne\u0161iojam\u0173j\u0173 kompiuteri\u0173, kuriuose veikia \u201eAndroid\u201c, \u201eWindows\u201c arba \u201eiOS\u201c.<\/p>\n<p>\n<img decoding=\"async\" border=\"0\" src=\"https:\/\/assets.innpro.pl\/8767\/10261\/7.jpg\"\/>\n<\/p>\n<h3>Ergonomi\u0161kas dizainas ir lengvas svoris<\/h3>\n<p>\u201eTransformers TF-T31\u201c suteiks jums svajoni\u0173 komfort\u0105. D\u0117l lengvo, ergonomi\u0161ko dizaino jie puikiai prisitaiko prie ausies formos, u\u017etikrindami komfort\u0105 net ir ilgai ne\u0161iojant. Tod\u0117l jie yra puikus pasirinkimas kasdieniam naudojimui, tiek intensyvios veiklos metu, tiek atsipalaidavus. Tuo pa\u010diu metu ausines labai lengva naudoti \u2013 jose yra jutikliniai skydeliai, kuriais galite lengvai sustabdyti atk\u016brim\u0105, perjungti dain\u0105, atsiliepti \u012f skambut\u012f ir daug daugiau.<\/p>\n<p>\n<img decoding=\"async\" border=\"0\" src=\"https:\/\/assets.innpro.pl\/8767\/10261\/4.jpg\"\/>\n<\/p>\n<h3>Du atk\u016brimo re\u017eimai \u2013 muzika ir \u017eaidimai<\/h3>\n<p>TF-T31s si\u016blo du re\u017eimus: muzikos, kuris suteikia piln\u0105 erdvin\u012f gars\u0105 muzikos m\u0117g\u0117jams, ir \u017eaidim\u0173, kurie suma\u017eina dels\u0105 ir si\u016blo tikslesn\u012f gars\u0105, puikiai tinkant\u012f \u017eaidimams. Taigi galite pritaikyti ausines pagal savo poreikius ir m\u0117gautis optimaliu garsu bet kokioje situacijoje!<\/p>\n<p>\n<img decoding=\"async\" border=\"0\" src=\"https:\/\/assets.innpro.pl\/8767\/10261\/8.jpg\"\/>\n<\/p>\n<h3>Panoraminis erdvinis garsas<\/h3>\n<p>\u201eTransformers TF-T31\u201c ausin\u0117se naudojama panoraminio erdvinio garso technologija, kuri suteikia \u012ftraukiant\u012f muzikin\u012f potyr\u012f, kad ir kur b\u016btum\u0117te. Be to, 13 mm garsiakalbiai u\u017etikrina auk\u0161tos kokyb\u0117s gars\u0105 su ai\u0161kiu \u017eem\u0173, vidutini\u0173 ir auk\u0161t\u0173 da\u017eni\u0173 padalijimu, tod\u0117l galite m\u0117gautis muzika su visu gyliu ir detalumu.<\/p>\n<p>\n<img decoding=\"async\" border=\"0\" src=\"https:\/\/assets.innpro.pl\/8767\/10261\/5.jpg\"\/>\n<\/p>\n<h3>Vis\u0105 dien\u0105 veikianti baterija<\/h3>\n<p>D\u0117l galing\u0173 baterij\u0173 ir ma\u017eai energijos naudojan\u010dio \u201eBluetooth 5.4\u201c ry\u0161io TF-T31s leid\u017eia vienu \u012fkrovimu klausytis muzikos apie 5 valandas. Be to, pridedamas d\u0117klas leid\u017eia \u012fkrauti ausines net kelis kartus, o \u012fkrovimas per USB-C \u2013 tai u\u017etruks tik apie 1,5 valandos.<\/p>\n<p>\n<img decoding=\"async\" border=\"0\" src=\"https:\/\/assets.innpro.pl\/8767\/10261\/2.jpg\"\/>\n<\/p>\n<h3>Pridedama<\/h3>\n<ul class=\"list-disc pl-5\">\n<li>Ausin\u0117s<\/li>\n<li>\u012ekrovimo d\u0117klas<\/li>\n<li>USB-A\u2013USB-C \u012fkrovimo laidas<\/li>\n<\/ul>\n<div class=\"table-wrapper\">\n<p>B\u00a0<\/p>\n<h3><\/h3>\n<table>\n<tbody>\n<tr>\n<th>Gamintojas<\/th>\n<td>Transformatoriai<\/td>\n<\/tr>\n<tr>\n<th>Modelis<\/th>\n<td>TF-T31<\/td>\n<\/tr>\n<tr>\n<th>Spalva<\/th>\n<td>Juoda<\/td>\n<\/tr>\n<tr>\n<th>\u201eBluetooth\u201c versija<\/th>\n<td>5.4<\/td>\n<\/tr>\n<tr>\n<th>Diapazonas<\/th>\n<td>Iki 10 m<\/td>\n<\/tr>\n<tr>\n<th>Keitlys<\/th>\n<td>13 mm<\/td>\n<\/tr>\n<tr>\n<th>Da\u017enio atsakas<\/th>\n<td>20 Hz &#8211; 20 kHz<\/td>\n<\/tr>\n<tr>\n<th>Impedansas<\/th>\n<td>32\u041e\u00a9<\/td>\n<\/tr>\n<tr>\n<th>Jautrumas<\/th>\n<td>Apytiksliai 109 dB<\/td>\n<\/tr>\n<tr>\n<th>Ausini\u0173 akumuliatoriaus talpa<\/th>\n<td>30 mAh<\/td>\n<\/tr>\n<tr>\n<th>D\u0117klo akumuliatoriaus talpa<\/th>\n<td>300 mAh<\/td>\n<\/tr>\n<tr>\n<th>Veikimo laikas<\/th>\n<td>Apytiksliai 5 val.<\/td>\n<\/tr>\n<tr>\n<th>\u012ekrovimo laikas<\/th>\n<td>Apytiksliai 1,5 val.<\/td>\n<\/tr>\n<tr>\n<th>\u012ekrovimo prievadas<\/th>\n<td>USB-C<\/td>\n<\/tr>\n<\/tbody>\n<\/table>\n<\/div>\n","protected":false},"excerpt":{"rendered":"<p>TWS Transformers TF-T31 ausin\u0117s (juodos) Belaid\u0117s TF-T31 ausin\u0117s sujungia ausims malon\u0173 gars\u0105, kur\u012f si\u016blo 13 milimetr\u0173 garsiakalbiai, su i\u0161skirtiniu, moderniu dizainu, primenan\u010diu legendin\u012f \u201eTransformers\u201c prek\u0117s \u017eenkl\u0105. J\u0173 d\u0117ka galite m\u0117gautis auk\u0161tos kokyb\u0117s garsu ir patikimu \u201eBluetooth 5.4\u201c ry\u0161iu. Jos taip pat i\u0161siskiria ergonomi\u0161ku dizainu ir ilgu veikimo laiku (iki 5 valand\u0173 vienu \u012fkrovimu). Naujausia \u201eBluetooth [&#8230;]\n","protected":false},"featured_media":18296,"comment_status":"open","ping_status":"closed","template":"","meta":[],"product_brand":[664],"product_cat":[956],"product_tag":[],"class_list":{"0":"post-18295","1":"product","2":"type-product","3":"status-publish","4":"has-post-thumbnail","6":"product_brand-transformers","7":"product_cat-tws","9":"first","10":"outofstock","11":"taxable","12":"shipping-taxable","13":"purchasable","14":"product-type-simple"},"aioseo_notices":[],"_links":{"self":[{"href":"https:\/\/asura.lv\/lt\/wp-json\/wp\/v2\/product\/18295","targetHints":{"allow":["GET"]}}],"collection":[{"href":"https:\/\/asura.lv\/lt\/wp-json\/wp\/v2\/product"}],"about":[{"href":"https:\/\/asura.lv\/lt\/wp-json\/wp\/v2\/types\/product"}],"replies":[{"embeddable":true,"href":"https:\/\/asura.lv\/lt\/wp-json\/wp\/v2\/comments?post=18295"}],"wp:featuredmedia":[{"embeddable":true,"href":"https:\/\/asura.lv\/lt\/wp-json\/wp\/v2\/media\/18296"}],"wp:attachment":[{"href":"https:\/\/asura.lv\/lt\/wp-json\/wp\/v2\/media?parent=18295"}],"wp:term":[{"taxonomy":"product_brand","embeddable":true,"href":"https:\/\/asura.lv\/lt\/wp-json\/wp\/v2\/product_brand?post=18295"},{"taxonomy":"product_cat","embeddable":true,"href":"https:\/\/asura.lv\/lt\/wp-json\/wp\/v2\/product_cat?post=18295"},{"taxonomy":"product_tag","embeddable":true,"href":"https:\/\/asura.lv\/lt\/wp-json\/wp\/v2\/product_tag?post=18295"}],"curies":[{"name":"wp","href":"https:\/\/api.w.org\/{rel}","templated":true}]}}