{"id":18301,"date":"2025-11-28T22:13:06","date_gmt":"2025-11-28T22:13:06","guid":{"rendered":"https:\/\/asura.lv\/product\/tws-transformers-tf-t11-headphones-blue\/"},"modified":"2025-12-12T15:49:00","modified_gmt":"2025-12-12T13:49:00","slug":"tws-transformers-tf-t11-headphones-blue","status":"publish","type":"product","link":"https:\/\/asura.lv\/lt\/produktas\/tws-transformers-tf-t11-headphones-blue\/","title":{"rendered":"TWS Transformers TF-T11 ausin\u0117s (m\u0117lynos)"},"content":{"rendered":"<h3>TWS Transformers TF-T11 ausin\u0117s (m\u0117lynos)<\/h3>\n<p>\u201eTransformers TF-T11\u201c ausin\u0117s i\u0161siskiria ne tik auk\u0161ta garso kokybe, bet ir novatori\u0161ku dizainu bei i\u0161skirtiniu naudojimo patogumu. D\u0117l \u201eBluetooth 5.4\u201c technologijos jos u\u017etikrina stabil\u0173 ry\u0161\u012f beveik bet kokiomis s\u0105lygomis, o 12 milimetr\u0173 garsiakalbiai leid\u017eia m\u0117gautis ai\u0161kiu, ry\u0161kiu garsu. Tai idealus pasirinkimas muzikos myl\u0117tojams, \u017eaidim\u0173 entuziastams ir kitiems!<\/p>\n<p>\n<img decoding=\"async\" border=\"0\" src=\"https:\/\/assets.innpro.pl\/8762\/10256\/1.jpg\"\/>\n<\/p>\n<h3>Unikalus dizainas<\/h3>\n<p>\u201eTransformers TF-T11\u201c ausini\u0173 korpusas i\u0161siskiria unikaliu besisukan\u010diu dizainu. Cilindrinis korpusas su m\u0117lynu LED indikatoriumi suteikia jam modernumo, kuris tikrai patiks technologij\u0173 m\u0117g\u0117jams. Be to, sukant ausines bus girdimi mechaniniai garsai. Be to, komplekte yra prakti\u0161kas v\u0117rinys, leid\u017eiantis ne\u0161ioti ausines ant kaklo \u2013 taip j\u0173 nepamesite.<\/p>\n<p>\n<img decoding=\"async\" border=\"0\" src=\"https:\/\/assets.innpro.pl\/8762\/10256\/3.jpg\"\/>\n<\/p>\n<h3>Ilgas veikimo laikas<\/h3>\n<p>Ausini\u0173 veikimo laikas yra apie 5,5 valandos, tod\u0117l nereikia jaudintis, kad jos per greitai nustos veikti. Be to, joms skirtas d\u0117klas turi 300 mAh baterij\u0105 ir leid\u017eia jas \u012fkrauti apie 4 kartus, o tai rei\u0161kia, kad muzikos klausymosi laikas gali siekti iki 30 valand\u0173. Taip pat pridedamas USB-C laidas greitam ir patogiam \u012fkrovimui.<\/p>\n<p>\n<img decoding=\"async\" border=\"0\" src=\"https:\/\/assets.innpro.pl\/8762\/10256\/4.jpg\"\/>\n<\/p>\n<h3>Greitas susiejimas, stabilus ry\u0161ys<\/h3>\n<p>D\u0117l \u201eOne-Step Pairing\u201c technologijos ausin\u0117s akimirksniu prisijungs prie pasirinkto \u012frenginio. Tiesiog i\u0161imkite jas i\u0161 d\u0117klo ir jos automati\u0161kai susijungs su j\u016bs\u0173 i\u0161maniuoju telefonu! TF-T11 palaiko naujausi\u0105 \u201eBluetooth 5.4\u201c technologij\u0105, u\u017etikrinan\u010di\u0105 stabil\u0173 ry\u0161\u012f ir ma\u017e\u0105 dels\u0105, tod\u0117l puikiai tinka ne tik muzikos klausymuisi, bet ir \u017eaidimams \u017eaisti.<\/p>\n<p>\n<img decoding=\"async\" border=\"0\" src=\"https:\/\/assets.innpro.pl\/8762\/10256\/2.jpg\"\/>\n<\/p>\n<h3>Patogus jutiklinis valdymas<\/h3>\n<p>Intuityv\u016bs jutikliniai valdikliai leid\u017eia lengvai valdyti muzik\u0105, reguliuoti garsum\u0105 ir atsiliepti \u012f skambu\u010dius. D\u0117l to naudotis TF-T11 ausin\u0117mis yra itin paprasta ir malonu. Dabar visos reikalingos funkcijos visada yra po ranka \u2013 nereikia kaskart griebtis i\u0161maniojo telefono.<\/p>\n<p>\n<img decoding=\"async\" border=\"0\" src=\"https:\/\/assets.innpro.pl\/8762\/10256\/8.jpg\"\/>\n<\/p>\n<h3>Puiki garso kokyb\u0117 ir ai\u0161k\u016bs skambu\u010diai<\/h3>\n<p>\u201eTransformers TF-T11\u201c ausin\u0117s turi 12 mm dvigubos diafragmos garsiakalbius, kurie u\u017etikrina galing\u0105 \u017eem\u0173j\u0173 da\u017eni\u0173, ai\u0161kius vidutinius da\u017enius ir malonius aus\u012f d\u017eiuginan\u010dius auk\u0161tuosius da\u017enius. Tai idealus pasirinkimas \u017emon\u0117ms, kurie vertina puik\u0173 gars\u0105 ir nori m\u0117gautis kiekviena m\u0117gstamos muzikos detale! Papildomas ausini\u0173 privalumas yra ENC triuk\u0161m\u0105 slopinantis mikrofonas, kuris garantuoja puiki\u0105 garso kokyb\u0119 skambu\u010di\u0173 metu net ir triuk\u0161mingoje aplinkoje.<\/p>\n<p>\n<img decoding=\"async\" border=\"0\" src=\"https:\/\/assets.innpro.pl\/8762\/10256\/6.jpg\"\/>\n<\/p>\n<h3>\u017daidimo ir muzikos re\u017eimai \u2013 visi\u0161kas lankstumas<\/h3>\n<p>TF-T11 si\u016blo \u017eaidimo ir muzikos re\u017eimus, kuriuos galima lengvai perjungti vienu prisilietimu. \u017daidimo re\u017eimu ausin\u0117s tiksliai fiksuoja \u017eingsni\u0173, \u0161\u016bvi\u0173 ir kit\u0173 svarbi\u0173 u\u017euomin\u0173 garsus, kad \u017eaidimo patirtis b\u016bt\u0173 visi\u0161kai \u012ftraukianti. Dabar galite lengvai gird\u0117ti savo prie\u0161ininkus ir neb\u016bsite nustebinti! Kita vertus, muzikos re\u017eimu galite m\u0117gautis sodriu, auk\u0161tos kokyb\u0117s garsu, kuris pakels j\u016bs\u0173 muzikin\u0119 patirt\u012f \u012f visi\u0161kai nauj\u0105 lyg\u012f.<\/p>\n<p>\n<img decoding=\"async\" border=\"0\" src=\"https:\/\/assets.innpro.pl\/8762\/10256\/5.jpg\"\/>\n<\/p>\n<h3>Pridedama<\/h3>\n<ul class=\"list-disc pl-5\">\n<li>Ausin\u0117s<\/li>\n<li>\u012ekrovimo d\u0117klas<\/li>\n<li>USB-C \u012fkrovimo laidas<\/li>\n<li>Naudotojo vadovas<\/li>\n<\/ul>\n<div class=\"table-wrapper\">\n<p>B\u00a0<\/p>\n<h3><\/h3>\n<table>\n<tbody>\n<tr>\n<th>Gamintojas<\/th>\n<td>Transformatoriai<\/td>\n<\/tr>\n<tr>\n<th>Modelis<\/th>\n<td>TF-T11<\/td>\n<\/tr>\n<tr>\n<th>Spalva<\/th>\n<td>M\u0117lyna<\/td>\n<\/tr>\n<tr>\n<th>\u201eBluetooth\u201c versija<\/th>\n<td>5.4<\/td>\n<\/tr>\n<tr>\n<th>Diapazonas<\/th>\n<td>Iki 10 m<\/td>\n<\/tr>\n<tr>\n<th>Keitlys<\/th>\n<td>12 mm<\/td>\n<\/tr>\n<tr>\n<th>Da\u017enio atsakas<\/th>\n<td>20 Hz &#8211; 20 kHz<\/td>\n<\/tr>\n<tr>\n<th>Impedansas<\/th>\n<td>32\u041e\u00a9<\/td>\n<\/tr>\n<tr>\n<th>Jautrumas<\/th>\n<td>Apytiksliai 112 dB<\/td>\n<\/tr>\n<tr>\n<th>Ausini\u0173 akumuliatoriaus talpa<\/th>\n<td>33 mAh<\/td>\n<\/tr>\n<tr>\n<th>D\u0117klo akumuliatoriaus talpa<\/th>\n<td>300 mAh<\/td>\n<\/tr>\n<tr>\n<th>Veikimo laikas<\/th>\n<td>Apytiksliai 5,5 val.<\/td>\n<\/tr>\n<tr>\n<th>\u012ekrovimo laikas<\/th>\n<td>Apytiksliai 1,5 val.<\/td>\n<\/tr>\n<tr>\n<th>\u012ekrovimo s\u0105saja<\/th>\n<td>USB-C<\/td>\n<\/tr>\n<tr>\n<th>Atsparus vandeniui<\/th>\n<td>IPX5<\/td>\n<\/tr>\n<\/tbody>\n<\/table>\n<\/div>\n","protected":false},"excerpt":{"rendered":"<p>TWS Transformers TF-T11 ausin\u0117s (m\u0117lynos) \u201eTransformers TF-T11\u201c ausin\u0117s i\u0161siskiria ne tik auk\u0161ta garso kokybe, bet ir novatori\u0161ku dizainu bei i\u0161skirtiniu naudojimo patogumu. D\u0117l \u201eBluetooth 5.4\u201c technologijos jos u\u017etikrina stabil\u0173 ry\u0161\u012f beveik bet kokiomis s\u0105lygomis, o 12 milimetr\u0173 garsiakalbiai leid\u017eia m\u0117gautis ai\u0161kiu, ry\u0161kiu garsu. Tai idealus pasirinkimas muzikos myl\u0117tojams, \u017eaidim\u0173 entuziastams ir kitiems! Unikalus dizainas \u201eTransformers [&#8230;]\n","protected":false},"featured_media":18302,"comment_status":"open","ping_status":"closed","template":"","meta":[],"product_brand":[664],"product_cat":[956],"product_tag":[],"class_list":{"0":"post-18301","1":"product","2":"type-product","3":"status-publish","4":"has-post-thumbnail","6":"product_brand-transformers","7":"product_cat-tws","9":"first","10":"outofstock","11":"taxable","12":"shipping-taxable","13":"purchasable","14":"product-type-simple"},"aioseo_notices":[],"_links":{"self":[{"href":"https:\/\/asura.lv\/lt\/wp-json\/wp\/v2\/product\/18301","targetHints":{"allow":["GET"]}}],"collection":[{"href":"https:\/\/asura.lv\/lt\/wp-json\/wp\/v2\/product"}],"about":[{"href":"https:\/\/asura.lv\/lt\/wp-json\/wp\/v2\/types\/product"}],"replies":[{"embeddable":true,"href":"https:\/\/asura.lv\/lt\/wp-json\/wp\/v2\/comments?post=18301"}],"wp:featuredmedia":[{"embeddable":true,"href":"https:\/\/asura.lv\/lt\/wp-json\/wp\/v2\/media\/18302"}],"wp:attachment":[{"href":"https:\/\/asura.lv\/lt\/wp-json\/wp\/v2\/media?parent=18301"}],"wp:term":[{"taxonomy":"product_brand","embeddable":true,"href":"https:\/\/asura.lv\/lt\/wp-json\/wp\/v2\/product_brand?post=18301"},{"taxonomy":"product_cat","embeddable":true,"href":"https:\/\/asura.lv\/lt\/wp-json\/wp\/v2\/product_cat?post=18301"},{"taxonomy":"product_tag","embeddable":true,"href":"https:\/\/asura.lv\/lt\/wp-json\/wp\/v2\/product_tag?post=18301"}],"curies":[{"name":"wp","href":"https:\/\/api.w.org\/{rel}","templated":true}]}}