{"id":18325,"date":"2025-11-28T22:13:04","date_gmt":"2025-11-28T22:13:04","guid":{"rendered":"https:\/\/asura.lv\/product\/filtry-nd8-pl-nd16-pl-nd32-pl-nd64-pl-sunnylife-do-dji-osmo-pocket-3\/"},"modified":"2025-12-12T15:48:59","modified_gmt":"2025-12-12T13:48:59","slug":"filtry-nd8-pl-nd16-pl-nd32-pl-nd64-pl-sunnylife-do-dji-osmo-pocket-3","status":"publish","type":"product","link":"https:\/\/asura.lv\/lt\/produktas\/filtry-nd8-pl-nd16-pl-nd32-pl-nd64-pl-sunnylife-do-dji-osmo-pocket-3\/","title":{"rendered":"\u201eDJI Osmo Pocket 3\u201c \u201eSunnylife\u201c ND8\/PL, ND16\/PL, ND32\/PL, ND64\/PL filtrai"},"content":{"rendered":"<h3>ND8\/PL, ND16\/PL, ND32\/PL, ND64\/PL \u201eSunnylife\u201c filtrai, skirti \u201eDJI Osmo Pocket 3\u201c.<\/h3>\n<p>\u201eSunnylife\u201c filtrai, skirti \u201eDJI Osmo Pocket 3\u201c, yra b\u016btini priedai visiems, norintiems gauti profesionali\u0173 rezultat\u0173 savo \u012fra\u0161uose ir nuotraukose. D\u0117l plono ir lengvo dizaino \u0161ie filtrai neturi \u012ftakos stabilizatoriaus judesiams ir veikimui, i\u0161laikant vis\u0105 kameros funkcionalum\u0105 ir skland\u0173 veikim\u0105. Jie suderinami tiek su originaliu apsauginiu dangteliu, tiek su \u201eSunnylife Z754\u201c dangteliu, u\u017etikrinant visi\u0161k\u0105 j\u016bs\u0173 \u012frangos saugum\u0105.<\/p>\n<p>\n<img decoding=\"async\" border=\"0\" src=\"https:\/\/assets.innpro.pl\/8844\/10355\/2.jpg\"\/>\n<\/p>\n<h3>Tikslus valdymas reguliuojamais filtrais<\/h3>\n<p>\u201eSunnylife\u201c filtrai turi aliuminio lydinio anten\u0105 ir anoduot\u0105 r\u0117m\u0105, kuris leid\u017eia reguliuoti kamp\u0105 ir pritaikyti ND\/PL filtrus pagal savo poreikius. Pasukami auksiniai ratukai leid\u017eia tiksliai sureguliuoti poliarizacijos kamp\u0105, o tai labai svarbu norint gauti puikius kadrus skirtingomis ap\u0161vietimo s\u0105lygomis. D\u0117l magnetin\u0117s adsorbcijos filtrai yra stabiliai pritvirtinti, o tai garantuoja saugum\u0105 ir patog\u0173 naudojim\u0105.<\/p>\n<p>\n<img decoding=\"async\" border=\"0\" src=\"https:\/\/assets.innpro.pl\/8844\/10355\/3.jpg\"\/>\n<\/p>\n<h3>Profesionali vaizdo kokyb\u0117 d\u0117l optini\u0173 l\u0119\u0161i\u0173<\/h3>\n<p>\u201eSunnylife\u201c filtrai pagaminti i\u0161 importuoto optinio stiklo i\u0161 Vokietijos, kuris pasi\u017eymi puikiomis fizin\u0117mis ir chemin\u0117mis savyb\u0117mis. Daugiasluoksn\u0117 danga ir didelis \u0161viesos pralaidumas atkuria nat\u016bralias spalvas, tod\u0117l galite u\u017efiksuoti ai\u0161kius, profesionalius vaizdus. Be to, filtrai yra atspar\u016bs vandeniui, alyvai ir \u012fbr\u0117\u017eimams, tod\u0117l efektyviai apsaugo j\u016bs\u0173 fotoaparato objektyv\u0105 at\u0161iauriomis s\u0105lygomis.<\/p>\n<p>\n<img decoding=\"async\" border=\"0\" src=\"https:\/\/assets.innpro.pl\/8844\/10355\/4.jpg\"\/>\n<\/p>\n<h3>Eleganti\u0161ka ir funkcionali pakuot\u0117<\/h3>\n<p>Filtrai yra eleganti\u0161koje d\u0117\u017eut\u0117je, kuri sukurta maksimaliai apsaugai. Silikoninis vidinis d\u0117klas apsaugo filtrus nuo \u012fbr\u0117\u017eim\u0173 ir sm\u016bgi\u0173, o magnetinis u\u017esegimas u\u017etikrina, kad filtrai visada b\u016bt\u0173 savo vietoje. Taigi galite b\u016bti tikri, kad j\u016bs\u0173 filtrai visada bus saug\u016bs ir paruo\u0161ti naudoti, kad ir kur b\u016btum\u0117te.<\/p>\n<p>\n<img decoding=\"async\" border=\"0\" src=\"https:\/\/assets.innpro.pl\/8844\/10355\/1.jpg\"\/>\n<\/p>\n<h3>Universalus naudojimas ir filtr\u0173 \u012fvairov\u0117<\/h3>\n<p>\u201eSunnylife\u201c filtrai sujungia ND ir CPL filtr\u0173 privalumus, kad atitikt\u0173 j\u016bs\u0173 reikalavimus, kaip pailginti ekspozicijos laik\u0105 ir pa\u0161alinti nepageidaujam\u0105 poliarizuot\u0105 \u0161vies\u0105, tod\u0117l tai yra galingas \u012frankis kra\u0161tovaizd\u017eio fotografijai. Investuokite \u012f \u201eSunnylife\u201c filtrus, skirtus \u201eDJI Osmo Pocket 3\u201c, ir m\u0117gaukit\u0117s visi\u0161ka savo kadr\u0173 kontrole bei patikima \u012frangos apsauga!<\/p>\n<p>\n<img decoding=\"async\" border=\"0\" src=\"https:\/\/assets.innpro.pl\/8844\/10355\/6.jpg\"\/>\n<\/p>\n<div class=\"table-wrapper\">\n<p>B\u00a0<\/p>\n<h3><\/h3>\n<table>\n<tbody>\n<tr>\n<th>Gamintojas<\/th>\n<td>\u201eSunnylife\u201c<\/td>\n<\/tr>\n<tr>\n<th>Filtrai<\/th>\n<td>ND8\/EN, ND16\/EN, ND32\/EN, ND64\/EN<\/td>\n<\/tr>\n<tr>\n<th>Suderinama kamera<\/th>\n<td>\u201eDJI Osmo Pocket 3\u201c<\/td>\n<\/tr>\n<tr>\n<th>Suderinami skydai<\/th>\n<td>\u201eSunnylife Z754\u201c, originalus apsauginis dangtelis<\/td>\n<\/tr>\n<tr>\n<th>Svoris<\/th>\n<td>1 g (vienas filtras)<\/td>\n<\/tr>\n<tr>\n<th>Konstrukcijos med\u017eiaga<\/th>\n<td>Aliuminio lydinys, stikliniai l\u0119\u0161iai, silikonas (filtro d\u0117klas)<\/td>\n<\/tr>\n<tr>\n<th>Matmenys<\/th>\n<td>16 x 22 mm (vienas filtras)<\/td>\n<\/tr>\n<tr>\n<th>Atsparumas<\/th>\n<td>Atsparumas vandeniui, alyvai ir \u012fbr\u0117\u017eimams<\/td>\n<\/tr>\n<tr>\n<th>D\u0117kl\u0173 matmenys<\/th>\n<td>S, M, L<\/td>\n<\/tr>\n<\/tbody>\n<\/table>\n<\/div>\n","protected":false},"excerpt":{"rendered":"<p>ND8\/PL, ND16\/PL, ND32\/PL, ND64\/PL \u201eSunnylife\u201c filtrai, skirti \u201eDJI Osmo Pocket 3\u201c. \u201eSunnylife\u201c filtrai, skirti \u201eDJI Osmo Pocket 3\u201c, yra b\u016btini priedai visiems, norintiems gauti profesionali\u0173 rezultat\u0173 savo \u012fra\u0161uose ir nuotraukose. D\u0117l plono ir lengvo dizaino \u0161ie filtrai neturi \u012ftakos stabilizatoriaus judesiams ir veikimui, i\u0161laikant vis\u0105 kameros funkcionalum\u0105 ir skland\u0173 veikim\u0105. Jie suderinami tiek su originaliu [&#8230;]\n","protected":false},"featured_media":18326,"comment_status":"open","ping_status":"closed","template":"","meta":[],"product_brand":[432],"product_cat":[1181],"product_tag":[],"class_list":{"0":"post-18325","1":"product","2":"type-product","3":"status-publish","4":"has-post-thumbnail","6":"product_brand-sunnylife","7":"product_cat-for-sports-cameras-filters","9":"first","10":"outofstock","11":"taxable","12":"shipping-taxable","13":"purchasable","14":"product-type-simple"},"aioseo_notices":[],"_links":{"self":[{"href":"https:\/\/asura.lv\/lt\/wp-json\/wp\/v2\/product\/18325","targetHints":{"allow":["GET"]}}],"collection":[{"href":"https:\/\/asura.lv\/lt\/wp-json\/wp\/v2\/product"}],"about":[{"href":"https:\/\/asura.lv\/lt\/wp-json\/wp\/v2\/types\/product"}],"replies":[{"embeddable":true,"href":"https:\/\/asura.lv\/lt\/wp-json\/wp\/v2\/comments?post=18325"}],"wp:featuredmedia":[{"embeddable":true,"href":"https:\/\/asura.lv\/lt\/wp-json\/wp\/v2\/media\/18326"}],"wp:attachment":[{"href":"https:\/\/asura.lv\/lt\/wp-json\/wp\/v2\/media?parent=18325"}],"wp:term":[{"taxonomy":"product_brand","embeddable":true,"href":"https:\/\/asura.lv\/lt\/wp-json\/wp\/v2\/product_brand?post=18325"},{"taxonomy":"product_cat","embeddable":true,"href":"https:\/\/asura.lv\/lt\/wp-json\/wp\/v2\/product_cat?post=18325"},{"taxonomy":"product_tag","embeddable":true,"href":"https:\/\/asura.lv\/lt\/wp-json\/wp\/v2\/product_tag?post=18325"}],"curies":[{"name":"wp","href":"https:\/\/api.w.org\/{rel}","templated":true}]}}