{"id":18541,"date":"2025-11-28T22:11:51","date_gmt":"2025-11-28T22:11:51","guid":{"rendered":"https:\/\/asura.lv\/product\/tempered-glass-for-samsung-s24-torras-install-master\/"},"modified":"2025-12-12T15:48:20","modified_gmt":"2025-12-12T13:48:20","slug":"tempered-glass-for-samsung-s24-torras-install-master","status":"publish","type":"product","link":"https:\/\/asura.lv\/lt\/produktas\/tempered-glass-for-samsung-s24-torras-install-master\/","title":{"rendered":"Gr\u016bdintas stiklas, skirtas \u201eSamsung S24+ Torras Install Master\u201c"},"content":{"rendered":"<h3>Gr\u016bdintas stiklas, skirtas \u201eSamsung S24+ Torras Install Master\u201c<\/h3>\n<p>Gr\u016bdintas stiklas \u201eTorras Install Master\u201c buvo sukurtas specialiai \u201eSamsung S24+\u201c. 9H+ kietumo priedas apsaugo \u012frengin\u012f net ir ekstremaliausiomis s\u0105lygomis. Be to, jis suma\u017eina kenksming\u0105 m\u0117lyn\u0105 \u0161vies\u0105 ir padeda palaikyti aki\u0173 sveikat\u0105. \u012ediegimas yra sklandus ir trunka vos sekund\u0119.<\/p>\n<p>\n<img decoding=\"async\" border=\"0\" src=\"https:\/\/assets.innpro.pl\/8435\/9854\/1.jpg\"\/>\n<\/p>\n<h3>Atsparumas kritimui<\/h3>\n<p>\u201eTorras\u201c priedas buvo i\u0161bandytas, kad atlaikyt\u0173 kritim\u0105 i\u0161 ma\u017edaug 2,44 metro auk\u0161\u010dio. Karinio lygio apsaugos technologija u\u017etikrina, kad j\u016bs\u0173 telefonas b\u016bt\u0173 apsaugotas net ir sunkiausiomis situacijomis. Taigi galite m\u0117gautis savo i\u0161maniojo telefono naudojimu nesijaudindami d\u0117l jo saugumo.<\/p>\n<p>\n<img decoding=\"async\" border=\"0\" src=\"https:\/\/assets.innpro.pl\/8435\/9854\/3.jpg\"\/>\n<\/p>\n<h3>9H+ kietumas<\/h3>\n<p>Didelis \u201eTorras Install Master\u201c gr\u016bdinto stiklo kietumas apsaugo nuo \u012fbr\u0117\u017eim\u0173 ir mechanini\u0173 pa\u017eeidim\u0173. Net a\u0161tr\u016bs daiktai, tokie kaip raktai ar peiliai, negali pa\u017eeisti aksesuaro pavir\u0161iaus. D\u0117l to j\u016bs\u0173 i\u0161maniojo telefono ekranas visada atrodys kaip naujas.<\/p>\n<p>\n<img decoding=\"async\" border=\"0\" src=\"https:\/\/assets.innpro.pl\/8435\/9854\/4.jpg\"\/>\n<\/p>\n<h3>Sklandus \u012frenginio valdymas<\/h3>\n<p>D\u0117l nanolaidumo technologijos \u201eTorras Install Master\u201c stiklas u\u017etikrina didel\u012f lietimo jautrum\u0105. Greitas signalo perdavimas leid\u017eia pir\u0161t\u0173 atspaud\u0173 atpa\u017einimui veikti taip pat gerai, kaip ir originaliame ekrane. M\u0117gaukit\u0117s skland\u017eiu ir be r\u016bpes\u010di\u0173 naudojimusi savo i\u0161maniuoju telefonu.<\/p>\n<p>\n<img decoding=\"async\" border=\"0\" src=\"https:\/\/assets.innpro.pl\/8435\/9854\/9.jpg\"\/>\n<\/p>\n<h3>Lengvas ir greitas montavimas<\/h3>\n<p>Novatori\u0161ka automatinio montavimo sistema leid\u017eia lengvai sumontuoti \u201eTorras Install Master\u201c stikl\u0105. Vos vienu spustel\u0117jimu galite tiksliai pritvirtinti pried\u0105 prie savo i\u0161maniojo telefono ekrano. Speciali danga apsaugo nuo oro burbuliuk\u0173 susidarymo, u\u017etikrindama puik\u0173 prigludim\u0105 ir esteti\u0161k\u0105 i\u0161vaizd\u0105.<\/p>\n<p>\n<img decoding=\"async\" border=\"0\" src=\"https:\/\/assets.innpro.pl\/8435\/9854\/2.jpg\"\/>\n<\/p>\n<h3>Apsauga nuo pir\u0161t\u0173 atspaud\u0173<\/h3>\n<p>\u201eTorras Install Master\u201c stiklas padengtas specialia danga, kuri apsaugo nuo pir\u0161t\u0173 atspaud\u0173 ir d\u0117mi\u0173. D\u0117l to \u012frenginio ekranas visada atrodys \u0161varus ir esteti\u0161kai patrauklus. Be to, stiklo pavir\u0161ius yra itin lygus ir leid\u017eia patogiai naudoti \u012frengin\u012f.<\/p>\n<p>\n<img decoding=\"async\" border=\"0\" src=\"https:\/\/assets.innpro.pl\/8435\/9854\/5.jpg\"\/>\n<\/p>\n<h3>Aki\u0173 apsauga<\/h3>\n<p>\u201eTorras\u201c gaminys yra sertifikuotas \u201eT\u00dcV Rheinland\u201c d\u0117l jo geb\u0117jimo suma\u017einti kenksming\u0105 m\u0117lyn\u0105j\u0105 \u0161vies\u0105. D\u0117l to akys yra ma\u017eiau linkusios pavargti ir jausti diskomfort\u0105 ilgai naudojantis i\u0161maniuoju telefonu.<\/p>\n<p>\n<img decoding=\"async\" border=\"0\" src=\"https:\/\/assets.innpro.pl\/8435\/9854\/6.jpg\"\/>\n<\/p>\n<div class=\"table-wrapper\">\n<p>B\u00a0<\/p>\n<h3><\/h3>\n<table>\n<tbody>\n<tr>\n<th>Gamintojas<\/th>\n<td>Torras<\/td>\n<\/tr>\n<tr>\n<th>Modelis<\/th>\n<td>Install Master<\/td>\n<\/tr>\n<tr>\n<th>Suderinamumas<\/th>\n<td>Samsung S24+<\/td>\n<\/tr>\n<tr>\n<th>Kietumas<\/th>\n<td>9H+<\/td>\n<\/tr>\n<tr>\n<th>Sertifikatas<\/th>\n<td>T\u0413\u045aV Reino kra\u0161tas<\/td>\n<\/tr>\n<\/tbody>\n<\/table>\n<\/div>\n","protected":false},"excerpt":{"rendered":"<p>Gr\u016bdintas stiklas, skirtas \u201eSamsung S24+ Torras Install Master\u201c Gr\u016bdintas stiklas \u201eTorras Install Master\u201c buvo sukurtas specialiai \u201eSamsung S24+\u201c. 9H+ kietumo priedas apsaugo \u012frengin\u012f net ir ekstremaliausiomis s\u0105lygomis. Be to, jis suma\u017eina kenksming\u0105 m\u0117lyn\u0105 \u0161vies\u0105 ir padeda palaikyti aki\u0173 sveikat\u0105. \u012ediegimas yra sklandus ir trunka vos sekund\u0119. Atsparumas kritimui \u201eTorras\u201c priedas buvo i\u0161bandytas, kad atlaikyt\u0173 kritim\u0105 [&#8230;]\n","protected":false},"featured_media":18542,"comment_status":"open","ping_status":"closed","template":"","meta":[],"product_brand":[538],"product_cat":[1319],"product_tag":[],"class_list":{"0":"post-18541","1":"product","2":"type-product","3":"status-publish","4":"has-post-thumbnail","6":"product_brand-torras","7":"product_cat-for-smartphones-tempered-glass-and-screen-protectors-gsm-accessories","9":"first","10":"outofstock","11":"taxable","12":"shipping-taxable","13":"purchasable","14":"product-type-simple"},"aioseo_notices":[],"_links":{"self":[{"href":"https:\/\/asura.lv\/lt\/wp-json\/wp\/v2\/product\/18541","targetHints":{"allow":["GET"]}}],"collection":[{"href":"https:\/\/asura.lv\/lt\/wp-json\/wp\/v2\/product"}],"about":[{"href":"https:\/\/asura.lv\/lt\/wp-json\/wp\/v2\/types\/product"}],"replies":[{"embeddable":true,"href":"https:\/\/asura.lv\/lt\/wp-json\/wp\/v2\/comments?post=18541"}],"wp:featuredmedia":[{"embeddable":true,"href":"https:\/\/asura.lv\/lt\/wp-json\/wp\/v2\/media\/18542"}],"wp:attachment":[{"href":"https:\/\/asura.lv\/lt\/wp-json\/wp\/v2\/media?parent=18541"}],"wp:term":[{"taxonomy":"product_brand","embeddable":true,"href":"https:\/\/asura.lv\/lt\/wp-json\/wp\/v2\/product_brand?post=18541"},{"taxonomy":"product_cat","embeddable":true,"href":"https:\/\/asura.lv\/lt\/wp-json\/wp\/v2\/product_cat?post=18541"},{"taxonomy":"product_tag","embeddable":true,"href":"https:\/\/asura.lv\/lt\/wp-json\/wp\/v2\/product_tag?post=18541"}],"curies":[{"name":"wp","href":"https:\/\/api.w.org\/{rel}","templated":true}]}}