{"id":18631,"date":"2025-11-28T22:11:44","date_gmt":"2025-11-28T22:11:44","guid":{"rendered":"https:\/\/asura.lv\/product\/tv-mount-26-60-perlesmith-psmfk12\/"},"modified":"2025-12-12T15:48:14","modified_gmt":"2025-12-12T13:48:14","slug":"tv-mount-26-60-perlesmith-psmfk12","status":"publish","type":"product","link":"https:\/\/asura.lv\/lt\/produktas\/tv-mount-26-60-perlesmith-psmfk12\/","title":{"rendered":"Televizoriaus laikiklis 26-60&#8243; Perlesmith PSMFK12"},"content":{"rendered":"<h3>Televizoriaus laikiklis 26\u201360 coli\u0173 \u201ePerlesmith PSMFK12\u201c<\/h3>\n<p>\u201ePerlesmith PSMFK12\u201c laikiklis skirtas televizoriams, kuri\u0173 \u012fstri\u017eain\u0117s dydis yra nuo 26 iki 60 coli\u0173, tvirtinti. D\u0117l tvirtos konstrukcijos jis gali atlaikyti iki 35 kg sverian\u010dius \u012frenginius, tod\u0117l tai idealus pasirinkimas \u012fvairiems modeliams ir preki\u0173 \u017eenklams. Produktas atitinka VESA standartus nuo 100 x 100 mm iki 400 x 400 mm, garantuodamas plat\u0173 suderinamum\u0105.<\/p>\n<p>\n<img decoding=\"async\" border=\"0\" src=\"https:\/\/assets.innpro.pl\/8800\/10295\/6.jpg\"\/>\n<\/p>\n<h3>Patvari, tvirto plieno konstrukcija<\/h3>\n<p>Sustiprinta tvirtinimo plok\u0161t\u0117 ir tvirto plieno laikikliai u\u017etikrina i\u0161skirtin\u012f stabilum\u0105. Palyginti su kitais gaminiais, laikiklio laikikliai yra 33 % storesni (40 mm), o tai dar labiau padidina jo laikom\u0105j\u0105 gali\u0105. Galite b\u016bti tikri, kad j\u016bs\u0173 televizorius i\u0161liks&#8230; saugiai pritvirtintas prie sienos daugel\u012f met\u0173.<\/p>\n<p>\n<img decoding=\"async\" border=\"0\" src=\"https:\/\/assets.innpro.pl\/8800\/10295\/7.jpg\"\/>\n<\/p>\n<h3>Reguliuojamas \u017ei\u016br\u0117jimo kampas<\/h3>\n<p>Produktas suteikia visi\u0161k\u0105 laisv\u0119 reguliuoti televizoriaus pad\u0117t\u012f pagal individualius poreikius. Galimyb\u0117 reguliuoti pakreipimo kamp\u0105 nuo +5\u00b0 iki -15\u00b0 ir pasukti \u00b190\u00b0 leid\u017eia puikiai i\u0161d\u0117styti ekran\u0105. Be to, ekrano i\u0161pl\u0117timo iki 18,89 colio atstumu nuo sienos funkcija suteikia dar daugiau lankstumo \u012frenginio pad\u0117tyje.<\/p>\n<p>\n<img decoding=\"async\" border=\"0\" src=\"https:\/\/assets.innpro.pl\/8800\/10295\/1.jpg\"\/>\n<\/p>\n<h3>Patvirtintas patikimumas<\/h3>\n<p>PSMFK12 laikiklis i\u0161laik\u0117 grie\u017etus patvarumo bandymus, \u012fskaitant ciklinius bandymus, kurie patvirtina patikimumas net po 6000 judesi\u0173. Produktas yra sertifikuotas UL, o tai \u012frodo jo auk\u0161t\u0105 kokyb\u0119 ir saug\u0173 naudojim\u0105.<\/p>\n<p>\n<img decoding=\"async\" border=\"0\" src=\"https:\/\/assets.innpro.pl\/8800\/10295\/3.jpg\"\/>\n<\/p>\n<h3>Lengvas montavimas ir platus suderinamumas<\/h3>\n<p>Laikikl\u012f lengva montuoti, tod\u0117l jis idealiai tinka net ir tiems, kurie neturi patirties atliekant tokio tipo darbus. J\u012f galima montuoti ant vienos atramin\u0117s sijos, taip pat ant betonini\u0173 ar plyt\u0173 sien\u0173. D\u0117l suderinamumo su \u012fvairiais televizoriais \u201ePerlesmith PSMFK12\u201c laikiklis yra universalus sprendimas, kuris patenkins net reikliausius vartotojus.<\/p>\n<p>\n<img decoding=\"async\" border=\"0\" src=\"https:\/\/assets.innpro.pl\/8800\/10295\/5.jpg\"\/>\n<\/p>\n<div class=\"table-wrapper\">\n<p>\u0412\u00a0<\/p>\n<h3><\/h3>\n<table>\n<tbody>\n<tr>\n<th>Gamintojas<\/th>\n<td>Perlesmith<\/td>\n<\/tr>\n<tr>\n<th>Modelis<\/th>\n<td>PSMFK12<\/td>\n<\/tr>\n<tr>\n<th>Paskirtis<\/th>\n<td>Televizori\u0173 sieninis laikiklis<\/td>\n<\/tr>\n<tr>\n<th>Suderinamumas<\/th>\n<td>Televizoriai, kuri\u0173 \u012fstri\u017eain\u0117 yra nuo 26&#8243; iki 60&#8243;<\/td>\n<\/tr>\n<tr>\n<th>VESA standartai<\/th>\n<td>ma\u017eiausiai: 100 x 100 mm \/ daugiausiai: 400 x 400 mm<\/td>\n<\/tr>\n<tr>\n<th>Maksimali apkrova<\/th>\n<td>35 kg<\/td>\n<\/tr>\n<tr>\n<th>Med\u017eiaga<\/th>\n<td>Tvirtinimo plok\u0161t\u0117: sustiprintas plienas \/ laikiklio laikikliai: plienas (laikiklio storis: 40 mm)<\/td>\n<\/tr>\n<tr>\n<th>Pakreipimo kampo reguliavimas<\/th>\n<td>nuo +5\u00b0 iki -15\u00b0<\/td>\n<\/tr>\n<tr>\n<th>Sukimosi reguliavimas<\/th>\n<td>\u00b190\u00b0<\/td>\n<\/tr>\n<tr>\n<th>Maksimalus atstumas nuo sienos<\/th>\n<td>48 cm<\/td>\n<\/tr>\n<tr>\n<th>Sertifikavimas<\/th>\n<td>UL sertifikuotas<\/td>\n<\/tr>\n<tr>\n<th>Montavimo tipas<\/th>\n<td>Vienas stovas arba montavimas ant betonini\u0173 \/ plyt\u0173 sien\u0173<\/td>\n<\/tr>\n<\/tbody>\n<\/table>\n<\/div>\n","protected":false},"excerpt":{"rendered":"<p>Televizoriaus laikiklis 26\u201360 coli\u0173 \u201ePerlesmith PSMFK12\u201c \u201ePerlesmith PSMFK12\u201c laikiklis skirtas televizoriams, kuri\u0173 \u012fstri\u017eain\u0117s dydis yra nuo 26 iki 60 coli\u0173, tvirtinti. D\u0117l tvirtos konstrukcijos jis gali atlaikyti iki 35 kg sverian\u010dius \u012frenginius, tod\u0117l tai idealus pasirinkimas \u012fvairiems modeliams ir preki\u0173 \u017eenklams. Produktas atitinka VESA standartus nuo 100 x 100 mm iki 400 x 400 mm, [&#8230;]\n","protected":false},"featured_media":18632,"comment_status":"open","ping_status":"closed","template":"","meta":[],"product_brand":[651],"product_cat":[1376],"product_tag":[],"class_list":{"0":"post-18631","1":"product","2":"type-product","3":"status-publish","4":"has-post-thumbnail","6":"product_brand-perlesmith","7":"product_cat-tv-mounts","9":"first","10":"outofstock","11":"taxable","12":"shipping-taxable","13":"purchasable","14":"product-type-simple"},"aioseo_notices":[],"_links":{"self":[{"href":"https:\/\/asura.lv\/lt\/wp-json\/wp\/v2\/product\/18631","targetHints":{"allow":["GET"]}}],"collection":[{"href":"https:\/\/asura.lv\/lt\/wp-json\/wp\/v2\/product"}],"about":[{"href":"https:\/\/asura.lv\/lt\/wp-json\/wp\/v2\/types\/product"}],"replies":[{"embeddable":true,"href":"https:\/\/asura.lv\/lt\/wp-json\/wp\/v2\/comments?post=18631"}],"wp:featuredmedia":[{"embeddable":true,"href":"https:\/\/asura.lv\/lt\/wp-json\/wp\/v2\/media\/18632"}],"wp:attachment":[{"href":"https:\/\/asura.lv\/lt\/wp-json\/wp\/v2\/media?parent=18631"}],"wp:term":[{"taxonomy":"product_brand","embeddable":true,"href":"https:\/\/asura.lv\/lt\/wp-json\/wp\/v2\/product_brand?post=18631"},{"taxonomy":"product_cat","embeddable":true,"href":"https:\/\/asura.lv\/lt\/wp-json\/wp\/v2\/product_cat?post=18631"},{"taxonomy":"product_tag","embeddable":true,"href":"https:\/\/asura.lv\/lt\/wp-json\/wp\/v2\/product_tag?post=18631"}],"curies":[{"name":"wp","href":"https:\/\/api.w.org\/{rel}","templated":true}]}}