{"id":18637,"date":"2025-11-28T22:11:44","date_gmt":"2025-11-28T22:11:44","guid":{"rendered":"https:\/\/asura.lv\/product\/tv-mount-37-75-perlesmith-pstvs13\/"},"modified":"2025-12-12T15:48:14","modified_gmt":"2025-12-12T13:48:14","slug":"tv-mount-37-75-perlesmith-pstvs13","status":"publish","type":"product","link":"https:\/\/asura.lv\/lt\/produktas\/tv-mount-37-75-perlesmith-pstvs13\/","title":{"rendered":"Televizoriaus laikiklis 37-75&#8243; Perlesmith PSTVS13"},"content":{"rendered":"<h3>37\u201375 coli\u0173 televizoriaus laikiklis \u201ePerlesmith PSTVS13\u201c<\/h3>\n<p>\u201ePerlesmith PSTVS13\u201c laikiklis skirtas televizoriams, kuri\u0173 \u012fstri\u017eain\u0117s dydis svyruoja nuo 37 iki 75 coli\u0173. D\u0117l savo universalumo ir tvirtos konstrukcijos tai puikus pasirinkimas tiems, kurie ie\u0161ko stabilaus ir funkcionalaus sprendimo savo \u012frenginiui pritvirtinti. Produktas si\u016blo ekrano pasukimo ir auk\u0161\u010dio reguliavimo funkcijas.<\/p>\n<p>\n<img decoding=\"async\" border=\"0\" src=\"https:\/\/assets.innpro.pl\/8812\/10307\/1.jpg\"\/>\n<\/p>\n<h3>Pasukimo galimyb\u0117<\/h3>\n<p>Galimyb\u0117 pasukti televizori\u0173 30\u00b0 kampu leid\u017eia lengvai reguliuoti \u017ei\u016br\u0117jimo kamp\u0105 pagal savo pageidavimus, o tai ypa\u010d naudinga kambariuose, kuriuose sofa ar foteliai n\u0117ra tiesiai prie\u0161ais \u012frengin\u012f. Tokiu b\u016bdu visada m\u0117gausit\u0117s optimaliu vaizdu.<\/p>\n<p>\n<img decoding=\"async\" border=\"0\" src=\"https:\/\/assets.innpro.pl\/8812\/10307\/5.jpg\"\/>\n<\/p>\n<h3>Rafinuotas dizainas<\/h3>\n<p>Integruotas laikiklio dizainas leid\u017eia lengvai valdyti laidus, o tai suteikia esteti\u0161k\u0105 i\u0161vaizd\u0105 ir apsaugo nuo atsitiktinio pa\u017eeidimo. Neslystan\u010dios pagalv\u0117l\u0117s garantuoja televizoriaus stabilum\u0105 ant bet kokio pavir\u0161iaus.<\/p>\n<p>\n<img decoding=\"async\" border=\"0\" src=\"https:\/\/assets.innpro.pl\/8812\/10307\/3.jpg\"\/>\n<\/p>\n<h3>Auk\u0161\u010dio reguliavimas<\/h3>\n<p>\u201ePerlesmith PSTVS13\u201c leid\u017eia reguliuoti auk\u0161t\u012f nuo 18,23 colio iki 21,38 colio. Taigi, galite reguliuoti ekrano auk\u0161t\u012f iki aki\u0173 lygio, o tai svarbu \u017ei\u016br\u0117jimo patogumui ir ergonomikai.<\/p>\n<p>\n<img decoding=\"async\" border=\"0\" src=\"https:\/\/assets.innpro.pl\/8812\/10307\/6.jpg\"\/>\n<\/p>\n<h3>Lengvas montavimas<\/h3>\n<p>Laikiklio montavimas yra itin paprastas ir nereikalauja joki\u0173 specializuot\u0173 \u012franki\u0173. D\u0117l prid\u0117t\u0173 instrukcij\u0173 ir tik keturi\u0173 var\u017et\u0173 naudojimo gaminio montavimas u\u017etruks nedaug laiko ir gal\u0117site tai padaryti patys.<\/p>\n<p>\n<img decoding=\"async\" border=\"0\" src=\"https:\/\/assets.innpro.pl\/8812\/10307\/4.jpg\"\/>\n<\/p>\n<div class=\"table-wrapper\">\n<p>\u0412\u00a0<\/p>\n<h3><\/h3>\n<table>\n<tbody>\n<tr>\n<th>Gamintojas<\/th>\n<td>Perlesmith<\/td>\n<\/tr>\n<tr>\n<th>Modelis<\/th>\n<td>PSTVS13<\/td>\n<\/tr>\n<tr>\n<th>Suderinamumas<\/th>\n<td>Televizoriai su \u012estri\u017eain\u0117 nuo 37&#8243; iki 75&#8243;<\/td>\n<\/tr>\n<tr>\n<th>VESA standartai<\/th>\n<td>Minimalus: 200 x 100 mm \/ Maksimalus: 600 x 400 mm<\/td>\n<\/tr>\n<tr>\n<th>Maksimali apkrova<\/th>\n<td>39,9 kg<\/td>\n<\/tr>\n<tr>\n<th>Pasukimo reguliavimas<\/th>\n<td>\u00b130\u00b0<\/td>\n<\/tr>\n<tr>\n<th>Auk\u0161\u010dio reguliavimo diapazonas<\/th>\n<td>Nuo ma\u017edaug 46,3 cm iki 54,3 cm<\/td>\n<\/tr>\n<\/tbody>\n<\/table>\n<\/div>\n","protected":false},"excerpt":{"rendered":"<p>37\u201375 coli\u0173 televizoriaus laikiklis \u201ePerlesmith PSTVS13\u201c \u201ePerlesmith PSTVS13\u201c laikiklis skirtas televizoriams, kuri\u0173 \u012fstri\u017eain\u0117s dydis svyruoja nuo 37 iki 75 coli\u0173. D\u0117l savo universalumo ir tvirtos konstrukcijos tai puikus pasirinkimas tiems, kurie ie\u0161ko stabilaus ir funkcionalaus sprendimo savo \u012frenginiui pritvirtinti. Produktas si\u016blo ekrano pasukimo ir auk\u0161\u010dio reguliavimo funkcijas. Pasukimo galimyb\u0117 Galimyb\u0117 pasukti televizori\u0173 30\u00b0 kampu leid\u017eia [&#8230;]\n","protected":false},"featured_media":18638,"comment_status":"open","ping_status":"closed","template":"","meta":[],"product_brand":[651],"product_cat":[1376],"product_tag":[],"class_list":{"0":"post-18637","1":"product","2":"type-product","3":"status-publish","4":"has-post-thumbnail","6":"product_brand-perlesmith","7":"product_cat-tv-mounts","9":"first","10":"outofstock","11":"taxable","12":"shipping-taxable","13":"purchasable","14":"product-type-simple"},"aioseo_notices":[],"_links":{"self":[{"href":"https:\/\/asura.lv\/lt\/wp-json\/wp\/v2\/product\/18637","targetHints":{"allow":["GET"]}}],"collection":[{"href":"https:\/\/asura.lv\/lt\/wp-json\/wp\/v2\/product"}],"about":[{"href":"https:\/\/asura.lv\/lt\/wp-json\/wp\/v2\/types\/product"}],"replies":[{"embeddable":true,"href":"https:\/\/asura.lv\/lt\/wp-json\/wp\/v2\/comments?post=18637"}],"wp:featuredmedia":[{"embeddable":true,"href":"https:\/\/asura.lv\/lt\/wp-json\/wp\/v2\/media\/18638"}],"wp:attachment":[{"href":"https:\/\/asura.lv\/lt\/wp-json\/wp\/v2\/media?parent=18637"}],"wp:term":[{"taxonomy":"product_brand","embeddable":true,"href":"https:\/\/asura.lv\/lt\/wp-json\/wp\/v2\/product_brand?post=18637"},{"taxonomy":"product_cat","embeddable":true,"href":"https:\/\/asura.lv\/lt\/wp-json\/wp\/v2\/product_cat?post=18637"},{"taxonomy":"product_tag","embeddable":true,"href":"https:\/\/asura.lv\/lt\/wp-json\/wp\/v2\/product_tag?post=18637"}],"curies":[{"name":"wp","href":"https:\/\/api.w.org\/{rel}","templated":true}]}}