{"id":18751,"date":"2025-11-28T22:11:34","date_gmt":"2025-11-28T22:11:34","guid":{"rendered":"https:\/\/asura.lv\/product\/niimbot-k3-portable-label-printer-blue\/"},"modified":"2025-12-12T15:48:06","modified_gmt":"2025-12-12T13:48:06","slug":"niimbot-k3-portable-label-printer-blue","status":"publish","type":"product","link":"https:\/\/asura.lv\/lt\/produktas\/niimbot-k3-portable-label-printer-blue\/","title":{"rendered":"Ne\u0161iojamas etike\u010di\u0173 spausdintuvas \u201eNiimbot K3\u201c (m\u0117lynas)"},"content":{"rendered":"<h3>Ne\u0161iojamas \u201eNiimbot K3\u201c etike\u010di\u0173 spausdintuvas (m\u0117lynas)<\/h3>\n<p>\u201eNiimbot K3\u201c etike\u010di\u0173 spausdintuvas yra galingas \u012frenginys, puikiai tinkantis naudoti tiek namuose, tiek biure. D\u0117l kompakti\u0161k\u0173 232 x 145 x 148 mm matmen\u0173 ir vos 1,2 kg svorio spausdintuv\u0105 lengva ne\u0161iotis ir jis neu\u017eima daug vietos ant stalo. Su \u201eNiimbot K3\u201c daikt\u0173 tvarkymas ir \u017eym\u0117jimas tampa paprastas ir efektyvus, taupant laik\u0105.<\/p>\n<p>\n<img decoding=\"async\" border=\"0\" src=\"https:\/\/assets.innpro.pl\/8128\/9500\/4.jpg\"\/>\n<\/p>\n<h3>Neprilygstama spausdinimo kokyb\u0117<\/h3>\n<p>D\u0117l 203 dpi skiriamosios gebos kiekviena etiket\u0117 yra ai\u0161ki ir \u012fskaitoma, o tai \u017eymiai pagerina spaudini\u0173 estetik\u0105. Terminis spausdinimas panaikina ra\u0161alo ar toneri\u0173 poreik\u012f, o tai dar labiau suma\u017eina komunalini\u0173 paslaug\u0173 s\u0105naudas. Tod\u0117l galite pasikliauti patvariais, blukimui ir i\u0161sitepimui atspariais atspaudais, tod\u0117l \u201eNiimbot K3\u201c idealiai tinka spausdinti \u012fvairias etiketes.<\/p>\n<p>\n<img decoding=\"async\" border=\"0\" src=\"https:\/\/assets.innpro.pl\/8128\/9500\/6.jpg\"\/>\n<\/p>\n<h3>Greitas spausdinimas<\/h3>\n<p>180 mm\/s spausdinimo greitis leid\u017eia greitai paruo\u0161ti didel\u012f kiek\u012f etike\u010di\u0173 per trump\u0105 laik\u0105. Tai idealiai tinka \u012fmon\u0117ms, kurioms reikia greitai pa\u017eenklinti gaminius ar dokumentus. Didelis spausdinimo greitis nepablogina kokyb\u0117s, tod\u0117l \u201eNiimbot K3\u201c idealiai tinka toms programoms, kurioms reikalingas ir produktyvumas, ir tikslumas. Tai leid\u017eia spausdintuvui patenkinti \u012fvairi\u0173 pramon\u0117s \u0161ak\u0173 poreikius \u2013 nuo \u200b\u200blogistikos iki ma\u017emenin\u0117s prekybos, kur greitas ir tikslus \u017eenklinimas yra labai svarbus.<\/p>\n<p>\n<img decoding=\"async\" border=\"0\" src=\"https:\/\/assets.innpro.pl\/8128\/9500\/5.jpg\"\/>\n<\/p>\n<h3>Platus suderinamumas<\/h3>\n<p>\u201eNiimbot K3\u201c spausdintuvas suderinamas su \u012fvairiais \u012frenginiais ir operacin\u0117mis sistemomis, \u012fskaitant \u201eAndroid\u201c, \u201eiOS\u201c ir \u201eWindows 7\/10\u201c, ir j\u012f galite vienu metu susieti su 10 i\u0161mani\u0173j\u0173 telefon\u0173 (3 iOS ir 7 Android). Ry\u0161ys per \u201eBluetooth\u201c ir USB leid\u017eia lengvai ir greitai prisijungti prie \u012fvairi\u0173 \u012frengini\u0173, kad b\u016bt\u0173 patogiau. Tai leid\u017eia spausdinti etiketes tiesiai i\u0161 i\u0161mani\u0173j\u0173 telefon\u0173, plan\u0161etini\u0173 kompiuteri\u0173 ar kompiuteri\u0173, taip gerokai pagerinant darbo proces\u0105.<\/p>\n<p>\n<img decoding=\"async\" border=\"0\" src=\"https:\/\/assets.innpro.pl\/8128\/9500\/2.jpg\"\/>\n<\/p>\n<h3>Patogu naudoti<\/h3>\n<p>\u201eNiimbot K3\u201c palaiko etiketes, kuri\u0173 plotis yra nuo 20 mm iki 80 mm, o ilgis \u2013 nuo \u200b\u200b15 mm iki 300 mm. Be to, jis palaiko RFID funkcij\u0105 \u201eNiimbot\u201c etike\u010di\u0173 ritin\u0117liams, kuri leid\u017eia automati\u0161kai atpa\u017einti etiket\u0117s tip\u0105 ir dar labiau palengvina j\u016bs\u0173 darb\u0105. Naudodami \u0161i\u0105 funkcij\u0105 galite greitai ir lengvai keisti etike\u010di\u0173 tipus, nereik\u0117dami rankiniu b\u016bdu nustatyti spausdinimo parametr\u0173, o tai labai pagreitina \u017eenklinimo proces\u0105.<\/p>\n<p>\n<img decoding=\"async\" border=\"0\" src=\"https:\/\/assets.innpro.pl\/8128\/9500\/3.jpg\"\/>\n<\/p>\n<h3>Speciali program\u0117l\u0117<\/h3>\n<p>\u201eNiimbot\u201c program\u0117l\u0117, pasiekiama \u201eApp Store\u201c ir \u201eGoogle Play\u201c, leid\u017eia lengvai kurti ir spausdinti etiketes tiesiai i\u0161 telefono ar plan\u0161etinio kompiuterio. Galite naudoti \u012fvairius i\u0161 anksto paruo\u0161tus \u0161ablonus arba kurti savo dizainus, suteikdami jums visi\u0161k\u0105 etike\u010di\u0173 i\u0161vaizdos kontrol\u0119. Kadangi galima sinchronizuoti su debesimi, etike\u010di\u0173 dizainus galima saugoti internete ir pasiekti i\u0161 \u012fvairi\u0173 \u012frengini\u0173, tod\u0117l juos naudoti dar patogiau.<\/p>\n<p>\n<img decoding=\"async\" border=\"0\" src=\"https:\/\/assets.innpro.pl\/8128\/9500\/7.jpg\"\/>\n<\/p>\n<h3>Pridedama<\/h3>\n<ul class=\"list-disc pl-5\">\n<li>terminis spausdintuvas<\/li>\n<li>\n<p style=\"text-align:justify\">50 x 30 mm etike\u010di\u0173 ritin\u0117lis<\/p>\n<\/li>\n<li>\n<p style=\"text-align:justify\">USB laidas<\/p>\n<\/li>\n<li>\n<p style=\"text-align:justify\">maitinimo laidas<\/p>\n<\/li>\n<li>\n<p style=\"text-align:justify\">maitinimo adapteris<\/p>\n<\/li>\n<li>\n<p style=\"text-align:justify\">naudotojo vadovas<\/p>\n<\/li>\n<\/ul>\n<div class=\"table-wrapper\">\n<p>B\u00a0<\/p>\n<h3><\/h3>\n<table>\n<tbody>\n<tr>\n<th>Gamintojas<\/th>\n<td>Niimbot<\/td>\n<\/tr>\n<tr>\n<th>Modelis<\/th>\n<td>K3<\/td>\n<\/tr>\n<tr>\n<th>Spalva<\/th>\n<td>m\u0117lyna<\/td>\n<\/tr>\n<tr>\n<th>Matmenys<\/th>\n<td>232 x 145 x 148 mm<\/td>\n<\/tr>\n<tr>\n<th>Svoris<\/th>\n<td>1,2 kg<\/td>\n<\/tr>\n<tr>\n<th>Tipas<\/th>\n<td>terminis<\/td>\n<\/tr>\n<tr>\n<th>Rai\u0161ka<\/th>\n<td>203 DPI<\/td>\n<\/tr>\n<tr>\n<th>Spausdinimo greitis<\/th>\n<td>180 mm\/s Maks.<\/td>\n<\/tr>\n<tr>\n<th>Etiket\u0117s plotis<\/th>\n<td>80 mm<\/td>\n<\/tr>\n<tr>\n<th>Etiket\u0117s ilgis<\/th>\n<td>15\u2013300 mm<\/td>\n<\/tr>\n<tr>\n<th>Jungtis<\/th>\n<td>\u201eBluetooth\u201c, USB<\/td>\n<\/tr>\n<tr>\n<th>Maitinimo \u012ftampa<\/th>\n<td>24 V \/ 2,5 A<\/td>\n<\/tr>\n<\/tbody>\n<\/table>\n<\/div>\n","protected":false},"excerpt":{"rendered":"<p>Ne\u0161iojamas \u201eNiimbot K3\u201c etike\u010di\u0173 spausdintuvas (m\u0117lynas) \u201eNiimbot K3\u201c etike\u010di\u0173 spausdintuvas yra galingas \u012frenginys, puikiai tinkantis naudoti tiek namuose, tiek biure. D\u0117l kompakti\u0161k\u0173 232 x 145 x 148 mm matmen\u0173 ir vos 1,2 kg svorio spausdintuv\u0105 lengva ne\u0161iotis ir jis neu\u017eima daug vietos ant stalo. Su \u201eNiimbot K3\u201c daikt\u0173 tvarkymas ir \u017eym\u0117jimas tampa paprastas ir efektyvus, [&#8230;]\n","protected":false},"featured_media":18752,"comment_status":"open","ping_status":"closed","template":"","meta":[],"product_brand":[470],"product_cat":[1022],"product_tag":[],"class_list":{"0":"post-18751","1":"product","2":"type-product","3":"status-publish","4":"has-post-thumbnail","6":"product_brand-niimbot","7":"product_cat-labels","9":"first","10":"outofstock","11":"taxable","12":"shipping-taxable","13":"purchasable","14":"product-type-simple"},"aioseo_notices":[],"_links":{"self":[{"href":"https:\/\/asura.lv\/lt\/wp-json\/wp\/v2\/product\/18751","targetHints":{"allow":["GET"]}}],"collection":[{"href":"https:\/\/asura.lv\/lt\/wp-json\/wp\/v2\/product"}],"about":[{"href":"https:\/\/asura.lv\/lt\/wp-json\/wp\/v2\/types\/product"}],"replies":[{"embeddable":true,"href":"https:\/\/asura.lv\/lt\/wp-json\/wp\/v2\/comments?post=18751"}],"wp:featuredmedia":[{"embeddable":true,"href":"https:\/\/asura.lv\/lt\/wp-json\/wp\/v2\/media\/18752"}],"wp:attachment":[{"href":"https:\/\/asura.lv\/lt\/wp-json\/wp\/v2\/media?parent=18751"}],"wp:term":[{"taxonomy":"product_brand","embeddable":true,"href":"https:\/\/asura.lv\/lt\/wp-json\/wp\/v2\/product_brand?post=18751"},{"taxonomy":"product_cat","embeddable":true,"href":"https:\/\/asura.lv\/lt\/wp-json\/wp\/v2\/product_cat?post=18751"},{"taxonomy":"product_tag","embeddable":true,"href":"https:\/\/asura.lv\/lt\/wp-json\/wp\/v2\/product_tag?post=18751"}],"curies":[{"name":"wp","href":"https:\/\/api.w.org\/{rel}","templated":true}]}}