{"id":18811,"date":"2025-11-28T22:11:29","date_gmt":"2025-11-28T22:11:29","guid":{"rendered":"https:\/\/asura.lv\/product\/smart-water-fountain-for-pets-petsuper-pw03-25l-white\/"},"modified":"2025-12-12T15:48:01","modified_gmt":"2025-12-12T13:48:01","slug":"smart-water-fountain-for-pets-petsuper-pw03-25l-white","status":"publish","type":"product","link":"https:\/\/asura.lv\/lt\/produktas\/smart-water-fountain-for-pets-petsuper-pw03-25l-white\/","title":{"rendered":"I\u0161manus vandens fontanas augintiniams Petsuper PW03 2,5L (baltas)"},"content":{"rendered":"<h3>\u201ePetsuper PW03\u201c 2,5 l i\u0161manusis \u0161un\u0173 ir ka\u010di\u0173 fontanas\/girdykla (balta).<\/h3>\n<p>\u201ePetsuper PW03\u201c fontanas yra novatori\u0161kas prietaisas, skirtas j\u016bs\u0173 augintinio sveikatai ir gerovei. 2,5 litro talpos fontanas u\u017etikrina nuolatin\u0119 prieig\u0105 prie g\u0117lo vandens ilg\u0105 laik\u0105, palaikydamas reguliar\u0173 augintini\u0173 hidratacij\u0105. Tuo pa\u010diu metu prietais\u0105 labai lengva valyti ir jis veikia itin tyliai.<\/p>\n<p>\n<img decoding=\"async\" border=\"0\" src=\"https:\/\/assets.innpro.pl\/8148\/9526\/5.jpg\"\/>\n<\/p>\n<h3>Lengvas vandens lygio valdymas<\/h3>\n<p>Skaidri talpykla su ai\u0161kia skale leid\u017eia greitai ir lengvai patikrinti vandens lyg\u012f. Tokiu b\u016bdu visada \u017einosite, kada j\u0105 reikia papildyti, kad j\u016bs\u0173 augintinis tur\u0117t\u0173 nuolatin\u0119 prieig\u0105 prie jos. Tereikia \u017evilgtel\u0117ti!<\/p>\n<p>\n<img decoding=\"async\" border=\"0\" src=\"https:\/\/assets.innpro.pl\/8148\/9526\/7.jpg\"\/>\n<\/p>\n<h3>Efektyvi filtravimo sistema<\/h3>\n<p>\u201ePetsuper PW03\u201c naudoja pa\u017eangi\u0105 trij\u0173 pakop\u0173 filtravimo sistem\u0105, kuri efektyviai pa\u0161alina tokius ter\u0161alus kaip plaukai, maisto liku\u010diai, sunkieji metalai ir chloras. Ji taip pat efektyviai pa\u0161alina nemalonius kvapus. D\u0117l aktyvuotos anglies ir jon\u0173 main\u0173 dervos filtr\u0173 vanduo i\u0161lieka \u0161vie\u017eias ir sveikas, r\u016bpinantis j\u016bs\u0173 augintinio sveikata.<\/p>\n<p>\n<img decoding=\"async\" border=\"0\" src=\"https:\/\/assets.innpro.pl\/8148\/9526\/2.jpg\"\/>\n<\/p>\n<h3>Tylus ir saugus veikimas<\/h3>\n<p>Fontanas veikia itin tyliai, skleid\u017eiantis tik 30 dB gars\u0105, tod\u0117l netrikdys j\u016bs\u0173 ramyb\u0117s. Nesijaudinkite, kad tai sutrikdys j\u016bs\u0173 naktin\u012f mieg\u0105 ar i\u0161g\u0105sdins j\u016bs\u0173 augintin\u012f! Be to, \u012fmontuotas vandens lygio jutiklis rei\u0161kia, kad kai bakelyje nepakanka vandens, prietaisas automati\u0161kai i\u0161sijungia. \u0160is sprendimas apsaugo gertuv\u0119 nuo pa\u017eeidim\u0173 ir prailgina jos tarnavimo laik\u0105.<\/p>\n<p>\n<img decoding=\"async\" border=\"0\" src=\"https:\/\/assets.innpro.pl\/8148\/9526\/1.jpg\"\/>\n<\/p>\n<h3>Patogumas ir saugumas<\/h3>\n<p>Belaidis siurblys ir vandens bei elektros komponent\u0173 atskyrimas padidina naudojimo saugum\u0105. \u0160i technologija pa\u0161alina nuot\u0117kio rizik\u0105 ir u\u017etikrina patog\u0173, be r\u016bpes\u010di\u0173 gertuv\u0117s naudojim\u0105 kasdien. Be to, neslystantys kilim\u0117liai neleid\u017eia fontanui slysti grindimis, o tvirtas, patvarus nailono pintas laidas yra atsparus \u012fvairi\u0173 tip\u0173 pa\u017eeidimams.<\/p>\n<p>\n<img decoding=\"async\" border=\"0\" src=\"https:\/\/assets.innpro.pl\/8148\/9526\/6.jpg\"\/>\n<\/p>\n<h3>Lengvas valymas<\/h3>\n<p>Fontan\u0105 itin lengva i\u0161ardyti, tod\u0117l galima greitai ir kruop\u0161\u010diai i\u0161valyti visus jo komponentus. D\u0117l to prietais\u0105 labai lengva valyti, o tai daro \u012ftak\u0105 j\u016bs\u0173 augintinio sveikatai.<\/p>\n<p>\n<img decoding=\"async\" border=\"0\" src=\"https:\/\/assets.innpro.pl\/8148\/9526\/4.jpg\"\/>\n<\/p>\n<h3>Pridedama<\/h3>\n<ul class=\"list-disc pl-5\">\n<li>Gertuv\u0117<\/li>\n<li>Maitinimo adapteris<\/li>\n<li>Filtras<\/li>\n<li>Belaidis siurblys<\/li>\n<li>Naudotojo vadovas<\/li>\n<\/ul>\n<div class=\"table-wrapper\">\n<p>\u0412\u00a0<\/p>\n<h3><\/h3>\n<table>\n<tbody>\n<tr>\n<th>Gamintojas<\/th>\n<td>Petsuper<\/td>\n<\/tr>\n<tr>\n<th>Modelis<\/th>\n<td>PW03<\/td>\n<\/tr>\n<tr>\n<th>Talpa<\/th>\n<td>2,5 l<\/td>\n<\/tr>\n<tr>\n<th>\u012etampa<\/th>\n<td>5 V nuolatin\u0117 srov\u0117 1 A<\/td>\n<\/tr>\n<tr>\n<th>Galia<\/th>\n<td>5 W<\/td>\n<\/tr>\n<tr>\n<th>Med\u017eiaga<\/th>\n<td>ABS<\/td>\n<\/tr>\n<tr>\n<th>Matmenys<\/th>\n<td>210 x 180 x 153 mm<\/td>\n<\/tr>\n<tr>\n<th>Svoris<\/th>\n<td>0,79 kg<\/td>\n<\/tr>\n<tr>\n<th>Paskirtis<\/th>\n<td>Kat\u0117ms ir ma\u017eiems \u0161unims<\/td>\n<\/tr>\n<\/tbody>\n<\/table>\n<\/div>\n","protected":false},"excerpt":{"rendered":"<p>\u201ePetsuper PW03\u201c 2,5 l i\u0161manusis \u0161un\u0173 ir ka\u010di\u0173 fontanas\/girdykla (balta). \u201ePetsuper PW03\u201c fontanas yra novatori\u0161kas prietaisas, skirtas j\u016bs\u0173 augintinio sveikatai ir gerovei. 2,5 litro talpos fontanas u\u017etikrina nuolatin\u0119 prieig\u0105 prie g\u0117lo vandens ilg\u0105 laik\u0105, palaikydamas reguliar\u0173 augintini\u0173 hidratacij\u0105. Tuo pa\u010diu metu prietais\u0105 labai lengva valyti ir jis veikia itin tyliai. Lengvas vandens lygio valdymas Skaidri [&#8230;]\n","protected":false},"featured_media":18812,"comment_status":"open","ping_status":"closed","template":"","meta":[],"product_brand":[645],"product_cat":[1244],"product_tag":[],"class_list":{"0":"post-18811","1":"product","2":"type-product","3":"status-publish","4":"has-post-thumbnail","6":"product_brand-petsuper","7":"product_cat-water-dispensers","9":"first","10":"outofstock","11":"taxable","12":"shipping-taxable","13":"purchasable","14":"product-type-simple"},"aioseo_notices":[],"_links":{"self":[{"href":"https:\/\/asura.lv\/lt\/wp-json\/wp\/v2\/product\/18811","targetHints":{"allow":["GET"]}}],"collection":[{"href":"https:\/\/asura.lv\/lt\/wp-json\/wp\/v2\/product"}],"about":[{"href":"https:\/\/asura.lv\/lt\/wp-json\/wp\/v2\/types\/product"}],"replies":[{"embeddable":true,"href":"https:\/\/asura.lv\/lt\/wp-json\/wp\/v2\/comments?post=18811"}],"wp:featuredmedia":[{"embeddable":true,"href":"https:\/\/asura.lv\/lt\/wp-json\/wp\/v2\/media\/18812"}],"wp:attachment":[{"href":"https:\/\/asura.lv\/lt\/wp-json\/wp\/v2\/media?parent=18811"}],"wp:term":[{"taxonomy":"product_brand","embeddable":true,"href":"https:\/\/asura.lv\/lt\/wp-json\/wp\/v2\/product_brand?post=18811"},{"taxonomy":"product_cat","embeddable":true,"href":"https:\/\/asura.lv\/lt\/wp-json\/wp\/v2\/product_cat?post=18811"},{"taxonomy":"product_tag","embeddable":true,"href":"https:\/\/asura.lv\/lt\/wp-json\/wp\/v2\/product_tag?post=18811"}],"curies":[{"name":"wp","href":"https:\/\/api.w.org\/{rel}","templated":true}]}}