{"id":18829,"date":"2025-11-28T22:11:28","date_gmt":"2025-11-28T22:11:28","guid":{"rendered":"https:\/\/asura.lv\/product\/morphy-richards-electric-kettle-108271-black\/"},"modified":"2025-12-12T15:48:00","modified_gmt":"2025-12-12T13:48:00","slug":"morphy-richards-electric-kettle-108271-black","status":"publish","type":"product","link":"https:\/\/asura.lv\/lt\/produktas\/morphy-richards-electric-kettle-108271-black\/","title":{"rendered":"\u201eMorphy Richards\u201c elektrinis virdulys 108271 (juodas)"},"content":{"rendered":"<h3>\u201eMorphy Richards 108271\u201c elektrinis virdulys (juodas)<\/h3>\n<p>\u201eMorphy Richards 108271\u201c \u2013 tai eleganti\u0161kas elektrinis virdulys, kuris ne tik puikiai atrodo, bet ir yra patogus bei greitas kasdieniam naudojimui. Su \u201eEasy Fill\u201c sistema ir vandens lygio indikatoriumi akimirksniu u\u017evirinsite tiksliai tiek vandens, kiek reikia kar\u0161tam g\u0117rimui paruo\u0161ti.<\/p>\n<p>\n<img decoding=\"async\" border=\"0\" src=\"https:\/\/assets.innpro.pl\/8902\/10418\/2.jpg\"\/>\n<\/p>\n<h3>Didel\u0117 talpa kiekvienai progai<\/h3>\n<p>1,5 litro talpos \u201eMorphy Richards 108271\u201c virdulys yra idealus pasirinkimas tiek ma\u017eiems, tiek didesniems nam\u0173 \u016bkiams. Jis leid\u017eia vienu metu paruo\u0161ti iki \u0161e\u0161i\u0173 puodeli\u0173 arbatos ar kavos, tod\u0117l puikiai tinka \u0161eimos susib\u016brimams, vakar\u0117liams su draugais ir kasdieniam naudojimui, kai reikia daugiau kar\u0161t\u0173 g\u0117rim\u0173 vienu metu.<\/p>\n<p>\n<img decoding=\"async\" border=\"0\" src=\"https:\/\/assets.innpro.pl\/8902\/10418\/5.jpg\"\/>\n<\/p>\n<h3>Greitai u\u017everdantis vanduo<\/h3>\n<p>Tur\u0117damas 3 kW gali\u0105, \u201eMorphy Richards 108271\u201c garantuoja greit\u0105 vandens u\u017evirim\u0105, kuris yra b\u016btinas, kai tr\u016bksta laiko. Vos per kelias akimirkas gal\u0117site m\u0117gautis m\u0117gstamu g\u0117rimu, net kai skubate.<\/p>\n<p>\n<img decoding=\"async\" border=\"0\" src=\"https:\/\/assets.innpro.pl\/8902\/10418\/7.jpg\"\/>\n<\/p>\n<h3>Lengvas naudojimas ir \u0161vara<\/h3>\n<p>\u012emontuotas antikalcio filtras u\u017etikrina vandens grynum\u0105, tod\u0117l g\u0117rimai bus skanesni. Be to, patobulintas snapelis leid\u017eia tiksliai ir patogiai pilti vanden\u012f, suma\u017einant i\u0161siliejimo rizik\u0105. Virdulys taip pat turi 360\u00b0 pasukam\u0105 pagrind\u0105, tod\u0117l j\u012f patogu naudoti tiek de\u0161iniarankiams, tiek kairiarankiams.<\/p>\n<p>\n<img decoding=\"async\" border=\"0\" src=\"https:\/\/assets.innpro.pl\/8902\/10418\/4.jpg\"\/>\n<\/p>\n<h3>Tvarka ant virtuv\u0117s stalvir\u0161io<\/h3>\n<p>\u201eCord Tidy\u201c funkcija padeda palaikyti tvark\u0105 virtuv\u0117je, pasl\u0117pdama nereikaling\u0105 laid\u0105. Taip j\u016bs\u0173 stalvir\u0161is i\u0161lieka \u0161varus ir tvarkingas, o virdulys atrodo dar esteti\u0161kiau.<\/p>\n<p>\n<img decoding=\"async\" border=\"0\" src=\"https:\/\/assets.innpro.pl\/8902\/10418\/1.jpg\"\/>\n<\/p>\n<div class=\"table-wrapper\">\n<p>B\u00a0<\/p>\n<h3><\/h3>\n<table>\n<tbody>\n<tr>\n<th>Gamintojas<\/th>\n<td>Morphy Richards<\/td>\n<\/tr>\n<tr>\n<th>Modelis:<\/th>\n<td>108271<\/td>\n<\/tr>\n<tr>\n<th>Talpa:<\/th>\n<td>1,5 litro<\/td>\n<\/tr>\n<tr>\n<th>Galia:<\/th>\n<td>3000 S<\/td>\n<\/tr>\n<tr>\n<th>Spalva:<\/th>\n<td>Juoda<\/td>\n<\/tr>\n<tr>\n<th>Filtras:<\/th>\n<td>Apsauginis nuo kalki\u0173 filtras<\/td>\n<\/tr>\n<tr>\n<th>Pagrindas:<\/th>\n<td>360\u00b0 pasukamas<\/td>\n<\/tr>\n<tr>\n<th>Vandens lygio indikatorius:<\/th>\n<td>Taip, lengvai matomas vandens lygio langelis<\/td>\n<\/tr>\n<tr>\n<th>Laido laikymas:<\/th>\n<td>Taip<\/td>\n<\/tr>\n<\/tbody>\n<\/table>\n<\/div>\n","protected":false},"excerpt":{"rendered":"<p>\u201eMorphy Richards 108271\u201c elektrinis virdulys (juodas) \u201eMorphy Richards 108271\u201c \u2013 tai eleganti\u0161kas elektrinis virdulys, kuris ne tik puikiai atrodo, bet ir yra patogus bei greitas kasdieniam naudojimui. Su \u201eEasy Fill\u201c sistema ir vandens lygio indikatoriumi akimirksniu u\u017evirinsite tiksliai tiek vandens, kiek reikia kar\u0161tam g\u0117rimui paruo\u0161ti. Didel\u0117 talpa kiekvienai progai 1,5 litro talpos \u201eMorphy Richards 108271\u201c [&#8230;]\n","protected":false},"featured_media":18830,"comment_status":"open","ping_status":"closed","template":"","meta":[],"product_brand":[644],"product_cat":[1391],"product_tag":[],"class_list":{"0":"post-18829","1":"product","2":"type-product","3":"status-publish","4":"has-post-thumbnail","6":"product_brand-morphy-richards","7":"product_cat-electric-kettles","9":"first","10":"outofstock","11":"taxable","12":"shipping-taxable","13":"purchasable","14":"product-type-simple"},"aioseo_notices":[],"_links":{"self":[{"href":"https:\/\/asura.lv\/lt\/wp-json\/wp\/v2\/product\/18829","targetHints":{"allow":["GET"]}}],"collection":[{"href":"https:\/\/asura.lv\/lt\/wp-json\/wp\/v2\/product"}],"about":[{"href":"https:\/\/asura.lv\/lt\/wp-json\/wp\/v2\/types\/product"}],"replies":[{"embeddable":true,"href":"https:\/\/asura.lv\/lt\/wp-json\/wp\/v2\/comments?post=18829"}],"wp:featuredmedia":[{"embeddable":true,"href":"https:\/\/asura.lv\/lt\/wp-json\/wp\/v2\/media\/18830"}],"wp:attachment":[{"href":"https:\/\/asura.lv\/lt\/wp-json\/wp\/v2\/media?parent=18829"}],"wp:term":[{"taxonomy":"product_brand","embeddable":true,"href":"https:\/\/asura.lv\/lt\/wp-json\/wp\/v2\/product_brand?post=18829"},{"taxonomy":"product_cat","embeddable":true,"href":"https:\/\/asura.lv\/lt\/wp-json\/wp\/v2\/product_cat?post=18829"},{"taxonomy":"product_tag","embeddable":true,"href":"https:\/\/asura.lv\/lt\/wp-json\/wp\/v2\/product_tag?post=18829"}],"curies":[{"name":"wp","href":"https:\/\/api.w.org\/{rel}","templated":true}]}}