{"id":18847,"date":"2025-11-28T22:11:27","date_gmt":"2025-11-28T22:11:27","guid":{"rendered":"https:\/\/asura.lv\/product\/homerunpet-bf10-smart-fountain-drinker-for-dog-and-cat\/"},"modified":"2025-12-12T15:48:00","modified_gmt":"2025-12-12T13:48:00","slug":"homerunpet-bf10-smart-fountain-drinker-for-dog-and-cat","status":"publish","type":"product","link":"https:\/\/asura.lv\/lt\/produktas\/homerunpet-bf10-smart-fountain-drinker-for-dog-and-cat\/","title":{"rendered":"\u201eHomerunpet BF10\u201c i\u0161manusis fontanas-girdykla \u0161uniui ir katei"},"content":{"rendered":"<h3>\u201eHomerunpet BF10\u201c i\u0161manusis fontanas-girdykla \u0161uniui ir katei<\/h3>\n<p>\u201eHomerunpet BF10\u201c yra i\u0161manusis namini\u0173 gyv\u016bn\u0117li\u0173 girdykla, u\u017etikrinanti nuolatin\u0119 prieig\u0105 prie \u0161varaus ir \u0161vie\u017eio vandens. D\u0117l pa\u017eangi\u0173 funkcij\u0173, trij\u0173 laistymo re\u017eim\u0173, tylaus veikimo ir ne\u0161iojamo bei lengvai pri\u017ei\u016brimo dizaino tai puikus pasirinkimas bet kuriam \u0161eimininkui, besir\u016bpinan\u010diam savo augintinio sveikata ir komfortu.<\/p>\n<p>\n<img decoding=\"async\" border=\"0\" src=\"https:\/\/assets.innpro.pl\/9642\/11250\/1.jpg\"\/>\n<\/p>\n<h3>I\u0161manus vandens srauto aktyvavimas<\/h3>\n<p>Fontane \u012frengti du mikrobang\u0173 radarai, kurie aptinka judes\u012f ir automati\u0161kai \u012fjungia vandens sraut\u0105. Tai skatina augintinius gerti daugiau vandens, pagerinant j\u0173 bendr\u0105 b\u016bkl\u0119. Be to, reguliarus filtravimas kas 12 valand\u0173 2 minut\u0117ms u\u017etikrina, kad jie visada tur\u0117t\u0173 prieig\u0105 prie \u0161varaus, \u0161vie\u017eio vandens be ter\u0161al\u0173.<\/p>\n<p>\n<img decoding=\"async\" border=\"0\" src=\"https:\/\/assets.innpro.pl\/9642\/11250\/9.jpg\"\/>\n<\/p>\n<h3>Keturi\u0173 pakop\u0173 vandens filtravimas<\/h3>\n<p>\u201eHomerunpet BF10\u201c turi pa\u017eangi\u0105 filtravimo sistem\u0105, kuri efektyviai pa\u0161alina plaukus, maisto liku\u010dius ir kitus ter\u0161alus i\u0161 gertuv\u0117s. 3,57 laipsnio nuo\u017eulnus pavir\u0161ius palengvina vandens nutek\u0117jim\u0105, o tai suma\u017eina ne\u0161varum\u0173 kaupimosi rizik\u0105. D\u0117l pusiau permatomo dizaino galite lengvai steb\u0117ti vandens lyg\u012f, o akumuliatoriaus lygio indikatorius ir \u017eemo vandens lygio \u012fsp\u0117jimai leid\u017eia visi\u0161kai kontroliuoti fontano veikim\u0105.<\/p>\n<p>\n<img decoding=\"async\" border=\"0\" src=\"https:\/\/assets.innpro.pl\/9642\/11250\/7.jpg\"\/>\n<\/p>\n<h3>Laistymo re\u017eimai ir tylus veikimas<\/h3>\n<p>Fontanas si\u016blo tris veikimo re\u017eimus, kurie prisitaiko prie skirting\u0173 poreiki\u0173 \u2013 judesio aptikimo re\u017eimas priver\u010dia vanden\u012f tryk\u0161ti, kai jutikliai aptinka augintinio buvim\u0105. Pertraukiamo re\u017eimo metu vanduo paleid\u017eiamas, kai aptinkamas judesys, o po 15 minu\u010di\u0173 pereinama \u012f miego re\u017eim\u0105. \u012eprastas re\u017eimas u\u017etikrina nuolatin\u012f vandens sraut\u0105 vis\u0105 par\u0105. Fontanas veikia labai tyliai, jo triuk\u0161mo lygis yra ma\u017eesnis nei 20 dB, tod\u0117l idealiai tinka naudoti namuose, netrukdant augintiniams ar nam\u0173 \u016bkio nariams.<\/p>\n<p>\n<img decoding=\"async\" border=\"0\" src=\"https:\/\/assets.innpro.pl\/9642\/11250\/8.jpg\"\/>\n<\/p>\n<h3>Patogus ir ne\u0161iojamas dizainas<\/h3>\n<p>\u012erengtas 7800 mAh \u012fkraunama baterija, \u201eHomerunpet BF10\u201c u\u017etikrina iki 30 dien\u0173 nepertraukiamo veikimo arba 60 dien\u0173 pertraukiamu re\u017eimu. Greitas \u012fkrovimas per USB-C trunka vos 5 valandas. Tur\u0117damas belaid\u012f siurbl\u012f ir \u012fkrovimo stotel\u0119, fontan\u0105 galima pastatyti bet kurioje nam\u0173 vietoje, o ne\u0161iojamas dizainas idealiai tinka trumpoms kelion\u0117ms. Nuimamos dalys leid\u017eia lengvai valyti ir u\u017etikrina higieni\u0161k\u0105 naudojim\u0105.<\/p>\n<p>\n<img decoding=\"async\" border=\"0\" src=\"https:\/\/assets.innpro.pl\/9642\/11250\/3.jpg\"\/>\n<\/p>\n<h3>Pridedama<\/h3>\n<ul class=\"list-disc pl-5\">\n<li>G\u0117rykl\u0117l\u0117 augintiniams<\/li>\n<li>Filtras<\/li>\n<li>Kempininis filtras<\/li>\n<li>Belaidis vandens siurblys<\/li>\n<li>C tipo \u012fkrovimo laidas<\/li>\n<li>Naudotojo vadovas<\/li>\n<\/ul>\n<div class=\"table-wrapper\">\n<p>\u0412\u00a0<\/p>\n<h3><\/h3>\n<table>\n<tbody>\n<tr>\n<th>Gamintojas<\/th>\n<td>Homerunpet<\/td>\n<\/tr>\n<tr>\n<th>Modelis<\/th>\n<td>BF10<\/td>\n<\/tr>\n<tr>\n<th>Maitinimo \u012fvestis<\/th>\n<td>5V 2A<\/td>\n<\/tr>\n<tr>\n<th>Baterijos talpa<\/th>\n<td>7800 mAh<\/td>\n<\/tr>\n<tr>\n<th>\u012ekrovimo laikas<\/th>\n<td>5 valandos<\/td>\n<\/tr>\n<tr>\n<th>Baterijos veikimo laikas<\/th>\n<td>60 dien\u0173 (30 dien\u0173, kai \u012fjungtas \u012fprastas re\u017eimas)<\/td>\n<\/tr>\n<tr>\n<th>Talpa<\/th>\n<td>2,0 l (68 uncijos)<\/td>\n<\/tr>\n<tr>\n<th>Triuk\u0161mo lygis<\/th>\n<td><20dB(A)<\/td>\n<\/tr>\n<tr>\n<th>Gaminio matmenys<\/th>\n<td>189 x 187 x 162 mm<\/td>\n<\/tr>\n<tr>\n<th>Med\u017eiaga<\/th>\n<td>ABS<\/td>\n<\/tr>\n<tr>\n<th>Svoris<\/th>\n<td>1,1 kg<\/td>\n<\/tr>\n<tr>\n<th>Tinkama vandens temperat\u016bra Diapazonas<\/th>\n<td>0\u201340 \u00b0C<\/td>\n<\/tr>\n<tr>\n<th>Laistymo re\u017eim\u0173 skai\u010dius<\/th>\n<td>3<\/td>\n<\/tr>\n<tr>\n<th>Pavir\u0161iaus kampas<\/th>\n<td>3,57 \u00b0<\/td>\n<\/tr>\n<tr>\n<th>Judesio aptikimo kampas<\/th>\n<td>180 \u00b0<\/td>\n<\/tr>\n<\/tbody>\n<\/table>\n<\/div>\n","protected":false},"excerpt":{"rendered":"<p>\u201eHomerunpet BF10\u201c i\u0161manusis fontanas-girdykla \u0161uniui ir katei \u201eHomerunpet BF10\u201c yra i\u0161manusis namini\u0173 gyv\u016bn\u0117li\u0173 girdykla, u\u017etikrinanti nuolatin\u0119 prieig\u0105 prie \u0161varaus ir \u0161vie\u017eio vandens. D\u0117l pa\u017eangi\u0173 funkcij\u0173, trij\u0173 laistymo re\u017eim\u0173, tylaus veikimo ir ne\u0161iojamo bei lengvai pri\u017ei\u016brimo dizaino tai puikus pasirinkimas bet kuriam \u0161eimininkui, besir\u016bpinan\u010diam savo augintinio sveikata ir komfortu. I\u0161manus vandens srauto aktyvavimas Fontane \u012frengti du [&#8230;]\n","protected":false},"featured_media":18848,"comment_status":"open","ping_status":"closed","template":"","meta":[],"product_brand":[547],"product_cat":[1244],"product_tag":[],"class_list":{"0":"post-18847","1":"product","2":"type-product","3":"status-publish","4":"has-post-thumbnail","6":"product_brand-homerunpet","7":"product_cat-water-dispensers","9":"first","10":"outofstock","11":"taxable","12":"shipping-taxable","13":"purchasable","14":"product-type-simple"},"aioseo_notices":[],"_links":{"self":[{"href":"https:\/\/asura.lv\/lt\/wp-json\/wp\/v2\/product\/18847","targetHints":{"allow":["GET"]}}],"collection":[{"href":"https:\/\/asura.lv\/lt\/wp-json\/wp\/v2\/product"}],"about":[{"href":"https:\/\/asura.lv\/lt\/wp-json\/wp\/v2\/types\/product"}],"replies":[{"embeddable":true,"href":"https:\/\/asura.lv\/lt\/wp-json\/wp\/v2\/comments?post=18847"}],"wp:featuredmedia":[{"embeddable":true,"href":"https:\/\/asura.lv\/lt\/wp-json\/wp\/v2\/media\/18848"}],"wp:attachment":[{"href":"https:\/\/asura.lv\/lt\/wp-json\/wp\/v2\/media?parent=18847"}],"wp:term":[{"taxonomy":"product_brand","embeddable":true,"href":"https:\/\/asura.lv\/lt\/wp-json\/wp\/v2\/product_brand?post=18847"},{"taxonomy":"product_cat","embeddable":true,"href":"https:\/\/asura.lv\/lt\/wp-json\/wp\/v2\/product_cat?post=18847"},{"taxonomy":"product_tag","embeddable":true,"href":"https:\/\/asura.lv\/lt\/wp-json\/wp\/v2\/product_tag?post=18847"}],"curies":[{"name":"wp","href":"https:\/\/api.w.org\/{rel}","templated":true}]}}