{"id":18877,"date":"2025-11-28T22:11:23","date_gmt":"2025-11-28T22:11:23","guid":{"rendered":"https:\/\/asura.lv\/product\/choetech-t632-f-3-in-1-15w-inductive-charger-black\/"},"modified":"2025-12-12T15:47:58","modified_gmt":"2025-12-12T13:47:58","slug":"choetech-t632-f-3-in-1-15w-inductive-charger-black","status":"publish","type":"product","link":"https:\/\/asura.lv\/lt\/produktas\/choetech-t632-f-3-in-1-15w-inductive-charger-black\/","title":{"rendered":"\u201eChoetech T632-F\u201c 3 viename 15 W indukcinis \u012fkroviklis (juodas)"},"content":{"rendered":"<h3>\u201eChoetech T632-F 3in1\u201c 15 W indukcinis \u012fkroviklis (juodas).<\/h3>\n<p>\u201eChoetech T632-F 3-in-1\u201c indukcinis \u012fkroviklis yra universalus ir novatori\u0161kas sprendimas, leid\u017eiantis vienu metu \u012fkrauti telefon\u0105, belaid\u0117s ausines ir laikrod\u012f. Su \u0161iuo \u012fkrovikliu galite lengvai \u012fkrauti visus savo \u012frenginius, kad ir kur b\u016btum\u0117te.<\/p>\n<p>\n<img decoding=\"async\" border=\"0\" src=\"https:\/\/assets.innpro.pl\/8074\/9419\/3.jpg\"\/>\n<\/p>\n<h3>Greitas j\u016bs\u0173 \u012frangos \u012fkrovimas<\/h3>\n<p>\u201eChoetech T632-F\u201c si\u016blo itin greit\u0105 \u012fkrovim\u0105 iki 15 W galia. Jis \u012fkrauna i\u0161maniuosius telefonus 5\/7\/10\/15 W galia, laikrod\u012f \u2013 2,5 W galia, o belaid\u0117s ausines \u2013 3 W galia. Taigi j\u016bs\u0173 \u012frenginiai visada bus paruo\u0161ti naudoti per trumpiausi\u0105 \u012fmanom\u0105 laik\u0105.<\/p>\n<p>\n<img decoding=\"async\" border=\"0\" src=\"https:\/\/assets.innpro.pl\/8074\/9419\/6.jpg\"\/>\n<\/p>\n<h3>Universalus suderinamumas<\/h3>\n<p>\u012ekroviklis suderinamas su \u012fvairiais \u012frenginiais, \u012fskaitant \u201eiPhone 14\/15\/13\/12\u201c, \u201eiWatchs Ultra\/SE\/7\/6\/5\/4\/3\/2\u201c ir \u201eAirPods Pro 3\/2\/Pro\/Pro 2\u201c ausines. Nepriklausomai nuo j\u016bs\u0173 \u012frenginio modelio, \u201eChoetech T632-F\u201c \u012fkroviklis suteiks jam reikiam\u0105 gali\u0105 ir na\u0161um\u0105.<\/p>\n<p>\n<img decoding=\"async\" border=\"0\" src=\"https:\/\/assets.innpro.pl\/8074\/9419\/7.jpg\"\/>\n<\/p>\n<h3>Kompakti\u0161kas dydis ir lengvas svoris<\/h3>\n<p>\u201eChoetech T632-F\u201c pasi\u017eymi kompakti\u0161ku dyd\u017eiu ir lengvu dizainu, tod\u0117l j\u012f lengva ne\u0161iotis ir jis idealiai tinka kelion\u0117ms. Be to, \u012fkrovikl\u012f galima nuimti ir pritvirtinti magnetiniu b\u016bdu i\u0161 apa\u010dios, o patogumui ir vietos taupymui jis virsta sulankstomu \u012fkrovimo kubu.<\/p>\n<p>\n<img decoding=\"async\" border=\"0\" src=\"https:\/\/assets.innpro.pl\/8074\/9419\/2.jpg\"\/>\n<\/p>\n<h3>Maksimali apsauga<\/h3>\n<p>\u012ekroviklis apr\u016bpintas pa\u017eangiomis saugos funkcijomis, kurios apsaugo j\u016bs\u0173 \u012frenginius nuo perkaitimo, perkrovimo ir trumpojo jungimo. Tai leid\u017eia \u012fkrauti \u012frang\u0105 nesijaudinant d\u0117l \u200b\u200bjos saugumo.<\/p>\n<p>\n<img decoding=\"async\" border=\"0\" src=\"https:\/\/assets.innpro.pl\/8074\/9419\/4.jpg\"\/>\n<\/p>\n<h3>Reguliuojamas ekranas<\/h3>\n<p>\u201eChoetech T632-F\u201c \u012fkroviklis leid\u017eia laisvai reguliuoti \u012fkraunamos \u012frangos ekran\u0105 vertikaliai ir horizontaliai 360 laipsni\u0173 kampu, taip pat reguliuoti pakreipimo kamp\u0105 iki 60 laipsni\u0173, kad gal\u0117tum\u0117te patogiai naudoti savo \u012frengin\u012f net ir tada, kai jis kraunamas. Rinkit\u0117s \u201eChoetech T632-F\u201c indukcin\u012f \u012fkrovikl\u012f ir m\u0117gaukit\u0117s patogiu, greitu ir saugiu savo \u012frengini\u0173 \u012fkrovimu.<\/p>\n<p>\n<img decoding=\"async\" border=\"0\" src=\"https:\/\/assets.innpro.pl\/8074\/9419\/5.jpg\"\/>\n<\/p>\n<div class=\"table-wrapper\">\n<p>B\u00a0<\/p>\n<h3><\/h3>\n<table>\n<tbody>\n<tr>\n<th>Gamintojas<\/th>\n<td>Choetech<\/td>\n<\/tr>\n<tr>\n<th>Modelis<\/th>\n<td>T632-F<\/td>\n<\/tr>\n<tr>\n<th>I\u0161\u0117jimo galia<\/th>\n<td>15 W \u201eiPhone\u201c, 2,5 W laikrod\u017eiai, 3 W belaidis ausin\u0117s<\/td>\n<\/tr>\n<tr>\n<th>Svoris<\/th>\n<td>245 g<\/td>\n<\/tr>\n<tr>\n<th>Spalva<\/th>\n<td>Juoda<\/td>\n<\/tr>\n<\/tbody>\n<\/table>\n<\/div>\n","protected":false},"excerpt":{"rendered":"<p>\u201eChoetech T632-F 3in1\u201c 15 W indukcinis \u012fkroviklis (juodas). \u201eChoetech T632-F 3-in-1\u201c indukcinis \u012fkroviklis yra universalus ir novatori\u0161kas sprendimas, leid\u017eiantis vienu metu \u012fkrauti telefon\u0105, belaid\u0117s ausines ir laikrod\u012f. Su \u0161iuo \u012fkrovikliu galite lengvai \u012fkrauti visus savo \u012frenginius, kad ir kur b\u016btum\u0117te. Greitas j\u016bs\u0173 \u012frangos \u012fkrovimas \u201eChoetech T632-F\u201c si\u016blo itin greit\u0105 \u012fkrovim\u0105 iki 15 W galia. Jis [&#8230;]\n","protected":false},"featured_media":18878,"comment_status":"open","ping_status":"closed","template":"","meta":[],"product_brand":[445],"product_cat":[1322],"product_tag":[],"class_list":{"0":"post-18877","1":"product","2":"type-product","3":"status-publish","4":"has-post-thumbnail","6":"product_brand-choetech","7":"product_cat-wireless-chargers-chargers-gsm-accessories","9":"first","10":"outofstock","11":"taxable","12":"shipping-taxable","13":"purchasable","14":"product-type-simple"},"aioseo_notices":[],"_links":{"self":[{"href":"https:\/\/asura.lv\/lt\/wp-json\/wp\/v2\/product\/18877","targetHints":{"allow":["GET"]}}],"collection":[{"href":"https:\/\/asura.lv\/lt\/wp-json\/wp\/v2\/product"}],"about":[{"href":"https:\/\/asura.lv\/lt\/wp-json\/wp\/v2\/types\/product"}],"replies":[{"embeddable":true,"href":"https:\/\/asura.lv\/lt\/wp-json\/wp\/v2\/comments?post=18877"}],"wp:featuredmedia":[{"embeddable":true,"href":"https:\/\/asura.lv\/lt\/wp-json\/wp\/v2\/media\/18878"}],"wp:attachment":[{"href":"https:\/\/asura.lv\/lt\/wp-json\/wp\/v2\/media?parent=18877"}],"wp:term":[{"taxonomy":"product_brand","embeddable":true,"href":"https:\/\/asura.lv\/lt\/wp-json\/wp\/v2\/product_brand?post=18877"},{"taxonomy":"product_cat","embeddable":true,"href":"https:\/\/asura.lv\/lt\/wp-json\/wp\/v2\/product_cat?post=18877"},{"taxonomy":"product_tag","embeddable":true,"href":"https:\/\/asura.lv\/lt\/wp-json\/wp\/v2\/product_tag?post=18877"}],"curies":[{"name":"wp","href":"https:\/\/api.w.org\/{rel}","templated":true}]}}