{"id":18913,"date":"2025-11-28T22:11:20","date_gmt":"2025-11-28T22:11:20","guid":{"rendered":"https:\/\/asura.lv\/product\/video-doorbell-botslab-r801-3mp\/"},"modified":"2025-12-12T15:47:55","modified_gmt":"2025-12-12T13:47:55","slug":"video-doorbell-botslab-r801-3mp","status":"publish","type":"product","link":"https:\/\/asura.lv\/lt\/produktas\/video-doorbell-botslab-r801-3mp\/","title":{"rendered":"Vaizdo dur\u0173 skambutis \u201eBotslab R801 3MP\u201c"},"content":{"rendered":"<h3>\u201eBotslab R801\u201c 3MP vaizdo domofonas<\/h3>\n<p>\u201eBotslab R80\u201c vaizdo domofonas u\u017etikrina visi\u0161k\u0105 bet kuri\u0173 nam\u0173 dur\u0173 kontrol\u0119 ir saugum\u0105. Su 3MP kamera, plataus kampo objektyvu (140\u00b0), PIR judesio aptikimu ir naktinio matymo funkcija pasieksite svajoni\u0173 ramyb\u0119. \u012erenginyje yra \u012fmontuota 5000 mAh baterija, kuri\u0105 galite \u012fkrauti naudojimo metu. \u201eBotslab R801\u201c taip pat si\u016blo debesies saugykl\u0105 iki 7 dien\u0173 ir yra suderinamas su \u201eAlexa\u201c bei \u201eGoogle Assistant\u201c, tod\u0117l j\u012f \u012fdiegiant nekils joki\u0173 problem\u0173.<\/p>\n<p>\n<img decoding=\"async\" border=\"0\" src=\"https:\/\/assets.innpro.pl\/8297\/9702\/7.jpg\"\/>\n<\/p>\n<h3>I\u0161skirtin\u0117 vaizdo kokyb\u0117<\/h3>\n<p>\u201eBotslab R801\u201c si\u016blo 3 MP (2304 x 1296) rai\u0161k\u0105, tod\u0117l kiekviena \u012fra\u0161yta scena yra ai\u0161ki ir detali. \u012erenginys naudoja PIR judesio aptikim\u0105 su 120\u00b0 aptikimo kampu ir 5 metr\u0173 atstumu, tod\u0117l efektyviai aptinka jud\u0117jim\u0105 prie\u0161ais duris. Informacij\u0105 apie aptikt\u0105 veikl\u0105 galite patikrinti specialioje program\u0117l\u0117je. D\u0117l plataus kampo objektyvo su 140\u00b0 matymo lauku nepraleisite n\u0117 vienos detal\u0117s. Funkcija \u201eHD Night Vision\u201c garantuoja ai\u0161k\u0173 vaizd\u0105 iki ma\u017edaug 4,5 metro atstumu net nakt\u012f.<\/p>\n<p>\n<img decoding=\"async\" border=\"0\" src=\"https:\/\/assets.innpro.pl\/8297\/9702\/6.jpg\"\/>\n<\/p>\n<h3>Patikimas veikimas<\/h3>\n<p>Integruot\u0105 5000 mAh baterij\u0105 galima \u012fkrauti naudojimo metu, be kita ko, naudojant i\u0161orin\u0119 baterij\u0105. Tai u\u017etikrina, kad j\u016bs\u0173 namai visada bus stebimi, net ir dingus elektrai.<\/p>\n<p>\n<img decoding=\"async\" border=\"0\" src=\"https:\/\/assets.innpro.pl\/8297\/9702\/4.jpg\"\/>\n<\/p>\n<h3>Lengvas montavimas ir valdymas<\/h3>\n<p>Vaizdo domofono montavimas yra sklandus ir nesud\u0117tingas. J\u012f galima montuoti klijais arba var\u017etais. Intuityvi mobilioji program\u0117l\u0117 suteikia prieig\u0105 prie vis\u0173 \u012frenginio funkcij\u0173, \u012fskaitant nuotolin\u012f vaizdo skambu\u010di\u0173 atsiliepim\u0105 ir tiesiogin\u012f vaizdo per\u017ei\u016br\u0105. \u201eBotslab R801\u201c taip pat veikia su \u201eAlexa\u201c ir \u201eGoogle Assistant\u201c balso asistentais, tod\u0117l galite valdyti jo veikim\u0105 balso komandomis.<\/p>\n<p>\n<img decoding=\"async\" border=\"0\" src=\"https:\/\/assets.innpro.pl\/8297\/9702\/2.jpg\"\/>\n<\/p>\n<h3>Prane\u0161imai ir aptikimas<\/h3>\n<p>Su prane\u0161imais visada \u017einosite, kada aptinkamas judesys arba kada prie\u0161ais j\u016bs\u0173 namus yra \u017emoni\u0173. \u201eBotslab R80\u201c vaizdo domofonas gali identifikuoti \u0161eimos narius, o tai padidina saugum\u0105 ir patogum\u0105.<\/p>\n<p>\n<img decoding=\"async\" border=\"0\" src=\"https:\/\/assets.innpro.pl\/8297\/9702\/5.jpg\"\/>\n<\/p>\n<h3>Saugi saugykla debesyje<\/h3>\n<p>Galimyb\u0117 saugoti \u012fra\u0161us debesyje suteikia papildom\u0105 j\u016bs\u0173 duomen\u0173 apsaugos sluoksn\u012f. Be prenumeratos galima saugoti \u012fra\u0161us iki 24 valand\u0173. Ta\u010diau galite pasinaudoti \u201eBotslab Cloud Storage\u201c vieneri\u0173 met\u0173 bandomuoju laikotarpiu, kuris si\u016blo 48 valand\u0173 saugykl\u0105, taip pat galimyb\u0119 prat\u0119sti iki 7 dien\u0173.<\/p>\n<p>\n<img decoding=\"async\" border=\"0\" src=\"https:\/\/assets.innpro.pl\/8297\/9702\/3.jpg\"\/>\n<\/p>\n<h3>\u012etraukta:<\/h3>\n<ul class=\"list-disc pl-5\">\n<li>Vaizdo telefonas<\/li>\n<li>Tvirtinimo laikiklis<\/li>\n<li>Pad\u0117ties lipdukas<\/li>\n<li>Skambutis<\/li>\n<li>USB laidas<\/li>\n<li>Var\u017et\u0173 rinkinys<\/li>\n<li>Vaizdo domofono \u0161alinimo \u012frankis<\/li>\n<li>Maitinimo ki\u0161tukas x3<\/li>\n<li>Naudotojo vadovas<\/li>\n<\/ul>\n<div class=\"table-wrapper\">\n<p>B\u00a0<\/p>\n<h3><\/h3>\n<table>\n<tbody>\n<tr>\n<th>Gamintojas<\/th>\n<td>Botslab<\/td>\n<\/tr>\n<tr>\n<th>Modelis<\/th>\n<td>R801<\/td>\n<\/tr>\n<tr>\n<th>Rai\u0161ka<\/th>\n<td>3MP (2304&#215;1296)<\/td>\n<\/tr>\n<tr>\n<th>Matymo laukas<\/th>\n<td>140\u00b0<\/td>\n<\/tr>\n<tr>\n<th>PIR judesio aptikimas<\/th>\n<td>5 m\/120\u00b0<\/td>\n<\/tr>\n<tr>\n<th>Vaizdo jutiklis<\/th>\n<td>1\/2,8 colio progresyvaus skenavimo CMOS<\/td>\n<\/tr>\n<tr>\n<th>\u017didinio fokusavimo Ilgis<\/th>\n<td>3 mm<\/td>\n<\/tr>\n<tr>\n<th>Diafragma<\/th>\n<td>F2.0<\/td>\n<\/tr>\n<tr>\n<th>IR \u0161viesos diod\u0173 skai\u010dius<\/th>\n<td>6 (940 nm IR \u0161viesos diodai)<\/td>\n<\/tr>\n<tr>\n<th>\u201eWi-Fi\u201c protokolas<\/th>\n<td>IEEE 802.11b\/g\/n, 2,4 GHz<\/td>\n<\/tr>\n<tr>\n<th>Maitinimo \u0161altinis<\/th>\n<td>USB-C DC 5 V ir 1 A<\/td>\n<\/tr>\n<tr>\n<th>Matmenys<\/th>\n<td>140 x 115 x 60 mm<\/td>\n<\/tr>\n<\/tbody>\n<\/table>\n<\/div>\n","protected":false},"excerpt":{"rendered":"<p>\u201eBotslab R801\u201c 3MP vaizdo domofonas \u201eBotslab R80\u201c vaizdo domofonas u\u017etikrina visi\u0161k\u0105 bet kuri\u0173 nam\u0173 dur\u0173 kontrol\u0119 ir saugum\u0105. Su 3MP kamera, plataus kampo objektyvu (140\u00b0), PIR judesio aptikimu ir naktinio matymo funkcija pasieksite svajoni\u0173 ramyb\u0119. \u012erenginyje yra \u012fmontuota 5000 mAh baterija, kuri\u0105 galite \u012fkrauti naudojimo metu. \u201eBotslab R801\u201c taip pat si\u016blo debesies saugykl\u0105 iki 7 [&#8230;]\n","protected":false},"featured_media":18914,"comment_status":"open","ping_status":"closed","template":"","meta":[],"product_brand":[642],"product_cat":[917],"product_tag":[],"class_list":{"0":"post-18913","1":"product","2":"type-product","3":"status-publish","4":"has-post-thumbnail","6":"product_brand-botslab","7":"product_cat-access-control","9":"first","10":"outofstock","11":"taxable","12":"shipping-taxable","13":"purchasable","14":"product-type-simple"},"aioseo_notices":[],"_links":{"self":[{"href":"https:\/\/asura.lv\/lt\/wp-json\/wp\/v2\/product\/18913","targetHints":{"allow":["GET"]}}],"collection":[{"href":"https:\/\/asura.lv\/lt\/wp-json\/wp\/v2\/product"}],"about":[{"href":"https:\/\/asura.lv\/lt\/wp-json\/wp\/v2\/types\/product"}],"replies":[{"embeddable":true,"href":"https:\/\/asura.lv\/lt\/wp-json\/wp\/v2\/comments?post=18913"}],"wp:featuredmedia":[{"embeddable":true,"href":"https:\/\/asura.lv\/lt\/wp-json\/wp\/v2\/media\/18914"}],"wp:attachment":[{"href":"https:\/\/asura.lv\/lt\/wp-json\/wp\/v2\/media?parent=18913"}],"wp:term":[{"taxonomy":"product_brand","embeddable":true,"href":"https:\/\/asura.lv\/lt\/wp-json\/wp\/v2\/product_brand?post=18913"},{"taxonomy":"product_cat","embeddable":true,"href":"https:\/\/asura.lv\/lt\/wp-json\/wp\/v2\/product_cat?post=18913"},{"taxonomy":"product_tag","embeddable":true,"href":"https:\/\/asura.lv\/lt\/wp-json\/wp\/v2\/product_tag?post=18913"}],"curies":[{"name":"wp","href":"https:\/\/api.w.org\/{rel}","templated":true}]}}