{"id":19075,"date":"2025-11-28T22:11:05","date_gmt":"2025-11-28T22:11:05","guid":{"rendered":"https:\/\/asura.lv\/product\/usb-cable-baseus-free2pull-usb-c-to-ip-20w-1m-black\/"},"modified":"2025-12-12T15:47:43","modified_gmt":"2025-12-12T13:47:43","slug":"usb-cable-baseus-free2pull-usb-c-to-ip-20w-1m-black","status":"publish","type":"product","link":"https:\/\/asura.lv\/lt\/produktas\/usb-cable-baseus-free2pull-usb-c-to-ip-20w-1m-black\/","title":{"rendered":"USB laidas Baseus Free2Pull USB-C \u012f iPad 20W 1m (juodas)"},"content":{"rendered":"<h3>\u201eBaseus Free2Pull\u201c USB-C\u2013iP 20 W 1 m USB laidas (juodas)<\/h3>\n<p>\u201eBaseus Free2Pull\u201c USB-C\u2013Lightning laidas pasi\u017eymi reguliuojamu ilgiu keturiais intervalais: 35 cm, 60 cm, 83 cm ir 100 cm. D\u0117l integruoto mechanizmo jis veikia skland\u017eiai ir patikimai, prisitaikydamas prie j\u016bs\u0173 poreiki\u0173. Tuo pa\u010diu metu jis yra labai lengvas, o sulankstytas u\u017eima labai ma\u017eai vietos, tod\u0117l j\u012f patogu ne\u0161iotis. Laidas taip pat leid\u017eia greitai \u012fkrauti ir perduoti failus iki 480 Mbps grei\u010diu. Produktas suderinamas su dauguma \u012frengini\u0173 su \u201eLightning\u201c prievadu.<\/p>\n<p>\n<img decoding=\"async\" border=\"0\" src=\"https:\/\/assets.innpro.pl\/7837\/9091\/1.jpg\"\/>\n<\/p>\n<h3>Greitas ir saugus \u012fkrovimas<\/h3>\n<p>Su 20 vat\u0173 PD galia \u201eBaseus Free2Pull\u201c laidas leid\u017eia \u012fkrauti telefon\u0105 akimirksniu. Pamir\u0161kite ilg\u0105 laukim\u0105! Be to, stabili \u012ftampa ir apsauga nuo perkaitimo u\u017etikrins j\u016bs\u0173 \u012frenginio saugum\u0105. Dabar galite greitai \u012fkrauti savo \u012frang\u0105 ir nesijaudinti d\u0117l jos sugadinimo!<\/p>\n<p>\n<img decoding=\"async\" border=\"0\" src=\"https:\/\/assets.innpro.pl\/7837\/9091\/2.jpg\"\/>\n<\/p>\n<h3>Patvarumas ir patikimumas<\/h3>\n<p>Laidas pagamintas i\u0161 auk\u0161tos kokyb\u0117s PC ir TPE med\u017eiag\u0173, kurios u\u017etikrina jo patvarum\u0105 ir apsaug\u0105 nuo pa\u017eeidim\u0173. Jo neg\u0105sdina net pakartotinis lenkimas, prijungimas ir atjungimas, taip pat auk\u0161ta ir \u017eema temperat\u016bra! Visa tai rei\u0161kia, kad jis gali puikiai tarnauti ilg\u0105 laik\u0105.<\/p>\n<p>\n<img decoding=\"async\" border=\"0\" src=\"https:\/\/assets.innpro.pl\/7837\/9091\/6.jpg\"\/>\n<\/p>\n<h3>Greitas duomen\u0173 perdavimas<\/h3>\n<p>\u201eBaseus Free2Pull\u201c si\u016blo iki 480 Mbps duomen\u0173 perdavimo greit\u012f, leid\u017eiant\u012f greitai perkelti failus tarp \u012frengini\u0173. Jums nebereikia ilgai laukti, kol pasirinktos nuotraukos ar dokumentai pasieks savo paskirties viet\u0105! Pastaba: laidas nepalaiko vaizdo perdavimo.<\/p>\n<p>\n<img decoding=\"async\" border=\"0\" src=\"https:\/\/assets.innpro.pl\/7837\/9091\/7.jpg\"\/>\n<\/p>\n<h3>Eleganti\u0161kas dizainas ir funkcionalumas<\/h3>\n<p>D\u0117l savo eleganti\u0161ko ir modernaus dizaino \u201eBaseus Free2Pull\u201c laidas atrodo i\u0161ties stilingai. Jis tikrai patiks tiems, kurie vertina ne tik funkcionalum\u0105, bet ir estetik\u0105. Be to, d\u0117l patogaus laido ilgio reguliavimo galimyb\u0117s j\u012f galite patogiai naudoti \u012fvairiose situacijose.<\/p>\n<p>\n<img decoding=\"async\" border=\"0\" src=\"https:\/\/assets.innpro.pl\/7837\/9091\/4.jpg\"\/>\n<\/p>\n<div class=\"table-wrapper\">\n<p>B\u00a0<\/p>\n<h3><\/h3>\n<table>\n<tbody>\n<tr>\n<th>Gamintojas<\/th>\n<td>Baseus<\/td>\n<\/tr>\n<tr>\n<th>Pavadinimas<\/th>\n<td>\u201eFree2Pull\u201c i\u0161traukiamas \u012fkrovimo laidas, USB-C\u2013iP, 20 W<\/td>\n<\/tr>\n<tr>\n<th>Modelis<\/th>\n<td>P10364501111-00<\/td>\n<\/tr>\n<tr>\n<th>Spalva<\/th>\n<td>Juoda<\/td>\n<\/tr>\n<tr>\n<th>Med\u017eiaga<\/th>\n<td>PC + TPE<\/td>\n<\/tr>\n<tr>\n<th>Ilgis<\/th>\n<td>100 cm<\/td>\n<\/tr>\n<tr>\n<th>Svoris<\/th>\n<td>Ma\u017edaug 47 g<\/td>\n<\/tr>\n<tr>\n<th>Perdavimo greitis<\/th>\n<td>Iki 480 Mbps<\/td>\n<\/tr>\n<tr>\n<th>Galia<\/th>\n<td>PD 20 W<\/td>\n<\/tr>\n<tr>\n<th>\u012evestis<\/th>\n<td>USB-C<\/td>\n<\/tr>\n<tr>\n<th>I\u0161vestis<\/th>\n<td>\u201eLightning\u201c<\/td>\n<\/tr>\n<\/tbody>\n<\/table>\n<\/div>\n","protected":false},"excerpt":{"rendered":"<p>\u201eBaseus Free2Pull\u201c USB-C\u2013iP 20 W 1 m USB laidas (juodas) \u201eBaseus Free2Pull\u201c USB-C\u2013Lightning laidas pasi\u017eymi reguliuojamu ilgiu keturiais intervalais: 35 cm, 60 cm, 83 cm ir 100 cm. D\u0117l integruoto mechanizmo jis veikia skland\u017eiai ir patikimai, prisitaikydamas prie j\u016bs\u0173 poreiki\u0173. Tuo pa\u010diu metu jis yra labai lengvas, o sulankstytas u\u017eima labai ma\u017eai vietos, tod\u0117l j\u012f [&#8230;]\n","protected":false},"featured_media":19076,"comment_status":"open","ping_status":"closed","template":"","meta":[],"product_brand":[95],"product_cat":[1154],"product_tag":[],"class_list":{"0":"post-19075","1":"product","2":"type-product","3":"status-publish","4":"has-post-thumbnail","6":"product_brand-baseus","7":"product_cat-usb-c-to-lightning-usb-cables","9":"first","10":"outofstock","11":"taxable","12":"shipping-taxable","13":"purchasable","14":"product-type-simple"},"aioseo_notices":[],"_links":{"self":[{"href":"https:\/\/asura.lv\/lt\/wp-json\/wp\/v2\/product\/19075","targetHints":{"allow":["GET"]}}],"collection":[{"href":"https:\/\/asura.lv\/lt\/wp-json\/wp\/v2\/product"}],"about":[{"href":"https:\/\/asura.lv\/lt\/wp-json\/wp\/v2\/types\/product"}],"replies":[{"embeddable":true,"href":"https:\/\/asura.lv\/lt\/wp-json\/wp\/v2\/comments?post=19075"}],"wp:featuredmedia":[{"embeddable":true,"href":"https:\/\/asura.lv\/lt\/wp-json\/wp\/v2\/media\/19076"}],"wp:attachment":[{"href":"https:\/\/asura.lv\/lt\/wp-json\/wp\/v2\/media?parent=19075"}],"wp:term":[{"taxonomy":"product_brand","embeddable":true,"href":"https:\/\/asura.lv\/lt\/wp-json\/wp\/v2\/product_brand?post=19075"},{"taxonomy":"product_cat","embeddable":true,"href":"https:\/\/asura.lv\/lt\/wp-json\/wp\/v2\/product_cat?post=19075"},{"taxonomy":"product_tag","embeddable":true,"href":"https:\/\/asura.lv\/lt\/wp-json\/wp\/v2\/product_tag?post=19075"}],"curies":[{"name":"wp","href":"https:\/\/api.w.org\/{rel}","templated":true}]}}