{"id":19333,"date":"2025-11-28T22:09:52","date_gmt":"2025-11-28T22:09:52","guid":{"rendered":"https:\/\/asura.lv\/product\/portable-zipper-storage-bag-puluz-for-ring-lights-305cm-black\/"},"modified":"2025-12-12T15:46:41","modified_gmt":"2025-12-12T13:46:41","slug":"portable-zipper-storage-bag-puluz-for-ring-lights-305cm-black","status":"publish","type":"product","link":"https:\/\/asura.lv\/lt\/produktas\/portable-zipper-storage-bag-puluz-for-ring-lights-305cm-black\/","title":{"rendered":"Ne\u0161iojamas u\u017etrauktuku laikymo krep\u0161ys PULUZ \u017eiedin\u0117ms lemput\u0117ms 30,5 cm (juodas)"},"content":{"rendered":"<h3>PULUZ krep\u0161ys 35,56 cm \u017eiediniam \u017eibintui (juodas)<\/h3>\n<p>PULUZ krep\u0161ys specialiai sukurtas 30,5 cm (12 coli\u0173) skersmens \u017eiediniams \u017eibintams. Jis apsaugo j\u016bs\u0173 \u017eibint\u0105 nuo netik\u0117t\u0173 pa\u017eeidim\u0173 ir leid\u017eia patogiai laikyti b\u016btinus priedus, tokius kaip filtrai ir baterijos, u\u017etikrinant, kad viskas, ko jums reikia, b\u016bt\u0173 po ranka. D\u0117l rankenos vir\u0161uje krep\u0161\u012f galima lengvai ne\u0161ioti, o papildomas pe\u010di\u0173 dir\u017eelis leid\u017eia j\u012f ne\u0161ioti per k\u016bn\u0105. Jis pagamintas i\u0161 patvaraus Oksfordo audinio, kuris yra atsparus vandeniui, dilimui ir sm\u016bgiams.<\/p>\n<p>\n<img decoding=\"async\" border=\"0\" src=\"https:\/\/assets.innpro.pl\/7792\/9044\/1.jpg\"\/>\n<\/p>\n<div class=\"table-wrapper\">\n<p>B\u00a0<\/p>\n<h3><\/h3>\n<table>\n<tbody>\n<tr>\n<th>Gamintojas<\/th>\n<td>Puluz<\/td>\n<\/tr>\n<tr>\n<th>Modelis<\/th>\n<td>PU4101B<\/td>\n<\/tr>\n<tr>\n<th>Spalva<\/th>\n<td>Juoda<\/td>\n<\/tr>\n<tr>\n<th>Suderinamas \u017eiedinis \u017eibintas: skersmuo<\/th>\n<td>30,5 cm<\/td>\n<\/tr>\n<tr>\n<th>Matmenys<\/th>\n<td>38 x 33 cm<\/td>\n<\/tr>\n<tr>\n<th>Med\u017eiaga<\/th>\n<td>Oksfordo audinys<\/td>\n<\/tr>\n<\/tbody>\n<\/table>\n<\/div>\n","protected":false},"excerpt":{"rendered":"<p>PULUZ krep\u0161ys 35,56 cm \u017eiediniam \u017eibintui (juodas) PULUZ krep\u0161ys specialiai sukurtas 30,5 cm (12 coli\u0173) skersmens \u017eiediniams \u017eibintams. Jis apsaugo j\u016bs\u0173 \u017eibint\u0105 nuo netik\u0117t\u0173 pa\u017eeidim\u0173 ir leid\u017eia patogiai laikyti b\u016btinus priedus, tokius kaip filtrai ir baterijos, u\u017etikrinant, kad viskas, ko jums reikia, b\u016bt\u0173 po ranka. D\u0117l rankenos vir\u0161uje krep\u0161\u012f galima lengvai ne\u0161ioti, o papildomas pe\u010di\u0173 [&#8230;]\n","protected":false},"featured_media":19334,"comment_status":"open","ping_status":"closed","template":"","meta":[],"product_brand":[149],"product_cat":[1361],"product_tag":[],"class_list":{"0":"post-19333","1":"product","2":"type-product","3":"status-publish","4":"has-post-thumbnail","6":"product_brand-puluz","7":"product_cat-bags","9":"first","10":"outofstock","11":"taxable","12":"shipping-taxable","13":"purchasable","14":"product-type-simple"},"aioseo_notices":[],"_links":{"self":[{"href":"https:\/\/asura.lv\/lt\/wp-json\/wp\/v2\/product\/19333","targetHints":{"allow":["GET"]}}],"collection":[{"href":"https:\/\/asura.lv\/lt\/wp-json\/wp\/v2\/product"}],"about":[{"href":"https:\/\/asura.lv\/lt\/wp-json\/wp\/v2\/types\/product"}],"replies":[{"embeddable":true,"href":"https:\/\/asura.lv\/lt\/wp-json\/wp\/v2\/comments?post=19333"}],"wp:featuredmedia":[{"embeddable":true,"href":"https:\/\/asura.lv\/lt\/wp-json\/wp\/v2\/media\/19334"}],"wp:attachment":[{"href":"https:\/\/asura.lv\/lt\/wp-json\/wp\/v2\/media?parent=19333"}],"wp:term":[{"taxonomy":"product_brand","embeddable":true,"href":"https:\/\/asura.lv\/lt\/wp-json\/wp\/v2\/product_brand?post=19333"},{"taxonomy":"product_cat","embeddable":true,"href":"https:\/\/asura.lv\/lt\/wp-json\/wp\/v2\/product_cat?post=19333"},{"taxonomy":"product_tag","embeddable":true,"href":"https:\/\/asura.lv\/lt\/wp-json\/wp\/v2\/product_tag?post=19333"}],"curies":[{"name":"wp","href":"https:\/\/api.w.org\/{rel}","templated":true}]}}