{"id":19423,"date":"2025-11-28T22:09:45","date_gmt":"2025-11-28T22:09:45","guid":{"rendered":"https:\/\/asura.lv\/product\/water-fountain-for-pets-dogness-d07-18l-white\/"},"modified":"2025-12-12T15:46:36","modified_gmt":"2025-12-12T13:46:36","slug":"water-fountain-for-pets-dogness-d07-18l-white","status":"publish","type":"product","link":"https:\/\/asura.lv\/lt\/produktas\/water-fountain-for-pets-dogness-d07-18l-white\/","title":{"rendered":"Vandens fontanas augintiniams Dogness D07 1,8l (baltas)"},"content":{"rendered":"<h3>\u201eDogness D07\u201c i\u0161manusis fontanas-girdykla \u0161unims ir kat\u0117ms, 1,8 l (balta).<\/h3>\n<p>\u201eDogness D07\u201c \u2013 tai i\u0161manusis fontanas, kuris suteiks j\u016bs\u0173 augintiniui nuolatin\u0119 prieig\u0105 prie \u0161vie\u017eio ir \u0161varaus vandens. Jis turi 3 pakop\u0173 filtravim\u0105, tod\u0117l efektyviai pa\u0161alina priemai\u0161as, ir veikia itin tyliai \u2013 jo garsumo lygis yra tik apie 38 dB. Patog\u0173 \u012frenginio valdym\u0105 u\u017etikrina speciali program\u0117l\u0117, kurios d\u0117ka gausite prane\u0161imus apie \u017eem\u0105 vandens lyg\u012f, poreik\u012f keisti filtr\u0105 ir kita.<\/p>\n<p>\n<img decoding=\"async\" border=\"0\" src=\"https:\/\/assets.innpro.pl\/8556\/9995\/5.jpg\"\/>\n<\/p>\n<h3>Nepertraukiama prieiga prie vandens<\/h3>\n<p>Fontane \u012frengtas tikslus jutiklis, kuris stebi likus\u012f vandens lyg\u012f bake. Kai jo bus ma\u017eai, i\u0161 karto gausite prane\u0161im\u0105 savo telefone. Tokiu b\u016bdu Jums nereik\u0117s nerimauti, kad pamir\u0161ite j\u012f papildyti ir J\u016bs\u0173 augintinis liks be prieigos prie atsigerti!<\/p>\n<p>\n<img decoding=\"async\" border=\"0\" src=\"https:\/\/assets.innpro.pl\/8556\/9995\/7.jpg\"\/>\n<\/p>\n<h3>Patikimas filtravimas ir sterilizavimas<\/h3>\n<p>\u201eDogness D07\u201c si\u016blo UV sterilizavimo re\u017eim\u0105, kuris sunaikina bakterijas ir patogenus. Tai ypa\u010d svarbu J\u016bs\u0173 augintinio sveikatai, nes neleid\u017eia daugintis kenksmingiems mikroorganizmams. Be to, 3 pakop\u0173 aktyvuotos anglies filtravimo sistema efektyviai pa\u0161alina ter\u0161alus, kad vanduo b\u016bt\u0173 kri\u0161tolo skaidrumo.<\/p>\n<p>\n<img decoding=\"async\" border=\"0\" src=\"https:\/\/assets.innpro.pl\/8556\/9995\/8.jpg\"\/>\n<\/p>\n<h3>Skirtingi vandens srauto re\u017eimai<\/h3>\n<p>Fontanas si\u016blo tris vandens srauto re\u017eimus: kat\u0117ms, \u0161unims ir standartin\u012f, kurie puikiai tinka skirtingiems augintiniams. Taigi galite pritaikyti \u012frenginio veikim\u0105 pagal savo augintinio poreikius! Taip pat yra pasirenkamas pertraukiamas re\u017eimas energijai taupyti \u2013 jis priver\u010dia D07 i\u0161 prad\u017ei\u0173 veikti 10 minu\u010di\u0173, o tada padaryti 20 minu\u010di\u0173 pertrauk\u0105.<\/p>\n<p>\n<img decoding=\"async\" border=\"0\" src=\"https:\/\/assets.innpro.pl\/8556\/9995\/4.jpg\"\/>\n<\/p>\n<h3>Talpa \u2013 1,8 l<\/h3>\n<p>Fontano talpa \u2013 net 1,8 l. Suaugusiam katei to pakanka ma\u017edaug 5\u20137 dienoms, jei per par\u0105 suvartojama 300 ml. Taigi galite be joki\u0173 r\u016bpes\u010di\u0173 eiti \u012f darb\u0105, \u012f vakar\u0117l\u012f ar net savaitgaliui i\u0161vykti \u2013 j\u016bs\u0173 augintinis visada tur\u0117s prieig\u0105 prie \u0161vie\u017eio, \u0161varaus g\u0117rimo.<\/p>\n<p>\n<img decoding=\"async\" border=\"0\" src=\"https:\/\/assets.innpro.pl\/8556\/9995\/9.jpg\"\/>\n<\/p>\n<h3>Kruop\u0161\u010diai apgalvotas dizainas<\/h3>\n<p>Nebijokite nemalonaus triuk\u0161mo. Fontano garsumo lygis nevir\u0161ija 38 dB \u2013 jums nereikia jaudintis, kad jis jus trikdys ar g\u0105sdins j\u016bs\u0173 augintin\u012f. \u012erengin\u012f taip pat labai lengva i\u0161ardyti ir i\u0161valyti. Galite lengvai j\u012f palaikyti puikios b\u016bkl\u0117s! Jis taip pat pasi\u017eymi spalvingu LED foniniu ap\u0161vietimu, kuris informuoja apie jo veikimo b\u016bsen\u0105. Be to, kai vandens lygis bake nukrenta \u017eemiau tam tikros vert\u0117s, fontanas automati\u0161kai i\u0161sijungia, kad apsaugot\u0173 siurbl\u012f nuo pa\u017eeidim\u0173.<\/p>\n<p>\n<img decoding=\"async\" border=\"0\" src=\"https:\/\/assets.innpro.pl\/8556\/9995\/6.jpg\"\/>\n<\/p>\n<div class=\"table-wrapper\">\n<p>B\u00a0<\/p>\n<h3><\/h3>\n<table>\n<tbody>\n<tr>\n<th>Gamintojas<\/th>\n<td>Gaminys<\/td>\n<\/tr>\n<tr>\n<th>Modelis<\/th>\n<td>D07<\/td>\n<\/tr>\n<tr>\n<th>Talpa<\/th>\n<td>1,8 l<\/td>\n<\/tr>\n<tr>\n<th>Maitinimo \u0161altinis<\/th>\n<td>DC 5 V 130 mA<\/td>\n<\/tr>\n<tr>\n<th>Ry\u0161ys<\/th>\n<td>\u201eWi-Fi\u201c 2.4G<\/td>\n<\/tr>\n<tr>\n<th>Suderinamumas<\/th>\n<td>\u201eAndroid 5.0\u201c ir naujesn\u0117s versijos, \u201eiOS 7.0\u201c ir naujesn\u0117s versijos<\/td>\n<\/tr>\n<tr>\n<th>Med\u017eiaga<\/th>\n<td>ABS<\/td>\n<\/tr>\n<tr>\n<th>Matmenys<\/th>\n<td>190 x 141 mm<\/td>\n<\/tr>\n<tr>\n<th>Svoris<\/th>\n<td>Ma\u017edaug 1,1 kg<\/td>\n<\/tr>\n<\/tbody>\n<\/table>\n<\/div>\n","protected":false},"excerpt":{"rendered":"<p>\u201eDogness D07\u201c i\u0161manusis fontanas-girdykla \u0161unims ir kat\u0117ms, 1,8 l (balta). \u201eDogness D07\u201c \u2013 tai i\u0161manusis fontanas, kuris suteiks j\u016bs\u0173 augintiniui nuolatin\u0119 prieig\u0105 prie \u0161vie\u017eio ir \u0161varaus vandens. Jis turi 3 pakop\u0173 filtravim\u0105, tod\u0117l efektyviai pa\u0161alina priemai\u0161as, ir veikia itin tyliai \u2013 jo garsumo lygis yra tik apie 38 dB. Patog\u0173 \u012frenginio valdym\u0105 u\u017etikrina speciali program\u0117l\u0117, [&#8230;]\n","protected":false},"featured_media":19424,"comment_status":"open","ping_status":"closed","template":"","meta":[],"product_brand":[580],"product_cat":[1244],"product_tag":[],"class_list":{"0":"post-19423","1":"product","2":"type-product","3":"status-publish","4":"has-post-thumbnail","6":"product_brand-dogness","7":"product_cat-water-dispensers","9":"first","10":"outofstock","11":"taxable","12":"shipping-taxable","13":"purchasable","14":"product-type-simple"},"aioseo_notices":[],"_links":{"self":[{"href":"https:\/\/asura.lv\/lt\/wp-json\/wp\/v2\/product\/19423","targetHints":{"allow":["GET"]}}],"collection":[{"href":"https:\/\/asura.lv\/lt\/wp-json\/wp\/v2\/product"}],"about":[{"href":"https:\/\/asura.lv\/lt\/wp-json\/wp\/v2\/types\/product"}],"replies":[{"embeddable":true,"href":"https:\/\/asura.lv\/lt\/wp-json\/wp\/v2\/comments?post=19423"}],"wp:featuredmedia":[{"embeddable":true,"href":"https:\/\/asura.lv\/lt\/wp-json\/wp\/v2\/media\/19424"}],"wp:attachment":[{"href":"https:\/\/asura.lv\/lt\/wp-json\/wp\/v2\/media?parent=19423"}],"wp:term":[{"taxonomy":"product_brand","embeddable":true,"href":"https:\/\/asura.lv\/lt\/wp-json\/wp\/v2\/product_brand?post=19423"},{"taxonomy":"product_cat","embeddable":true,"href":"https:\/\/asura.lv\/lt\/wp-json\/wp\/v2\/product_cat?post=19423"},{"taxonomy":"product_tag","embeddable":true,"href":"https:\/\/asura.lv\/lt\/wp-json\/wp\/v2\/product_tag?post=19423"}],"curies":[{"name":"wp","href":"https:\/\/api.w.org\/{rel}","templated":true}]}}