{"id":19435,"date":"2025-11-28T22:09:44","date_gmt":"2025-11-28T22:09:44","guid":{"rendered":"https:\/\/asura.lv\/product\/telesin-underwater-housing-for-dji-action-3-4-5\/"},"modified":"2025-12-12T15:46:35","modified_gmt":"2025-12-12T13:46:35","slug":"telesin-underwater-housing-for-dji-action-3-4-5","status":"publish","type":"product","link":"https:\/\/asura.lv\/lt\/produktas\/telesin-underwater-housing-for-dji-action-3-4-5\/","title":{"rendered":"TELESIN povandeninis d\u0117klas, skirtas DJI Action 3 \/ 4 \/ 5"},"content":{"rendered":"<h3>\u201eTELESIN\u201c povandeninis d\u0117klas, skirtas \u201eDJI Action 3 \/ 4 \/ 5\u201c<\/h3>\n<p>Povandeninis d\u0117klas, skirtas \u201eDJI Action 3 \/ 4 \/ 5\u201c, yra priedas, leid\u017eiantis \u012fgauti nauj\u0173 perspektyv\u0173 j\u016brin\u0117je fotografijoje. D\u0117l novatori\u0161ko pusapvalio dizaino jis sukuria akvariumo efekt\u0105 su 50\/50 vaizdu. Produktas sukurtas taip, kad atitikt\u0173 tiek m\u0117g\u0117j\u0173, tiek profesionali\u0173 fotograf\u0173 poreikius, si\u016blydamas ai\u0161k\u0173 kadravim\u0105, asmenuki\u0173 re\u017eim\u0105 ir galimyb\u0119 panardinti \u012f iki 30 metr\u0173 gyl\u012f.<\/p>\n<p>\n<img decoding=\"async\" alt=\"\" border=\"0\" src=\"https:\/\/assets.innpro.pl\/7062\/8215\/1.jpg\"\/>\n<\/p>\n<h3>Naujos perspektyvos j\u016brin\u0117je fotografijoje<\/h3>\n<p>\u201eTELESIN\u201c povandeninis d\u0117klas leid\u017eia u\u017efiksuoti unikalias povandeninio pasaulio nuotraukas ir vaizdo \u012fra\u0161us. D\u0117l pusapval\u0117s konstrukcijos galite pasiekti 50\/50 akvariumo vaizdo efekt\u0105, leisdami vienu metu u\u017efiksuoti povandeninius ir vir\u0161 vandens esan\u010dius peiza\u017eus.<\/p>\n<p>\n<img decoding=\"async\" alt=\"\" border=\"0\" src=\"https:\/\/assets.innpro.pl\/7062\/8215\/5.jpg\"\/>\n<\/p>\n<h3>Puikus kadravimas ir asmenuki\u0173 nuotraukos<\/h3>\n<p>D\u0117klas perkelia vandens pavir\u0161i\u0173 70 mm atstumu, o tai u\u017etikrina tobul\u0105 kadravim\u0105 nei\u0161liejant vandens linijos. Be to, d\u0117klas turi priekin\u012f ekrano ang\u0105 ir i\u0161lenkt\u0105 laikikl\u012f, tod\u0117l lengva daryti asmenuki\u0173 nuotraukas. Tai leid\u017eia lengvai fotografuoti po vandeniu be papildomos \u012frangos.<\/p>\n<p>\n<img decoding=\"async\" alt=\"\" border=\"0\" src=\"https:\/\/assets.innpro.pl\/7062\/8215\/3.jpg\"\/>\n<\/p>\n<h3>Didelis \u0161viesos pralaidumas<\/h3>\n<p>D\u0117klo konstrukcijoje naudojamas organinis stiklas pasi\u017eymi dideliu 95 % \u0161viesos pralaidumu. Tai garantuoja puiki\u0105 nuotrauk\u0173 ir vaizdo \u012fra\u0161\u0173 kokyb\u0119, kuriuose u\u017efiksuosite kiekvien\u0105 detal\u0119 su nepaprastu ai\u0161kumu.<\/p>\n<p>\n<img decoding=\"async\" alt=\"\" border=\"0\" src=\"https:\/\/assets.innpro.pl\/7062\/8215\/6.jpg\"\/>\n<\/p>\n<h3>Pandirimo gylis iki 30 metr\u0173<\/h3>\n<p>Korpusas yra atsparus vandeniui, tod\u0117l kamer\u0105 galima panardinti \u012f iki 30 metr\u0173 gyl\u012f. Nuo \u0161iol galite filmuoti ir fotografuoti net ir giliai nardydami. Tvirta konstrukcija ir korozijai atsparios med\u017eiagos u\u017etikrina ilgalaik\u0119 j\u016bs\u0173 fotoaparato apsaug\u0105.<\/p>\n<p>\n<img decoding=\"async\" alt=\"\" border=\"0\" src=\"https:\/\/assets.innpro.pl\/7062\/8215\/7.jpg\"\/>\n<\/p>\n<h3><\/h3>\n<ul class=\"list-disc pl-5\">\n<li>Pusapvalis korpusas<\/li>\n<li>Reguliuojama gaiduko rankena<\/li>\n<li>Fiksavimo var\u017etas<\/li>\n<li>Pl\u016bdrumo strypas su neslystan\u010dia rankena<\/li>\n<li>Rie\u0161o dir\u017eelis<\/li>\n<li>Nerasojantis l\u0119\u0161is<\/li>\n<li>Valymo \u0161luost\u0117<\/li>\n<li>Dangtelis<\/li>\n<\/ul>\n<div class=\"table-wrapper\">\n<p>B\u00a0<\/p>\n<h3><\/h3>\n<table>\n<tbody>\n<tr>\n<th>Gamintojas<\/th>\n<td>Telesin<\/td>\n<\/tr>\n<tr>\n<th>Modelis<\/th>\n<td>OA-DMP-001<\/td>\n<\/tr>\n<tr>\n<th>Suderinamumas<\/th>\n<td>DJI Action 3 \/ 4 \/ 5<\/td>\n<\/tr>\n<tr>\n<th>Akvariumo efektas<\/th>\n<td>50\/50 vaizdas po vandeniu ir vir\u0161 vandens<\/td>\n<\/tr>\n<tr>\n<th>Pandardavimo gylis<\/th>\n<td>iki 30 metr\u0173<\/td>\n<\/tr>\n<tr>\n<th>\u0160viesos pralaidumas<\/th>\n<td>95 %, didelis organinio stiklo skaidrumas<\/td>\n<\/tr>\n<tr>\n<th>Skersmuo<\/th>\n<td>6,3 colio<\/td>\n<\/tr>\n<\/tbody>\n<\/table>\n<\/div>\n","protected":false},"excerpt":{"rendered":"<p>\u201eTELESIN\u201c povandeninis d\u0117klas, skirtas \u201eDJI Action 3 \/ 4 \/ 5\u201c Povandeninis d\u0117klas, skirtas \u201eDJI Action 3 \/ 4 \/ 5\u201c, yra priedas, leid\u017eiantis \u012fgauti nauj\u0173 perspektyv\u0173 j\u016brin\u0117je fotografijoje. D\u0117l novatori\u0161ko pusapvalio dizaino jis sukuria akvariumo efekt\u0105 su 50\/50 vaizdu. Produktas sukurtas taip, kad atitikt\u0173 tiek m\u0117g\u0117j\u0173, tiek profesionali\u0173 fotograf\u0173 poreikius, si\u016blydamas ai\u0161k\u0173 kadravim\u0105, asmenuki\u0173 [&#8230;]\n","protected":false},"featured_media":19436,"comment_status":"open","ping_status":"closed","template":"","meta":[],"product_brand":[296],"product_cat":[938],"product_tag":[],"class_list":{"0":"post-19435","1":"product","2":"type-product","3":"status-publish","4":"has-post-thumbnail","6":"product_brand-telesin","7":"product_cat-for-sports-cameras","9":"first","10":"outofstock","11":"taxable","12":"shipping-taxable","13":"purchasable","14":"product-type-simple"},"aioseo_notices":[],"_links":{"self":[{"href":"https:\/\/asura.lv\/lt\/wp-json\/wp\/v2\/product\/19435","targetHints":{"allow":["GET"]}}],"collection":[{"href":"https:\/\/asura.lv\/lt\/wp-json\/wp\/v2\/product"}],"about":[{"href":"https:\/\/asura.lv\/lt\/wp-json\/wp\/v2\/types\/product"}],"replies":[{"embeddable":true,"href":"https:\/\/asura.lv\/lt\/wp-json\/wp\/v2\/comments?post=19435"}],"wp:featuredmedia":[{"embeddable":true,"href":"https:\/\/asura.lv\/lt\/wp-json\/wp\/v2\/media\/19436"}],"wp:attachment":[{"href":"https:\/\/asura.lv\/lt\/wp-json\/wp\/v2\/media?parent=19435"}],"wp:term":[{"taxonomy":"product_brand","embeddable":true,"href":"https:\/\/asura.lv\/lt\/wp-json\/wp\/v2\/product_brand?post=19435"},{"taxonomy":"product_cat","embeddable":true,"href":"https:\/\/asura.lv\/lt\/wp-json\/wp\/v2\/product_cat?post=19435"},{"taxonomy":"product_tag","embeddable":true,"href":"https:\/\/asura.lv\/lt\/wp-json\/wp\/v2\/product_tag?post=19435"}],"curies":[{"name":"wp","href":"https:\/\/api.w.org\/{rel}","templated":true}]}}