{"id":19537,"date":"2025-11-28T22:09:35","date_gmt":"2025-11-28T22:09:35","guid":{"rendered":"https:\/\/asura.lv\/product\/baseus-magic-drawing-magnetic-protective-privacy-overlay-for-macbook-pro-13-2022-cleaning-kit-transparent\/"},"modified":"2025-12-12T15:46:27","modified_gmt":"2025-12-12T13:46:27","slug":"baseus-magic-drawing-magnetic-protective-privacy-overlay-for-macbook-pro-13-2022-cleaning-kit-transparent","status":"publish","type":"product","link":"https:\/\/asura.lv\/lt\/produktas\/baseus-magic-drawing-magnetic-protective-privacy-overlay-for-macbook-pro-13-2022-cleaning-kit-transparent\/","title":{"rendered":"\u201eBaseus Magic Drawing\u201c magnetin\u0117 apsaugin\u0117 pl\u0117vel\u0117 \u201eMacBook Pro 13\u201c (2022 m.) + valymo rinkinys (skaidrus)"},"content":{"rendered":"<h3>\u201eBaseus Magic Drawing\u201c magnetin\u0117 apsaugin\u0117 privatumo pl\u0117vel\u0117 \u201eMacBook Pro 13\u201c (2022 m.) + valymo rinkinys (skaidrus).<\/h3>\n<p>Magnetin\u0117 apsaugin\u0117 pl\u0117vel\u0117 yra b\u016btinas priedas kiekvienam \u201eMacBook Pro 13\u201c savininkui, kuris vertina tiek \u012frenginio apsaug\u0105, tiek funkcionalum\u0105. Ji patikimai apsaugo nuo \u012fbr\u0117\u017eim\u0173, sm\u016bgi\u0173 ir kit\u0173 mechanini\u0173 pa\u017eeidim\u0173, i\u0161laikydama puik\u0173 vaizdo ai\u0161kum\u0105. D\u0117l magnetinio montavimo pl\u0117vel\u0117s u\u017ed\u0117jimas tampa itin paprastas ir tikslus, pa\u0161alinant burbuliuk\u0173 ar netinkamo u\u017ed\u0117jimo rizik\u0105. Taip pat gausite piln\u0105 valymo rinkin\u012f su apsauginiu sluoksniu.<\/p>\n<p>\n<img decoding=\"async\" alt=\"\" border=\"0\" src=\"https:\/\/assets.innpro.pl\/6930\/8070\/3.jpg\"\/>\n<\/p>\n<h3>\u012etraukta:<\/h3>\n<ul class=\"list-disc pl-5\">\n<li>magnetinis apsauginis sluoksnis<\/li>\n<li>valymo rinkinys<\/li>\n<\/ul>\n<div class=\"table-wrapper\">\n<p>\u0412\u00a0<\/p>\n<h3><\/h3>\n<table>\n<tbody>\n<tr>\n<th>Gamintojas<\/th>\n<td>Baseus<\/td>\n<\/tr>\n<tr>\n<th>Suderinamumas<\/th>\n<td>MacBook Pro 13&#8243; (2022)<\/td>\n<\/tr>\n<\/tbody>\n<\/table>\n<\/div>\n","protected":false},"excerpt":{"rendered":"<p>\u201eBaseus Magic Drawing\u201c magnetin\u0117 apsaugin\u0117 privatumo pl\u0117vel\u0117 \u201eMacBook Pro 13\u201c (2022 m.) + valymo rinkinys (skaidrus). Magnetin\u0117 apsaugin\u0117 pl\u0117vel\u0117 yra b\u016btinas priedas kiekvienam \u201eMacBook Pro 13\u201c savininkui, kuris vertina tiek \u012frenginio apsaug\u0105, tiek funkcionalum\u0105. Ji patikimai apsaugo nuo \u012fbr\u0117\u017eim\u0173, sm\u016bgi\u0173 ir kit\u0173 mechanini\u0173 pa\u017eeidim\u0173, i\u0161laikydama puik\u0173 vaizdo ai\u0161kum\u0105. D\u0117l magnetinio montavimo pl\u0117vel\u0117s u\u017ed\u0117jimas tampa itin [&#8230;]\n","protected":false},"featured_media":19538,"comment_status":"open","ping_status":"closed","template":"","meta":[],"product_brand":[95],"product_cat":[1421],"product_tag":[],"class_list":{"0":"post-19537","1":"product","2":"type-product","3":"status-publish","4":"has-post-thumbnail","6":"product_brand-baseus","7":"product_cat-for-laptops-tempered-glass-and-screen-protectors-gsm-accessories","9":"first","10":"outofstock","11":"taxable","12":"shipping-taxable","13":"purchasable","14":"product-type-simple"},"aioseo_notices":[],"_links":{"self":[{"href":"https:\/\/asura.lv\/lt\/wp-json\/wp\/v2\/product\/19537","targetHints":{"allow":["GET"]}}],"collection":[{"href":"https:\/\/asura.lv\/lt\/wp-json\/wp\/v2\/product"}],"about":[{"href":"https:\/\/asura.lv\/lt\/wp-json\/wp\/v2\/types\/product"}],"replies":[{"embeddable":true,"href":"https:\/\/asura.lv\/lt\/wp-json\/wp\/v2\/comments?post=19537"}],"wp:featuredmedia":[{"embeddable":true,"href":"https:\/\/asura.lv\/lt\/wp-json\/wp\/v2\/media\/19538"}],"wp:attachment":[{"href":"https:\/\/asura.lv\/lt\/wp-json\/wp\/v2\/media?parent=19537"}],"wp:term":[{"taxonomy":"product_brand","embeddable":true,"href":"https:\/\/asura.lv\/lt\/wp-json\/wp\/v2\/product_brand?post=19537"},{"taxonomy":"product_cat","embeddable":true,"href":"https:\/\/asura.lv\/lt\/wp-json\/wp\/v2\/product_cat?post=19537"},{"taxonomy":"product_tag","embeddable":true,"href":"https:\/\/asura.lv\/lt\/wp-json\/wp\/v2\/product_tag?post=19537"}],"curies":[{"name":"wp","href":"https:\/\/api.w.org\/{rel}","templated":true}]}}