{"id":19651,"date":"2025-11-28T22:09:26","date_gmt":"2025-11-28T22:09:26","guid":{"rendered":"https:\/\/asura.lv\/product\/reflective-collar-dogness-size-s-black\/"},"modified":"2025-12-12T15:44:53","modified_gmt":"2025-12-12T13:44:53","slug":"reflective-collar-dogness-size-s-black","status":"publish","type":"product","link":"https:\/\/asura.lv\/lt\/produktas\/reflective-collar-dogness-size-s-black\/","title":{"rendered":"\u0160vies\u0105 atspindinti antkakl\u0117 \u201eDogness\u201c S dyd\u017eio (juoda)"},"content":{"rendered":"<h3>\u0160vies\u0105 atspindinti \u201eDogness\u201c antkaklio dalis S dyd\u017eio (juoda).<\/h3>\n<p>U\u017etikrinkite savo mylimo augintinio komfort\u0105 ir saugum\u0105 pasivaik\u0161\u010diojim\u0173 metu. S dyd\u017eio \u201eDogness\u201c antkaklis i\u0161siskiria \u0161vies\u0105 atspindin\u010dia konstrukcija, tod\u0117l j\u016bs\u0173 augintinis lengvai matomas net ir sutemus. \u0160is aksesuaras yra lengvas ir pagamintas i\u0161 patvari\u0173 med\u017eiag\u0173, kurios yra saugios augintiniams. Tvirta aliuminio lydinio sagtis garantuoja saug\u0173 tvirtinim\u0105. Gaminio ilg\u012f galite lengvai reguliuoti pagal augintinio kaklo poreikius ir stor\u012f.<\/p>\n<p>\n<img decoding=\"async\" border=\"0\" src=\"https:\/\/assets.innpro.pl\/8569\/10008\/1.jpg\"\/>\n<\/p>\n<div class=\"table-wrapper\">\n<p>\u0412\u00a0<\/p>\n<h3><\/h3>\n<table>\n<tbody>\n<tr>\n<th>Gamintojas<\/th>\n<td>\u0160uni\u0161kumas<\/td>\n<\/tr>\n<tr>\n<th>Gamintojo kodas<\/th>\n<td>At\u0161vaitin\u0117 S BLACK<\/td>\n<\/tr>\n<tr>\n<th>Antkaklio med\u017eiaga<\/th>\n<td>nailoninis dir\u017eelis, nappa oda<\/td>\n<\/tr>\n<tr>\n<th>Sagties med\u017eiaga<\/th>\n<td>aliuminis lydinys<\/td>\n<\/tr>\n<tr>\n<th>Dydis<\/th>\n<td>S<\/td>\n<\/tr>\n<tr>\n<th>Spalva<\/th>\n<td>juoda<\/td>\n<\/tr>\n<\/tbody>\n<\/table>\n<\/div>\n","protected":false},"excerpt":{"rendered":"<p>\u0160vies\u0105 atspindinti \u201eDogness\u201c antkaklio dalis S dyd\u017eio (juoda). U\u017etikrinkite savo mylimo augintinio komfort\u0105 ir saugum\u0105 pasivaik\u0161\u010diojim\u0173 metu. S dyd\u017eio \u201eDogness\u201c antkaklis i\u0161siskiria \u0161vies\u0105 atspindin\u010dia konstrukcija, tod\u0117l j\u016bs\u0173 augintinis lengvai matomas net ir sutemus. \u0160is aksesuaras yra lengvas ir pagamintas i\u0161 patvari\u0173 med\u017eiag\u0173, kurios yra saugios augintiniams. Tvirta aliuminio lydinio sagtis garantuoja saug\u0173 tvirtinim\u0105. Gaminio ilg\u012f [&#8230;]\n","protected":false},"featured_media":19652,"comment_status":"open","ping_status":"closed","template":"","meta":[],"product_brand":[580],"product_cat":[1280],"product_tag":[],"class_list":{"0":"post-19651","1":"product","2":"type-product","3":"status-publish","4":"has-post-thumbnail","6":"product_brand-dogness","7":"product_cat-walking-and-transportation","9":"first","10":"outofstock","11":"taxable","12":"shipping-taxable","13":"purchasable","14":"product-type-simple"},"aioseo_notices":[],"_links":{"self":[{"href":"https:\/\/asura.lv\/lt\/wp-json\/wp\/v2\/product\/19651","targetHints":{"allow":["GET"]}}],"collection":[{"href":"https:\/\/asura.lv\/lt\/wp-json\/wp\/v2\/product"}],"about":[{"href":"https:\/\/asura.lv\/lt\/wp-json\/wp\/v2\/types\/product"}],"replies":[{"embeddable":true,"href":"https:\/\/asura.lv\/lt\/wp-json\/wp\/v2\/comments?post=19651"}],"wp:featuredmedia":[{"embeddable":true,"href":"https:\/\/asura.lv\/lt\/wp-json\/wp\/v2\/media\/19652"}],"wp:attachment":[{"href":"https:\/\/asura.lv\/lt\/wp-json\/wp\/v2\/media?parent=19651"}],"wp:term":[{"taxonomy":"product_brand","embeddable":true,"href":"https:\/\/asura.lv\/lt\/wp-json\/wp\/v2\/product_brand?post=19651"},{"taxonomy":"product_cat","embeddable":true,"href":"https:\/\/asura.lv\/lt\/wp-json\/wp\/v2\/product_cat?post=19651"},{"taxonomy":"product_tag","embeddable":true,"href":"https:\/\/asura.lv\/lt\/wp-json\/wp\/v2\/product_tag?post=19651"}],"curies":[{"name":"wp","href":"https:\/\/api.w.org\/{rel}","templated":true}]}}