{"id":19783,"date":"2025-11-28T22:08:25","date_gmt":"2025-11-28T22:08:25","guid":{"rendered":"https:\/\/asura.lv\/product\/phone-case-baseus-skyring-magnetic-with-stand-for-ip-14-pro-max-tempered-glass-and-cleaning-kit-purple\/"},"modified":"2025-12-12T15:44:02","modified_gmt":"2025-12-12T13:44:02","slug":"phone-case-baseus-skyring-magnetic-with-stand-for-ip-14-pro-max-tempered-glass-and-cleaning-kit-purple","status":"publish","type":"product","link":"https:\/\/asura.lv\/lt\/produktas\/phone-case-baseus-skyring-magnetic-with-stand-for-ip-14-pro-max-tempered-glass-and-cleaning-kit-purple\/","title":{"rendered":"Baseus SkyRing Magnetic telefono d\u0117klas su stovu, skirtas \u201eiP 14 Pro Max\u201c + gr\u016bdintas stiklas ir valymo rinkinys (violetinis)"},"content":{"rendered":"<h3>\u201eBaseus SkyRing Magnetic\u201c d\u0117klas su laikikliu, skirtas \u201eiP 14 Pro Max\u201c + gr\u016bdintas stiklas ir valymo rinkinys (violetinis).<\/h3>\n<p>\u201eBaseus SkyRing Magnetic\u201c d\u0117klas sukurtas siekiant u\u017etikrinti auk\u0161\u010diausi\u0105 \u201eiPhone 14 Pro Max\u201c apsaug\u0105. Pagamintas i\u0161 patvari\u0173 med\u017eiag\u0173, jis patikimai apsaugo nuo \u012fbr\u0117\u017eim\u0173, sm\u016bgi\u0173 ir kritim\u0173, i\u0161laikant eleganti\u0161k\u0105 \u012frenginio i\u0161vaizd\u0105. Jame yra \u012fmontuotas stovas, leid\u017eiantis patogiai \u017ei\u016br\u0117ti vaizdo \u012fra\u0161us, per\u017ei\u016br\u0117ti nuotraukas ar naudoti programas kra\u0161tovaizd\u017eio re\u017eimu. Taip pat pridedamas gr\u016bdintas stiklas, kuris dar labiau apsaugo ekran\u0105 nuo pa\u017eeidim\u0173.<\/p>\n<p>\n<img decoding=\"async\" border=\"0\" src=\"https:\/\/assets.innpro.pl\/6182\/7246\/1.jpg\"\/>\n<\/p>\n<h3>\u012e komplekt\u0105 \u012feina:<\/h3>\n<ul class=\"list-disc pl-5\">\n<li>d\u0117klas,<\/li>\n<li>gr\u016bdintas stiklas,<\/li>\n<li>valymo rinkinys.<\/li>\n<\/ul>\n<div class=\"table-wrapper\">\n<p>B\u00a0<\/p>\n<h3><\/h3>\n<table>\n<tbody>\n<tr>\n<th>Gamintojas<\/th>\n<td>Baseus<\/td>\n<\/tr>\n<tr>\n<th>Modelis<\/th>\n<td>SkyRing Magnetinis<\/td>\n<\/tr>\n<tr>\n<th>Spalva<\/th>\n<td>Violetin\u0117<\/td>\n<\/tr>\n<tr>\n<th>Suderinamumas<\/th>\n<td>iPhone 14 Pro Max<\/td>\n<\/tr>\n<\/tbody>\n<\/table>\n<\/div>\n","protected":false},"excerpt":{"rendered":"<p>\u201eBaseus SkyRing Magnetic\u201c d\u0117klas su laikikliu, skirtas \u201eiP 14 Pro Max\u201c + gr\u016bdintas stiklas ir valymo rinkinys (violetinis). \u201eBaseus SkyRing Magnetic\u201c d\u0117klas sukurtas siekiant u\u017etikrinti auk\u0161\u010diausi\u0105 \u201eiPhone 14 Pro Max\u201c apsaug\u0105. Pagamintas i\u0161 patvari\u0173 med\u017eiag\u0173, jis patikimai apsaugo nuo \u012fbr\u0117\u017eim\u0173, sm\u016bgi\u0173 ir kritim\u0173, i\u0161laikant eleganti\u0161k\u0105 \u012frenginio i\u0161vaizd\u0105. Jame yra \u012fmontuotas stovas, leid\u017eiantis patogiai \u017ei\u016br\u0117ti vaizdo [&#8230;]\n","protected":false},"featured_media":19784,"comment_status":"open","ping_status":"closed","template":"","meta":[],"product_brand":[95],"product_cat":[1250],"product_tag":[],"class_list":{"0":"post-19783","1":"product","2":"type-product","3":"status-publish","4":"has-post-thumbnail","6":"product_brand-baseus","7":"product_cat-protective-cases-for-smartphones-cases-gsm-accessories","9":"first","10":"outofstock","11":"taxable","12":"shipping-taxable","13":"purchasable","14":"product-type-simple"},"aioseo_notices":[],"_links":{"self":[{"href":"https:\/\/asura.lv\/lt\/wp-json\/wp\/v2\/product\/19783","targetHints":{"allow":["GET"]}}],"collection":[{"href":"https:\/\/asura.lv\/lt\/wp-json\/wp\/v2\/product"}],"about":[{"href":"https:\/\/asura.lv\/lt\/wp-json\/wp\/v2\/types\/product"}],"replies":[{"embeddable":true,"href":"https:\/\/asura.lv\/lt\/wp-json\/wp\/v2\/comments?post=19783"}],"wp:featuredmedia":[{"embeddable":true,"href":"https:\/\/asura.lv\/lt\/wp-json\/wp\/v2\/media\/19784"}],"wp:attachment":[{"href":"https:\/\/asura.lv\/lt\/wp-json\/wp\/v2\/media?parent=19783"}],"wp:term":[{"taxonomy":"product_brand","embeddable":true,"href":"https:\/\/asura.lv\/lt\/wp-json\/wp\/v2\/product_brand?post=19783"},{"taxonomy":"product_cat","embeddable":true,"href":"https:\/\/asura.lv\/lt\/wp-json\/wp\/v2\/product_cat?post=19783"},{"taxonomy":"product_tag","embeddable":true,"href":"https:\/\/asura.lv\/lt\/wp-json\/wp\/v2\/product_tag?post=19783"}],"curies":[{"name":"wp","href":"https:\/\/api.w.org\/{rel}","templated":true}]}}