{"id":20005,"date":"2025-11-28T22:08:06","date_gmt":"2025-11-28T22:08:06","guid":{"rendered":"https:\/\/asura.lv\/product\/drone-protection-sunnylife-for-dji-avata-2-black\/"},"modified":"2025-12-12T15:43:47","modified_gmt":"2025-12-12T13:43:47","slug":"drone-protection-sunnylife-for-dji-avata-2-black","status":"publish","type":"product","link":"https:\/\/asura.lv\/lt\/produktas\/drone-protection-sunnylife-for-dji-avata-2-black\/","title":{"rendered":"Drono apsauga \u201eSunnylife\u201c, skirta \u201eDJI Avata 2\u201c (juoda)"},"content":{"rendered":"<h3>\u201eSunnylife\u201c drono apsauga, skirta \u201eDJI Avata 2\u201c (juoda)<\/h3>\n<p>\u201eSunnylife AT2-BX807-D\u201c drono stabilizatoriaus dangtelis yra patikimas \u201eDJI Avata 2\u201c priedas. Pagamintas i\u0161 aliuminio lydinio \u2013 jis yra patvarus, ta\u010diau lengvas. Jis sveria tik 5 gramus, tod\u0117l nesukelia per didel\u0117s apkrovos ir netrukdo skryd\u017eio stabilumui. Priedas efektyviai apsaugos drono stabilizatori\u0173 nuo sm\u016bgi\u0173, kartu u\u017etikrindamas visi\u0161k\u0105 jo funkcionalum\u0105 \u2013 jis neu\u017estos kameros objektyvo ir netur\u0117s \u012ftakos v\u0117\u017elio re\u017eimo veikimui. Tuo pa\u010diu metu gamin\u012f labai lengva sumontuoti, jo nereikia nuimti po kiekvieno naudojimo ir jis netrukdo naudoti originalaus stabilizatoriaus dangtelio, u\u017etikrinant visi\u0161k\u0105 apsaug\u0105 skryd\u017eio metu.<\/p>\n<p>\n<img decoding=\"async\" border=\"0\" src=\"https:\/\/assets.innpro.pl\/5869\/6894\/5.jpg\"\/>\n<\/p>\n<div class=\"table-wrapper\">\n<p>B\u00a0<\/p>\n<h3><\/h3>\n<table>\n<tbody>\n<tr>\n<th>Gamintojas<\/th>\n<td>Sunnylife<\/td>\n<\/tr>\n<tr>\n<th>Modelis<\/th>\n<td>AT2-BX807-D<\/td>\n<\/tr>\n<tr>\n<th>Spalva<\/th>\n<td>Juoda<\/td>\n<\/tr>\n<tr>\n<th>Med\u017eiaga<\/th>\n<td>Aliuminio lydinys<\/td>\n<\/tr>\n<tr>\n<th>Svoris<\/th>\n<td>5 g<\/td>\n<\/tr>\n<tr>\n<th>Suderinamumas<\/th>\n<td>DJI Avata 2<\/td>\n<\/tr>\n<\/tbody>\n<\/table>\n<\/div>\n","protected":false},"excerpt":{"rendered":"<p>\u201eSunnylife\u201c drono apsauga, skirta \u201eDJI Avata 2\u201c (juoda) \u201eSunnylife AT2-BX807-D\u201c drono stabilizatoriaus dangtelis yra patikimas \u201eDJI Avata 2\u201c priedas. Pagamintas i\u0161 aliuminio lydinio \u2013 jis yra patvarus, ta\u010diau lengvas. Jis sveria tik 5 gramus, tod\u0117l nesukelia per didel\u0117s apkrovos ir netrukdo skryd\u017eio stabilumui. Priedas efektyviai apsaugos drono stabilizatori\u0173 nuo sm\u016bgi\u0173, kartu u\u017etikrindamas visi\u0161k\u0105 jo funkcionalum\u0105 [&#8230;]\n","protected":false},"featured_media":20006,"comment_status":"open","ping_status":"closed","template":"","meta":[],"product_brand":[432],"product_cat":[1028],"product_tag":[],"class_list":{"0":"post-20005","1":"product","2":"type-product","3":"status-publish","4":"has-post-thumbnail","6":"product_brand-sunnylife","7":"product_cat-dji","9":"first","10":"outofstock","11":"taxable","12":"shipping-taxable","13":"purchasable","14":"product-type-simple"},"aioseo_notices":[],"_links":{"self":[{"href":"https:\/\/asura.lv\/lt\/wp-json\/wp\/v2\/product\/20005","targetHints":{"allow":["GET"]}}],"collection":[{"href":"https:\/\/asura.lv\/lt\/wp-json\/wp\/v2\/product"}],"about":[{"href":"https:\/\/asura.lv\/lt\/wp-json\/wp\/v2\/types\/product"}],"replies":[{"embeddable":true,"href":"https:\/\/asura.lv\/lt\/wp-json\/wp\/v2\/comments?post=20005"}],"wp:featuredmedia":[{"embeddable":true,"href":"https:\/\/asura.lv\/lt\/wp-json\/wp\/v2\/media\/20006"}],"wp:attachment":[{"href":"https:\/\/asura.lv\/lt\/wp-json\/wp\/v2\/media?parent=20005"}],"wp:term":[{"taxonomy":"product_brand","embeddable":true,"href":"https:\/\/asura.lv\/lt\/wp-json\/wp\/v2\/product_brand?post=20005"},{"taxonomy":"product_cat","embeddable":true,"href":"https:\/\/asura.lv\/lt\/wp-json\/wp\/v2\/product_cat?post=20005"},{"taxonomy":"product_tag","embeddable":true,"href":"https:\/\/asura.lv\/lt\/wp-json\/wp\/v2\/product_tag?post=20005"}],"curies":[{"name":"wp","href":"https:\/\/api.w.org\/{rel}","templated":true}]}}