{"id":20401,"date":"2025-11-28T22:06:40","date_gmt":"2025-11-28T22:06:40","guid":{"rendered":"https:\/\/asura.lv\/product\/otoscope-with-ear-cleaning-camera-bebird-note-5-pro-blue\/"},"modified":"2025-12-12T15:42:40","modified_gmt":"2025-12-12T13:42:40","slug":"otoscope-with-ear-cleaning-camera-bebird-note-5-pro-blue","status":"publish","type":"product","link":"https:\/\/asura.lv\/lt\/produktas\/otoscope-with-ear-cleaning-camera-bebird-note-5-pro-blue\/","title":{"rendered":"Otoskopas su aus\u0173 valymo kamera Bebird Note 5 pro (m\u0117lynas)"},"content":{"rendered":"<h3>\u201eBebird Note 5 Pro\u201c (m\u0117lynas) aus\u0173 valymo otoskopas su kamera<\/h3>\n<p>\u201eBebird\u201c pakeis j\u016bs\u0173 po\u017ei\u016br\u012f \u012f aus\u0173 higien\u0105. \u201eBebird Note 5 Pro\u201c otoskopas turi didel\u0117s rai\u0161kos 10 MP kamer\u0105 ir 3,2 mm endoskopin\u0119 galvut\u0119, kad ausies viduje b\u016bt\u0173 u\u017etikrintas kri\u0161tolo skaidrumo vaizdas. Giroskopas su reguliuojamu stabilizavimu garantuoja stabil\u0173 ir tiksl\u0173 veikim\u0105 be dreb\u0117jimo. Integruota \u201eWi-Fi\u201c sistema leid\u017eia lengvai pasiekti vaizdus per program\u0117l\u0119, tod\u0117l yra patogiau. \u012ekraunama baterija u\u017etikrina vienos valandos nepertraukiam\u0105 veikim\u0105, o pa\u017eangios funkcijos, tokios kaip i\u0161manus temperat\u016bros valdymas ir LED foninis ap\u0161vietimas, padidina saugum\u0105 ir komfort\u0105.<\/p>\n<p>\n<img decoding=\"async\" border=\"0\" src=\"https:\/\/assets.innpro.pl\/5221\/6121\/2.jpg\"\/>\n<\/p>\n<h3>Auk\u0161ta vaizdo kokyb\u0117 tiksliai diagnozei nustatyti<\/h3>\n<p>\u201eBebird Note 5 Pro\u201c otoskopas garantuoja i\u0161skirtin\u012f tikslum\u0105 \u2013 10 MP kamera su CMOS jutikliu perduoda vaizdus i\u0161 ausies vidaus \u012f i\u0161maniojo telefono ekran\u0105 su nuostabiu detalumu. 20 kadr\u0173 per sekund\u0119 perdavimo greitis u\u017etikrina skland\u0173 kiekvien\u0105 judes\u012f. Nano l\u0119\u0161is yra atsparus vandeniui, dulk\u0117ms ir \u012fbr\u0117\u017eimams, tod\u0117l vaizdai yra ry\u0161k\u016bs net ir sud\u0117tingomis s\u0105lygomis.<\/p>\n<p>\n<img decoding=\"async\" border=\"0\" src=\"https:\/\/assets.innpro.pl\/5221\/6121\/7.jpg\"\/>\n<\/p>\n<h3>Patogi prieiga prie vaizd\u0173<\/h3>\n<p>Integruotas \u201eWi-Fi\u201c mikroprocesorius u\u017etikrina stabil\u0173 ir greit\u0105 belaid\u012f ry\u0161\u012f, tod\u0117l galite realiuoju laiku analizuoti kameros vaizd\u0105 specialioje \u201eBebird\u201c program\u0117l\u0117je, kuri\u0105 galima rasti \u201eApp Store\u201c ir \u201eGoogle Play\u201c parduotuv\u0117se. U\u017e vaizdo stabilizavim\u0105 atsakingas auk\u0161\u010diausios klas\u0117s giroskopas, leid\u017eiantis tiksliai manevruoti, nesijaudinant d\u0117l \u200b\u200brank\u0173 dreb\u0117jimo. Tai leid\u017eia aus\u0173 valym\u0105 padaryti saugesn\u012f ir patogesn\u012f.<\/p>\n<p>\n<img decoding=\"async\" border=\"0\" src=\"https:\/\/assets.innpro.pl\/5221\/6121\/5.jpg\"\/>\n<\/p>\n<h3>\u012erodytas efektyvumas<\/h3>\n<p>\u201eBebird\u201c nustato nauj\u0105 aus\u0173 higienos standart\u0105. D\u0117l pa\u017eangios vizualizacijos sistemos, mechaninio dizaino ir 360\u00b0 kampu reguliuojam\u0173 novatori\u0161k\u0173 pincet\u0173 prietaisas u\u017etikrina patogi\u0105 prieig\u0105 prie vis\u0173 ausies dali\u0173 ir i\u0161skirtin\u012f efektyvum\u0105.<\/p>\n<p>\n<img decoding=\"async\" border=\"0\" src=\"https:\/\/assets.innpro.pl\/5221\/6121\/4.jpg\"\/>\n<\/p>\n<h3>Ilgas veikimo laikas<\/h3>\n<p>230 mAh \u012fkraunama baterija garantuoja iki valandos veikimo vienu \u012fkrovimu. Vienos valandos pakanka, kad baterija b\u016bt\u0173 visi\u0161kai \u012fkrauta. D\u0117l to \u201eBebird Note 5 Pro\u201c otoskopas beveik visada paruo\u0161tas darbui, o j\u016bs galite m\u0117gautis i\u0161samia aus\u0173 higiena, pasitelkdami novatori\u0161kas technologijas.<\/p>\n<p>\n<img decoding=\"async\" border=\"0\" src=\"https:\/\/assets.innpro.pl\/5221\/6121\/3.jpg\"\/>\n<\/p>\n<h3>Papildomi privalumai<\/h3>\n<p>D\u0117l i\u0161maniosios temperat\u016bros kontrol\u0117s \u201eBebird Note 5 Pro\u201c otoskopas neperkaista, o akims saugus LED foninis ap\u0161vietimas leid\u017eia lengvai valyti ir ap\u017ei\u016br\u0117ti ausis. \u012erenginys taip pat i\u0161siskiria lengvu ir kompakti\u0161ku dizainu, tod\u0117l juo galima atlikti kasdienius sveikatos patikrinimus ir pa\u0161alinti aus\u0173, nosies bei gerkl\u0117s sier\u0105 tiek namuose, tiek keliaujant. Be to, d\u0117l \u0161ilkin\u0117s tekst\u016bros jis atrodo i\u0161skirtinai eleganti\u0161kai.<\/p>\n<p>\n<img decoding=\"async\" border=\"0\" src=\"https:\/\/assets.innpro.pl\/5221\/6121\/6.jpg\"\/>\n<\/p>\n<h3>Pridedama<\/h3>\n<ul class=\"list-disc pl-5\">\n<li>Otoskopas su kamera<\/li>\n<li>Pagrindas<\/li>\n<li>Aus\u0173 mentel\u0117 x6<\/li>\n<li>Aus\u0173 \u012fd\u0117klas x6<\/li>\n<li>Alkoholiu suvilgytas tamponas x5<\/li>\n<li>Mink\u0161tinimo tamponas x5<\/li>\n<li>\u012ekrovimo laidas<\/li>\n<li>Naudotojo vadovas<\/li>\n<\/ul>\n<div class=\"table-wrapper\">\n<p>\u0412\u00a0<\/p>\n<h3><\/h3>\n<table>\n<tbody>\n<tr>\n<th>Gamintojas<\/th>\n<td>Bebird<\/td>\n<\/tr>\n<tr>\n<th>Modelis<\/th>\n<td>Note 5 Pro<\/td>\n<\/tr>\n<tr>\n<th>Pikseliai<\/th>\n<td>10 MP<\/td>\n<\/tr>\n<tr>\n<th>Objektyvo skersmuo<\/th>\n<td>3,2 mm<\/td>\n<\/tr>\n<tr>\n<th>Optimalus \u017eidinio nuotolis<\/th>\n<td>12 ~ 15 mm<\/td>\n<\/tr>\n<tr>\n<th>Giroskopas<\/th>\n<td>Taip, su reguliuojamu stabilizavimu<\/td>\n<\/tr>\n<tr>\n<th>Vaizdo perdavimo greitis<\/th>\n<td>20 kadr\u0173 per sekund\u0119<\/td>\n<\/tr>\n<tr>\n<th>Vaizdo jutiklis<\/th>\n<td>CMOS<\/td>\n<\/tr>\n<tr>\n<th>Veikimo da\u017enis<\/th>\n<td>2,4 GHz<\/td>\n<\/tr>\n<tr>\n<th>Tinklo standartas<\/th>\n<td>IEEE 802.11b\/g\/n<\/td>\n<\/tr>\n<tr>\n<th>Akumuliatoriaus talpa<\/th>\n<td>230 mAh<\/td>\n<\/tr>\n<tr>\n<th>Veikimo laikas<\/th>\n<td>ma\u017edaug 60 minu\u010di\u0173<\/td>\n<\/tr>\n<tr>\n<th>\u012ekrovimo laikas<\/th>\n<td>ma\u017edaug 60 minu\u010di\u0173<\/td>\n<\/tr>\n<tr>\n<th>Darbin\u0117 temperat\u016bra<\/th>\n<td>10 \u00b0C\u201345 \u00b0C<\/td>\n<\/tr>\n<tr>\n<th>\u012evesties parametrai<\/th>\n<td>5 V nuolatin\u0117 srov\u0117 0,5 A<\/td>\n<\/tr>\n<tr>\n<th>Strypo svoris<\/th>\n<td>92 g<\/td>\n<\/tr>\n<tr>\n<th>Spalva<\/th>\n<td>m\u0117lyna<\/td>\n<\/tr>\n<\/tbody>\n<\/table>\n<\/div>\n","protected":false},"excerpt":{"rendered":"<p>\u201eBebird Note 5 Pro\u201c (m\u0117lynas) aus\u0173 valymo otoskopas su kamera \u201eBebird\u201c pakeis j\u016bs\u0173 po\u017ei\u016br\u012f \u012f aus\u0173 higien\u0105. \u201eBebird Note 5 Pro\u201c otoskopas turi didel\u0117s rai\u0161kos 10 MP kamer\u0105 ir 3,2 mm endoskopin\u0119 galvut\u0119, kad ausies viduje b\u016bt\u0173 u\u017etikrintas kri\u0161tolo skaidrumo vaizdas. Giroskopas su reguliuojamu stabilizavimu garantuoja stabil\u0173 ir tiksl\u0173 veikim\u0105 be dreb\u0117jimo. Integruota \u201eWi-Fi\u201c sistema [&#8230;]\n","protected":false},"featured_media":20402,"comment_status":"open","ping_status":"closed","template":"","meta":[],"product_brand":[557],"product_cat":[1097],"product_tag":[],"class_list":{"0":"post-20401","1":"product","2":"type-product","3":"status-publish","4":"has-post-thumbnail","6":"product_brand-bebird","7":"product_cat-otoscopes","9":"first","10":"outofstock","11":"taxable","12":"shipping-taxable","13":"purchasable","14":"product-type-simple"},"aioseo_notices":[],"_links":{"self":[{"href":"https:\/\/asura.lv\/lt\/wp-json\/wp\/v2\/product\/20401","targetHints":{"allow":["GET"]}}],"collection":[{"href":"https:\/\/asura.lv\/lt\/wp-json\/wp\/v2\/product"}],"about":[{"href":"https:\/\/asura.lv\/lt\/wp-json\/wp\/v2\/types\/product"}],"replies":[{"embeddable":true,"href":"https:\/\/asura.lv\/lt\/wp-json\/wp\/v2\/comments?post=20401"}],"wp:featuredmedia":[{"embeddable":true,"href":"https:\/\/asura.lv\/lt\/wp-json\/wp\/v2\/media\/20402"}],"wp:attachment":[{"href":"https:\/\/asura.lv\/lt\/wp-json\/wp\/v2\/media?parent=20401"}],"wp:term":[{"taxonomy":"product_brand","embeddable":true,"href":"https:\/\/asura.lv\/lt\/wp-json\/wp\/v2\/product_brand?post=20401"},{"taxonomy":"product_cat","embeddable":true,"href":"https:\/\/asura.lv\/lt\/wp-json\/wp\/v2\/product_cat?post=20401"},{"taxonomy":"product_tag","embeddable":true,"href":"https:\/\/asura.lv\/lt\/wp-json\/wp\/v2\/product_tag?post=20401"}],"curies":[{"name":"wp","href":"https:\/\/api.w.org\/{rel}","templated":true}]}}