{"id":20557,"date":"2025-11-28T22:06:26","date_gmt":"2025-11-28T22:06:26","guid":{"rendered":"https:\/\/asura.lv\/product\/headphone-foldable-peppa-pig-lexibook\/"},"modified":"2025-12-12T15:42:28","modified_gmt":"2025-12-12T13:42:28","slug":"headphone-foldable-peppa-pig-lexibook","status":"publish","type":"product","link":"https:\/\/asura.lv\/lt\/produktas\/headphone-foldable-peppa-pig-lexibook\/","title":{"rendered":"Ausin\u0117s sulankstomos Peppa Pig Lexibook"},"content":{"rendered":"<h3>Sulankstomos ausin\u0117s \u201ePeppa Pig Lexibook\u201c<\/h3>\n<\/p>\n<p>Sulankstomose \u201eLexibook\u201c ausin\u0117se naudojamas 40 milimetr\u0173 garsiakalbis, u\u017etikrinantis auk\u0161tos kokyb\u0117s gars\u0105 ir paver\u010diantis kiekvien\u0105 klausymosi patirt\u012f nuotykiu. 85 dB jautrumas apsaugo vaik\u0173 klaus\u0105, o rafinuotas dizainas su populiarios pasakos tema d\u017eiugina i\u0161rai\u0161kingomis spalvomis. \u012erenginio valdymas nesukels joki\u0173 sunkum\u0173 vaikui. 3,5 mm ki\u0161tuko naudojimas u\u017etikrina plat\u0173 suderinamum\u0105.<\/p>\n<\/p>\n<p>\n<img decoding=\"async\" border=\"0\" src=\"https:\/\/assets.innpro.pl\/5188\/6088\/8.jpg\"\/>\n<\/p>\n<h3>Kiekvien\u0105 dien\u0105 su \u201ePeppa\u201c<\/h3>\n<\/p>\n<p>Sulankstomas dizainas ir reguliuojamas galvos lankelis leid\u017eia ausin\u0117ms prisitaikyti prie skirting\u0173 galvos dyd\u017ei\u0173, u\u017etikrinant komfort\u0105 net ir ilgai naudojant. Mink\u0161tos aus\u0173 kau\u0161eliai leid\u017eia vaikams m\u0117gautis m\u0117gstamais garsais be diskomforto.<\/p>\n<\/p>\n<p>\n<img decoding=\"async\" border=\"0\" src=\"https:\/\/assets.innpro.pl\/5188\/6088\/6.jpg\"\/>\n<\/p>\n<h3>Universalus \u017eaidim\u0173 draugas<\/h3>\n<\/p>\n<p>Universalus 3,5 mm lizdas u\u017etikrina plat\u0173 suderinamum\u0105. Vaikas gali lengvai prijungti ausines prie plan\u0161etinio kompiuterio, telefono ar MP3 grotuvo. Be to, 1,5 metro ilgio laidas leid\u017eia laisvai jud\u0117ti naudojimo metu.<\/p>\n<\/p>\n<p>\n<img decoding=\"async\" border=\"0\" src=\"https:\/\/assets.innpro.pl\/5188\/6088\/3.jpg\"\/>\n<\/p>\n<h3>Ai\u0161kus garsas<\/h3>\n<\/p>\n<p>40 milimetr\u0173 garsiakalbis u\u017etikrina kri\u0161tolo skaidrumo gars\u0105. \u201eLexibook\u201c ausin\u0117s pasi\u017eymi 32 om\u0173 var\u017ea ir 20 Hz\u201320 kHz da\u017enio atsaku, u\u017etikrinan\u010diu stulbinant\u012f ir sodriai detal\u0173 gars\u0105.<\/p>\n<\/p>\n<p>\n<img decoding=\"async\" border=\"0\" src=\"https:\/\/assets.innpro.pl\/5188\/6088\/7.jpg\"\/>\n<\/p>\n<h3>Puikus pasirinkimas aktyviems \u017emon\u0117ms<\/h3>\n<\/p>\n<p>Ausini\u0173 gamyboje naudojamos med\u017eiagos yra atsparios sm\u016bgiams, o valymas \u2013 paprastas. D\u0117l to \u201eLexibook\u201c gaminys yra puikus pasirinkimas ir energingiems vaikams, kurie did\u017ei\u0105j\u0105 laiko dal\u012f praleid\u017eia aktyviai \u017eaisdami.<\/p>\n<\/p>\n<p>\n<img decoding=\"async\" border=\"0\" src=\"https:\/\/assets.innpro.pl\/5188\/6088\/5.jpg\"\/>\n<\/p>\n<div class=\"table-wrapper\">\n<p>B\u00a0<\/p>\n<h3><\/h3>\n<table>\n<tbody>\n<tr>\n<th>Gamintojas<\/th>\n<td>Lexibook<\/td>\n<\/tr>\n<tr>\n<th>Modelis<\/th>\n<td>HP015PP<\/td>\n<\/tr>\n<tr>\n<th>Motyvas<\/th>\n<td>Peppa Pig<\/td>\n<\/tr>\n<tr>\n<th>Keitiklis<\/th>\n<td>40 mm<\/td>\n<\/tr>\n<tr>\n<th>Impedansas<\/th>\n<td>32 Omai<\/td>\n<\/tr>\n<tr>\n<th>Jautrumas<\/th>\n<td>85 dB<\/td>\n<\/tr>\n<tr>\n<th>Da\u017enio atsakas<\/th>\n<td>20Hz\u201320kHz<\/td>\n<\/tr>\n<tr>\n<th>Maksimali \u012f\u0117jimo galia<\/th>\n<td>9 mW x 2<\/td>\n<\/tr>\n<tr>\n<th>Laido ilgis<\/th>\n<td>1,5 m<\/td>\n<\/tr>\n<tr>\n<th>Ki\u0161tukas<\/th>\n<td>3,5 mm<\/td>\n<\/tr>\n<\/tbody>\n<\/table>\n<\/div>\n","protected":false},"excerpt":{"rendered":"<p>Sulankstomos ausin\u0117s \u201ePeppa Pig Lexibook\u201c Sulankstomose \u201eLexibook\u201c ausin\u0117se naudojamas 40 milimetr\u0173 garsiakalbis, u\u017etikrinantis auk\u0161tos kokyb\u0117s gars\u0105 ir paver\u010diantis kiekvien\u0105 klausymosi patirt\u012f nuotykiu. 85 dB jautrumas apsaugo vaik\u0173 klaus\u0105, o rafinuotas dizainas su populiarios pasakos tema d\u017eiugina i\u0161rai\u0161kingomis spalvomis. \u012erenginio valdymas nesukels joki\u0173 sunkum\u0173 vaikui. 3,5 mm ki\u0161tuko naudojimas u\u017etikrina plat\u0173 suderinamum\u0105. Kiekvien\u0105 dien\u0105 su \u201ePeppa\u201c [&#8230;]\n","protected":false},"featured_media":20558,"comment_status":"open","ping_status":"closed","template":"","meta":[],"product_brand":[593],"product_cat":[1451],"product_tag":[],"class_list":{"0":"post-20557","1":"product","2":"type-product","3":"status-publish","4":"has-post-thumbnail","6":"product_brand-lexibook","7":"product_cat-headphones-and-speakers","9":"first","10":"outofstock","11":"taxable","12":"shipping-taxable","13":"purchasable","14":"product-type-simple"},"aioseo_notices":[],"_links":{"self":[{"href":"https:\/\/asura.lv\/lt\/wp-json\/wp\/v2\/product\/20557","targetHints":{"allow":["GET"]}}],"collection":[{"href":"https:\/\/asura.lv\/lt\/wp-json\/wp\/v2\/product"}],"about":[{"href":"https:\/\/asura.lv\/lt\/wp-json\/wp\/v2\/types\/product"}],"replies":[{"embeddable":true,"href":"https:\/\/asura.lv\/lt\/wp-json\/wp\/v2\/comments?post=20557"}],"wp:featuredmedia":[{"embeddable":true,"href":"https:\/\/asura.lv\/lt\/wp-json\/wp\/v2\/media\/20558"}],"wp:attachment":[{"href":"https:\/\/asura.lv\/lt\/wp-json\/wp\/v2\/media?parent=20557"}],"wp:term":[{"taxonomy":"product_brand","embeddable":true,"href":"https:\/\/asura.lv\/lt\/wp-json\/wp\/v2\/product_brand?post=20557"},{"taxonomy":"product_cat","embeddable":true,"href":"https:\/\/asura.lv\/lt\/wp-json\/wp\/v2\/product_cat?post=20557"},{"taxonomy":"product_tag","embeddable":true,"href":"https:\/\/asura.lv\/lt\/wp-json\/wp\/v2\/product_tag?post=20557"}],"curies":[{"name":"wp","href":"https:\/\/api.w.org\/{rel}","templated":true}]}}