{"id":20875,"date":"2025-11-28T22:05:57","date_gmt":"2025-11-28T22:05:57","guid":{"rendered":"https:\/\/asura.lv\/product\/joyroom-pn-14f2-starry-case-for-iphone-14-pro-green\/"},"modified":"2025-12-12T15:42:07","modified_gmt":"2025-12-12T13:42:07","slug":"joyroom-pn-14f2-starry-case-for-iphone-14-pro-green","status":"publish","type":"product","link":"https:\/\/asura.lv\/lt\/produktas\/joyroom-pn-14f2-starry-case-for-iphone-14-pro-green\/","title":{"rendered":"\u201eJoyroom PN-14F2 Starry\u201c d\u0117klas, skirtas \u201eiPhone 14 Pro\u201c (\u017ealias)"},"content":{"rendered":"<h3>\u201eJoyroom PN-14F2 Starry\u201c d\u0117klas, skirtas \u201eiPhone 14 Pro\u201c (\u017ealias)<\/h3>\n<\/p>\n<p>\u201eJoyroom Starry\u201c d\u0117klas pasi\u017eymi auk\u0161tos kokyb\u0117s kristalais, o d\u0117l avikail\u012f primenan\u010dios med\u017eiagos ir metalini\u0173 element\u0173 naudojimo jis yra itin patvarus ir u\u017etikrina efektyvi\u0105 \u201eiPhone 14 Pro\u201c apsaug\u0105.<\/p>\n<\/p>\n<p>\n<img decoding=\"async\" border=\"0\" src=\"https:\/\/assets.innpro.pl\/4773\/5521\/3.jpg\"\/>\n<\/p>\n<h3>Eleganti\u0161kas dizainas<\/h3>\n<\/p>\n<p>Kristalai suteikia neabejotin\u0105 blizges\u012f, kuris i\u0161 karto patraukia d\u0117mes\u012f. Jie taip pat yra patvar\u016bs ir atspar\u016bs \u012fbr\u0117\u017eimams, tod\u0117l d\u0117klas atrodo stilingai ir eleganti\u0161kai. Dekoratyviniai elementai yra pagaminti i\u0161 tos pa\u010dios gamyklos kaip ir garsieji \u201eSwarovski\u201c kristalai. Rank\u0173 darbo logotipas dar labiau sustiprina vizualin\u012f patrauklum\u0105. \u0160is aksesuaras taip pat atsparus purvui ir naudojimo p\u0117dsakams.<\/p>\n<\/p>\n<p>\n<img decoding=\"async\" border=\"0\" src=\"https:\/\/assets.innpro.pl\/4773\/5521\/4.jpg\"\/>\n<\/p>\n<h3>\u012erenginio apsauga<\/h3>\n<\/p>\n<p>Imitacin\u0117 avikailio med\u017eiaga ne tik atrodo eleganti\u0161kai, bet ir apsaugo nuo kasdieni\u0173 pa\u017eeidim\u0173, \u012fskaitant \u012fbr\u0117\u017eimus ar sm\u016bgius. Metaliniai elementai garantuoja papildom\u0105 apsaug\u0105, o orui laidus pamu\u0161alas u\u017etikrina efektyvi\u0105 ventiliacij\u0105 ir apsaugo telefon\u0105 nuo perkaitimo.<\/p>\n<\/p>\n<p>\n<img decoding=\"async\" border=\"0\" src=\"https:\/\/assets.innpro.pl\/4773\/5521\/1.jpg\"\/>\n<\/p>\n<h3>Pritaikoma<\/h3>\n<\/p>\n<p>\u201eJoyroom Starry\u201c d\u0117klo dizainas leid\u017eia suasmeninti i\u0161vaizd\u0105 aksesuarais, tokiais kaip karoliuk\u0173 grandin\u0117l\u0117. Tai suteiks j\u016bs\u0173 aksesuarui unikal\u0173 akcent\u0105 ir kartu leis m\u0117gautis jo funkcionalumu.<\/p>\n<\/p>\n<p>\n<img decoding=\"async\" border=\"0\" src=\"https:\/\/assets.innpro.pl\/4773\/5521\/2.jpg\"\/>\n<\/p>\n<div class=\"table-wrapper\">\n<p>B\u00a0<\/p>\n<h3><\/h3>\n<table>\n<tbody>\n<tr>\n<th>Gamintojas<\/th>\n<td>Joyroom<\/td>\n<\/tr>\n<tr>\n<th>Modelis<\/th>\n<td>PN-14F2<\/td>\n<\/tr>\n<tr>\n<th>Serija<\/th>\n<td>Starry<\/td>\n<\/tr>\n<tr>\n<th>Suderinamumas<\/th>\n<td>iPhone 14 Pro<\/td>\n<\/tr>\n<tr>\n<th>Spalva<\/th>\n<td>\u017ealia<\/td>\n<\/tr>\n<\/tbody>\n<\/table>\n<\/div>\n","protected":false},"excerpt":{"rendered":"<p>\u201eJoyroom PN-14F2 Starry\u201c d\u0117klas, skirtas \u201eiPhone 14 Pro\u201c (\u017ealias) \u201eJoyroom Starry\u201c d\u0117klas pasi\u017eymi auk\u0161tos kokyb\u0117s kristalais, o d\u0117l avikail\u012f primenan\u010dios med\u017eiagos ir metalini\u0173 element\u0173 naudojimo jis yra itin patvarus ir u\u017etikrina efektyvi\u0105 \u201eiPhone 14 Pro\u201c apsaug\u0105. Eleganti\u0161kas dizainas Kristalai suteikia neabejotin\u0105 blizges\u012f, kuris i\u0161 karto patraukia d\u0117mes\u012f. Jie taip pat yra patvar\u016bs ir atspar\u016bs \u012fbr\u0117\u017eimams, [&#8230;]\n","protected":false},"featured_media":20876,"comment_status":"open","ping_status":"closed","template":"","meta":[],"product_brand":[443],"product_cat":[1250],"product_tag":[],"class_list":{"0":"post-20875","1":"product","2":"type-product","3":"status-publish","4":"has-post-thumbnail","6":"product_brand-joyroom","7":"product_cat-protective-cases-for-smartphones-cases-gsm-accessories","9":"first","10":"outofstock","11":"taxable","12":"shipping-taxable","13":"purchasable","14":"product-type-simple"},"aioseo_notices":[],"_links":{"self":[{"href":"https:\/\/asura.lv\/lt\/wp-json\/wp\/v2\/product\/20875","targetHints":{"allow":["GET"]}}],"collection":[{"href":"https:\/\/asura.lv\/lt\/wp-json\/wp\/v2\/product"}],"about":[{"href":"https:\/\/asura.lv\/lt\/wp-json\/wp\/v2\/types\/product"}],"replies":[{"embeddable":true,"href":"https:\/\/asura.lv\/lt\/wp-json\/wp\/v2\/comments?post=20875"}],"wp:featuredmedia":[{"embeddable":true,"href":"https:\/\/asura.lv\/lt\/wp-json\/wp\/v2\/media\/20876"}],"wp:attachment":[{"href":"https:\/\/asura.lv\/lt\/wp-json\/wp\/v2\/media?parent=20875"}],"wp:term":[{"taxonomy":"product_brand","embeddable":true,"href":"https:\/\/asura.lv\/lt\/wp-json\/wp\/v2\/product_brand?post=20875"},{"taxonomy":"product_cat","embeddable":true,"href":"https:\/\/asura.lv\/lt\/wp-json\/wp\/v2\/product_cat?post=20875"},{"taxonomy":"product_tag","embeddable":true,"href":"https:\/\/asura.lv\/lt\/wp-json\/wp\/v2\/product_tag?post=20875"}],"curies":[{"name":"wp","href":"https:\/\/api.w.org\/{rel}","templated":true}]}}