{"id":20881,"date":"2025-11-28T22:05:56","date_gmt":"2025-11-28T22:05:56","guid":{"rendered":"https:\/\/asura.lv\/product\/joyroom-pn-15l4-case-dancing-circle-for-iphone-15-pro-max-purple\/"},"modified":"2025-12-12T15:42:05","modified_gmt":"2025-12-12T13:42:05","slug":"joyroom-pn-15l4-case-dancing-circle-for-iphone-15-pro-max-purple","status":"publish","type":"product","link":"https:\/\/asura.lv\/lt\/produktas\/joyroom-pn-15l4-case-dancing-circle-for-iphone-15-pro-max-purple\/","title":{"rendered":"\u201eJoyroom PN-15L4\u201c d\u0117klas \u201eDancing Circle\u201c, skirtas \u201eiPhone 15 Pro Max\u201c (violetinis)"},"content":{"rendered":"<h3>\u201eJoyroom PN-15L4 Dancing Circle\u201c d\u0117klas, skirtas \u201eiPhone 15 Pro Max\u201c (violetinis).<\/h3>\n<\/p>\n<p>Rinkit\u0117s \u201eJoyroom\u201c pasi\u016blym\u0105 ir m\u0117gaukit\u0117s stiliaus bei funkcionalumo deriniu. \u201eDancing Circle\u201c d\u0117klas palaiko \u201eMagSafe\u201c funkcij\u0105, o d\u0117l auk\u0161tos kokyb\u0117s kristal\u0173 atrodo i\u0161skirtinai eleganti\u0161kai. Jo konstrukcijai buvo naudojamos kokybi\u0161kos med\u017eiagos, kurios yra patvarios ir apsaugo j\u016bs\u0173 \u201eiPhone 15 Pro Max\u201c. Prakti\u0161kas \u017eiedas taip pat gali b\u016bti naudojamas kaip stovas.<\/p>\n<\/p>\n<p>\n<img decoding=\"async\" border=\"0\" src=\"https:\/\/assets.innpro.pl\/4769\/5517\/1.jpg\"\/>\n<\/p>\n<h3>Ry\u0161k\u016bs kristalai<\/h3>\n<\/p>\n<p>Unikalus tankiai i\u0161d\u0117styt\u0173 auk\u0161\u010diausios kokyb\u0117s kristal\u0173 derinys kartu su naudojama gradiento technologija ir graviravimo technologija sukuria stulbinant\u012f efekt\u0105, kuris prad\u017eiugins bet kur\u012f papuo\u0161al\u0173 myl\u0117toj\u0105. Su \u201eJoyroom Dancing Circle\u201c d\u0117klu j\u016bs\u0173 telefonas visada atrodys fantasti\u0161kai!<\/p>\n<\/p>\n<p>\n<img decoding=\"async\" border=\"0\" src=\"https:\/\/assets.innpro.pl\/4769\/5517\/5.jpg\"\/>\n<\/p>\n<h3>D\u0117mesys detal\u0117ms<\/h3>\n<\/p>\n<p>D\u0117klo gamybos procese buvo naudojama dirbtin\u0117 avikailio med\u017eiaga, kuri primena avikail\u012f. D\u0117l to gaminys yra malonus liesti ir patvarus. Taip pat buvo naudojama liejimo technologija, kuri suteik\u0117 stulbinan\u010dius vizualinius rezultatus. Mink\u0161tas silikoninis pamink\u0161tinimas ir metalinis r\u0117mas u\u017etikrina patikim\u0105 \u012frenginio apsaug\u0105.<\/p>\n<\/p>\n<p>\n<img decoding=\"async\" border=\"0\" src=\"https:\/\/assets.innpro.pl\/4769\/5517\/3.jpg\"\/>\n<\/p>\n<h3>\u201eMagSafe\u201c palaikymas<\/h3>\n<\/p>\n<p>\u201eJoyroom Dancing Circle\u201c d\u0117klas palaiko \u201eMagSafe\u201c funkcij\u0105 ir yra su prakti\u0161ku \u017eiedu, kuris gali b\u016bti naudojamas kaip rankena. Tai leid\u017eia naudoti \u201eMagSafe\u201c \u012fkroviklius ir priedus, taip pat galite patogiai \u017ei\u016br\u0117ti filmus ar atlikti vaizdo skambu\u010dius nelaikydami \u012frenginio rankoje.<\/p>\n<\/p>\n<p>\n<img decoding=\"async\" border=\"0\" src=\"https:\/\/assets.innpro.pl\/4769\/5517\/2.jpg\"\/>\n<\/p>\n<div class=\"table-wrapper\">\n<p>B\u00a0<\/p>\n<h3><\/h3>\n<table>\n<tbody>\n<tr>\n<th>Gamintojas<\/th>\n<td>Joyroom<\/td>\n<\/tr>\n<tr>\n<th>Modelis<\/th>\n<td>PN-15L4<\/td>\n<\/tr>\n<tr>\n<th>Serija<\/th>\n<td>\u0160oki\u0173 ratas<\/td>\n<\/tr>\n<tr>\n<th>Suderinamumas<\/th>\n<td>iPhone 15 Pro Maks.<\/td>\n<\/tr>\n<tr>\n<th>Spalva<\/th>\n<td>violetin\u0117<\/td>\n<\/tr>\n<\/tbody>\n<\/table>\n<\/div>\n","protected":false},"excerpt":{"rendered":"<p>\u201eJoyroom PN-15L4 Dancing Circle\u201c d\u0117klas, skirtas \u201eiPhone 15 Pro Max\u201c (violetinis). Rinkit\u0117s \u201eJoyroom\u201c pasi\u016blym\u0105 ir m\u0117gaukit\u0117s stiliaus bei funkcionalumo deriniu. \u201eDancing Circle\u201c d\u0117klas palaiko \u201eMagSafe\u201c funkcij\u0105, o d\u0117l auk\u0161tos kokyb\u0117s kristal\u0173 atrodo i\u0161skirtinai eleganti\u0161kai. Jo konstrukcijai buvo naudojamos kokybi\u0161kos med\u017eiagos, kurios yra patvarios ir apsaugo j\u016bs\u0173 \u201eiPhone 15 Pro Max\u201c. Prakti\u0161kas \u017eiedas taip pat gali [&#8230;]\n","protected":false},"featured_media":20882,"comment_status":"open","ping_status":"closed","template":"","meta":[],"product_brand":[443],"product_cat":[1250],"product_tag":[],"class_list":{"0":"post-20881","1":"product","2":"type-product","3":"status-publish","4":"has-post-thumbnail","6":"product_brand-joyroom","7":"product_cat-protective-cases-for-smartphones-cases-gsm-accessories","9":"first","10":"outofstock","11":"taxable","12":"shipping-taxable","13":"purchasable","14":"product-type-simple"},"aioseo_notices":[],"_links":{"self":[{"href":"https:\/\/asura.lv\/lt\/wp-json\/wp\/v2\/product\/20881","targetHints":{"allow":["GET"]}}],"collection":[{"href":"https:\/\/asura.lv\/lt\/wp-json\/wp\/v2\/product"}],"about":[{"href":"https:\/\/asura.lv\/lt\/wp-json\/wp\/v2\/types\/product"}],"replies":[{"embeddable":true,"href":"https:\/\/asura.lv\/lt\/wp-json\/wp\/v2\/comments?post=20881"}],"wp:featuredmedia":[{"embeddable":true,"href":"https:\/\/asura.lv\/lt\/wp-json\/wp\/v2\/media\/20882"}],"wp:attachment":[{"href":"https:\/\/asura.lv\/lt\/wp-json\/wp\/v2\/media?parent=20881"}],"wp:term":[{"taxonomy":"product_brand","embeddable":true,"href":"https:\/\/asura.lv\/lt\/wp-json\/wp\/v2\/product_brand?post=20881"},{"taxonomy":"product_cat","embeddable":true,"href":"https:\/\/asura.lv\/lt\/wp-json\/wp\/v2\/product_cat?post=20881"},{"taxonomy":"product_tag","embeddable":true,"href":"https:\/\/asura.lv\/lt\/wp-json\/wp\/v2\/product_tag?post=20881"}],"curies":[{"name":"wp","href":"https:\/\/api.w.org\/{rel}","templated":true}]}}