{"id":20929,"date":"2025-11-28T21:12:11","date_gmt":"2025-11-28T21:12:11","guid":{"rendered":"https:\/\/asura.lv\/product\/darkflash-a290-computer-case-white\/"},"modified":"2025-12-12T15:41:24","modified_gmt":"2025-12-12T13:41:24","slug":"darkflash-a290-computer-case-white","status":"publish","type":"product","link":"https:\/\/asura.lv\/lt\/produktas\/darkflash-a290-computer-case-white\/","title":{"rendered":"\u201eDarkflash A290\u201c kompiuterio korpusas (baltas)"},"content":{"rendered":"<h3>\u201eDarkflash A290\u201c kompiuterio korpusas (baltas)<\/h3>\n<p>Norite susikurti tobul\u0105 kompiuter\u012f darbui ar \u017eaidimams? \u201eDarkflash A290\u201c korpusas pad\u0117s jums tai padaryti! Jis suderinamas su daugelio tip\u0173 komponentais ir leid\u017eia sukurti galing\u0105 au\u0161inimo sistem\u0105. Jame taip pat yra keletas pagrindini\u0173 prievad\u0173 ir mygtuk\u0173, \u012fskaitant USB 3.0, USB 2.0 ir ausini\u0173\/garsiakalbio i\u0161vest\u012f. Jis taip pat i\u0161siskiria moderniu, stilingu dizainu \u2013 gr\u016bdinto stiklo \u0161oninis skydelis suteiks jums stulbinan\u010dius vaizdinius efektus.<\/p>\n<p>\n<img decoding=\"async\" border=\"0\" src=\"https:\/\/assets.innpro.pl\/4649\/5374\/8.jpg\"\/>\n<\/p>\n<h3>Daugyb\u0117 i\u0161pl\u0117timo galimybi\u0173<\/h3>\n<p>\u201eA290\u201c korpusas suderinamas su daugybe komponent\u0173, tod\u0117l galite lengvai susikurti b\u016btent tok\u012f kompiuter\u012f, kokio svajojate. Produktas palaiko tokius pagrindini\u0173 plok\u0161\u010di\u0173 standartus kaip ATX, M-ATX ir ITX ir leid\u017eia montuoti vaizdo plok\u0161t\u0119, kurios maksimalus ilgis yra 260 mm. Taip pat tur\u0117site vietos iki 160 mm auk\u0161\u010dio procesoriaus au\u0161inimui.<\/p>\n<p>\n<img decoding=\"async\" border=\"0\" src=\"https:\/\/assets.innpro.pl\/4649\/5374\/3.jpg\"\/>\n<\/p>\n<h3>Efektyvus au\u0161inimas<\/h3>\n<p>Nesijaudinkite d\u0117l kompiuterio perkaitimo. Gerai apgalvotas A290 korpuso dizainas leid\u017eia efektyviai i\u0161sklaidyti \u0161ilum\u0105, be to, yra galimyb\u0117 \u012fmontuoti 5 120 mm ventiliatorius. Taip pat galite \u012fmontuoti 240 mm vandens au\u0161inim\u0105. Dabar galite \u017eaisti net dinami\u0161kiausius \u017eaidimus ar naudoti sud\u0117tingiausi\u0105 programin\u0119 \u012frang\u0105 be joki\u0173 problem\u0173!<\/p>\n<p>\n<img decoding=\"async\" border=\"0\" src=\"https:\/\/assets.innpro.pl\/4649\/5374\/2.jpg\"\/>\n<\/p>\n<h3>Apgalvotas dizainas<\/h3>\n<p>Korpuso \u0161onin\u0117 panel\u0117 pagaminta i\u0161 gr\u016bdinto stiklo. Tai palanku komponentams su foniniu ap\u0161vietimu, pabr\u0117\u017eiant j\u016bs\u0173 konfig\u016bracijos \u017eaidim\u0173 pob\u016bd\u012f. Be to, A290 i\u0161siskiria modernia apdaila, kuri dar labiau pagerina aparatin\u0117s \u012frangos vizualin\u012f patrauklum\u0105. Korpusas taip pat apr\u016bpintas dulki\u0173 filtru, kur\u012f galima lengvai nuimti ir i\u0161valyti. Tai leid\u017eia lengvai palaikyti j\u016bs\u0173 \u012frang\u0105 puikios b\u016bkl\u0117s.<\/p>\n<p>\n<img decoding=\"async\" border=\"0\" src=\"https:\/\/assets.innpro.pl\/4649\/5374\/9.jpg\"\/>\n<\/p>\n<h3>Daugiau patogum\u0173<\/h3>\n<p>\u012e korpus\u0105 galite \u012fd\u0117ti HDD arba SSD. Pasirink\u0119 A290, taip pat gausite prieig\u0105 prie s\u0105sajos su USB 3.0 prievadu, kuris pasi\u017eymi i\u0161skirtiniu grei\u010diu. O kai nor\u0117site i\u0161pl\u0117sti savo aparatin\u0117s \u012frangos konfig\u016bracij\u0105, pravers 7 i\u0161pl\u0117timo korteli\u0173 lizdai.<\/p>\n<p>\n<img decoding=\"async\" border=\"0\" src=\"https:\/\/assets.innpro.pl\/4649\/5374\/1.jpg\"\/>\n<\/p>\n<h3>Pridedama<\/h3>\n<ul class=\"list-disc pl-5\">\n<li>A290 kompiuterio korpusas<\/li>\n<li>Pagrindin\u0117s plok\u0161t\u0117s \/ SSD var\u017etai x 18<\/li>\n<li>Pagrindin\u0117s plok\u0161t\u0117s variniai stulpeliai x 3<\/li>\n<li>Maitinimo \u0161altinio var\u017etai x 6<\/li>\n<li>Kietojo disko var\u017etai x 4<\/li>\n<\/ul>\n<div class=\"table-wrapper\">\n<p>B\u00a0<\/p>\n<h3><\/h3>\n<table>\n<tbody>\n<tr>\n<th>Gamintojas<\/th>\n<td>Darkflash<\/td>\n<\/tr>\n<tr>\n<th>Modelis<\/th>\n<td>A290<\/td>\n<\/tr>\n<tr>\n<th>Korpuso tipas<\/th>\n<td>Vidurinis bok\u0161tas<\/td>\n<\/tr>\n<tr>\n<th>\u0160oninis skydelis<\/th>\n<td>Gr\u016bdintas stiklas<\/td>\n<\/tr>\n<tr>\n<th>Pagrindin\u0117s plok\u0161t\u0117s standartas<\/th>\n<td>ATX, M-ATX, ITX<\/td>\n<\/tr>\n<tr>\n<th>Maitinimo \u0161altinio standartas<\/th>\n<td>Apatinis ATX maitinimo blokas<\/td>\n<\/tr>\n<tr>\n<th>Vidini\u0173 disk\u0173 \/ \u012frengini\u0173 lizdai<\/th>\n<td>1 kietasis diskas; SSD x1;<\/td>\n<\/tr>\n<tr>\n<th>2,5 colio vidin\u0117s ni\u0161os<\/th>\n<td>1<\/td>\n<\/tr>\n<tr>\n<th>Vidin\u0117s ni\u0161os 2,5\/3,5 colio<\/th>\n<td>1<\/td>\n<\/tr>\n<tr>\n<th>I\u0161pl\u0117timo plok\u0161\u010di\u0173 lizdai<\/th>\n<td>7<\/td>\n<\/tr>\n<tr>\n<th>Maksimalus vaizdo plok\u0161t\u0117s ilgis<\/th>\n<td>260 mm<\/td>\n<\/tr>\n<tr>\n<th>Maksimalus procesoriaus au\u0161inimo auk\u0161tis [mm]<\/th>\n<td>160 mm<\/td>\n<\/tr>\n<tr>\n<th>Maksimalus ventiliatori\u0173 skai\u010dius<\/th>\n<td>5 x 120 mm<\/td>\n<\/tr>\n<tr>\n<th>Ventiliatori\u0173 montavimo parinktys<\/th>\n<td>Priekyje: 120 mm x 2; Vir\u0161uje: 120 mm x 2; \u0160onas: 120 mm x 1<\/td>\n<\/tr>\n<tr>\n<th>Vandens au\u0161inimo montavimo parinktys<\/th>\n<td>Priekyje: 120 mm ventiliatorius x2; Gale: 120 mm ventiliatorius x1; Vir\u0161uje: 120 mm ventiliatorius x2;<\/td>\n<\/tr>\n<tr>\n<th>\u012emontuot\u0173 ventiliatori\u0173 skai\u010dius<\/th>\n<td>&#8211;<\/td>\n<\/tr>\n<tr>\n<th>Ventiliatoriaus modelis<\/th>\n<td>&#8211;<\/td>\n<\/tr>\n<tr>\n<th>\u012emontuot\u0173 ventiliatori\u0173 skai\u010dius<\/th>\n<td>&#8211;<\/td>\n<\/tr>\n<tr>\n<th>Mygtukai ir valdikliai<\/th>\n<td>Maitinimas, atstatymas<\/td>\n<\/tr>\n<tr>\n<th>Jungtys<\/th>\n<td>USB 3.0 x1, USB 2.0 x2 Ausini\u0173 \/ garsiakalbio i\u0161vestis<\/td>\n<\/tr>\n<tr>\n<th>Med\u017eiaga<\/th>\n<td>0,5 mm SPCC<\/td>\n<\/tr>\n<tr>\n<th>Spalva<\/th>\n<td>Balta<\/td>\n<\/tr>\n<tr>\n<th>Papildoma informacija<\/th>\n<td>&#8211;<\/td>\n<\/tr>\n<tr>\n<th>\u012etraukta priedai<\/th>\n<td>&#8211;<\/td>\n<\/tr>\n<tr>\n<th>Auk\u0161tis<\/th>\n<td>433 mm<\/td>\n<\/tr>\n<tr>\n<th>Plotis<\/th>\n<td>190 mm<\/td>\n<\/tr>\n<tr>\n<th>Gylis<\/th>\n<td>320 mm<\/td>\n<\/tr>\n<\/tbody>\n<\/table>\n<\/div>\n","protected":false},"excerpt":{"rendered":"<p>\u201eDarkflash A290\u201c kompiuterio korpusas (baltas) Norite susikurti tobul\u0105 kompiuter\u012f darbui ar \u017eaidimams? \u201eDarkflash A290\u201c korpusas pad\u0117s jums tai padaryti! Jis suderinamas su daugelio tip\u0173 komponentais ir leid\u017eia sukurti galing\u0105 au\u0161inimo sistem\u0105. Jame taip pat yra keletas pagrindini\u0173 prievad\u0173 ir mygtuk\u0173, \u012fskaitant USB 3.0, USB 2.0 ir ausini\u0173\/garsiakalbio i\u0161vest\u012f. Jis taip pat i\u0161siskiria moderniu, stilingu dizainu [&#8230;]\n","protected":false},"featured_media":20930,"comment_status":"open","ping_status":"closed","template":"","meta":[],"product_brand":[316],"product_cat":[1310],"product_tag":[],"class_list":{"0":"post-20929","1":"product","2":"type-product","3":"status-publish","4":"has-post-thumbnail","6":"product_brand-darkflash","7":"product_cat-without-fan","9":"first","10":"outofstock","11":"taxable","12":"shipping-taxable","13":"purchasable","14":"product-type-simple"},"aioseo_notices":[],"_links":{"self":[{"href":"https:\/\/asura.lv\/lt\/wp-json\/wp\/v2\/product\/20929","targetHints":{"allow":["GET"]}}],"collection":[{"href":"https:\/\/asura.lv\/lt\/wp-json\/wp\/v2\/product"}],"about":[{"href":"https:\/\/asura.lv\/lt\/wp-json\/wp\/v2\/types\/product"}],"replies":[{"embeddable":true,"href":"https:\/\/asura.lv\/lt\/wp-json\/wp\/v2\/comments?post=20929"}],"wp:featuredmedia":[{"embeddable":true,"href":"https:\/\/asura.lv\/lt\/wp-json\/wp\/v2\/media\/20930"}],"wp:attachment":[{"href":"https:\/\/asura.lv\/lt\/wp-json\/wp\/v2\/media?parent=20929"}],"wp:term":[{"taxonomy":"product_brand","embeddable":true,"href":"https:\/\/asura.lv\/lt\/wp-json\/wp\/v2\/product_brand?post=20929"},{"taxonomy":"product_cat","embeddable":true,"href":"https:\/\/asura.lv\/lt\/wp-json\/wp\/v2\/product_cat?post=20929"},{"taxonomy":"product_tag","embeddable":true,"href":"https:\/\/asura.lv\/lt\/wp-json\/wp\/v2\/product_tag?post=20929"}],"curies":[{"name":"wp","href":"https:\/\/api.w.org\/{rel}","templated":true}]}}