{"id":21037,"date":"2025-11-28T21:11:59","date_gmt":"2025-11-28T21:11:59","guid":{"rendered":"https:\/\/asura.lv\/product\/selfie-stick-universal-360%d0%b2-telesin-for-sports-cameras-phones-s1-tss-01\/"},"modified":"2025-12-12T15:41:17","modified_gmt":"2025-12-12T13:41:17","slug":"selfie-stick-universal-360%d0%b2-telesin-for-sports-cameras-phones-s1-tss-01","status":"publish","type":"product","link":"https:\/\/asura.lv\/lt\/produktas\/selfie-stick-universal-360%d0%b2-telesin-for-sports-cameras-phones-s1-tss-01\/","title":{"rendered":"Universalus asmenuki\u0173 lazdas 360\u00b0 telesistema sporto kameroms \/ telefonams (S1-TSS-01)"},"content":{"rendered":"<h3>Universali asmenuki\u0173 lazdel\u0117 \u201eTelesin\u201c 360\u00b0 kampu, skirta sporto kameroms \/ telefonams (S1-TSS-01)<\/h3>\n<p>Kurkite originalius kadrus i\u0161 skirting\u0173 perspektyv\u0173. Universali asmenuki\u0173 lazdel\u0117 \u201eTelesin S1-TSS-01\u201c i\u0161siskleid\u017eia iki ma\u017edaug 1,5 metro ilgio, o d\u0117l \u012fmontuoto rutulinio sujungimo leid\u017eia ant jos pritvirtint\u0105 kamer\u0105 pastatyti bet kokiu kampu. Ji taip pat puikiai tiks kaip trikojis. Pried\u0105 taip pat labai lengva transportuoti \u2013 jis sveria tik 322 g, o sulankstytas u\u017eima tiek ma\u017eai vietos, kad lengvai telpa \u012f krep\u0161\u012f ar kuprin\u0119. Jis taip pat i\u0161siskiria pla\u010diu suderinamumu \u2013 puikiai tinka daugumai sporto kamer\u0173 ir i\u0161mani\u0173j\u0173 telefon\u0173.<\/p>\n<p>\n<img decoding=\"async\" alt=\"\" border=\"0\" src=\"https:\/\/assets.innpro.pl\/14992\/18772\/2.jpg\"\/>\n<\/p>\n<h3>Selfie lazda ir trikojis viename<\/h3>\n<p>\u201eTelesin S1-TSS-01\u201c yra ne\u012fkainojamas priedas bet kuriam filmavimo entuziastui. \u0160i prakti\u0161ka asmenuki\u0173 lazda i\u0161siskleid\u017eia iki ma\u017edaug 1,5 metro ilgio, o d\u0117l auk\u0161\u010diausios kokyb\u0117s med\u017eiag\u0173 naudojimo ji yra labai patvari ir stabili \u2013 nesijaudinkite, kad ji svyruos. Produktas taip pat gali b\u016bti naudojamas kaip trikojis. Jis turi 3 i\u0161traukiamas kojeles, kurios puikiai tinka \u012fvairi\u0173 tip\u0173 pavir\u0161iams \u2013 tiek plok\u0161tiems, tiek nelygiems.<\/p>\n<p>\n<img decoding=\"async\" alt=\"\" border=\"0\" src=\"https:\/\/assets.innpro.pl\/14992\/18772\/7.jpg\"\/>\n<\/p>\n<h3>Gaukite ne\u012fprast\u0105 perspektyv\u0105<\/h3>\n<p>Selfiuk\u0173 lazdel\u0117 turi rutulin\u012f sujungim\u0105, tod\u0117l galite laisvai reguliuoti ant jos pritvirtintos kameros ar i\u0161maniojo telefono pad\u0117t\u012f. J\u0105 galite lengvai pasukti 360\u00b0 tiek horizontaliai, tiek vertikaliai. Tai leid\u017eia lengvai \u012fra\u0161yti auk\u0161tos kokyb\u0117s vaizdo \u012fra\u0161us i\u0161 skirting\u0173 perspektyv\u0173 \u2013 u\u017efiksuokite plat\u0173 kra\u0161tovaizd\u012f arba sukurkite tobul\u0105 asmenuk\u0119 socialinei \u017einiasklaidai!<\/p>\n<p>\n<img decoding=\"async\" alt=\"\" border=\"0\" src=\"https:\/\/assets.innpro.pl\/14992\/18772\/3.jpg\"\/>\n<\/p>\n<div class=\"table-wrapper\">\n<p>B\u00a0<\/p>\n<h3><\/h3>\n<table>\n<tbody>\n<tr>\n<th>Gamintojas<\/th>\n<td>Telesin<\/td>\n<\/tr>\n<tr>\n<th>Modelis<\/th>\n<td>S1-TSS-01<\/td>\n<\/tr>\n<tr>\n<th>Svoris<\/th>\n<td>322 g<\/td>\n<\/tr>\n<tr>\n<th>Ilgis sulanks\u010dius<\/th>\n<td>30,7 cm<\/td>\n<\/tr>\n<tr>\n<th>Ilgis i\u0161skleistas<\/th>\n<td>14,8 cm<\/td>\n<\/tr>\n<tr>\n<th>Med\u017eiaga<\/th>\n<td>ABS + aliuminis<\/td>\n<\/tr>\n<tr>\n<th>Suderinamumas<\/th>\n<td>sporto kameros ir i\u0161manieji telefonai<\/td>\n<\/tr>\n<\/tbody>\n<\/table>\n<\/div>\n","protected":false},"excerpt":{"rendered":"<p>Universali asmenuki\u0173 lazdel\u0117 \u201eTelesin\u201c 360\u00b0 kampu, skirta sporto kameroms \/ telefonams (S1-TSS-01) Kurkite originalius kadrus i\u0161 skirting\u0173 perspektyv\u0173. Universali asmenuki\u0173 lazdel\u0117 \u201eTelesin S1-TSS-01\u201c i\u0161siskleid\u017eia iki ma\u017edaug 1,5 metro ilgio, o d\u0117l \u012fmontuoto rutulinio sujungimo leid\u017eia ant jos pritvirtint\u0105 kamer\u0105 pastatyti bet kokiu kampu. Ji taip pat puikiai tiks kaip trikojis. Pried\u0105 taip pat labai lengva [&#8230;]\n","protected":false},"featured_media":21038,"comment_status":"open","ping_status":"closed","template":"","meta":[],"product_brand":[296],"product_cat":[1046],"product_tag":[],"class_list":{"0":"post-21037","1":"product","2":"type-product","3":"status-publish","4":"has-post-thumbnail","6":"product_brand-telesin","7":"product_cat-straps-mounts-and-holders","9":"first","10":"outofstock","11":"taxable","12":"shipping-taxable","13":"purchasable","14":"product-type-simple"},"aioseo_notices":[],"_links":{"self":[{"href":"https:\/\/asura.lv\/lt\/wp-json\/wp\/v2\/product\/21037","targetHints":{"allow":["GET"]}}],"collection":[{"href":"https:\/\/asura.lv\/lt\/wp-json\/wp\/v2\/product"}],"about":[{"href":"https:\/\/asura.lv\/lt\/wp-json\/wp\/v2\/types\/product"}],"replies":[{"embeddable":true,"href":"https:\/\/asura.lv\/lt\/wp-json\/wp\/v2\/comments?post=21037"}],"wp:featuredmedia":[{"embeddable":true,"href":"https:\/\/asura.lv\/lt\/wp-json\/wp\/v2\/media\/21038"}],"wp:attachment":[{"href":"https:\/\/asura.lv\/lt\/wp-json\/wp\/v2\/media?parent=21037"}],"wp:term":[{"taxonomy":"product_brand","embeddable":true,"href":"https:\/\/asura.lv\/lt\/wp-json\/wp\/v2\/product_brand?post=21037"},{"taxonomy":"product_cat","embeddable":true,"href":"https:\/\/asura.lv\/lt\/wp-json\/wp\/v2\/product_cat?post=21037"},{"taxonomy":"product_tag","embeddable":true,"href":"https:\/\/asura.lv\/lt\/wp-json\/wp\/v2\/product_tag?post=21037"}],"curies":[{"name":"wp","href":"https:\/\/api.w.org\/{rel}","templated":true}]}}