{"id":21139,"date":"2025-11-28T21:11:49","date_gmt":"2025-11-28T21:11:49","guid":{"rendered":"https:\/\/asura.lv\/product\/smart-thermostat-avatto-wt410-bh-3a-w-gas-boiler-3a-wifi\/"},"modified":"2025-12-12T15:41:10","modified_gmt":"2025-12-12T13:41:10","slug":"smart-thermostat-avatto-wt410-bh-3a-w-gas-boiler-3a-wifi","status":"publish","type":"product","link":"https:\/\/asura.lv\/lt\/produktas\/smart-thermostat-avatto-wt410-bh-3a-w-gas-boiler-3a-wifi\/","title":{"rendered":"I\u0161manusis termostatas \u201eAvatto WT410-BH-3A-W\u201c dujinis katilas, 3A WiFi"},"content":{"rendered":"<h3>\u201eAvatto WT410-BH-3A-W\u201c i\u0161manusis katilo termostatas su 3A \u201eWi-Fi\u201c ry\u0161iu<\/h3>\n<p>Moderniai valdykite savo nam\u0173 vandens temperat\u016br\u0105 naudodami i\u0161man\u0173j\u012f \u201eAvatto WT410-BH-3A-W\u201c termostat\u0105, skirt\u0105 valdyti katilus, kuri\u0173 maksimali apkrova yra 3A. D\u0117l \u201eWi-Fi\u201c ry\u0161io galite nuotoliniu b\u016bdu reguliuoti temperat\u016br\u0105 naudodami mobili\u0105j\u0105 program\u0117l\u0119. \u0160is produktas taip pat skland\u017eiai veikia su populiariais balso asistentais ir si\u016blo planavimo bei integravimo su kitais i\u0161maniaisiais \u012frenginiais galimybes. Pasinaudokite novatori\u0161kais sprendimais ir suma\u017einkite savo elektros energijos s\u0105skaitas, m\u0117gaudamiesi kar\u0161to vandens patogumu ir prieinamumu!<\/p>\n<p><img decoding=\"async\" src=\"https:\/\/b2b.innpro.pl\/data\/include\/cms\/Avatto\/WT410-BH-3A-W\/4.jpg\" alt=\"Avatto\/WT410-BH-3A-W\/4\"><\/p>\n<h3>Sukurkite idealias s\u0105lygas<\/h3>\n<p>\u201eAvatto\u201c termostatas suteikia pa\u017eangias savaitinio programavimo parinktis, leid\u017eian\u010dias nustatyti skirting\u0105 temperat\u016br\u0105 6 laikotarpiams darbo dienomis ir 2 laikotarpiams savaitgaliais. Tai idealus sprendimas \u0161eimoms, norin\u010dioms pritaikyti vandens temperat\u016br\u0105 pagal savo dabartinius poreikius. Taip pat galite reguliuoti HD LED ekrano ry\u0161kum\u0105, kad jaustum\u0117t\u0117s patogiau, ypa\u010d nakt\u012f, kai miegas gali b\u016bti sutrikdytas. Yra net galimyb\u0117 visi\u0161kai i\u0161jungti ekrano ap\u0161vietim\u0105.<\/p>\n<p><img decoding=\"async\" src=\"https:\/\/b2b.innpro.pl\/data\/include\/cms\/Avatto\/WT410-BH-3A-W\/6.jpg\" alt=\"Avatto\/WT410-BH-3A-W\/6\"><\/p>\n<h3>Tikslumas komfortui ir taupymui<\/h3>\n<p>Didelis \u201eAvatto\u201c termostato nustatym\u0173 tikslumas, siekiantis iki 0,5 \u00b0C, u\u017etikrina ideali\u0105 vandens temperat\u016br\u0105, tod\u0117l u\u017etikrinamas ir komfortas, ir energijos taupymas. \u012erenginys rodo temperat\u016br\u0105 0,1 \u00b0C tikslumu ir turi histerez\u0117s funkcij\u0105, leid\u017eian\u010di\u0105 valdyti temperat\u016bros diapazon\u0105 nuo 0,5 \u00b0C iki 10 \u00b0C.<\/p>\n<p><img decoding=\"async\" src=\"https:\/\/b2b.innpro.pl\/data\/include\/cms\/Avatto\/WT410-BH-3A-W\/2.jpg\" alt=\"Avatto\/WT410-BH-3A-W\/2\"><\/p>\n<h3>Lengvas re\u017eimo keitimas<\/h3>\n<p>Termostatas palaiko 4 veikimo re\u017eimus: rankin\u012f, programavimo, laikino programavimo ir i\u0161vykimo, tod\u0117l galite efektyviai reguliuoti vandens temperat\u016br\u0105 pagal kintan\u010dius poreikius.<\/p>\n<p><img decoding=\"async\" src=\"https:\/\/b2b.innpro.pl\/data\/include\/cms\/Avatto\/WT410-BH-3A-W\/3.jpg\" alt=\"Avatto\/WT410-BH-3A-W\/3\"><\/p>\n<h3>Valdymas i\u0161 bet kur<\/h3>\n<p>D\u0117l suderinamumo su \u201eSmart Life\u201c ir \u201eTuya Smart\u201c program\u0117l\u0117mis \u201eAvatto\u201c termostatas leid\u017eia valdyti vandens temperat\u016br\u0105 i\u0161 bet kur, o tai labai \u012fvertins u\u017eimti \u017emon\u0117s, daug laiko praleid\u017eiantys ne namuose. Taip pat yra galimyb\u0117 valdyti \u012frengin\u012f balso komandomis. Produktas suderinamas su \u201eAmazon Alexa\u201c, \u201eGoogle Home\u201c ir \u201eYandex Alice\u201c, tod\u0117l galite atsipalaiduoti ant sofos ir reguliuoti temperat\u016bros nustatymus neatsikeldami b\u016bdami namuose. Pirmenyb\u0119 teikiate tradici\u0161kesniems sprendimams? Naudokite jutiklin\u012f skydel\u012f!<\/p>\n<p><img decoding=\"async\" src=\"https:\/\/b2b.innpro.pl\/data\/include\/cms\/Avatto\/WT410-BH-3A-W\/1.jpg\" alt=\"Avatto\/WT410-BH-3A-W\/1\"><\/p>\n<h3>Puikus pasirinkimas \u0161eimoms<\/h3>\n<p>Termostato bendrinimo funkcija leid\u017eia j\u012f valdyti skirtingiems nam\u0173 \u016bkio nariams, tod\u0117l visa \u0161eima gali kartu r\u016bpintis nam\u0173 komfortu. Be to, apsauga nuo vaik\u0173 pa\u0161alina atsitiktinio nustatym\u0173 pakeitimo rizik\u0105 \u2013 jums nereikia jaudintis, kad j\u016bs\u0173 vaikas atliks nepageidaujamus \u012frenginio veikimo pakeitimus!<\/p>\n<p><img decoding=\"async\" src=\"https:\/\/b2b.innpro.pl\/data\/include\/cms\/Avatto\/WT410-BH-3A-W\/5.jpg\" alt=\"Avatto\/WT410-BH-3A-W\/5\"><\/p>\n<h3>Sukurkite i\u0161maniuosius namus<\/h3>\n<p>Prijunkite termostat\u0105 prie kit\u0173 i\u0161mani\u0173j\u0173 \u012frengini\u0173, kad sukurtum\u0117te konkre\u010dioms aplinkyb\u0117ms pritaikytus scenarijus ir m\u0117gaukit\u0117s atpalaiduojan\u010dia vonia pasirinktu laiku. Be to, yra galimyb\u0117 grupi\u0161kai valdyti termostatus skirtinguose kambariuose, o tai suteikia papildomo patogumo.<\/p>\n<p><img decoding=\"async\" src=\"https:\/\/b2b.innpro.pl\/data\/include\/cms\/Avatto\/WT410-BH-3A-W\/8.jpg\" alt=\"Avatto\/WT410-BH-3A-W\/8\"><\/p>\n<h3>Pakuot\u0117je yra:<\/h3>\n<ul>\n<li>I\u0161manusis termostatas \u201eAvatto WT410-BH-3A-W\u201c<\/li>\n<li>Var\u017etai x2<\/li>\n<li>Naudojimo instrukcija<\/li>\n<\/ul>\n<div class=\"table-wrapper\">\n<table>\n<tbody>\n<tr>\n<th>Gamintojas<\/th>\n<td>Avatto<\/td>\n<\/tr>\n<tr>\n<th>Modelis<\/th>\n<td>WT410-BH-3A-W<\/td>\n<\/tr>\n<tr>\n<th>Program\u0117l\u0117<\/th>\n<td>\u201eSmart Life\u201c \/ \u201eTuya Smart\u201c<\/td>\n<\/tr>\n<tr>\n<th>Valdymas balsu<\/th>\n<td>\u201eAmazon Alexa\u201c, \u201eGoogle Home\u201c, \u201eYandex Alice\u201c ir kt.<\/td>\n<\/tr>\n<tr>\n<th>Temperat\u016bros jutiklis<\/th>\n<td>NTC<\/td>\n<\/tr>\n<tr>\n<th>Temperat\u016bros matavimo tikslumas<\/th>\n<td>\u00b11 \u00bc<\/td>\n<\/tr>\n<tr>\n<th>Ekranas<\/th>\n<td>LED<\/td>\n<\/tr>\n<tr>\n<th>Darbin\u0117 temperat\u016bra<\/th>\n<td>nuo -5 \u00b0C iki 50 \u00b0C<\/td>\n<\/tr>\n<tr>\n<th>Savo energijos suvartojimas<\/th>\n<td><1W<\/td>\n<\/tr>\n<tr>\n<th>Temperat\u016bros nustatymo diapazonas<\/th>\n<td>nuo 15 \u00b0C iki 95 \u00b0C<\/td>\n<\/tr>\n<tr>\n<th>Temperat\u016bros nustatymo tikslumas<\/th>\n<td>0,5 \u00b0C<\/td>\n<\/tr>\n<tr>\n<th>Temperat\u016bros kalibravimo diapazonas<\/th>\n<td>nuo -9,9 \u00b0C iki 9,9 \u00b0C<\/td>\n<\/tr>\n<tr>\n<th>Kambario temperat\u016bros aptikimo tikslumas<\/th>\n<td>0,1 \u00b0C<\/td>\n<\/tr>\n<tr>\n<th>Temperat\u016bros histerez\u0117s diapazonas<\/th>\n<td>nuo 0,5 \u00b0C iki 10 \u00b0C<\/td>\n<\/tr>\n<tr>\n<th>Apkrova Srov\u0117<\/th>\n<td>3 A<\/td>\n<\/tr>\n<tr>\n<th>\u012etampa<\/th>\n<td>Kintamoji srov\u0117 100\u2013240 V 50\/60 Hz<\/td>\n<\/tr>\n<tr>\n<th>Matmenys<\/th>\n<td>86 x 86 x 14 mm (priekin\u0117 dalis) + 26 mm (galin\u0117 dalis)<\/td>\n<\/tr>\n<tr>\n<th>Spalva<\/th>\n<td>Balta<\/td>\n<\/tr>\n<\/tbody>\n<\/table>\n<\/div>\n","protected":false},"excerpt":{"rendered":"<p>\u201eAvatto WT410-BH-3A-W\u201c i\u0161manusis katilo termostatas su 3A \u201eWi-Fi\u201c ry\u0161iu Moderniai valdykite savo nam\u0173 vandens temperat\u016br\u0105 naudodami i\u0161man\u0173j\u012f \u201eAvatto WT410-BH-3A-W\u201c termostat\u0105, skirt\u0105 valdyti katilus, kuri\u0173 maksimali apkrova yra 3A. D\u0117l \u201eWi-Fi\u201c ry\u0161io galite nuotoliniu b\u016bdu reguliuoti temperat\u016br\u0105 naudodami mobili\u0105j\u0105 program\u0117l\u0119. \u0160is produktas taip pat skland\u017eiai veikia su populiariais balso asistentais ir si\u016blo planavimo bei integravimo su [&#8230;]\n","protected":false},"featured_media":21140,"comment_status":"open","ping_status":"closed","template":"","meta":[],"product_brand":[466],"product_cat":[1475],"product_tag":[],"class_list":{"0":"post-21139","1":"product","2":"type-product","3":"status-publish","4":"has-post-thumbnail","6":"product_brand-avatto","7":"product_cat-thermostats","9":"first","10":"outofstock","11":"taxable","12":"shipping-taxable","13":"purchasable","14":"product-type-simple"},"aioseo_notices":[],"_links":{"self":[{"href":"https:\/\/asura.lv\/lt\/wp-json\/wp\/v2\/product\/21139","targetHints":{"allow":["GET"]}}],"collection":[{"href":"https:\/\/asura.lv\/lt\/wp-json\/wp\/v2\/product"}],"about":[{"href":"https:\/\/asura.lv\/lt\/wp-json\/wp\/v2\/types\/product"}],"replies":[{"embeddable":true,"href":"https:\/\/asura.lv\/lt\/wp-json\/wp\/v2\/comments?post=21139"}],"wp:featuredmedia":[{"embeddable":true,"href":"https:\/\/asura.lv\/lt\/wp-json\/wp\/v2\/media\/21140"}],"wp:attachment":[{"href":"https:\/\/asura.lv\/lt\/wp-json\/wp\/v2\/media?parent=21139"}],"wp:term":[{"taxonomy":"product_brand","embeddable":true,"href":"https:\/\/asura.lv\/lt\/wp-json\/wp\/v2\/product_brand?post=21139"},{"taxonomy":"product_cat","embeddable":true,"href":"https:\/\/asura.lv\/lt\/wp-json\/wp\/v2\/product_cat?post=21139"},{"taxonomy":"product_tag","embeddable":true,"href":"https:\/\/asura.lv\/lt\/wp-json\/wp\/v2\/product_tag?post=21139"}],"curies":[{"name":"wp","href":"https:\/\/api.w.org\/{rel}","templated":true}]}}