{"id":21151,"date":"2025-11-28T21:11:48","date_gmt":"2025-11-28T21:11:48","guid":{"rendered":"https:\/\/asura.lv\/product\/smart-thermostat-avatto-wt410-16a-b-electric-heating-16a-wifi\/"},"modified":"2025-12-12T15:41:09","modified_gmt":"2025-12-12T13:41:09","slug":"smart-thermostat-avatto-wt410-16a-b-electric-heating-16a-wifi","status":"publish","type":"product","link":"https:\/\/asura.lv\/lt\/produktas\/smart-thermostat-avatto-wt410-16a-b-electric-heating-16a-wifi\/","title":{"rendered":"I\u0161manusis termostatas \u201eAvatto WT410-16A-B\u201c elektrinis \u0161ildymas, 16A WiFi"},"content":{"rendered":"<h3>\u201eAvatto WT410-16A-B\u201c i\u0161manusis termostatas elektriniam \u0161ildymui, 16 A, \u201eWiFi\u201c<\/h3>\n<p>Valdykite temperat\u016br\u0105 savo namuose moderniai. I\u0161manusis termostatas \u201eAvatto WT410-16A-B\u201c skirtas valdyti elektrin\u012f \u0161ildym\u0105, kurio maksimali apkrova yra 16 A. Tur\u0117dami \u201eWi-Fi\u201c ry\u0161\u012f, galite nuotoliniu b\u016bdu valdyti temperat\u016br\u0105 per program\u0117l\u0119. Produktas taip pat veikia su populiariais balso asistentais ir leid\u017eia kurti tvarkara\u0161\u010dius bei integruotis su kitais i\u0161maniaisiais \u012frenginiais. Rinkit\u0117s novatori\u0161kus sprendimus ir sutaupykite elektros energijos s\u0105skait\u0173, m\u0117gaudamiesi komfortu ir \u0161iluma!<\/p>\n<p><img decoding=\"async\" src=\"https:\/\/b2b.innpro.pl\/data\/include\/cms\/Avatto\/WT410-16A-B\/4.jpg\" alt=\"Avatto\/WT410-16A-B\/4\"><\/p>\n<h3>Sukurkite tobulas s\u0105lygas<\/h3>\n<p>\u201eAvatto\u201c termostatas si\u016blo pa\u017eangias savaitinio programavimo parinktis, leid\u017eian\u010dias nustatyti skirting\u0105 temperat\u016br\u0105 6 laikotarpiams darbo dienomis ir 2 laikotarpiams savaitgaliais. Tai idealus sprendimas \u0161eimoms, norin\u010dioms pritaikyti temperat\u016br\u0105 pagal savo esamus poreikius. Reguliuojamas HD LED ekrano ry\u0161kumas suteikia papildomo komforto, ypa\u010d nakt\u012f, kai miegas gali b\u016bti sutrikdytas. Taip pat yra galimyb\u0117 visi\u0161kai i\u0161jungti ap\u0161vietim\u0105.<\/p>\n<p><img decoding=\"async\" src=\"https:\/\/b2b.innpro.pl\/data\/include\/cms\/Avatto\/WT410-16A-B\/6.jpg\" alt=\"Avatto\/WT410-16A-B\/6\"><\/p>\n<h3>Tikslumas komfortui ir taupymui<\/h3>\n<p>Didelis \u201eAvatto\u201c termostato nustatym\u0173 tikslumas, siekiantis iki 0,5 \u00b0C, u\u017etikrina tobul\u0105 temperat\u016br\u0105 j\u016bs\u0173 namuose, tod\u0117l jau\u010diamas komfortas ir taupoma energija. \u012erenginys rodo kambario temperat\u016br\u0105 0,1 \u00b0C tikslumu. Taip pat yra histerez\u0117s funkcija, leid\u017eianti reguliuoti temperat\u016br\u0105 nuo 0,5 \u00b0C iki 10 \u00b0C.<\/p>\n<p><img decoding=\"async\" src=\"https:\/\/b2b.innpro.pl\/data\/include\/cms\/Avatto\/WT410-16A-B\/2.jpg\" alt=\"Avatto\/WT410-16A-B\/2\"><\/p>\n<h3>Lengvas re\u017eimo keitimas<\/h3>\n<p>Termostatas palaiko 4 veikimo re\u017eimus: rankin\u012f, programavimo, laikino programavimo ir i\u0161vykimo, tod\u0117l galite efektyviai reguliuoti temperat\u016br\u0105 pagal kintan\u010dius poreikius, o tai ypa\u010d naudinga avarin\u0117se situacijose, pavyzd\u017eiui, netik\u0117tai atvykus sve\u010diams.<\/p>\n<p><img decoding=\"async\" src=\"https:\/\/b2b.innpro.pl\/data\/include\/cms\/Avatto\/WT410-16A-B\/3.jpg\" alt=\"Avatto\/WT410-16A-B\/3\"><\/p>\n<h3>Valdymas i\u0161 Bet kur<\/h3>\n<p>Suderinamas su \u201eSmart Life\u201c ir \u201eTuya Smart\u201c program\u0117l\u0117mis, \u201eAvatto\u201c termostatas leid\u017eia valdyti temperat\u016br\u0105 namuose i\u0161 bet kurios vietos, o tai labai patiks u\u017eimtiems \u017emon\u0117ms, daug laiko praleid\u017eiantiems ne namuose. Taip pat yra galimyb\u0117 valdyti \u012frengin\u012f balso komandomis. Produktas suderinamas su \u201eAmazon Alexa\u201c, \u201eGoogle Home\u201c ir \u201eYandex Alice\u201c, tod\u0117l galite atsipalaiduoti ant sofos ir reguliuoti temperat\u016bros nustatymus neatsikeldami b\u016bdami namuose. Pirmenyb\u0119 teikiate tradici\u0161kesniems sprendimams? Naudokite jutiklin\u012f skydel\u012f!<\/p>\n<p><img decoding=\"async\" src=\"https:\/\/b2b.innpro.pl\/data\/include\/cms\/Avatto\/WT410-16A-B\/1.jpg\" alt=\"Avatto\/WT410-16A-B\/1\"><\/p>\n<h3>Puikus pasirinkimas \u0161eimoms<\/h3>\n<p>Termostato bendrinimo funkcija leid\u017eia j\u012f valdyti keliems nam\u0173 \u016bkio nariams, tod\u0117l visa \u0161eima gali kartu r\u016bpintis nam\u0173 komfortu. Be to, apsauga nuo vaik\u0173 pa\u0161alina atsitiktinio nustatym\u0173 pakeitimo rizik\u0105 \u2013 jums nereikia jaudintis, kad j\u016bs\u0173 ma\u017eylis atliks nepageidaujamus \u012frenginio veikimo pakeitimus!<\/p>\n<p><img decoding=\"async\" src=\"https:\/\/b2b.innpro.pl\/data\/include\/cms\/Avatto\/WT410-16A-B\/5.jpg\" alt=\"Avatto\/WT410-16A-B\/5\"><\/p>\n<h3>Sukurkite i\u0161maniuosius namus<\/h3>\n<p>Prijunkite termostat\u0105 prie kit\u0173 i\u0161mani\u0173j\u0173 \u012frengini\u0173, kad sukurtum\u0117te scenas, pritaikytas konkre\u010dioms situacijoms \u2013 nuo \u200b\u200bgr\u012f\u017eimo namo iki miegojimo. Be to, yra galimyb\u0117 grupi\u0161kai valdyti termostatus skirtinguose kambariuose, o tai suteikia papildomo patogumo.<\/p>\n<p><img decoding=\"async\" src=\"https:\/\/b2b.innpro.pl\/data\/include\/cms\/Avatto\/WT410-16A-B\/8.jpg\" alt=\"Avatto\/WT410-16A-B\/8\"><\/p>\n<h3>Pakuot\u0117je yra:<\/h3>\n<ul>\n<li>I\u0161manusis termostatas \u201eAvatto WT410-16A-B\u201c<\/li>\n<li>Var\u017etai x2<\/li>\n<li>I\u0161orinis jutiklis (3 m)<\/li>\n<li>Naudojimo instrukcija<\/li>\n<\/ul>\n<div class=\"table-wrapper\">\n<table>\n<tbody>\n<tr>\n<th>Gamintojas<\/th>\n<td>Avatto<\/td>\n<\/tr>\n<tr>\n<th>Modelis<\/th>\n<td>WT410-16A-B<\/td>\n<\/tr>\n<tr>\n<th>Program\u0117l\u0117<\/th>\n<td>\u201eSmart Life\u201c \/ \u201eTuya Smart\u201c<\/td>\n<\/tr>\n<tr>\n<th>Valdymas balsu<\/th>\n<td>\u201eAmazon Alexa\u201c, \u201eGoogle Home\u201c, \u201eYandex Alice\u201c ir kt.<\/td>\n<\/tr>\n<tr>\n<th>Temperat\u016bros jutiklis<\/th>\n<td>NTC<\/td>\n<\/tr>\n<tr>\n<th>Temperat\u016bros matavimo tikslumas<\/th>\n<td>\u00b11 \u00bc<\/td>\n<\/tr>\n<tr>\n<th>Ekranas<\/th>\n<td>LED<\/td>\n<\/tr>\n<tr>\n<th>Darbin\u0117 temperat\u016bra<\/th>\n<td>nuo -5 \u00b0C iki 50 \u00b0C<\/td>\n<\/tr>\n<tr>\n<th>Savo energijos suvartojimas<\/th>\n<td><1W<\/td>\n<\/tr>\n<tr>\n<th>Temperat\u016bros nustatymo diapazonas<\/th>\n<td>nuo 15 \u00b0C iki 95 \u00b0C<\/td>\n<\/tr>\n<tr>\n<th>Temperat\u016bros nustatymo tikslumas<\/th>\n<td>0,5 \u00b0C<\/td>\n<\/tr>\n<tr>\n<th>Temperat\u016bros kalibravimo diapazonas<\/th>\n<td>nuo -9,9 \u00b0C iki 9,9 \u00b0C<\/td>\n<\/tr>\n<tr>\n<th>Kambario temperat\u016bros aptikimo tikslumas<\/th>\n<td>0,1 \u00b0C<\/td>\n<\/tr>\n<tr>\n<th>Temperat\u016bros histerez\u0117s diapazonas<\/th>\n<td>nuo 0,5 \u00b0C iki 10 \u00b0C<\/td>\n<\/tr>\n<tr>\n<th>Apkrova Srov\u0117<\/th>\n<td>16 A<\/td>\n<\/tr>\n<tr>\n<th>\u012etampa<\/th>\n<td>AC 100-240V 50\/60Hz<\/td>\n<\/tr>\n<tr>\n<th>Matmenys<\/th>\n<td>86 x 86 x 14 mm (priekin\u0117 dalis) + 26 mm (galin\u0117 dalis)<\/td>\n<\/tr>\n<tr>\n<th>Spalva<\/th>\n<td>juoda<\/td>\n<\/tr>\n<\/tbody>\n<\/table>\n<\/div>\n","protected":false},"excerpt":{"rendered":"<p>\u201eAvatto WT410-16A-B\u201c i\u0161manusis termostatas elektriniam \u0161ildymui, 16 A, \u201eWiFi\u201c Valdykite temperat\u016br\u0105 savo namuose moderniai. I\u0161manusis termostatas \u201eAvatto WT410-16A-B\u201c skirtas valdyti elektrin\u012f \u0161ildym\u0105, kurio maksimali apkrova yra 16 A. Tur\u0117dami \u201eWi-Fi\u201c ry\u0161\u012f, galite nuotoliniu b\u016bdu valdyti temperat\u016br\u0105 per program\u0117l\u0119. Produktas taip pat veikia su populiariais balso asistentais ir leid\u017eia kurti tvarkara\u0161\u010dius bei integruotis su kitais i\u0161maniaisiais [&#8230;]\n","protected":false},"featured_media":21152,"comment_status":"open","ping_status":"closed","template":"","meta":[],"product_brand":[466],"product_cat":[1475],"product_tag":[],"class_list":{"0":"post-21151","1":"product","2":"type-product","3":"status-publish","4":"has-post-thumbnail","6":"product_brand-avatto","7":"product_cat-thermostats","9":"first","10":"outofstock","11":"taxable","12":"shipping-taxable","13":"purchasable","14":"product-type-simple"},"aioseo_notices":[],"_links":{"self":[{"href":"https:\/\/asura.lv\/lt\/wp-json\/wp\/v2\/product\/21151","targetHints":{"allow":["GET"]}}],"collection":[{"href":"https:\/\/asura.lv\/lt\/wp-json\/wp\/v2\/product"}],"about":[{"href":"https:\/\/asura.lv\/lt\/wp-json\/wp\/v2\/types\/product"}],"replies":[{"embeddable":true,"href":"https:\/\/asura.lv\/lt\/wp-json\/wp\/v2\/comments?post=21151"}],"wp:featuredmedia":[{"embeddable":true,"href":"https:\/\/asura.lv\/lt\/wp-json\/wp\/v2\/media\/21152"}],"wp:attachment":[{"href":"https:\/\/asura.lv\/lt\/wp-json\/wp\/v2\/media?parent=21151"}],"wp:term":[{"taxonomy":"product_brand","embeddable":true,"href":"https:\/\/asura.lv\/lt\/wp-json\/wp\/v2\/product_brand?post=21151"},{"taxonomy":"product_cat","embeddable":true,"href":"https:\/\/asura.lv\/lt\/wp-json\/wp\/v2\/product_cat?post=21151"},{"taxonomy":"product_tag","embeddable":true,"href":"https:\/\/asura.lv\/lt\/wp-json\/wp\/v2\/product_tag?post=21151"}],"curies":[{"name":"wp","href":"https:\/\/api.w.org\/{rel}","templated":true}]}}