{"id":21295,"date":"2025-11-28T21:11:35","date_gmt":"2025-11-28T21:11:35","guid":{"rendered":"https:\/\/asura.lv\/product\/nillkin-camshield-pro-case-do-google-pixel-8-black\/"},"modified":"2025-12-12T15:41:02","modified_gmt":"2025-12-12T13:41:02","slug":"nillkin-camshield-pro-case-do-google-pixel-8-black","status":"publish","type":"product","link":"https:\/\/asura.lv\/lt\/produktas\/nillkin-camshield-pro-case-do-google-pixel-8-black\/","title":{"rendered":"\u201eNillkin CamShield Pro\u201c d\u0117klas, skirtas \u201eGoogle Pixel 8\u201c (juodas)"},"content":{"rendered":"<h3>\u201eNillkin CamShield Pro\u201c d\u0117klas, skirtas \u201eGoogle Pixel 8\u201c (juodas)<\/h3>\n<p>Apsaugokite savo i\u0161man\u0173j\u012f telefon\u0105 su \u201eNillkin CamShield Pro\u201c d\u0117klu. \u0160is d\u0117klas apsaugo j\u016bs\u0173 \u012frengin\u012f nuo \u012fbr\u0117\u017eim\u0173 ir leid\u017eia apsaugoti j\u016bs\u0173 privatum\u0105 naudojant papildom\u0105 kameros dangtel\u012f. Kameros objektyvai taip pat yra apsaugoti. D\u0117klas pagamintas i\u0161 ekologi\u0161k\u0173 med\u017eiag\u0173, kurios yra atsparios dilimui. Galinis skydelis yra malonios tekst\u016bros liesti.<\/p>\n<p><img decoding=\"async\" src=\"https:\/\/assets.innpro.pl\/3235\/3513\/7.jpg\" border=\"0\" alt=\"\"><\/p>\n<h3>Apsaugo j\u016bs\u0173 i\u0161man\u0173j\u012f telefon\u0105 nuo pa\u017eeidim\u0173<\/h3>\n<p>\u201eCamShield Pro\u201c d\u0117klas sukurtas taip, kad atitikt\u0173 i\u0161maniojo telefono model\u012f, u\u017etikrinant patogi\u0105 prieig\u0105 prie mygtuk\u0173. Sustiprinti kra\u0161tai suteikia papildom\u0105 apsaug\u0105 atsitiktinio kritimo atveju, o papildomas kameros dangtelis leid\u017eia apsaugoti j\u016bs\u0173 privatum\u0105.<\/p>\n<p><img decoding=\"async\" src=\"https:\/\/assets.innpro.pl\/3235\/3513\/1.jpg\" border=\"0\" alt=\"\"><\/p>\n<h3>Apgalvotas dizainas<\/h3>\n<p>\u201eNillkin CamShield Pro\u201c pagamintas i\u0161 ekologi\u0161k\u0173 PC ir TPU med\u017eiag\u0173. Neslystanti \u0161onin\u0117 apdaila suteikia papildomos apsaugos ir u\u017etikrina patog\u0173 sukibim\u0105. Be to, jis puikiai atrodo ir malonus liesti.<\/p>\n<p><img decoding=\"async\" src=\"https:\/\/assets.innpro.pl\/3235\/3513\/2.jpg\" border=\"0\" alt=\"\"><\/p>\n<h3>Pakuot\u0117s turinys<\/h3>\n<p>D\u0117klas<\/p>\n<div class=\"table-wrapper\">\n<p>&nbsp;<\/p>\n<h3><\/h3>\n<table>\n<tbody>\n<tr>\n<th>Gamintojas <\/th>\n<td>Nillkin<\/td>\n<\/tr>\n<tr>\n<th>Pavadinimas <\/th>\n<td>Nillkin CamShield Pro d\u0117klas, skirtas \u201eGoogle Pixel 8\u201c <\/td>\n<\/tr>\n<tr>\n<th>Spalva <\/th>\n<td>Juoda <\/td>\n<\/tr>\n<tr>\n<th>Suderinamas su <\/th>\n<td>Google Pixel 8 <\/td>\n<\/tr>\n<\/tbody>\n<\/table>\n<\/div>\n","protected":false},"excerpt":{"rendered":"<p>\u201eNillkin CamShield Pro\u201c d\u0117klas, skirtas \u201eGoogle Pixel 8\u201c (juodas) Apsaugokite savo i\u0161man\u0173j\u012f telefon\u0105 su \u201eNillkin CamShield Pro\u201c d\u0117klu. \u0160is d\u0117klas apsaugo j\u016bs\u0173 \u012frengin\u012f nuo \u012fbr\u0117\u017eim\u0173 ir leid\u017eia apsaugoti j\u016bs\u0173 privatum\u0105 naudojant papildom\u0105 kameros dangtel\u012f. Kameros objektyvai taip pat yra apsaugoti. D\u0117klas pagamintas i\u0161 ekologi\u0161k\u0173 med\u017eiag\u0173, kurios yra atsparios dilimui. Galinis skydelis yra malonios tekst\u016bros liesti. [&#8230;]\n","protected":false},"featured_media":21296,"comment_status":"open","ping_status":"closed","template":"","meta":[],"product_brand":[438],"product_cat":[1250],"product_tag":[],"class_list":{"0":"post-21295","1":"product","2":"type-product","3":"status-publish","4":"has-post-thumbnail","6":"product_brand-nillkin","7":"product_cat-protective-cases-for-smartphones-cases-gsm-accessories","9":"first","10":"outofstock","11":"taxable","12":"shipping-taxable","13":"purchasable","14":"product-type-simple"},"aioseo_notices":[],"_links":{"self":[{"href":"https:\/\/asura.lv\/lt\/wp-json\/wp\/v2\/product\/21295","targetHints":{"allow":["GET"]}}],"collection":[{"href":"https:\/\/asura.lv\/lt\/wp-json\/wp\/v2\/product"}],"about":[{"href":"https:\/\/asura.lv\/lt\/wp-json\/wp\/v2\/types\/product"}],"replies":[{"embeddable":true,"href":"https:\/\/asura.lv\/lt\/wp-json\/wp\/v2\/comments?post=21295"}],"wp:featuredmedia":[{"embeddable":true,"href":"https:\/\/asura.lv\/lt\/wp-json\/wp\/v2\/media\/21296"}],"wp:attachment":[{"href":"https:\/\/asura.lv\/lt\/wp-json\/wp\/v2\/media?parent=21295"}],"wp:term":[{"taxonomy":"product_brand","embeddable":true,"href":"https:\/\/asura.lv\/lt\/wp-json\/wp\/v2\/product_brand?post=21295"},{"taxonomy":"product_cat","embeddable":true,"href":"https:\/\/asura.lv\/lt\/wp-json\/wp\/v2\/product_cat?post=21295"},{"taxonomy":"product_tag","embeddable":true,"href":"https:\/\/asura.lv\/lt\/wp-json\/wp\/v2\/product_tag?post=21295"}],"curies":[{"name":"wp","href":"https:\/\/api.w.org\/{rel}","templated":true}]}}