{"id":21319,"date":"2025-11-28T21:11:33","date_gmt":"2025-11-28T21:11:33","guid":{"rendered":"https:\/\/asura.lv\/product\/magnetic-phone-case-for-iphone-15-pro-joyroom-jr-bp007-gray\/"},"modified":"2025-12-12T15:41:00","modified_gmt":"2025-12-12T13:41:00","slug":"magnetic-phone-case-for-iphone-15-pro-joyroom-jr-bp007-gray","status":"publish","type":"product","link":"https:\/\/asura.lv\/lt\/produktas\/magnetic-phone-case-for-iphone-15-pro-joyroom-jr-bp007-gray\/","title":{"rendered":"Magnetinis telefono d\u0117klas, skirtas \u201eiPhone 15 Pro\u201c \u201eJoyroom JR-BP007\u201c (pilkas)"},"content":{"rendered":"<h3>Magnetinis telefono d\u0117klas, skirtas \u201eiPhone 15 Pro\u201c \u201eJoyroom JR-BP007\u201c (pilkas)<\/h3>\n<p>Magnetinis \u201eJoyroom JR-BP007\u201c d\u0117klas, skirtas \u201eiPhone 15 Pro\u201c, si\u016blo visapusi\u0161k\u0105 360\u00b0 apsaug\u0105 nuo sm\u016bgi\u0173 ir kritim\u0173, derindamas rafinuot\u0105 stili\u0173 su funkcionalumu. Visas d\u0117klas aptrauktas auk\u0161tos kokyb\u0117s oda, kuri ne tik suteikia elegancijos, bet ir u\u017etikrina mink\u0161t\u0105 bei patog\u0173 sukibim\u0105.<\/p>\n<p><img decoding=\"async\" src=\"https:\/\/b2b.innpro.pl\/data\/include\/cms\/Joyroom\/JR-BP007-iP-15-Pro-G\/4.jpg\" border=\"0\" alt=\"Joyroom\/JR-BP007-iP-15-Pro-G\/4\" \/><\/p>\n<h3>Atkreipus d\u0117mes\u012f \u012f detales<\/h3>\n<p>Metaliniai mygtukai u\u017etikrina patog\u0173 poj\u016bt\u012f ir tiksl\u0173 reagavim\u0105 \u012f paspaudimus, o tai yra raktas \u012f intuityv\u0173 \u201eiPhone\u201c valdym\u0105. D\u0117l 1:1 liejimo ir tikslaus skyli\u0173 i\u0161d\u0117stymo d\u0117klas puikiai tinka \u201eiPhone 15 Pro\u201c, u\u017etikrindamas lengv\u0105 prieig\u0105 prie vis\u0173 prievad\u0173 ir funkcij\u0173 nei\u0161imant d\u0117klo.<\/p>\n<p><img decoding=\"async\" src=\"https:\/\/b2b.innpro.pl\/data\/include\/cms\/Joyroom\/JR-BP007-iP-15-Pro-G\/2.jpg\" border=\"0\" alt=\"Joyroom\/JR-BP007-iP-15-Pro-G\/2\" \/><\/p>\n<h3>Magnetinis dizainas j\u016bs\u0173 patogumui<\/h3>\n<p>D\u0117klas leid\u017eia lengvai \u012fkrauti telefon\u0105 magnetu ir stabiliai laiko j\u012f ant rankos, kad b\u016bt\u0173 patogiau j\u012f naudoti. D\u0117l \u0161ios savyb\u0117s \u201eJoyroom JR-BP007\u201c d\u0117klas idealiai tinka tiems, kurie vertina greit\u0105 ir paprast\u0105 telefono pritvirtinim\u0105 naudojant su magnetais suderinamus priedus.<\/p>\n<p><img decoding=\"async\" src=\"https:\/\/b2b.innpro.pl\/data\/include\/cms\/Joyroom\/JR-BP007-iP-15-Pro-G\/1.jpg\" border=\"0\" alt=\"Joyroom\/JR-BP007-iP-15-Pro-G\/1\" \/><\/p>\n<div class=\"table-wrapper\">\n<table>\n<tbody>\n<tr>\n<th>Gamintojas<\/th>\n<td>Joyroom<\/td>\n<\/tr>\n<tr>\n<th>Modelis<\/th>\n<td>JR-BP007<\/td>\n<\/tr>\n<tr>\n<th>Suderinamumas<\/th>\n<td>iPhone 15 Pro<\/td>\n<\/tr>\n<tr>\n<th>Spalva<\/th>\n<td>Pilka<\/td>\n<\/tr>\n<tr>\n<th>Med\u017eiaga<\/th>\n<td>TPU + PC + PU<\/td>\n<\/tr>\n<\/tbody>\n<\/table>\n<\/div>\n","protected":false},"excerpt":{"rendered":"<p>Magnetinis telefono d\u0117klas, skirtas \u201eiPhone 15 Pro\u201c \u201eJoyroom JR-BP007\u201c (pilkas) Magnetinis \u201eJoyroom JR-BP007\u201c d\u0117klas, skirtas \u201eiPhone 15 Pro\u201c, si\u016blo visapusi\u0161k\u0105 360\u00b0 apsaug\u0105 nuo sm\u016bgi\u0173 ir kritim\u0173, derindamas rafinuot\u0105 stili\u0173 su funkcionalumu. Visas d\u0117klas aptrauktas auk\u0161tos kokyb\u0117s oda, kuri ne tik suteikia elegancijos, bet ir u\u017etikrina mink\u0161t\u0105 bei patog\u0173 sukibim\u0105. Atkreipus d\u0117mes\u012f \u012f detales Metaliniai mygtukai [&#8230;]\n","protected":false},"featured_media":21320,"comment_status":"open","ping_status":"closed","template":"","meta":[],"product_brand":[443],"product_cat":[1250],"product_tag":[],"class_list":{"0":"post-21319","1":"product","2":"type-product","3":"status-publish","4":"has-post-thumbnail","6":"product_brand-joyroom","7":"product_cat-protective-cases-for-smartphones-cases-gsm-accessories","9":"first","10":"outofstock","11":"taxable","12":"shipping-taxable","13":"purchasable","14":"product-type-simple"},"aioseo_notices":[],"_links":{"self":[{"href":"https:\/\/asura.lv\/lt\/wp-json\/wp\/v2\/product\/21319","targetHints":{"allow":["GET"]}}],"collection":[{"href":"https:\/\/asura.lv\/lt\/wp-json\/wp\/v2\/product"}],"about":[{"href":"https:\/\/asura.lv\/lt\/wp-json\/wp\/v2\/types\/product"}],"replies":[{"embeddable":true,"href":"https:\/\/asura.lv\/lt\/wp-json\/wp\/v2\/comments?post=21319"}],"wp:featuredmedia":[{"embeddable":true,"href":"https:\/\/asura.lv\/lt\/wp-json\/wp\/v2\/media\/21320"}],"wp:attachment":[{"href":"https:\/\/asura.lv\/lt\/wp-json\/wp\/v2\/media?parent=21319"}],"wp:term":[{"taxonomy":"product_brand","embeddable":true,"href":"https:\/\/asura.lv\/lt\/wp-json\/wp\/v2\/product_brand?post=21319"},{"taxonomy":"product_cat","embeddable":true,"href":"https:\/\/asura.lv\/lt\/wp-json\/wp\/v2\/product_cat?post=21319"},{"taxonomy":"product_tag","embeddable":true,"href":"https:\/\/asura.lv\/lt\/wp-json\/wp\/v2\/product_tag?post=21319"}],"curies":[{"name":"wp","href":"https:\/\/api.w.org\/{rel}","templated":true}]}}