{"id":21397,"date":"2025-11-28T21:11:24","date_gmt":"2025-11-28T21:11:24","guid":{"rendered":"https:\/\/asura.lv\/product\/solar-panel-for-outdoor-spotlight-cam\/"},"modified":"2025-12-12T15:40:57","modified_gmt":"2025-12-12T13:40:57","slug":"solar-panel-for-outdoor-spotlight-cam","status":"publish","type":"product","link":"https:\/\/asura.lv\/lt\/produktas\/solar-panel-for-outdoor-spotlight-cam\/","title":{"rendered":"Saul\u0117s skydelis lauko pro\u017eektori\u0173 kamerai"},"content":{"rendered":"<h3>Saul\u0117s baterija, skirta \u201eSwitchBot\u201c lauko steb\u0117jimo kamerai<\/h3>\n<p>Su \u201eSwitchBot\u201c saul\u0117s baterija, skirta lauko steb\u0117jimo kamerai, u\u017etikrinsite nuolatin\u012f maitinim\u0105 be reguliaraus \u012fkrovimo. Ji veikia nepriklausomai nuo oro s\u0105lyg\u0173 ir yra atspari lietui, tod\u0117l idealiai tinka lauko steb\u0117jimo sistemoms. Jo veikimas esant temperat\u016brai nuo -20 iki 50 laipsni\u0173 garantuoja patikimum\u0105 bet kokiomis s\u0105lygomis.<\/p>\n<p><img decoding=\"async\" src=\"https:\/\/b2b.innpro.pl\/data\/include\/cms\/SwitchBot\/W3303400\/5.jpg\" alt=\"SwitchBot\/W3303400\/5\"><\/p>\n<h3>Lengvas montavimas ir i\u0161d\u0117stymo lankstumas<\/h3>\n<p>Saul\u0117s baterijos montavimas yra intuityvus ir paprastas, o pridedamas tvirtinimo laikiklis suteikia reguliuojam\u0105 kamp\u0105 optimaliam saul\u0117s \u0161viesos surinkimui. 3 metr\u0173 USB-C laidas suteikia jums laisv\u0119 pasirinkti baterijos tvirtinimo viet\u0105, kad b\u016bt\u0173 optimaliai surinkta saul\u0117s \u0161viesa.<\/p>\n<p><img decoding=\"async\" src=\"https:\/\/b2b.innpro.pl\/data\/include\/cms\/SwitchBot\/W3303400\/2.jpg\" alt=\"SwitchBot\/W3303400\/2\"><\/p>\n<h3>Ekologi\u0161kas ir efektyvus sprendimas<\/h3>\n<p>Saul\u0117s baterijos naudojimas yra \u017eingsnis link ekologi\u0161ko ir tvaraus gyvenimo b\u016bdo. Tai ne tik suma\u017eina j\u016bs\u0173 priklausomyb\u0119 nuo elektros tinklo, bet ir suma\u017eina kameros eksploatavimo i\u0161laidas. \u201eSwitchBot\u201c saul\u0117s baterija yra investicija, kuri greitai atsiperka, tuo pa\u010diu r\u016bpinantis aplinka.<\/p>\n<p><img decoding=\"async\" src=\"https:\/\/b2b.innpro.pl\/data\/include\/cms\/SwitchBot\/W3303400\/7.jpg\" alt=\"SwitchBot\/W3303400\/7\"><\/p>\n<h3>Auk\u0161ta kokyb\u0117 ir ilgaam\u017ei\u0161kumas<\/h3>\n<p>Pagaminta i\u0161 patvarios ABS med\u017eiagos ir sukurta taip, kad b\u016bt\u0173 atspari oro s\u0105lygoms pagal IP55 standart\u0105, \u201eSwitchBot\u201c saul\u0117s baterija skirta ilgalaikiam naudojimui. D\u0117l lengvos konstrukcijos (173 g) ir kompakti\u0161k\u0173 matmen\u0173 (116\u2013169\u201314 mm) ji yra nepastebima ir esteti\u0161kai patraukli j\u016bs\u0173 steb\u0117jimo sistemos dalis, tod\u0117l j\u016bs\u0173 kamera nenuvils svarbiausiomis akimirkomis. akimirkos.<\/p>\n<p><img decoding=\"async\" src=\"https:\/\/b2b.innpro.pl\/data\/include\/cms\/SwitchBot\/W3303400\/3.jpg\" alt=\"SwitchBot\/W3303400\/3\"><\/p>\n<h3>\u012etraukta<\/h3>\n<ul>\n<li>Saul\u0117s baterija<\/li>\n<li>Tvirtinimo laikiklis<\/li>\n<li>Tvirtinimo var\u017etai<\/li>\n<li>Vadovas<\/li>\n<\/ul>\n<div class=\"table-wrapper\">\n<table>\n<tbody>\n<tr>\n<th>Gamintojas<\/th>\n<td>SwitchBot<\/td>\n<\/tr>\n<tr>\n<th>Modelis<\/th>\n<td>W3303401<\/td>\n<\/tr>\n<tr>\n<th>Spalva<\/th>\n<td>Balta<\/td>\n<\/tr>\n<tr>\n<th>Med\u017eiaga<\/th>\n<td>ABS<\/td>\n<\/tr>\n<tr>\n<th>Dydis<\/th>\n<td>116\u2013169 mm<\/td>\n<\/tr>\n<tr>\n<th>Svoris<\/th>\n<td>173 g<\/td>\n<\/tr>\n<tr>\n<th>Maitinimo jungtis<\/th>\n<td>3 m<\/td>\n<\/tr>\n<tr>\n<th>Maitinimo laidas<\/th>\n<td>USB-C<\/td>\n<\/tr>\n<tr>\n<th>I\u0161vestis<\/th>\n<td>5 V 600 mA<\/td>\n<\/tr>\n<tr>\n<th>Darbin\u0117 temperat\u016bra<\/th>\n<td>\u201320\u201350 \u00b0C<\/td>\n<\/tr>\n<tr>\n<th>Darbin\u0117 dr\u0117gm\u0117<\/th>\n<td>iki 90 % santykinio oro dr\u0117gnumo<\/td>\n<\/tr>\n<tr>\n<th>Atsparumas oro s\u0105lygoms<\/th>\n<td>IP55<\/td>\n<\/tr>\n<\/tbody>\n<\/table>\n<\/div>\n","protected":false},"excerpt":{"rendered":"<p>Saul\u0117s baterija, skirta \u201eSwitchBot\u201c lauko steb\u0117jimo kamerai Su \u201eSwitchBot\u201c saul\u0117s baterija, skirta lauko steb\u0117jimo kamerai, u\u017etikrinsite nuolatin\u012f maitinim\u0105 be reguliaraus \u012fkrovimo. Ji veikia nepriklausomai nuo oro s\u0105lyg\u0173 ir yra atspari lietui, tod\u0117l idealiai tinka lauko steb\u0117jimo sistemoms. Jo veikimas esant temperat\u016brai nuo -20 iki 50 laipsni\u0173 garantuoja patikimum\u0105 bet kokiomis s\u0105lygomis. Lengvas montavimas ir i\u0161d\u0117stymo [&#8230;]\n","protected":false},"featured_media":21398,"comment_status":"open","ping_status":"closed","template":"","meta":[],"product_brand":[460],"product_cat":[1478],"product_tag":[],"class_list":{"0":"post-21397","1":"product","2":"type-product","3":"status-publish","4":"has-post-thumbnail","6":"product_brand-switchbot","7":"product_cat-heat-pump-controllers","9":"first","10":"outofstock","11":"taxable","12":"shipping-taxable","13":"purchasable","14":"product-type-simple"},"aioseo_notices":[],"_links":{"self":[{"href":"https:\/\/asura.lv\/lt\/wp-json\/wp\/v2\/product\/21397","targetHints":{"allow":["GET"]}}],"collection":[{"href":"https:\/\/asura.lv\/lt\/wp-json\/wp\/v2\/product"}],"about":[{"href":"https:\/\/asura.lv\/lt\/wp-json\/wp\/v2\/types\/product"}],"replies":[{"embeddable":true,"href":"https:\/\/asura.lv\/lt\/wp-json\/wp\/v2\/comments?post=21397"}],"wp:featuredmedia":[{"embeddable":true,"href":"https:\/\/asura.lv\/lt\/wp-json\/wp\/v2\/media\/21398"}],"wp:attachment":[{"href":"https:\/\/asura.lv\/lt\/wp-json\/wp\/v2\/media?parent=21397"}],"wp:term":[{"taxonomy":"product_brand","embeddable":true,"href":"https:\/\/asura.lv\/lt\/wp-json\/wp\/v2\/product_brand?post=21397"},{"taxonomy":"product_cat","embeddable":true,"href":"https:\/\/asura.lv\/lt\/wp-json\/wp\/v2\/product_cat?post=21397"},{"taxonomy":"product_tag","embeddable":true,"href":"https:\/\/asura.lv\/lt\/wp-json\/wp\/v2\/product_tag?post=21397"}],"curies":[{"name":"wp","href":"https:\/\/api.w.org\/{rel}","templated":true}]}}