{"id":21469,"date":"2025-11-28T21:11:18","date_gmt":"2025-11-28T21:11:18","guid":{"rendered":"https:\/\/asura.lv\/product\/irrigator-soocas-w3-pro\/"},"modified":"2025-12-12T15:40:53","modified_gmt":"2025-12-12T13:40:53","slug":"irrigator-soocas-w3-pro","status":"publish","type":"product","link":"https:\/\/asura.lv\/lt\/produktas\/irrigator-soocas-w3-pro\/","title":{"rendered":"Irigatorius Soocas W3 Pro"},"content":{"rendered":"<h3>Soocas W3 Pro dant\u0173 irigatorius<\/h3>\n<p>\u201eSoocas W3 Pro\u201c irigatorius leis jums visapusi\u0161kai r\u016bpintis savo dant\u0173 sveikata. Valant dantis tradiciniu b\u016bdu, da\u017enai praleid\u017eiate iki 40 % burnos ertm\u0117s \u2013 \u012fprastas dant\u0173 \u0161epet\u0117lis nepasiekia vis\u0173 viet\u0173. Tod\u0117l verta naudoti ir kitus valymo metodus. Naudodami \u201eSoocas\u201c irigatori\u0173, visapusi\u0161kai pasir\u016bpinsite savo dantimis ir dar daugiau \u2013 tai \u012fmanoma d\u0117l 3 veikimo re\u017eim\u0173 ir net 4 kei\u010diam\u0173 antgali\u0173. Prietaisas taip pat yra lengvai naudojamas ir ergonomi\u0161kas, o vienu \u012fkrovimu jis veikia iki 80 dien\u0173.<\/p>\n<p><img decoding=\"async\" src=\"https:\/\/b2b.innpro.pl\/data\/include\/cms\/12Soocas\/W3-Pro\/1.jpg\" border=\"0\" alt=\"12Soocas\/W3-Pro\/1\" \/><\/p>\n<h3>4 antgaliai \u2013 i\u0161samus kiekvienos burnos valymas<\/h3>\n<p>Rinkinyje rasite 4 antgalius, tinkan\u010dius \u012fvairioms reikm\u0117ms. Standartinis garantuoja efektyv\u0173 kasdien\u012f valym\u0105. Lie\u017euvio valymo antgalis pa\u0161alins blogo burnos kvapo problem\u0105, o ortodontinis antgalis puikiai tiks breket\u0173 ne\u0161iotojams. Tuo tarpu periodonto antgalis puikiai tinka \u0161velniai valyti dantenas. Visi antgaliai sukasi 360\u00b0, u\u017etikrindami lankstum\u0105 ir universal\u0173 veikim\u0105.<\/p>\n<p><img decoding=\"async\" src=\"https:\/\/b2b.innpro.pl\/data\/include\/cms\/12Soocas\/W3-Pro\/3.jpg\" border=\"0\" alt=\"12Soocas\/W3-Pro\/3\" \/><\/p>\n<h3>3 veikimo re\u017eimai \u012fvairiems poreikiams<\/h3>\n<p>\u201eSoocas W3 Pro\u201c veikia 3 re\u017eimais, kuriuos galite patogiai pakeisti vienu mygtuko paspaudimu. Standartinis re\u017eimas idealiai tinka kasdieniam naudojimui \u2013 jis leid\u017eia \u012fprastai ir efektyviai valyti. Danten\u0173 prie\u017ei\u016bros re\u017eim\u0105 s\u0117kmingai naudos pradedantieji irigatoriaus naudotojai, taip pat tie, kurie kovoja su burnos ligomis. Paskutinis re\u017eimas, \u201ePulse\u201c, idealiai tinka tiems, kurie ne\u0161ioja breketus. Be to, standartinis ir danten\u0173 prie\u017ei\u016bros re\u017eimai si\u016blo 3 galios lygius, tod\u0117l galite pritaikyti \u012frenginio veikim\u0105 pagal savo poreikius. Rinkit\u0117s i\u0161 net 7 variant\u0173!<\/p>\n<p><img decoding=\"async\" src=\"https:\/\/b2b.innpro.pl\/data\/include\/cms\/12Soocas\/W3-Pro\/2.jpg\" border=\"0\" alt=\"12Soocas\/W3-Pro\/2\" \/><\/p>\n<h3>Didelis na\u0161umas ir efektyvumas<\/h3>\n<p>\u012erenginyje \u012frengta i\u0161manioji mikroschema, kuri u\u017etikrina tiksl\u0173 ir efektyv\u0173 jo veikim\u0105. Irigatorius pulsuoja iki 1300 kart\u0173 per minut\u0119 grei\u010diu, u\u017etikrindamas optimal\u0173 valym\u0105. \u201eSoocas W3\u201c leid\u017eia vandeniui tolygiai tek\u0117ti per tarpdan\u010dius, tod\u0117l ne\u0161varumai greitai ir efektyviai nuplaunami. \u012erenginys pa\u0161alina net 99,9 % apna\u0161\u0173, pad\u0117damas i\u0161laikyti j\u016bs\u0173 \u0161ypsen\u0105 puikios b\u016bkl\u0117s. Jis taip pat suma\u017eina danten\u0173 kraujavimo ir u\u017edegimo rizik\u0105. Jis taip pat padeda pa\u0161alinti dant\u0173 akmenis ir stimuliuoja kraujo mikrocirkuliacij\u0105 dantenose, skatindamas burnos sveikat\u0105.<\/p>\n<p><img decoding=\"async\" src=\"https:\/\/b2b.innpro.pl\/data\/include\/cms\/12Soocas\/W3-Pro\/4.jpg\" border=\"0\" alt=\"12Soocas\/W3-Pro\/4\" \/><\/p>\n<h3>Dar ilgesnis veikimo laikas<\/h3>\n<p>D\u0117l pla\u010diai suderinamo USB-C prievado galite patogiai \u012fkrauti irigatori\u0173. \u012erenginys \u012fkraunamas tik per 4 valandas. Po to \u201eW3 Pro\u201c tarnaus jums iki 80 dien\u0173. Naudokite irigatori\u0173 kiekvien\u0105 dien\u0105 ir nesijaudinkite d\u0117l per da\u017eno \u012fkrovimo. Galinga \u012frenginio baterija nustebins j\u016bs\u0173 patikimumu.<\/p>\n<p><img decoding=\"async\" src=\"https:\/\/b2b.innpro.pl\/data\/include\/cms\/12Soocas\/W3-Pro\/7.jpg\" border=\"0\" alt=\"12Soocas\/W3-Pro\/7\" \/><\/p>\n<h3>Funkcionalus, ergonomi\u0161kas, atsparus vandeniui<\/h3>\n<p>Irigatoriaus vandens bako talpa siekia net 240 ml \u2013 tod\u0117l jo nereikia per da\u017enai pildyti. Prireikus j\u012f galima lengvai i\u0161ardyti ir i\u0161valyti. \u012erenginys taip pat lengvas ir patogus naudoti \u2013 d\u0117l ergonomi\u0161ko dizaino ir i\u0161lenktos rankenos jis puikiai telpa rankoje. Be to, jis puikiai tinka kelion\u0117ms ir tilps \u012f bet kok\u012f krep\u0161\u012f. IPX7 atsparumo vandeniui \u012fvertinimas rei\u0161kia, kad irigatori\u0173 galite naudoti vonios kambaryje be r\u016bpes\u010di\u0173. \u201eSoocas W3 Pro\u201c u\u017etikrina i\u0161skirtin\u012f naudojimo komfort\u0105.<\/p>\n<p><img decoding=\"async\" src=\"https:\/\/b2b.innpro.pl\/data\/include\/cms\/12Soocas\/W3-Pro\/6.jpg\" border=\"0\" alt=\"12Soocas\/W3-Pro\/6\" \/><\/p>\n<h3>Rinkinio turinys<\/h3>\n<ul>\n<li>\u201eSoocas W3 Pro\u201c irigatorius x1<\/li>\n<li>Kei\u010diami antgaliai (standartiniai, ortodontiniai, periodonto, lie\u017euvio valiklio) x4<\/li>\n<li>D\u0117\u017eut\u0117 atsarginiams antgaliams x1<\/li>\n<li>USB-C laidas x1<\/li>\n<\/ul>\n<div class=\"table-wrapper\">\n<table>\n<tbody>\n<tr>\n<th>Gamintojas<\/th>\n<td>Soocas<\/td>\n<\/tr>\n<tr>\n<th>Modelis<\/th>\n<td>W3 Pro<\/td>\n<\/tr>\n<tr>\n<th>Impulso greitis<\/th>\n<td>1300\/min.<\/td>\n<\/tr>\n<tr>\n<th>\u012ekrovimo laikas<\/th>\n<td>Ma\u017edaug 4 val.<\/td>\n<\/tr>\n<tr>\n<th>Veikimo laikas<\/th>\n<td>Iki ma\u017edaug 80 dien\u0173<\/td>\n<\/tr>\n<tr>\n<th>Vandens bako talpa<\/th>\n<td>240 ml<\/td>\n<\/tr>\n<tr>\n<th>Atsparumas vandeniui<\/th>\n<td>IPX7<\/td>\n<\/tr>\n<\/tbody>\n<\/table>\n<\/div>\n","protected":false},"excerpt":{"rendered":"<p>Soocas W3 Pro dant\u0173 irigatorius \u201eSoocas W3 Pro\u201c irigatorius leis jums visapusi\u0161kai r\u016bpintis savo dant\u0173 sveikata. Valant dantis tradiciniu b\u016bdu, da\u017enai praleid\u017eiate iki 40 % burnos ertm\u0117s \u2013 \u012fprastas dant\u0173 \u0161epet\u0117lis nepasiekia vis\u0173 viet\u0173. Tod\u0117l verta naudoti ir kitus valymo metodus. Naudodami \u201eSoocas\u201c irigatori\u0173, visapusi\u0161kai pasir\u016bpinsite savo dantimis ir dar daugiau \u2013 tai \u012fmanoma d\u0117l [&#8230;]\n","protected":false},"featured_media":21470,"comment_status":"open","ping_status":"closed","template":"","meta":[],"product_brand":[565],"product_cat":[1481],"product_tag":[],"class_list":{"0":"post-21469","1":"product","2":"type-product","3":"status-publish","4":"has-post-thumbnail","6":"product_brand-soocas","7":"product_cat-irrigators","9":"first","10":"outofstock","11":"taxable","12":"shipping-taxable","13":"purchasable","14":"product-type-simple"},"aioseo_notices":[],"_links":{"self":[{"href":"https:\/\/asura.lv\/lt\/wp-json\/wp\/v2\/product\/21469","targetHints":{"allow":["GET"]}}],"collection":[{"href":"https:\/\/asura.lv\/lt\/wp-json\/wp\/v2\/product"}],"about":[{"href":"https:\/\/asura.lv\/lt\/wp-json\/wp\/v2\/types\/product"}],"replies":[{"embeddable":true,"href":"https:\/\/asura.lv\/lt\/wp-json\/wp\/v2\/comments?post=21469"}],"wp:featuredmedia":[{"embeddable":true,"href":"https:\/\/asura.lv\/lt\/wp-json\/wp\/v2\/media\/21470"}],"wp:attachment":[{"href":"https:\/\/asura.lv\/lt\/wp-json\/wp\/v2\/media?parent=21469"}],"wp:term":[{"taxonomy":"product_brand","embeddable":true,"href":"https:\/\/asura.lv\/lt\/wp-json\/wp\/v2\/product_brand?post=21469"},{"taxonomy":"product_cat","embeddable":true,"href":"https:\/\/asura.lv\/lt\/wp-json\/wp\/v2\/product_cat?post=21469"},{"taxonomy":"product_tag","embeddable":true,"href":"https:\/\/asura.lv\/lt\/wp-json\/wp\/v2\/product_tag?post=21469"}],"curies":[{"name":"wp","href":"https:\/\/api.w.org\/{rel}","templated":true}]}}